{"id":7634,"date":"2025-01-02T13:45:44","date_gmt":"2025-01-02T05:45:44","guid":{"rendered":"https:\/\/www.sikortex.com\/?post_type=product&#038;p=7634"},"modified":"2025-01-09T12:17:37","modified_gmt":"2025-01-09T04:17:37","slug":"tissu-ignifuge-en-polyester-nfpa-701","status":"publish","type":"product","link":"https:\/\/www.sikortex.com\/fr\/produit\/tissu-ignifuge-en-polyester-nfpa-701\/","title":{"rendered":"Tissu ignifuge en polyester 600D NFPA 701"},"content":{"rendered":"<h4>Tissu ignifuge en polyester 600D NFPA 701<\/h4>\n<p>Dans divers domaines n\u00e9cessitant une protection contre l&#039;incendie, le polyester 600D <a href=\"https:\/\/www.sikortex.com\/fr\/fabricant-de-tissus-ignifuges\/\"><span style=\"color: #3366ff;\">retardateur de flamme<\/span> <\/a>les tissus sont tr\u00e8s durables et <a href=\"https:\/\/www.sikortex.com\/fr\/magazine\/impermeable-et-hydrofuge\/\"><span style=\"color: #3366ff;\">\u00e9tanche,<\/span><\/a> en particulier les produits qui r\u00e9pondent aux normes NFPA 701, qui sont devenus un choix fiable pour de nombreuses industries.<\/p>\n<p>Le polyester 600D inh\u00e9rent <a href=\"https:\/\/www.sikortex.com\/fr\/fabricant-de-tissus-ignifuges\/\"><span style=\"color: #3366ff;\">retardateur de flamme<\/span><\/a> les tissus que nous fournissons ont <span style=\"color: #3366ff;\"><a style=\"color: #3366ff;\" href=\"https:\/\/www.sikortex.com\/fr\/fabricant-de-tissus-ignifuges\/\">retardateur de flamme<\/a><\/span> Propri\u00e9t\u00e9s int\u00e9gr\u00e9es d\u00e8s la phase de production de la fibre. Les propri\u00e9t\u00e9s ignifuges de ce tissu ne sont pas dues \u00e0 des ajouts ult\u00e9rieurs, mais aux propri\u00e9t\u00e9s de la fibre elle-m\u00eame, ce qui la rend stable et fiable dans une utilisation et un lavage \u00e0 long terme. C&#039;est comme un garde de s\u00e9curit\u00e9 fid\u00e8le, toujours fid\u00e8le \u00e0 son poste et offrant aux utilisateurs une protection durable contre les incendies. Qu&#039;ils soient utilis\u00e9s pour fabriquer des rideaux de sc\u00e8ne ou des \u00e9quipements de protection dans des environnements de travail \u00e0 haute temp\u00e9rature, les tissus ignifuges inh\u00e9rents peuvent r\u00e9duire efficacement les risques d&#039;incendie et assurer la s\u00e9curit\u00e9 du personnel et des biens gr\u00e2ce \u00e0 leurs performances stables.<\/p>\n<p>Le <a href=\"https:\/\/www.sikortex.com\/fr\/tissus-en-polyester\/\"><span style=\"color: #3366ff;\">polyester<\/span><\/a> 600D <span style=\"color: #3366ff;\"><a style=\"color: #3366ff;\" href=\"https:\/\/www.sikortex.com\/fr\/fabricant-de-tissus-ignifuges\/\">retardateur de flamme<\/a><\/span> le tissu est fabriqu\u00e9 en ajoutant <span style=\"color: #3366ff;\"><a style=\"color: #3366ff;\" href=\"https:\/\/www.sikortex.com\/fr\/fabricant-de-tissus-ignifuges\/\">retardateurs de flamme<\/a><\/span> pendant le processus de traitement du tissu pour donner au tissu de bonnes propri\u00e9t\u00e9s ignifuges. Cette m\u00e9thode est relativement flexible et le co\u00fbt est relativement contr\u00f4lable. <a href=\"https:\/\/www.sikortex.com\/fr\/fabricant-de-tissus-ignifuges\/\"><span style=\"color: #3366ff;\">retardateur de flamme<\/span><\/a> Le tissu peut r\u00e9agir rapidement lorsque le tissu entre en contact avec la source d&#039;incendie, emp\u00eachant la propagation des flammes et permettant aux personnes de gagner un temps pr\u00e9cieux pour s&#039;\u00e9chapper. Il est largement utilis\u00e9 dans les rideaux d&#039;h\u00f4tel, l&#039;ameublement et d&#039;autres domaines, ajoutant une couche de protection contre l&#039;incendie \u00e0 l&#039;environnement de vie quotidien.<\/p>\n<p>Le polyester 600D <a href=\"https:\/\/www.sikortex.com\/fr\/fabricant-de-tissus-ignifuges\/\"><span style=\"color: #3366ff;\">retardateur de flamme<\/span><\/a> Le tissu conforme \u00e0 la norme NFPA 701 a \u00e9t\u00e9 rigoureusement test\u00e9 pour garantir qu&#039;il peut r\u00e9pondre aux exigences strictes de protection contre les incendies dans divers sc\u00e9narios. La norme NFPA 701 simule une vari\u00e9t\u00e9 de sc\u00e9narios d&#039;incendie r\u00e9els et \u00e9value avec pr\u00e9cision les <a href=\"https:\/\/www.sikortex.com\/fr\/fabricant-de-tissus-ignifuges\/\"><span style=\"color: #3366ff;\">retardateur de flamme<\/span><\/a> propri\u00e9t\u00e9s des mat\u00e9riaux, vitesse de propagation de la flamme et autres indicateurs. Les deux tissus que nous proposons, qu&#039;ils soient intrins\u00e8quement ignifuges ou avec ajout <span style=\"color: #3366ff;\"><a style=\"color: #3366ff;\" href=\"https:\/\/www.sikortex.com\/fr\/fabricant-de-tissus-ignifuges\/\">retardateur de flamme<\/a><\/span>s, peut r\u00e9ussir le test standard et d\u00e9montrer d&#039;excellentes capacit\u00e9s de protection contre l&#039;incendie.<br \/>\nQu&#039;il s&#039;agisse d&#039;un domaine professionnel qui recherche une stabilit\u00e9 \u00e0 long terme <a href=\"https:\/\/www.sikortex.com\/fr\/fabricant-de-tissus-ignifuges\/\"><span style=\"color: #3366ff;\">retardateur de flamme<\/span><\/a> effets ou un sc\u00e9nario d&#039;application quotidien qui met l&#039;accent sur le co\u00fbt et l&#039;aspect pratique, notre 600D p<a href=\"https:\/\/www.sikortex.com\/fr\/tissus-en-polyester\/\"><span style=\"color: #3366ff;\">polyester<\/span><\/a> Le tissu ignifuge peut vous offrir un choix s\u00fbr et de haute qualit\u00e9 avec ses performances fiables et sa qualit\u00e9 qui r\u00e9pond \u00e0 la norme NFPA 701.<\/p>","protected":false},"excerpt":{"rendered":"<p>2000 m\u00e8tres (commande minimum)<\/p>","protected":false},"featured_media":7635,"comment_status":"closed","ping_status":"closed","template":"","meta":{"_uag_custom_page_level_css":"","site-sidebar-layout":"default","site-content-layout":"default","ast-site-content-layout":"","site-content-style":"default","site-sidebar-style":"default","ast-global-header-display":"","ast-banner-title-visibility":"","ast-main-header-display":"","ast-hfb-above-header-display":"","ast-hfb-below-header-display":"","ast-hfb-mobile-header-display":"","site-post-title":"","ast-breadcrumbs-content":"","ast-featured-img":"","footer-sml-layout":"","theme-transparent-header-meta":"default","adv-header-id-meta":"","stick-header-meta":"default","header-above-stick-meta":"","header-main-stick-meta":"","header-below-stick-meta":"","astra-migrate-meta-layouts":"default","ast-page-background-enabled":"default","ast-page-background-meta":{"desktop":{"background-color":"","background-image":"","background-repeat":"repeat","background-position":"center center","background-size":"auto","background-attachment":"scroll","background-type":"","background-media":"","overlay-type":"","overlay-color":"","overlay-opacity":"","overlay-gradient":""},"tablet":{"background-color":"","background-image":"","background-repeat":"repeat","background-position":"center center","background-size":"auto","background-attachment":"scroll","background-type":"","background-media":"","overlay-type":"","overlay-color":"","overlay-opacity":"","overlay-gradient":""},"mobile":{"background-color":"","background-image":"","background-repeat":"repeat","background-position":"center center","background-size":"auto","background-attachment":"scroll","background-type":"","background-media":"","overlay-type":"","overlay-color":"","overlay-opacity":"","overlay-gradient":""}},"ast-content-background-meta":{"desktop":{"background-color":"var(--ast-global-color-5)","background-image":"","background-repeat":"repeat","background-position":"center center","background-size":"auto","background-attachment":"scroll","background-type":"","background-media":"","overlay-type":"","overlay-color":"","overlay-opacity":"","overlay-gradient":""},"tablet":{"background-color":"var(--ast-global-color-5)","background-image":"","background-repeat":"repeat","background-position":"center center","background-size":"auto","background-attachment":"scroll","background-type":"","background-media":"","overlay-type":"","overlay-color":"","overlay-opacity":"","overlay-gradient":""},"mobile":{"background-color":"var(--ast-global-color-5)","background-image":"","background-repeat":"repeat","background-position":"center center","background-size":"auto","background-attachment":"scroll","background-type":"","background-media":"","overlay-type":"","overlay-color":"","overlay-opacity":"","overlay-gradient":""}}},"product_brand":[],"product_cat":[432,416,1184,403,433,414],"product_tag":[],"class_list":{"0":"post-7634","1":"product","2":"type-product","3":"status-publish","4":"has-post-thumbnail","6":"product_cat-fabric-for-tent","7":"product_cat-fire-retardant-fabrics","8":"product_cat-oxford-fabric","9":"product_cat-polyester-fabrics","10":"product_cat-textile-for-industrial","11":"product_cat-waterproof-fabrics","12":"desktop-align-left","13":"tablet-align-left","14":"mobile-align-left","15":"ast-product-gallery-layout-vertical-slider","16":"ast-product-tabs-layout-horizontal","18":"first","19":"instock","20":"shipping-taxable","21":"product-type-simple"},"uagb_featured_image_src":{"full":["https:\/\/www.sikortex.com\/wp-content\/uploads\/2025\/01\/Flame-Retardant-Oxford-Fabric.jpg",800,747,false],"thumbnail":["https:\/\/www.sikortex.com\/wp-content\/uploads\/2025\/01\/Flame-Retardant-Oxford-Fabric-150x150.jpg",150,150,true],"medium":["https:\/\/www.sikortex.com\/wp-content\/uploads\/2025\/01\/Flame-Retardant-Oxford-Fabric-300x280.jpg",300,280,true],"medium_large":["https:\/\/www.sikortex.com\/wp-content\/uploads\/2025\/01\/Flame-Retardant-Oxford-Fabric-768x717.jpg",768,717,true],"large":["https:\/\/www.sikortex.com\/wp-content\/uploads\/2025\/01\/Flame-Retardant-Oxford-Fabric.jpg",800,747,false],"1536x1536":["https:\/\/www.sikortex.com\/wp-content\/uploads\/2025\/01\/Flame-Retardant-Oxford-Fabric.jpg",800,747,false],"2048x2048":["https:\/\/www.sikortex.com\/wp-content\/uploads\/2025\/01\/Flame-Retardant-Oxford-Fabric.jpg",800,747,false],"trp-custom-language-flag":["https:\/\/www.sikortex.com\/wp-content\/uploads\/2025\/01\/Flame-Retardant-Oxford-Fabric-13x12.jpg",13,12,true],"woocommerce_thumbnail":["https:\/\/www.sikortex.com\/wp-content\/uploads\/2025\/01\/Flame-Retardant-Oxford-Fabric-300x300.jpg",300,300,true],"woocommerce_single":["https:\/\/www.sikortex.com\/wp-content\/uploads\/2025\/01\/Flame-Retardant-Oxford-Fabric-600x560.jpg",600,560,true],"woocommerce_gallery_thumbnail":["https:\/\/www.sikortex.com\/wp-content\/uploads\/2025\/01\/Flame-Retardant-Oxford-Fabric-100x100.jpg",100,100,true]},"uagb_author_info":{"display_name":"Perry","author_link":"https:\/\/www.sikortex.com\/fr\/author\/"},"uagb_comment_info":0,"uagb_excerpt":"2000 Meters(Min.Order)","_links":{"self":[{"href":"https:\/\/www.sikortex.com\/fr\/wp-json\/wp\/v2\/product\/7634","targetHints":{"allow":["GET"]}}],"collection":[{"href":"https:\/\/www.sikortex.com\/fr\/wp-json\/wp\/v2\/product"}],"about":[{"href":"https:\/\/www.sikortex.com\/fr\/wp-json\/wp\/v2\/types\/product"}],"replies":[{"embeddable":true,"href":"https:\/\/www.sikortex.com\/fr\/wp-json\/wp\/v2\/comments?post=7634"}],"wp:featuredmedia":[{"embeddable":true,"href":"https:\/\/www.sikortex.com\/fr\/wp-json\/wp\/v2\/media\/7635"}],"wp:attachment":[{"href":"https:\/\/www.sikortex.com\/fr\/wp-json\/wp\/v2\/media?parent=7634"}],"wp:term":[{"taxonomy":"product_brand","embeddable":true,"href":"https:\/\/www.sikortex.com\/fr\/wp-json\/wp\/v2\/product_brand?post=7634"},{"taxonomy":"product_cat","embeddable":true,"href":"https:\/\/www.sikortex.com\/fr\/wp-json\/wp\/v2\/product_cat?post=7634"},{"taxonomy":"product_tag","embeddable":true,"href":"https:\/\/www.sikortex.com\/fr\/wp-json\/wp\/v2\/product_tag?post=7634"}],"curies":[{"name":"wp","href":"https:\/\/api.w.org\/{rel}","templated":true}]}}