{"id":7576,"date":"2024-12-26T15:06:48","date_gmt":"2024-12-26T07:06:48","guid":{"rendered":"https:\/\/www.sikortex.com\/?post_type=product&#038;p=7576"},"modified":"2025-02-17T17:39:47","modified_gmt":"2025-02-17T09:39:47","slug":"nylon-oxford-210d-avec-revetement-pu-impermeable","status":"publish","type":"product","link":"https:\/\/www.sikortex.com\/fr\/produit\/nylon-oxford-210d-avec-revetement-pu-impermeable\/","title":{"rendered":"Tissu enduit PU imperm\u00e9able en nylon Oxford 210D"},"content":{"rendered":"<h3 class=\"header-vfC6AV auto-hide-last-sibling-br\">Tissu Oxford en nylon imperm\u00e9able 210D : le choix privil\u00e9gi\u00e9 pour les sacs \u00e0 dos et le mat\u00e9riel de camping<\/h3>\n<h4 class=\"header-vfC6AV auto-hide-last-sibling-br\">Durable et r\u00e9silient, relever les d\u00e9fis de front<\/h4>\n<p>&nbsp;<\/p>\n<div class=\"auto-hide-last-sibling-br paragraph-JOTKXA paragraph-element br-paragraph-space\">Dans le domaine des sacs \u00e0 dos et du mat\u00e9riel de camping, la durabilit\u00e9 est de la plus haute importance. Le nylon oxford 210D <a href=\"https:\/\/www.sikortex.com\/fr\/hydrofuge-resistant-impermeable\/\"><span style=\"color: #3366ff;\">imperm\u00e9able<\/span><\/a> Le tissu, o\u00f9 \u00ab D \u00bb repr\u00e9sente le denier, a une \u00e9paisseur de fil indiqu\u00e9e par la valeur de 210, ce qui \u00e9tablit un \u00e9quilibre entre l\u00e9g\u00e8ret\u00e9 et r\u00e9sistance. Il est tiss\u00e9 serr\u00e9 avec une disposition stable des fibres. Ce tissu peut r\u00e9sister au frottement \u00e0 longue distance des sacs \u00e0 dos et \u00e0 l&#039;usure du mat\u00e9riel de camping sur des terrains complexes, \u00e9tant r\u00e9sistant aux d\u00e9chirures et aux cassures, garantissant ainsi l&#039;utilisation \u00e0 long terme de l&#039;\u00e9quipement.<\/div>\n<div><\/div>\n<h4 class=\"header-vfC6AV auto-hide-last-sibling-br\">Double rev\u00eatement, avec d&#039;excellentes performances d&#039;\u00e9tanch\u00e9it\u00e9<\/h4>\n<div class=\"auto-hide-last-sibling-br paragraph-JOTKXA paragraph-element br-paragraph-space\">L&#039;avantage exceptionnel de ce tissu r\u00e9side dans sa <a href=\"https:\/\/www.sikortex.com\/fr\/hydrofuge-resistant-impermeable\/\"><span style=\"color: #3366ff;\">imperm\u00e9able<\/span> <\/a>Propri\u00e9t\u00e9. Nous adoptons une m\u00e9thode de production \u00e0 double rev\u00eatement, permettant la formation d&#039;une structure imperm\u00e9able plus compacte sur la surface du tissu. Lorsque les gouttes d&#039;eau tombent dessus, elles roulent rapidement et ne p\u00e9n\u00e8trent jamais, comme si l&#039;\u00e9quipement \u00e9tait envelopp\u00e9 d&#039;un imperm\u00e9able invisible, bloquant efficacement l&#039;humidit\u00e9 ext\u00e9rieure. Lorsqu&#039;ils sont pris dans une averse soudaine pendant le camping en plein air, les articles \u00e0 l&#039;int\u00e9rieur du sac \u00e0 dos peuvent rester secs, offrant un soutien solide pour une utilisation dans des environnements humides.<\/div>\n<div><\/div>\n<h4 class=\"header-vfC6AV auto-hide-last-sibling-br\">L\u00e9ger et portable, pour un voyage relaxant<\/h4>\n<div class=\"auto-hide-last-sibling-br paragraph-JOTKXA paragraph-element br-paragraph-space\">Si la fonctionnalit\u00e9 est cruciale, la l\u00e9g\u00e8ret\u00e9 est \u00e9galement tr\u00e8s appr\u00e9ci\u00e9e. Le nylon 210D <a href=\"https:\/\/www.sikortex.com\/fr\/nylon-coton-tissu-ripstop-coupe-vent-tissu-5\/\"><span style=\"color: #3366ff;\">Oxford<\/span><\/a> <a href=\"https:\/\/www.sikortex.com\/fr\/hydrofuge-resistant-impermeable\/\"><span style=\"color: #3366ff;\">tissu imperm\u00e9able<\/span><\/a> est de texture l\u00e9g\u00e8re. Malgr\u00e9 sa solidit\u00e9 et son imperm\u00e9abilit\u00e9, il n&#039;ajoute pas beaucoup de poids. Les voyageurs qui transportent des sacs \u00e0 dos fabriqu\u00e9s avec ce tissu peuvent parcourir de longues distances sans se sentir surcharg\u00e9s par le tissu, et les campeurs peuvent transf\u00e9rer leur \u00e9quipement plus facilement, ce qui rend les voyages en plein air agr\u00e9ables et sans stress.<\/div>\n<div><\/div>\n<h4 class=\"header-vfC6AV auto-hide-last-sibling-br\">Largement appliqu\u00e9, r\u00e9pondant \u00e0 des besoins divers<\/h4>\n<div class=\"auto-hide-last-sibling-br paragraph-JOTKXA paragraph-element br-paragraph-space\">L&#039;avantage de ce tissu r\u00e9side \u00e9galement dans sa polyvalence. Dans la fabrication de sacs \u00e0 dos, il convient \u00e0 divers types de sacs \u00e0 dos tels que les sacs \u00e0 dos d&#039;alpinisme, de randonn\u00e9e et de voyage. En ce qui concerne le mat\u00e9riel de camping, il est couramment utilis\u00e9 dans les tentes, les doublures de sac de couchage et les housses de matelas \u00e9tanches \u00e0 l&#039;humidit\u00e9. Sa large applicabilit\u00e9 d\u00e9montre sa flexibilit\u00e9 et sa praticit\u00e9, r\u00e9pondant \u00e0 divers besoins et apportant de la commodit\u00e9.<\/div>\n<p>&nbsp;<\/p>\n<div class=\"auto-hide-last-sibling-br paragraph-JOTKXA paragraph-element br-paragraph-space\">Avec sa durabilit\u00e9, ses excellentes performances d&#039;\u00e9tanch\u00e9it\u00e9, sa l\u00e9g\u00e8ret\u00e9 et sa polyvalence, le nylon 210D <a href=\"https:\/\/www.sikortex.com\/fr\/nylon-coton-tissu-ripstop-coupe-vent-tissu-5\/\"><span style=\"color: #3366ff;\">Oxford<\/span><\/a> <a href=\"https:\/\/www.sikortex.com\/fr\/hydrofuge-resistant-impermeable\/\"><span style=\"color: #3366ff;\">imperm\u00e9able<\/span><\/a> Le tissu est le premier choix pour les sacs \u00e0 dos et le mat\u00e9riel de camping. Il offre un support fiable pour les voyages en plein air, aidant les gens \u00e0 profiter pleinement de la nature.<\/div>","protected":false},"excerpt":{"rendered":"<p>1200 m\u00e8tres (commande minimum)<\/p>","protected":false},"featured_media":7581,"comment_status":"closed","ping_status":"closed","template":"","meta":{"_uag_custom_page_level_css":"","site-sidebar-layout":"default","site-content-layout":"default","ast-site-content-layout":"","site-content-style":"default","site-sidebar-style":"default","ast-global-header-display":"","ast-banner-title-visibility":"","ast-main-header-display":"","ast-hfb-above-header-display":"","ast-hfb-below-header-display":"","ast-hfb-mobile-header-display":"","site-post-title":"","ast-breadcrumbs-content":"","ast-featured-img":"","footer-sml-layout":"","theme-transparent-header-meta":"default","adv-header-id-meta":"","stick-header-meta":"default","header-above-stick-meta":"","header-main-stick-meta":"","header-below-stick-meta":"","astra-migrate-meta-layouts":"default","ast-page-background-enabled":"default","ast-page-background-meta":{"desktop":{"background-color":"","background-image":"","background-repeat":"repeat","background-position":"center center","background-size":"auto","background-attachment":"scroll","background-type":"","background-media":"","overlay-type":"","overlay-color":"","overlay-opacity":"","overlay-gradient":""},"tablet":{"background-color":"","background-image":"","background-repeat":"repeat","background-position":"center center","background-size":"auto","background-attachment":"scroll","background-type":"","background-media":"","overlay-type":"","overlay-color":"","overlay-opacity":"","overlay-gradient":""},"mobile":{"background-color":"","background-image":"","background-repeat":"repeat","background-position":"center center","background-size":"auto","background-attachment":"scroll","background-type":"","background-media":"","overlay-type":"","overlay-color":"","overlay-opacity":"","overlay-gradient":""}},"ast-content-background-meta":{"desktop":{"background-color":"var(--ast-global-color-5)","background-image":"","background-repeat":"repeat","background-position":"center center","background-size":"auto","background-attachment":"scroll","background-type":"","background-media":"","overlay-type":"","overlay-color":"","overlay-opacity":"","overlay-gradient":""},"tablet":{"background-color":"var(--ast-global-color-5)","background-image":"","background-repeat":"repeat","background-position":"center center","background-size":"auto","background-attachment":"scroll","background-type":"","background-media":"","overlay-type":"","overlay-color":"","overlay-opacity":"","overlay-gradient":""},"mobile":{"background-color":"var(--ast-global-color-5)","background-image":"","background-repeat":"repeat","background-position":"center center","background-size":"auto","background-attachment":"scroll","background-type":"","background-media":"","overlay-type":"","overlay-color":"","overlay-opacity":"","overlay-gradient":""}}},"product_brand":[],"product_cat":[1206,432,404,1184,433,414],"product_tag":[],"class_list":{"0":"post-7576","1":"product","2":"type-product","3":"status-publish","4":"has-post-thumbnail","6":"product_cat-fabric-for-bag","7":"product_cat-fabric-for-tent","8":"product_cat-nylon-fabrics","9":"product_cat-oxford-fabric","10":"product_cat-textile-for-industrial","11":"product_cat-waterproof-fabrics","12":"pa_available_colors-h-black","13":"desktop-align-left","14":"tablet-align-left","15":"mobile-align-left","16":"ast-product-gallery-layout-vertical-slider","17":"ast-product-tabs-layout-horizontal","19":"first","20":"instock","21":"shipping-taxable","22":"product-type-simple"},"uagb_featured_image_src":{"full":["https:\/\/www.sikortex.com\/wp-content\/uploads\/2024\/12\/210D-Nylon-Oxford-Waterproof.jpg",800,800,false],"thumbnail":["https:\/\/www.sikortex.com\/wp-content\/uploads\/2024\/12\/210D-Nylon-Oxford-Waterproof-150x150.jpg",150,150,true],"medium":["https:\/\/www.sikortex.com\/wp-content\/uploads\/2024\/12\/210D-Nylon-Oxford-Waterproof-300x300.jpg",300,300,true],"medium_large":["https:\/\/www.sikortex.com\/wp-content\/uploads\/2024\/12\/210D-Nylon-Oxford-Waterproof-768x768.jpg",768,768,true],"large":["https:\/\/www.sikortex.com\/wp-content\/uploads\/2024\/12\/210D-Nylon-Oxford-Waterproof.jpg",800,800,false],"1536x1536":["https:\/\/www.sikortex.com\/wp-content\/uploads\/2024\/12\/210D-Nylon-Oxford-Waterproof.jpg",800,800,false],"2048x2048":["https:\/\/www.sikortex.com\/wp-content\/uploads\/2024\/12\/210D-Nylon-Oxford-Waterproof.jpg",800,800,false],"trp-custom-language-flag":["https:\/\/www.sikortex.com\/wp-content\/uploads\/2024\/12\/210D-Nylon-Oxford-Waterproof-12x12.jpg",12,12,true],"woocommerce_thumbnail":["https:\/\/www.sikortex.com\/wp-content\/uploads\/2024\/12\/210D-Nylon-Oxford-Waterproof-300x300.jpg",300,300,true],"woocommerce_single":["https:\/\/www.sikortex.com\/wp-content\/uploads\/2024\/12\/210D-Nylon-Oxford-Waterproof-600x600.jpg",600,600,true],"woocommerce_gallery_thumbnail":["https:\/\/www.sikortex.com\/wp-content\/uploads\/2024\/12\/210D-Nylon-Oxford-Waterproof-100x100.jpg",100,100,true]},"uagb_author_info":{"display_name":"Perry","author_link":"https:\/\/www.sikortex.com\/fr\/author\/"},"uagb_comment_info":0,"uagb_excerpt":"1200 Meters(Min.Order)","_links":{"self":[{"href":"https:\/\/www.sikortex.com\/fr\/wp-json\/wp\/v2\/product\/7576","targetHints":{"allow":["GET"]}}],"collection":[{"href":"https:\/\/www.sikortex.com\/fr\/wp-json\/wp\/v2\/product"}],"about":[{"href":"https:\/\/www.sikortex.com\/fr\/wp-json\/wp\/v2\/types\/product"}],"replies":[{"embeddable":true,"href":"https:\/\/www.sikortex.com\/fr\/wp-json\/wp\/v2\/comments?post=7576"}],"wp:featuredmedia":[{"embeddable":true,"href":"https:\/\/www.sikortex.com\/fr\/wp-json\/wp\/v2\/media\/7581"}],"wp:attachment":[{"href":"https:\/\/www.sikortex.com\/fr\/wp-json\/wp\/v2\/media?parent=7576"}],"wp:term":[{"taxonomy":"product_brand","embeddable":true,"href":"https:\/\/www.sikortex.com\/fr\/wp-json\/wp\/v2\/product_brand?post=7576"},{"taxonomy":"product_cat","embeddable":true,"href":"https:\/\/www.sikortex.com\/fr\/wp-json\/wp\/v2\/product_cat?post=7576"},{"taxonomy":"product_tag","embeddable":true,"href":"https:\/\/www.sikortex.com\/fr\/wp-json\/wp\/v2\/product_tag?post=7576"}],"curies":[{"name":"wp","href":"https:\/\/api.w.org\/{rel}","templated":true}]}}