{"id":7415,"date":"2024-12-23T15:14:44","date_gmt":"2024-12-23T07:14:44","guid":{"rendered":"https:\/\/www.sikortex.com\/?post_type=product&#038;p=7415"},"modified":"2025-03-17T15:14:51","modified_gmt":"2025-03-17T07:14:51","slug":"tissu-enduit-de-tpu-pour-gonflable","status":"publish","type":"product","link":"https:\/\/www.sikortex.com\/fr\/produit\/tissu-enduit-de-tpu-pour-gonflable\/","title":{"rendered":"Tissu en nylon balistique 840D enduit de TPU pour gonflable"},"content":{"rendered":"<h3 class=\"header-vfC6AV auto-hide-last-sibling-br\">Introduction au nylon balistique 840D<\/h3>\n<p>&nbsp;<\/p>\n<p>SIKOR-TEX en tant que fournisseur de mat\u00e9riaux gonflables.Balistique <a href=\"https:\/\/www.sikortex.com\/fr\/fabricant-de-tissu-en-nylon\/\"><span style=\"color: #3366ff;\">Nylon<\/span><\/a> Le nylon balistique 840D est un excellent mat\u00e9riau connu pour son excellente r\u00e9sistance \u00e0 la d\u00e9chirure. Ce tissu est utilis\u00e9 dans une large gamme d&#039;applications, notamment dans les produits gonflables ou imperm\u00e9ables. Le nylon balistique 840D est id\u00e9al pour la fabrication d&#039;articles tels que des sacs \u00e0 dos, des radeaux de randonn\u00e9e, des sacs \u00e9tanches et des \u00e9quipements de rangement pour v\u00e9los.<br \/>\nNous proposons \u00e9galement du tissu Nylon 210D, 420D pour les produits gonflables. En tant que mat\u00e9riau gonflable, une bonne \u00e9tanch\u00e9it\u00e9 \u00e0 l&#039;air est particuli\u00e8rement importante, et notre TPU <a href=\"\/fr\/fabricants-de-tissus-enduits\/\"><span style=\"color: #3366ff;\">rev\u00eatement<\/span><\/a> est le meilleur.<\/p>\n<h3 class=\"header-vfC6AV auto-hide-last-sibling-br\">Options de rev\u00eatement TPU<\/h3>\n<p>&nbsp;<\/p>\n<div class=\"auto-hide-last-sibling-br paragraph-JOTKXA paragraph-element br-paragraph-space\">L&#039;une des principales caract\u00e9ristiques du nylon balistique 840D est son TPU <a href=\"\/fr\/fabricants-de-tissus-enduits\/\"><span style=\"color: #3366ff;\">Tissu enduit<\/span><\/a>Le tissu est disponible avec un TPU simple face <a href=\"\/fr\/fabricants-de-tissus-enduits\/\"><span style=\"color: #3366ff;\">rev\u00eatement<\/span> <\/a>(finition mate), qui offre une meilleure <a href=\"https:\/\/www.sikortex.com\/fr\/hydrofuge-resistant-impermeable\/\"><span style=\"color: #3366ff;\">imperm\u00e9able<\/span><\/a> capacit\u00e9s. L&#039;\u00e9paisseur du rev\u00eatement TPU sur le nylon balistique 840D est relativement importante, ce qui lui conf\u00e8re une r\u00e9sistance<\/div>\n<p><span style=\"font-size: 16px;\">barri\u00e8re imperm\u00e9able aux doigts. De plus, il peut \u00e9galement \u00eatre produit avec un rev\u00eatement TPU double face, am\u00e9liorant encore<\/span><\/p>\n<p>&nbsp;<\/p>\n<p><span style=\"font-size: 16px;\">am\u00e9liorant ses performances d&#039;\u00e9tanch\u00e9it\u00e9 et sa durabilit\u00e9.<\/span><\/p>\n<p style=\"font-size: 16px; font-style: normal; font-weight: 400;\"><span style=\"font-size: 1.5em; font-weight: bold;\">Comparaison avec le rev\u00eatement PU<\/span><\/p>\n<p><img loading=\"lazy\" decoding=\"async\" class=\"wp-image-7599 alignright\" src=\"https:\/\/www.sikortex.com\/wp-content\/uploads\/2024\/12\/inflatable-fabric-e1735620650635-300x164.jpg\" alt=\"Tissu pour gonflable\" width=\"542\" height=\"296\" title=\"\" srcset=\"https:\/\/www.sikortex.com\/wp-content\/uploads\/2024\/12\/inflatable-fabric-e1735620650635-300x164.jpg 300w, https:\/\/www.sikortex.com\/wp-content\/uploads\/2024\/12\/inflatable-fabric-e1735620650635-18x10.jpg 18w, https:\/\/www.sikortex.com\/wp-content\/uploads\/2024\/12\/inflatable-fabric-e1735620650635-600x328.jpg 600w, https:\/\/www.sikortex.com\/wp-content\/uploads\/2024\/12\/inflatable-fabric-e1735620650635.jpg 742w\" sizes=\"auto, (max-width: 542px) 100vw, 542px\" \/><\/p>\n<div class=\"auto-hide-last-sibling-br paragraph-JOTKXA paragraph-element br-paragraph-space\">En plus du rev\u00eatement TPU, le nylon balistique 840D peut \u00e9galement \u00eatre rev\u00eatu de PU. Cependant, lors de l&#039;utilisation d&#039;un rev\u00eatement PU, l&#039;\u00e9paisseur du tissu est consid\u00e9rablement r\u00e9duite par rapport au TPU-<a href=\"\/fr\/fabricants-de-tissus-enduits\/\"><span style=\"color: #3366ff;\">recouvert<\/span><\/a> version. Le choix entre le rev\u00eatement TPU et PU d\u00e9pend des exigences sp\u00e9cifiques du produit final. Pour les applications o\u00f9 une durabilit\u00e9 maximale et une protection imperm\u00e9able \u00e9paisse sont cruciales, le rev\u00eatement TPU sur Ballistic Nylon 840D est souvent pr\u00e9f\u00e9r\u00e9.<\/div>\n<h3 class=\"header-vfC6AV auto-hide-last-sibling-br\">Durabilit\u00e9 et applications<\/h3>\n<p>&nbsp;<\/p>\n<div class=\"auto-hide-last-sibling-br paragraph-JOTKXA paragraph-element br-paragraph-space\">La durabilit\u00e9 de Ballistic <a href=\"https:\/\/www.sikortex.com\/fr\/fabricant-de-tissu-en-nylon\/\"><span style=\"color: #3366ff;\">Nylon<\/span><\/a> Le 840D en fait un choix id\u00e9al pour les \u00e9quipements de plein air. Qu&#039;il s&#039;agisse d&#039;un sac \u00e0 dos qui doit r\u00e9sister \u00e0 des terrains accident\u00e9s et \u00e0 de lourdes charges ou d&#039;un packraft qui doit supporter les rigueurs des activit\u00e9s nautiques, Ballistic <a href=\"https:\/\/www.sikortex.com\/fr\/fabricant-de-tissu-en-nylon\/\"><span style=\"color: #3366ff;\">Nylon<\/span><\/a> Le tissu 840D a fait ses preuves. Les propri\u00e9t\u00e9s de r\u00e9sistance \u00e0 la d\u00e9chirure de ce tissu garantissent aux produits qui en sont issus une longue dur\u00e9e de vie.<\/div>\n<h3 class=\"header-vfC6AV auto-hide-last-sibling-br\">Performance en mati\u00e8re d'\u00e9tanch\u00e9it\u00e9 pour des produits sp\u00e9cifiques<\/h3>\n<p>&nbsp;<\/p>\n<div class=\"auto-hide-last-sibling-br paragraph-JOTKXA paragraph-element br-paragraph-space\">Pour <a href=\"https:\/\/www.sikortex.com\/fr\/hydrofuge-resistant-impermeable\/\"><span style=\"color: #3366ff;\">imperm\u00e9able<\/span><\/a> Sacs et \u00e9quipements d&#039;emballage pour v\u00e9los, Ballistic <a href=\"https:\/\/www.sikortex.com\/fr\/fabricant-de-tissu-en-nylon\/\"><span style=\"color: #3366ff;\">Nylon<\/span> <\/a>840D avec son TPU <a href=\"\/fr\/fabricants-de-tissus-enduits\/\"><span style=\"color: #3366ff;\">rev\u00eatement<\/span><\/a> offre une protection fiable contre l&#039;eau. La finition mate du TPU monoface <a href=\"\/fr\/fabricants-de-tissus-enduits\/\"><span style=\"color: #3366ff;\">rev\u00eatement<\/span><\/a> donne un aspect \u00e9l\u00e9gant et professionnel aux produits. Dans l&#039;ensemble, Ballistic <a href=\"https:\/\/www.sikortex.com\/fr\/fabricant-de-tissu-en-nylon\/\"><span style=\"color: #3366ff;\">Nylon<\/span> <\/a>Le 840D, avec ses diverses options de rev\u00eatement et sa r\u00e9sistance exceptionnelle \u00e0 la d\u00e9chirure, est le meilleur mat\u00e9riau gonflable et imperm\u00e9able.<\/div>","protected":false},"excerpt":{"rendered":"<p>1200 m\u00e8tres (commande minimum)<\/p>","protected":false},"featured_media":7418,"comment_status":"closed","ping_status":"closed","template":"","meta":{"_uag_custom_page_level_css":"","site-sidebar-layout":"default","site-content-layout":"default","ast-site-content-layout":"default","site-content-style":"default","site-sidebar-style":"default","ast-global-header-display":"","ast-banner-title-visibility":"","ast-main-header-display":"","ast-hfb-above-header-display":"","ast-hfb-below-header-display":"","ast-hfb-mobile-header-display":"","site-post-title":"","ast-breadcrumbs-content":"","ast-featured-img":"","footer-sml-layout":"","theme-transparent-header-meta":"default","adv-header-id-meta":"","stick-header-meta":"default","header-above-stick-meta":"","header-main-stick-meta":"","header-below-stick-meta":"","astra-migrate-meta-layouts":"set","ast-page-background-enabled":"default","ast-page-background-meta":{"desktop":{"background-color":"","background-image":"","background-repeat":"repeat","background-position":"center center","background-size":"auto","background-attachment":"scroll","background-type":"","background-media":"","overlay-type":"","overlay-color":"","overlay-opacity":"","overlay-gradient":""},"tablet":{"background-color":"","background-image":"","background-repeat":"repeat","background-position":"center center","background-size":"auto","background-attachment":"scroll","background-type":"","background-media":"","overlay-type":"","overlay-color":"","overlay-opacity":"","overlay-gradient":""},"mobile":{"background-color":"","background-image":"","background-repeat":"repeat","background-position":"center center","background-size":"auto","background-attachment":"scroll","background-type":"","background-media":"","overlay-type":"","overlay-color":"","overlay-opacity":"","overlay-gradient":""}},"ast-content-background-meta":{"desktop":{"background-color":"var(--ast-global-color-5)","background-image":"","background-repeat":"repeat","background-position":"center center","background-size":"auto","background-attachment":"scroll","background-type":"","background-media":"","overlay-type":"","overlay-color":"","overlay-opacity":"","overlay-gradient":""},"tablet":{"background-color":"var(--ast-global-color-5)","background-image":"","background-repeat":"repeat","background-position":"center center","background-size":"auto","background-attachment":"scroll","background-type":"","background-media":"","overlay-type":"","overlay-color":"","overlay-opacity":"","overlay-gradient":""},"mobile":{"background-color":"var(--ast-global-color-5)","background-image":"","background-repeat":"repeat","background-position":"center center","background-size":"auto","background-attachment":"scroll","background-type":"","background-media":"","overlay-type":"","overlay-color":"","overlay-opacity":"","overlay-gradient":""}}},"product_brand":[],"product_cat":[1206,423,432,404,1184,433,414],"product_tag":[],"class_list":{"0":"post-7415","1":"product","2":"type-product","3":"status-publish","4":"has-post-thumbnail","6":"product_cat-fabric-for-bag","7":"product_cat-fabric-for-military-police","8":"product_cat-fabric-for-tent","9":"product_cat-nylon-fabrics","10":"product_cat-oxford-fabric","11":"product_cat-textile-for-industrial","12":"product_cat-waterproof-fabrics","13":"pa_available_colors-h-black","14":"desktop-align-left","15":"tablet-align-left","16":"mobile-align-left","17":"ast-product-gallery-layout-vertical-slider","18":"ast-product-tabs-layout-horizontal","20":"first","21":"instock","22":"shipping-taxable","23":"product-type-simple"},"uagb_featured_image_src":{"full":["https:\/\/www.sikortex.com\/wp-content\/uploads\/2024\/12\/Nylon-840D-TPU-Coated.jpg",800,800,false],"thumbnail":["https:\/\/www.sikortex.com\/wp-content\/uploads\/2024\/12\/Nylon-840D-TPU-Coated-150x150.jpg",150,150,true],"medium":["https:\/\/www.sikortex.com\/wp-content\/uploads\/2024\/12\/Nylon-840D-TPU-Coated-300x300.jpg",300,300,true],"medium_large":["https:\/\/www.sikortex.com\/wp-content\/uploads\/2024\/12\/Nylon-840D-TPU-Coated-768x768.jpg",768,768,true],"large":["https:\/\/www.sikortex.com\/wp-content\/uploads\/2024\/12\/Nylon-840D-TPU-Coated.jpg",800,800,false],"1536x1536":["https:\/\/www.sikortex.com\/wp-content\/uploads\/2024\/12\/Nylon-840D-TPU-Coated.jpg",800,800,false],"2048x2048":["https:\/\/www.sikortex.com\/wp-content\/uploads\/2024\/12\/Nylon-840D-TPU-Coated.jpg",800,800,false],"trp-custom-language-flag":["https:\/\/www.sikortex.com\/wp-content\/uploads\/2024\/12\/Nylon-840D-TPU-Coated-12x12.jpg",12,12,true],"woocommerce_thumbnail":["https:\/\/www.sikortex.com\/wp-content\/uploads\/2024\/12\/Nylon-840D-TPU-Coated-300x300.jpg",300,300,true],"woocommerce_single":["https:\/\/www.sikortex.com\/wp-content\/uploads\/2024\/12\/Nylon-840D-TPU-Coated-600x600.jpg",600,600,true],"woocommerce_gallery_thumbnail":["https:\/\/www.sikortex.com\/wp-content\/uploads\/2024\/12\/Nylon-840D-TPU-Coated-100x100.jpg",100,100,true]},"uagb_author_info":{"display_name":"Perry","author_link":"https:\/\/www.sikortex.com\/fr\/author\/"},"uagb_comment_info":0,"uagb_excerpt":"1200 Meters(Min.Order)","_links":{"self":[{"href":"https:\/\/www.sikortex.com\/fr\/wp-json\/wp\/v2\/product\/7415","targetHints":{"allow":["GET"]}}],"collection":[{"href":"https:\/\/www.sikortex.com\/fr\/wp-json\/wp\/v2\/product"}],"about":[{"href":"https:\/\/www.sikortex.com\/fr\/wp-json\/wp\/v2\/types\/product"}],"replies":[{"embeddable":true,"href":"https:\/\/www.sikortex.com\/fr\/wp-json\/wp\/v2\/comments?post=7415"}],"wp:featuredmedia":[{"embeddable":true,"href":"https:\/\/www.sikortex.com\/fr\/wp-json\/wp\/v2\/media\/7418"}],"wp:attachment":[{"href":"https:\/\/www.sikortex.com\/fr\/wp-json\/wp\/v2\/media?parent=7415"}],"wp:term":[{"taxonomy":"product_brand","embeddable":true,"href":"https:\/\/www.sikortex.com\/fr\/wp-json\/wp\/v2\/product_brand?post=7415"},{"taxonomy":"product_cat","embeddable":true,"href":"https:\/\/www.sikortex.com\/fr\/wp-json\/wp\/v2\/product_cat?post=7415"},{"taxonomy":"product_tag","embeddable":true,"href":"https:\/\/www.sikortex.com\/fr\/wp-json\/wp\/v2\/product_tag?post=7415"}],"curies":[{"name":"wp","href":"https:\/\/api.w.org\/{rel}","templated":true}]}}