{"id":7409,"date":"2024-12-23T13:34:08","date_gmt":"2024-12-23T05:34:08","guid":{"rendered":"https:\/\/www.sikortex.com\/?post_type=product&#038;p=7409"},"modified":"2024-12-27T14:14:53","modified_gmt":"2024-12-27T06:14:53","slug":"tissu-oxford-en-polyester-420d-avec-revetement-en-polyurethane","status":"publish","type":"product","link":"https:\/\/www.sikortex.com\/fr\/produit\/tissu-oxford-en-polyester-420d-avec-revetement-en-polyurethane\/","title":{"rendered":"Tissu Oxford en polyester 420D avec rev\u00eatement en polyur\u00e9thane imperm\u00e9able et ignifuge pour tente"},"content":{"rendered":"<h4 class=\"header-vfC6AV auto-hide-last-sibling-br\">Caract\u00e9ristiques du tissu polyester 420D Oxford<\/h4>\n<p>&nbsp;<\/p>\n<div class=\"auto-hide-last-sibling-br paragraph-JOTKXA paragraph-element br-paragraph-space\">Le tissu polyester 420D Oxford pr\u00e9sente certaines caract\u00e9ristiques communes avec le tissu 600D Oxford. Toutefois, son indice de denier est inf\u00e9rieur (420). Il est g\u00e9n\u00e9ralement enduit de PU ou de PVC, ce qui conf\u00e8re au tissu polyester 420D Oxford des propri\u00e9t\u00e9s imperm\u00e9ables et une r\u00e9sistance accrue. Ce tissu offre un \u00e9quilibre entre durabilit\u00e9 et poids, ce qui en fait un choix populaire pour les produits relativement l\u00e9gers tels que les sacs, les imperm\u00e9ables et le petit mat\u00e9riel de plein air. Bien qu'il ne soit pas aussi \u00e9pais que le <a href=\"https:\/\/www.sikortex.com\/fr\/produit\/sk8362-tissu-oxford-ignifuge-13\/\"><span style=\"color: #3366ff;\">Tissu Oxford 600D<\/span><\/a>Le tissu Oxford 420D en polyester offre toujours des performances et une protection fiables.<\/div>\n<div><\/div>\n<h4 class=\"header-vfC6AV auto-hide-last-sibling-br\">Applications du tissu polyester 420D Oxford<\/h4>\n<p><strong>Petits sacs<\/strong>: Le tissu polyester 420D Oxford convient parfaitement \u00e0 la fabrication de petits sacs, tels que les sacs \u00e0 dos quotidiens, les sacs de messager et les sacs \u00e0 main. Son poids l\u00e9ger en fait le meilleur choix pour le transport quotidien.<\/p>\n<p><strong>Imperm\u00e9ables<\/strong>: Imperm\u00e9ables et capes en tissu polyester 420D Oxford poss\u00e8dent <a href=\"https:\/\/www.sikortex.com\/fr\/magazine\/impermeable-et-hydrofuge\/\"><span style=\"color: #3366ff;\">imperm\u00e9able<\/span><\/a> protection. Ils ne sont pas trop encombrants et restent confortables et pratiques m\u00eame par temps humide.<\/p>\n<p><strong>Accessoires<\/strong>: Ce tissu est couramment utilis\u00e9 pour produire des accessoires de plein air, tels que des pochettes, des portefeuilles et des \u00e9tuis de t\u00e9l\u00e9phone, o\u00f9 l'\u00e9quilibre entre la durabilit\u00e9 et le poids du tissu Polyester 420D Oxford est de la plus haute importance.<\/p>\n<p><strong>Tentes<\/strong>: Le tissu polyester 420D Oxford, qui pr\u00e9sente une bonne r\u00e9sistance, un poids l\u00e9ger et une capacit\u00e9 d'imperm\u00e9abilisation relativement bonne, est plus appropri\u00e9 pour la fabrication de tentes de plein air.<\/p>\n<h4 class=\"header-vfC6AV auto-hide-last-sibling-br\">Performance du tissu polyester 420D Oxford<\/h4>\n<p><strong>Durabilit\u00e9 \u00e9quilibr\u00e9e<\/strong>: Il est durable sans \u00eatre trop lourd.<\/p>\n<p><strong>Imperm\u00e9able<\/strong>: Il peut \u00eatre enduit pour \u00eatre imperm\u00e9able. L'enduction du tissu polyester 420D Oxford joue un r\u00f4le important dans l'am\u00e9lioration de sa fonction imperm\u00e9able.<\/p>\n<p><strong>Polyvalence<\/strong>: Il s'applique \u00e0 une grande vari\u00e9t\u00e9 d'utilisations, en particulier lorsque le poids est un facteur crucial. Le tissu polyester 420D Oxford peut \u00eatre utilis\u00e9 dans diff\u00e9rents sc\u00e9narios.<\/p>\n<h4 class=\"header-vfC6AV auto-hide-last-sibling-br\">Traitements de finition en option<\/h4>\n<div class=\"auto-hide-last-sibling-br paragraph-JOTKXA paragraph-element br-paragraph-space\">Le tissu polyester 420D Oxford peut \u00eatre enduit de PVC, de PU et d'autres mat\u00e9riaux. <a href=\"https:\/\/www.sikortex.com\/fr\/tissus-ignifuges\/\"><span style=\"color: #3366ff;\">retardateur de flamme<\/span><\/a> finition. Ces traitements am\u00e9liorent encore les performances du tissu polyester 420D Oxford et \u00e9largissent sa gamme d'applications.<\/div>","protected":false},"excerpt":{"rendered":"<p>1200 m\u00e8tres (commande minimum)<\/p>","protected":false},"featured_media":7413,"comment_status":"closed","ping_status":"closed","template":"","meta":{"_uag_custom_page_level_css":"","site-sidebar-layout":"default","site-content-layout":"default","ast-site-content-layout":"","site-content-style":"default","site-sidebar-style":"default","ast-global-header-display":"","ast-banner-title-visibility":"","ast-main-header-display":"","ast-hfb-above-header-display":"","ast-hfb-below-header-display":"","ast-hfb-mobile-header-display":"","site-post-title":"","ast-breadcrumbs-content":"","ast-featured-img":"","footer-sml-layout":"","theme-transparent-header-meta":"default","adv-header-id-meta":"","stick-header-meta":"default","header-above-stick-meta":"","header-main-stick-meta":"","header-below-stick-meta":"","astra-migrate-meta-layouts":"default","ast-page-background-enabled":"default","ast-page-background-meta":{"desktop":{"background-color":"","background-image":"","background-repeat":"repeat","background-position":"center center","background-size":"auto","background-attachment":"scroll","background-type":"","background-media":"","overlay-type":"","overlay-color":"","overlay-opacity":"","overlay-gradient":""},"tablet":{"background-color":"","background-image":"","background-repeat":"repeat","background-position":"center center","background-size":"auto","background-attachment":"scroll","background-type":"","background-media":"","overlay-type":"","overlay-color":"","overlay-opacity":"","overlay-gradient":""},"mobile":{"background-color":"","background-image":"","background-repeat":"repeat","background-position":"center center","background-size":"auto","background-attachment":"scroll","background-type":"","background-media":"","overlay-type":"","overlay-color":"","overlay-opacity":"","overlay-gradient":""}},"ast-content-background-meta":{"desktop":{"background-color":"var(--ast-global-color-5)","background-image":"","background-repeat":"repeat","background-position":"center center","background-size":"auto","background-attachment":"scroll","background-type":"","background-media":"","overlay-type":"","overlay-color":"","overlay-opacity":"","overlay-gradient":""},"tablet":{"background-color":"var(--ast-global-color-5)","background-image":"","background-repeat":"repeat","background-position":"center center","background-size":"auto","background-attachment":"scroll","background-type":"","background-media":"","overlay-type":"","overlay-color":"","overlay-opacity":"","overlay-gradient":""},"mobile":{"background-color":"var(--ast-global-color-5)","background-image":"","background-repeat":"repeat","background-position":"center center","background-size":"auto","background-attachment":"scroll","background-type":"","background-media":"","overlay-type":"","overlay-color":"","overlay-opacity":"","overlay-gradient":""}}},"product_brand":[],"product_cat":[432,1184,403,433,414],"product_tag":[],"class_list":{"0":"post-7409","1":"product","2":"type-product","3":"status-publish","4":"has-post-thumbnail","6":"product_cat-fabric-for-tent","7":"product_cat-oxford-fabric","8":"product_cat-polyester-fabrics","9":"product_cat-textile-for-industrial","10":"product_cat-waterproof-fabrics","11":"pa_available_colors-911052-spc","12":"desktop-align-left","13":"tablet-align-left","14":"mobile-align-left","15":"ast-product-gallery-layout-vertical-slider","16":"ast-product-tabs-layout-horizontal","18":"first","19":"instock","20":"shipping-taxable","21":"product-type-simple"},"uagb_featured_image_src":{"full":["https:\/\/www.sikortex.com\/wp-content\/uploads\/2024\/12\/Polyester-420D-Oxford-Fabric.jpg",800,800,false],"thumbnail":["https:\/\/www.sikortex.com\/wp-content\/uploads\/2024\/12\/Polyester-420D-Oxford-Fabric-150x150.jpg",150,150,true],"medium":["https:\/\/www.sikortex.com\/wp-content\/uploads\/2024\/12\/Polyester-420D-Oxford-Fabric-300x300.jpg",300,300,true],"medium_large":["https:\/\/www.sikortex.com\/wp-content\/uploads\/2024\/12\/Polyester-420D-Oxford-Fabric-768x768.jpg",768,768,true],"large":["https:\/\/www.sikortex.com\/wp-content\/uploads\/2024\/12\/Polyester-420D-Oxford-Fabric.jpg",800,800,false],"1536x1536":["https:\/\/www.sikortex.com\/wp-content\/uploads\/2024\/12\/Polyester-420D-Oxford-Fabric.jpg",800,800,false],"2048x2048":["https:\/\/www.sikortex.com\/wp-content\/uploads\/2024\/12\/Polyester-420D-Oxford-Fabric.jpg",800,800,false],"trp-custom-language-flag":["https:\/\/www.sikortex.com\/wp-content\/uploads\/2024\/12\/Polyester-420D-Oxford-Fabric-12x12.jpg",12,12,true],"woocommerce_thumbnail":["https:\/\/www.sikortex.com\/wp-content\/uploads\/2024\/12\/Polyester-420D-Oxford-Fabric-300x300.jpg",300,300,true],"woocommerce_single":["https:\/\/www.sikortex.com\/wp-content\/uploads\/2024\/12\/Polyester-420D-Oxford-Fabric-600x600.jpg",600,600,true],"woocommerce_gallery_thumbnail":["https:\/\/www.sikortex.com\/wp-content\/uploads\/2024\/12\/Polyester-420D-Oxford-Fabric-100x100.jpg",100,100,true]},"uagb_author_info":{"display_name":"Perry","author_link":"https:\/\/www.sikortex.com\/fr\/author\/"},"uagb_comment_info":0,"uagb_excerpt":"1200 Meters(Min.Order)","_links":{"self":[{"href":"https:\/\/www.sikortex.com\/fr\/wp-json\/wp\/v2\/product\/7409","targetHints":{"allow":["GET"]}}],"collection":[{"href":"https:\/\/www.sikortex.com\/fr\/wp-json\/wp\/v2\/product"}],"about":[{"href":"https:\/\/www.sikortex.com\/fr\/wp-json\/wp\/v2\/types\/product"}],"replies":[{"embeddable":true,"href":"https:\/\/www.sikortex.com\/fr\/wp-json\/wp\/v2\/comments?post=7409"}],"wp:featuredmedia":[{"embeddable":true,"href":"https:\/\/www.sikortex.com\/fr\/wp-json\/wp\/v2\/media\/7413"}],"wp:attachment":[{"href":"https:\/\/www.sikortex.com\/fr\/wp-json\/wp\/v2\/media?parent=7409"}],"wp:term":[{"taxonomy":"product_brand","embeddable":true,"href":"https:\/\/www.sikortex.com\/fr\/wp-json\/wp\/v2\/product_brand?post=7409"},{"taxonomy":"product_cat","embeddable":true,"href":"https:\/\/www.sikortex.com\/fr\/wp-json\/wp\/v2\/product_cat?post=7409"},{"taxonomy":"product_tag","embeddable":true,"href":"https:\/\/www.sikortex.com\/fr\/wp-json\/wp\/v2\/product_tag?post=7409"}],"curies":[{"name":"wp","href":"https:\/\/api.w.org\/{rel}","templated":true}]}}