{"id":7364,"date":"2024-12-21T11:14:12","date_gmt":"2024-12-21T03:14:12","guid":{"rendered":"https:\/\/www.sikortex.com\/?post_type=product&#038;p=7364"},"modified":"2025-04-02T10:32:30","modified_gmt":"2025-04-02T02:32:30","slug":"tissu-en-polyester-600d-teint-en-masse-tissus-oxford","status":"publish","type":"product","link":"https:\/\/www.sikortex.com\/fr\/produit\/tissu-en-polyester-600d-teint-en-masse-tissus-oxford\/","title":{"rendered":"Tissu Oxford teint en solution en polyester 600D"},"content":{"rendered":"<h4>Tissu Oxford teint en solution en polyester 600D<\/h4>\n<p>Notre tissu imperm\u00e9able en polyester 600D est un v\u00e9ritable 600\u00d7600 deniers, et non un 600\u00d7300 plus l\u00e9ger et moins durable. Notre tissu 600D n'est pas seulement solide et r\u00e9sistant \u00e0 l'abrasion, il est aussi plus souple et plus imperm\u00e9able gr\u00e2ce \u00e0 l'enduction PU apr\u00e8s le laminage \u00e0 chaud. Notre tissu polyester 600D a une r\u00e9sistance \u00e0 la pression hydrostatique de plus de 1000 mm.<\/p>\n<h4>Polyester teint\u00e9 dans la masse, couleur durable<\/h4>\n<p>Notre 600D est teint\u00e9 dans la masse - contrairement \u00e0 la plupart des tissus ordinaires sur le march\u00e9 ! Pourquoi est-ce si important ? Cela signifie que la couleur n'est pas appliqu\u00e9e \u00e0 la surface, mais qu'elle fait partie du fil utilis\u00e9 pour fabriquer le tissu. La couleur traverse tout le tissu. La couleur des mat\u00e9riaux teints dans la masse dure plus longtemps et, dans la plupart des cas, notre tissu 600D teint dans la masse peut \u00eatre utilis\u00e9 \u00e0 l'ext\u00e9rieur pendant plus de 3 ans sans se d\u00e9colorer ! (Ceci est similaire \u00e0 notre <a href=\"https:\/\/www.sikortex.com\/fr\/tissus-anti-infrarouges-4\/\"><span style=\"color: #3366ff;\">tissu acrylique teint\u00e9 dans la masse<\/span><\/a>(un autre excellent choix pour les mat\u00e9riaux ext\u00e9rieurs ou imperm\u00e9ables).<\/p>\n<h4>Tissu polyester 600D Application<\/h4>\n<p>Le tissu 600D est probablement le plus couramment utilis\u00e9 dans les sacs \u00e0 dos, les \u00e9quipements de plein air, les meubles de plein air, les b\u00e2timents de plein air et divers \u00e9quipements industriels, mais les clients l'utilisent \u00e9galement pour fabriquer des tauds de bateaux et des couvertures de bateaux. <a href=\"https:\/\/www.sikortex.com\/fr\/nylon-coton-tissu-ripstop-coupe-vent-tissu-2\/\"><span style=\"color: #3366ff;\">auvents<\/span><\/a> gr\u00e2ce \u00e0 ses propri\u00e9t\u00e9s d'imperm\u00e9abilit\u00e9 et de r\u00e9sistance \u00e0 la moisissure.<\/p>\n<h4>SIKOR-TEX est votre meilleure source de polyester 600D en gros !<\/h4>\n<h4 style=\"font-style: normal;\"><img loading=\"lazy\" decoding=\"async\" class=\"wp-image-7060 alignright\" src=\"https:\/\/www.sikortex.com\/wp-content\/uploads\/2024\/09\/Solution-dyed-acrylic-fiber-e1726019567653-300x190.png\" alt=\"\" width=\"364\" height=\"230\" title=\"\" srcset=\"https:\/\/www.sikortex.com\/wp-content\/uploads\/2024\/09\/Solution-dyed-acrylic-fiber-e1726019567653-300x190.png 300w, https:\/\/www.sikortex.com\/wp-content\/uploads\/2024\/09\/Solution-dyed-acrylic-fiber-e1726019567653-18x12.png 18w, https:\/\/www.sikortex.com\/wp-content\/uploads\/2024\/09\/Solution-dyed-acrylic-fiber-e1726019567653.png 520w\" sizes=\"auto, (max-width: 364px) 100vw, 364px\" \/><\/h4>\n<p>Notre fabrication commence par des fibres teintes dans la masse, couvrant la filature, la fabrication et la finition, ce qui est essentiel pour garantir que nos tissus pr\u00e9sentent la meilleure r\u00e9sistance \u00e0 la lumi\u00e8re et aux UV.<\/p>\n<p>peuvent se rencontrer <a href=\"https:\/\/www.sikortex.com\/fr\/tissus-ignifuges\/\">retardateur de flamme<\/a> des normes telles que NFPA 701, CPAI-84, EN 13773, etc. Nous vous fournissons des services de personnalisation de masse (y compris <a href=\"https:\/\/www.sikortex.com\/fr\/produit\/600d-dty-oxford-tissus-antibacteriens\/\"><span style=\"color: #3366ff;\">1200D<\/span><\/a> tissu, <a href=\"https:\/\/www.sikortex.com\/fr\/produit\/sk8362-tissu-oxford-ignifuge-9\/\"><span style=\"color: #3366ff;\">900D<\/span><\/a> tissu, 600D ou tissu acrylique teint\u00e9 dans la masse) \u00e0 un niveau de qualit\u00e9 \u00e9lev\u00e9 et \u00e0 des prix comp\u00e9titifs.<\/p>\n<h4 style=\"font-style: normal;\"><img loading=\"lazy\" decoding=\"async\" class=\"alignright wp-image-7241\" src=\"https:\/\/www.sikortex.com\/wp-content\/uploads\/2024\/12\/Solution-dyed-polyester-150D-300x200.jpg\" alt=\"\" width=\"383\" height=\"255\" title=\"\" srcset=\"https:\/\/www.sikortex.com\/wp-content\/uploads\/2024\/12\/Solution-dyed-polyester-150D-300x200.jpg 300w, https:\/\/www.sikortex.com\/wp-content\/uploads\/2024\/12\/Solution-dyed-polyester-150D-768x511.jpg 768w, https:\/\/www.sikortex.com\/wp-content\/uploads\/2024\/12\/Solution-dyed-polyester-150D-18x12.jpg 18w, https:\/\/www.sikortex.com\/wp-content\/uploads\/2024\/12\/Solution-dyed-polyester-150D-600x399.jpg 600w, https:\/\/www.sikortex.com\/wp-content\/uploads\/2024\/12\/Solution-dyed-polyester-150D.jpg 796w\" sizes=\"auto, (max-width: 383px) 100vw, 383px\" \/><\/h4>\n<p>Notre tissu en polyester 600D utilise la technologie de la solution, et le tissu ne n\u00e9cessite pas l'utilisation d'eau pendant le processus de fabrication, ce qui est respectueux de l'environnement, \u00e9conomise de l'\u00e9nergie et r\u00e9duit les \u00e9missions de carbone. Conform\u00e9ment \u00e0 la tendance du d\u00e9veloppement durable du textile<\/p>\n<p><a href=\"https:\/\/www.sikortex.com\/fr\/tissus-impermeables\/\"><span style=\"color: #3366ff;\">Le tissu Oxford est-il imperm\u00e9able ?<\/span><\/a><\/p>\n<p>Notre <a href=\"https:\/\/www.sikortex.com\/fr\/nylon-coton-tissu-ripstop-coupe-vent-tissu-5\/\"><span style=\"color: #3366ff;\">Tissu Oxford<\/span><\/a> n'est pas seulement imperm\u00e9able, mais r\u00e9siste \u00e9galement \u00e0 l'humidit\u00e9 en surface (pour en savoir plus)<\/p>","protected":false},"excerpt":{"rendered":"<p>1200 m\u00e8tres (commande minimum)<\/p>","protected":false},"featured_media":7366,"comment_status":"closed","ping_status":"closed","template":"","meta":{"_uag_custom_page_level_css":"","site-sidebar-layout":"default","site-content-layout":"default","ast-site-content-layout":"","site-content-style":"default","site-sidebar-style":"default","ast-global-header-display":"","ast-banner-title-visibility":"","ast-main-header-display":"","ast-hfb-above-header-display":"","ast-hfb-below-header-display":"","ast-hfb-mobile-header-display":"","site-post-title":"","ast-breadcrumbs-content":"","ast-featured-img":"","footer-sml-layout":"","theme-transparent-header-meta":"default","adv-header-id-meta":"","stick-header-meta":"default","header-above-stick-meta":"","header-main-stick-meta":"","header-below-stick-meta":"","astra-migrate-meta-layouts":"default","ast-page-background-enabled":"default","ast-page-background-meta":{"desktop":{"background-color":"","background-image":"","background-repeat":"repeat","background-position":"center center","background-size":"auto","background-attachment":"scroll","background-type":"","background-media":"","overlay-type":"","overlay-color":"","overlay-opacity":"","overlay-gradient":""},"tablet":{"background-color":"","background-image":"","background-repeat":"repeat","background-position":"center center","background-size":"auto","background-attachment":"scroll","background-type":"","background-media":"","overlay-type":"","overlay-color":"","overlay-opacity":"","overlay-gradient":""},"mobile":{"background-color":"","background-image":"","background-repeat":"repeat","background-position":"center center","background-size":"auto","background-attachment":"scroll","background-type":"","background-media":"","overlay-type":"","overlay-color":"","overlay-opacity":"","overlay-gradient":""}},"ast-content-background-meta":{"desktop":{"background-color":"var(--ast-global-color-5)","background-image":"","background-repeat":"repeat","background-position":"center center","background-size":"auto","background-attachment":"scroll","background-type":"","background-media":"","overlay-type":"","overlay-color":"","overlay-opacity":"","overlay-gradient":""},"tablet":{"background-color":"var(--ast-global-color-5)","background-image":"","background-repeat":"repeat","background-position":"center center","background-size":"auto","background-attachment":"scroll","background-type":"","background-media":"","overlay-type":"","overlay-color":"","overlay-opacity":"","overlay-gradient":""},"mobile":{"background-color":"var(--ast-global-color-5)","background-image":"","background-repeat":"repeat","background-position":"center center","background-size":"auto","background-attachment":"scroll","background-type":"","background-media":"","overlay-type":"","overlay-color":"","overlay-opacity":"","overlay-gradient":""}}},"product_brand":[],"product_cat":[1126,432,1218,1184,1185,433,414],"product_tag":[],"class_list":{"0":"post-7364","1":"product","2":"type-product","3":"status-publish","4":"has-post-thumbnail","6":"product_cat-fabric-for-awning","7":"product_cat-fabric-for-tent","8":"product_cat-marine-fabrics","9":"product_cat-oxford-fabric","10":"product_cat-solution-dyed-polyester-fabrics","11":"product_cat-textile-for-industrial","12":"product_cat-waterproof-fabrics","13":"pa_available_colors-911052-spc","14":"desktop-align-left","15":"tablet-align-left","16":"mobile-align-left","17":"ast-product-gallery-layout-vertical-slider","18":"ast-product-tabs-layout-horizontal","20":"first","21":"instock","22":"shipping-taxable","23":"product-type-simple"},"uagb_featured_image_src":{"full":["https:\/\/www.sikortex.com\/wp-content\/uploads\/2024\/12\/600D-Polyester-Fabric.jpg",800,800,false],"thumbnail":["https:\/\/www.sikortex.com\/wp-content\/uploads\/2024\/12\/600D-Polyester-Fabric-150x150.jpg",150,150,true],"medium":["https:\/\/www.sikortex.com\/wp-content\/uploads\/2024\/12\/600D-Polyester-Fabric-300x300.jpg",300,300,true],"medium_large":["https:\/\/www.sikortex.com\/wp-content\/uploads\/2024\/12\/600D-Polyester-Fabric-768x768.jpg",768,768,true],"large":["https:\/\/www.sikortex.com\/wp-content\/uploads\/2024\/12\/600D-Polyester-Fabric.jpg",800,800,false],"1536x1536":["https:\/\/www.sikortex.com\/wp-content\/uploads\/2024\/12\/600D-Polyester-Fabric.jpg",800,800,false],"2048x2048":["https:\/\/www.sikortex.com\/wp-content\/uploads\/2024\/12\/600D-Polyester-Fabric.jpg",800,800,false],"trp-custom-language-flag":["https:\/\/www.sikortex.com\/wp-content\/uploads\/2024\/12\/600D-Polyester-Fabric-12x12.jpg",12,12,true],"woocommerce_thumbnail":["https:\/\/www.sikortex.com\/wp-content\/uploads\/2024\/12\/600D-Polyester-Fabric-300x300.jpg",300,300,true],"woocommerce_single":["https:\/\/www.sikortex.com\/wp-content\/uploads\/2024\/12\/600D-Polyester-Fabric-600x600.jpg",600,600,true],"woocommerce_gallery_thumbnail":["https:\/\/www.sikortex.com\/wp-content\/uploads\/2024\/12\/600D-Polyester-Fabric-100x100.jpg",100,100,true]},"uagb_author_info":{"display_name":"Perry","author_link":"https:\/\/www.sikortex.com\/fr\/author\/"},"uagb_comment_info":0,"uagb_excerpt":"1200 Meters(Min.Order)","_links":{"self":[{"href":"https:\/\/www.sikortex.com\/fr\/wp-json\/wp\/v2\/product\/7364","targetHints":{"allow":["GET"]}}],"collection":[{"href":"https:\/\/www.sikortex.com\/fr\/wp-json\/wp\/v2\/product"}],"about":[{"href":"https:\/\/www.sikortex.com\/fr\/wp-json\/wp\/v2\/types\/product"}],"replies":[{"embeddable":true,"href":"https:\/\/www.sikortex.com\/fr\/wp-json\/wp\/v2\/comments?post=7364"}],"wp:featuredmedia":[{"embeddable":true,"href":"https:\/\/www.sikortex.com\/fr\/wp-json\/wp\/v2\/media\/7366"}],"wp:attachment":[{"href":"https:\/\/www.sikortex.com\/fr\/wp-json\/wp\/v2\/media?parent=7364"}],"wp:term":[{"taxonomy":"product_brand","embeddable":true,"href":"https:\/\/www.sikortex.com\/fr\/wp-json\/wp\/v2\/product_brand?post=7364"},{"taxonomy":"product_cat","embeddable":true,"href":"https:\/\/www.sikortex.com\/fr\/wp-json\/wp\/v2\/product_cat?post=7364"},{"taxonomy":"product_tag","embeddable":true,"href":"https:\/\/www.sikortex.com\/fr\/wp-json\/wp\/v2\/product_tag?post=7364"}],"curies":[{"name":"wp","href":"https:\/\/api.w.org\/{rel}","templated":true}]}}