{"id":7320,"date":"2024-12-16T16:34:43","date_gmt":"2024-12-16T08:34:43","guid":{"rendered":"https:\/\/www.sikortex.com\/?post_type=product&#038;p=7320"},"modified":"2025-03-21T14:14:26","modified_gmt":"2025-03-21T06:14:26","slug":"sk8362-tissu-oxford-ignifuge-14","status":"publish","type":"product","link":"https:\/\/www.sikortex.com\/fr\/produit\/sk8362-tissu-oxford-ignifuge-14\/","title":{"rendered":"Tissus Ripstop en nylon balistique 1000D 1680D"},"content":{"rendered":"<p>Nylon balistique - Un tissu durable et polyvalent<br \/>\nLe nylon balistique, un tissu remarquable \u00e0 l'histoire riche, a \u00e9t\u00e9 mis au point par DuPont pendant la Seconde Guerre mondiale. Il a \u00e9t\u00e9 con\u00e7u pour offrir une durabilit\u00e9 et une r\u00e9sistance extraordinaires, initialement dans le but de prot\u00e9ger le personnel militaire. Plus pr\u00e9cis\u00e9ment, il a \u00e9t\u00e9 con\u00e7u pour \u00eatre utilis\u00e9 dans les gilets pare-balles destin\u00e9s aux membres d'\u00e9quipage des avions, afin de les prot\u00e9ger contre les dangers des balles, des \u00e9clats d'obus et des impacts balistiques. La construction a consist\u00e9 \u00e0 laminer plusieurs couches de tissu \u00e9pais afin d'am\u00e9liorer ses capacit\u00e9s de protection.<\/p>\n<p>Cependant, \u00e0 mesure que la technologie a progress\u00e9, \u00e0 la fin des ann\u00e9es 1970, <a href=\"https:\/\/www.sikortex.com\/fr\/tissu-militaire-tissu-ripstop\/\"><span style=\"color: #3366ff;\">militaire<\/span><\/a> Les blind\u00e9s ont fait la transition vers des blindages plus avanc\u00e9s tels que le Kevlar\u00ae, le poly\u00e9thyl\u00e8ne \u00e0 poids mol\u00e9culaire ultra \u00e9lev\u00e9 et les technologies de plaques en c\u00e9ramique. Ces nouveaux mat\u00e9riaux se sont r\u00e9v\u00e9l\u00e9s bien plus efficaces pour arr\u00eater les balles et les \u00e9clats d&#039;obus, rendant le nylon balistique moins adapt\u00e9 \u00e0 son objectif initial de protection balistique. N\u00e9anmoins, il a trouv\u00e9 un nouveau souffle dans une multitude d&#039;autres applications.<\/p>\n<p>Dans les ann\u00e9es 1980, le terme \u00ab balistique \u00bb a gagn\u00e9 en popularit\u00e9 sur le march\u00e9 de la consommation, en particulier dans l\u2019industrie des bagages. Le tissage robuste, combin\u00e9 \u00e0 sa r\u00e9sistance bien connue et \u00e0 sa surface lisse, en a fait un choix attrayant. Il est depuis devenu un \u00e9l\u00e9ment de base dans la production de divers articles. Par exemple, il est couramment utilis\u00e9 dans les bagages, les sacs de sport, les porte-documents, les lits pour animaux de compagnie, <a href=\"https:\/\/www.sikortex.com\/fr\/magazine\/tissus-pour-vetements-de-travail\/\"><span style=\"color: #3366ff;\">v\u00eatements de travail<\/span><\/a>, chaises, sacs \u00e0 dos, couvertures pour chevaux et valises personnalis\u00e9es. Le \u00ab tissage balistique \u00bb unique, qui est un tissage en panier 2\u00d72, joue un r\u00f4le crucial dans la maximisation de la r\u00e9sistance \u00e0 la d\u00e9chirure et de la durabilit\u00e9 globale du tissu. Ce motif de tissage transforme les fils de nylon individuels en un mat\u00e9riau hautement r\u00e9silient.<img loading=\"lazy\" decoding=\"async\" class=\"wp-image-7349 alignright\" src=\"https:\/\/www.sikortex.com\/wp-content\/uploads\/2024\/12\/Ballistic-Nylon-1680D-300x124.jpg\" alt=\"\" width=\"799\" height=\"330\" title=\"\" srcset=\"https:\/\/www.sikortex.com\/wp-content\/uploads\/2024\/12\/Ballistic-Nylon-1680D-300x124.jpg 300w, https:\/\/www.sikortex.com\/wp-content\/uploads\/2024\/12\/Ballistic-Nylon-1680D-768x318.jpg 768w, https:\/\/www.sikortex.com\/wp-content\/uploads\/2024\/12\/Ballistic-Nylon-1680D-18x7.jpg 18w, https:\/\/www.sikortex.com\/wp-content\/uploads\/2024\/12\/Ballistic-Nylon-1680D-600x248.jpg 600w, https:\/\/www.sikortex.com\/wp-content\/uploads\/2024\/12\/Ballistic-Nylon-1680D.jpg 800w\" sizes=\"auto, (max-width: 799px) 100vw, 799px\" \/><\/p>\n<p>Les tissus en nylon balistique sont g\u00e9n\u00e9ralement fabriqu\u00e9s \u00e0 partir de fils de nylon \u00e0 deniers ultra \u00e9lev\u00e9s. Parmi eux, les nylons balistiques 1680D et 1000D sont particuli\u00e8rement populaires et largement utilis\u00e9s. Il est important de noter que de nombreuses personnes comprennent souvent mal la relation entre les caract\u00e9ristiques du nylon balistique et le poids du fil en deniers. Le tissage en panier 2\u00d72 est ce qui le distingue vraiment. <a href=\"https:\/\/www.sikortex.com\/fr\/profil-de-lentreprise\/\"><span style=\"color: #3366ff;\">SIKOR-TEX<\/span><\/a> est un producteur renomm\u00e9 de haute qualit\u00e9 de mat\u00e9riel balistique <a href=\"https:\/\/www.sikortex.com\/fr\/fabricant-de-tissu-en-nylon\/\"><span style=\"color: #3366ff;\">tissus en nylon<\/span><\/a>, contribuant \u00e0 la disponibilit\u00e9 de mat\u00e9riaux de premier ordre sur le march\u00e9.<\/p>\n<p>Notre mat\u00e9riau balistique en nylon 1680D se distingue par sa grande r\u00e9sistance et sa durabilit\u00e9. Il est en outre renforc\u00e9 par un rev\u00eatement en polyur\u00e9thane, lui conf\u00e9rant <a href=\"https:\/\/www.sikortex.com\/fr\/hydrofuge-resistant-impermeable\/\"><span style=\"color: #3366ff;\">imperm\u00e9able<\/span><\/a> propri\u00e9t\u00e9s. Cela le rend adapt\u00e9 \u00e0 une large gamme d&#039;applications o\u00f9 la durabilit\u00e9 et <a href=\"\/fr\/a-propos-du-tissu-oxford-impermeable\/\"><span style=\"color: #3366ff;\">r\u00e9sistance \u00e0 l&#039;eau<\/span><\/a> sont essentiels. D&#039;autre part, le nylon balistique 1680D est privil\u00e9gi\u00e9 pour les projets qui exigent non seulement de la robustesse mais aussi <a href=\"https:\/\/www.sikortex.com\/fr\/hydrofuge-resistant-impermeable\/\"><span style=\"color: #3366ff;\">imperm\u00e9able<\/span><\/a> et des caract\u00e9ristiques anti-moisissure. Il s&#039;agit d&#039;un mat\u00e9riau synth\u00e9tique tress\u00e9 tr\u00e8s r\u00e9sistant qui peut supporter des conditions difficiles et une utilisation intensive.<\/p>\n<p>En conclusion, si vous \u00eates \u00e0 la recherche d&#039;un tissu qui allie durabilit\u00e9 exceptionnelle, r\u00e9sistance \u00e0 l&#039;usure et polyvalence, le nylon balistique est une option exceptionnelle. Sa large gamme d&#039;applications et ses performances \u00e9prouv\u00e9es au fil des ans en font un choix fiable pour diverses industries et consommateurs. Qu&#039;il s&#039;agisse de cr\u00e9er des \u00e9quipements de voyage durables ou des <a href=\"https:\/\/www.sikortex.com\/fr\/magazine\/tissus-pour-vetements-de-travail\/\"><span style=\"color: #3366ff;\">v\u00eatements de travail,<\/span><\/a> Le nylon balistique continue de prouver sa valeur.<\/p>\n<p><a href=\"\/fr\/fournisseur-de-tissu-ripstop\/\"><span style=\"color: #3366ff;\">En savoir plus sur les tissus ripstop<\/span><\/a><\/p>","protected":false},"excerpt":{"rendered":"<p>1200 m\u00e8tres (commande minimum)<\/p>","protected":false},"featured_media":7352,"comment_status":"closed","ping_status":"closed","template":"","meta":{"_uag_custom_page_level_css":"","site-sidebar-layout":"default","site-content-layout":"default","ast-site-content-layout":"default","site-content-style":"default","site-sidebar-style":"default","ast-global-header-display":"","ast-banner-title-visibility":"","ast-main-header-display":"","ast-hfb-above-header-display":"","ast-hfb-below-header-display":"","ast-hfb-mobile-header-display":"","site-post-title":"","ast-breadcrumbs-content":"","ast-featured-img":"","footer-sml-layout":"","theme-transparent-header-meta":"default","adv-header-id-meta":"","stick-header-meta":"default","header-above-stick-meta":"","header-main-stick-meta":"","header-below-stick-meta":"","astra-migrate-meta-layouts":"set","ast-page-background-enabled":"default","ast-page-background-meta":{"desktop":{"background-color":"","background-image":"","background-repeat":"repeat","background-position":"center center","background-size":"auto","background-attachment":"scroll","background-type":"","background-media":"","overlay-type":"","overlay-color":"","overlay-opacity":"","overlay-gradient":""},"tablet":{"background-color":"","background-image":"","background-repeat":"repeat","background-position":"center center","background-size":"auto","background-attachment":"scroll","background-type":"","background-media":"","overlay-type":"","overlay-color":"","overlay-opacity":"","overlay-gradient":""},"mobile":{"background-color":"","background-image":"","background-repeat":"repeat","background-position":"center center","background-size":"auto","background-attachment":"scroll","background-type":"","background-media":"","overlay-type":"","overlay-color":"","overlay-opacity":"","overlay-gradient":""}},"ast-content-background-meta":{"desktop":{"background-color":"var(--ast-global-color-5)","background-image":"","background-repeat":"repeat","background-position":"center center","background-size":"auto","background-attachment":"scroll","background-type":"","background-media":"","overlay-type":"","overlay-color":"","overlay-opacity":"","overlay-gradient":""},"tablet":{"background-color":"var(--ast-global-color-5)","background-image":"","background-repeat":"repeat","background-position":"center center","background-size":"auto","background-attachment":"scroll","background-type":"","background-media":"","overlay-type":"","overlay-color":"","overlay-opacity":"","overlay-gradient":""},"mobile":{"background-color":"var(--ast-global-color-5)","background-image":"","background-repeat":"repeat","background-position":"center center","background-size":"auto","background-attachment":"scroll","background-type":"","background-media":"","overlay-type":"","overlay-color":"","overlay-opacity":"","overlay-gradient":""}}},"product_brand":[],"product_cat":[1206,1183,423,430,428,432,404,1184,427,433,414],"product_tag":[],"class_list":{"0":"post-7320","1":"product","2":"type-product","3":"status-publish","4":"has-post-thumbnail","6":"product_cat-fabric-for-bag","7":"product_cat-fabric-for-horse-blankets","8":"product_cat-fabric-for-military-police","9":"product_cat-fabric-for-motorwear","10":"product_cat-fabric-for-outdoor-sports","11":"product_cat-fabric-for-tent","12":"product_cat-nylon-fabrics","13":"product_cat-oxford-fabric","14":"product_cat-petroleum-and-petrochemical","15":"product_cat-textile-for-industrial","16":"product_cat-waterproof-fabrics","17":"pa_available_colors-1526-52","18":"desktop-align-left","19":"tablet-align-left","20":"mobile-align-left","21":"ast-product-gallery-layout-vertical-slider","22":"ast-product-tabs-layout-horizontal","24":"first","25":"instock","26":"shipping-taxable","27":"product-type-simple"},"uagb_featured_image_src":{"full":["https:\/\/www.sikortex.com\/wp-content\/uploads\/2024\/12\/Ballistic-Nylon-1680D-PU-Coated.jpg",800,800,false],"thumbnail":["https:\/\/www.sikortex.com\/wp-content\/uploads\/2024\/12\/Ballistic-Nylon-1680D-PU-Coated-150x150.jpg",150,150,true],"medium":["https:\/\/www.sikortex.com\/wp-content\/uploads\/2024\/12\/Ballistic-Nylon-1680D-PU-Coated-300x300.jpg",300,300,true],"medium_large":["https:\/\/www.sikortex.com\/wp-content\/uploads\/2024\/12\/Ballistic-Nylon-1680D-PU-Coated-768x768.jpg",768,768,true],"large":["https:\/\/www.sikortex.com\/wp-content\/uploads\/2024\/12\/Ballistic-Nylon-1680D-PU-Coated.jpg",800,800,false],"1536x1536":["https:\/\/www.sikortex.com\/wp-content\/uploads\/2024\/12\/Ballistic-Nylon-1680D-PU-Coated.jpg",800,800,false],"2048x2048":["https:\/\/www.sikortex.com\/wp-content\/uploads\/2024\/12\/Ballistic-Nylon-1680D-PU-Coated.jpg",800,800,false],"trp-custom-language-flag":["https:\/\/www.sikortex.com\/wp-content\/uploads\/2024\/12\/Ballistic-Nylon-1680D-PU-Coated-12x12.jpg",12,12,true],"woocommerce_thumbnail":["https:\/\/www.sikortex.com\/wp-content\/uploads\/2024\/12\/Ballistic-Nylon-1680D-PU-Coated-300x300.jpg",300,300,true],"woocommerce_single":["https:\/\/www.sikortex.com\/wp-content\/uploads\/2024\/12\/Ballistic-Nylon-1680D-PU-Coated-600x600.jpg",600,600,true],"woocommerce_gallery_thumbnail":["https:\/\/www.sikortex.com\/wp-content\/uploads\/2024\/12\/Ballistic-Nylon-1680D-PU-Coated-100x100.jpg",100,100,true]},"uagb_author_info":{"display_name":"Perry","author_link":"https:\/\/www.sikortex.com\/fr\/author\/"},"uagb_comment_info":0,"uagb_excerpt":"1200 Meters(Min.Order)","_links":{"self":[{"href":"https:\/\/www.sikortex.com\/fr\/wp-json\/wp\/v2\/product\/7320","targetHints":{"allow":["GET"]}}],"collection":[{"href":"https:\/\/www.sikortex.com\/fr\/wp-json\/wp\/v2\/product"}],"about":[{"href":"https:\/\/www.sikortex.com\/fr\/wp-json\/wp\/v2\/types\/product"}],"replies":[{"embeddable":true,"href":"https:\/\/www.sikortex.com\/fr\/wp-json\/wp\/v2\/comments?post=7320"}],"wp:featuredmedia":[{"embeddable":true,"href":"https:\/\/www.sikortex.com\/fr\/wp-json\/wp\/v2\/media\/7352"}],"wp:attachment":[{"href":"https:\/\/www.sikortex.com\/fr\/wp-json\/wp\/v2\/media?parent=7320"}],"wp:term":[{"taxonomy":"product_brand","embeddable":true,"href":"https:\/\/www.sikortex.com\/fr\/wp-json\/wp\/v2\/product_brand?post=7320"},{"taxonomy":"product_cat","embeddable":true,"href":"https:\/\/www.sikortex.com\/fr\/wp-json\/wp\/v2\/product_cat?post=7320"},{"taxonomy":"product_tag","embeddable":true,"href":"https:\/\/www.sikortex.com\/fr\/wp-json\/wp\/v2\/product_tag?post=7320"}],"curies":[{"name":"wp","href":"https:\/\/api.w.org\/{rel}","templated":true}]}}