{"id":7316,"date":"2024-12-16T11:08:06","date_gmt":"2024-12-16T03:08:06","guid":{"rendered":"https:\/\/www.sikortex.com\/?post_type=product&#038;p=7316"},"modified":"2025-02-17T17:40:24","modified_gmt":"2025-02-17T09:40:24","slug":"sk8362-tissu-oxford-ignifuge-13","status":"publish","type":"product","link":"https:\/\/www.sikortex.com\/fr\/produit\/sk8362-tissu-oxford-ignifuge-13\/","title":{"rendered":"Tissu polyester 600D Rev\u00eatement PU imperm\u00e9able"},"content":{"rendered":"<h4 class=\"header-vfC6AV auto-hide-last-sibling-br\">Tissu polyester 600D : Composition et processus de tissage<\/h4>\n<div class=\"auto-hide-last-sibling-br paragraph-JOTKXA paragraph-element br-paragraph-space\">Polyester 600D <a href=\"https:\/\/www.sikortex.com\/fr\/2024\/09\/05\/fournisseur-de-tissu-ripstop-materiau-ripstop\/\"><span style=\"color: #3366ff;\">ripstop<\/span><\/a> <a href=\"\/fr\/fabricants-de-tissus-enduits\/\"><span style=\"color: #3366ff;\">Rev\u00eatement PU<\/span><\/a> Le tissu est fabriqu\u00e9 en doublant et en tissant deux fils 300D. Cette m\u00e9thode de production donne au tissu un aspect plus textur\u00e9. Le fil doubl\u00e9 conf\u00e8re au tissu une grande r\u00e9sistance et lui permet d&#039;\u00eatre adapt\u00e9 \u00e0 une vari\u00e9t\u00e9 de processus de finition, tels que la fabrication de 600D <a href=\"\/fr\/fabricants-de-tissus-enduits\/\"><span style=\"color: #3366ff;\">Rev\u00eatement PU<\/span><\/a> tissu, tissu polyester 600D avec rev\u00eatement ignifuge et 600D <a href=\"https:\/\/www.sikortex.com\/fr\/hydrofuge-resistant-impermeable\/\"><span style=\"color: #3366ff;\">imperm\u00e9able<\/span> <\/a><a href=\"\/fr\/fabricants-de-tissus-enduits\/\"><span style=\"color: #3366ff;\">tissu enduit<\/span><\/a>.<\/div>\n<div><\/div>\n<h4 class=\"header-vfC6AV auto-hide-last-sibling-br\">Tissu polyester 600D : Sp\u00e9cifications des propri\u00e9t\u00e9s physiques<\/h4>\n<div class=\"auto-hide-last-sibling-br paragraph-JOTKXA paragraph-element br-paragraph-space\">Le tissu 600D pour v\u00eatements d'ext\u00e9rieur est un tissu de poids moyen qui pr\u00e9sente une excellente durabilit\u00e9 et une r\u00e9sistance \u00e0 l'abrasion. Selon la m\u00e9thode d'essai AS 2001.2.16, ce tissu p\u00e8se environ 230 g\/m\u00b2, avec une force de rupture en cha\u00eene d'environ 2 400 N et une force de rupture en trame de 1 500 N. La m\u00e9thode d'essai AS 2001.2.10 montre \u00e9galement qu'il peut r\u00e9sister \u00e0 une force de d\u00e9chirement de 145 N dans les deux sens, cha\u00eene et trame.<\/div>\n<h4 class=\"header-vfC6AV auto-hide-last-sibling-br\"><\/h4>\n<h4 class=\"header-vfC6AV auto-hide-last-sibling-br\">Tissu polyester 600D : Caract\u00e9ristiques et origines des mat\u00e9riaux<\/h4>\n<div class=\"auto-hide-last-sibling-br paragraph-JOTKXA paragraph-element br-paragraph-space\">Le tissu en polyester 600D est fabriqu\u00e9 \u00e0 partir de polyester 100%. Ce tissu est r\u00e9put\u00e9 dans le monde entier pour sa grande r\u00e9sistance et sa durabilit\u00e9 et est l&#039;un des textiles les plus populaires au monde. Il est couramment utilis\u00e9 dans des milliers d&#039;applications industrielles et grand public. Il s&#039;agit d&#039;un tissu synth\u00e9tique, g\u00e9n\u00e9ralement d\u00e9riv\u00e9 du p\u00e9trole, mais il existe \u00e9galement des produits fabriqu\u00e9s \u00e0 partir de <a href=\"https:\/\/www.sikortex.com\/fr\/magazine\/creer-une-mode-eco-responsable\/\"><span style=\"color: #3366ff;\">recyclable<\/span><\/a> et des mat\u00e9riaux biod\u00e9gradables. Outre sa r\u00e9sistance et sa durabilit\u00e9, le tissu en polyester 600D poss\u00e8de \u00e9galement des propri\u00e9t\u00e9s respirantes.<\/div>\n<div><\/div>\n<h4 class=\"header-vfC6AV auto-hide-last-sibling-br\">Tissu polyester 600D : Rev\u00eatement PU imperm\u00e9able<\/h4>\n<div class=\"auto-hide-last-sibling-br paragraph-JOTKXA paragraph-element br-paragraph-space\">La surface du polyester ripstop 600D <a href=\"\/fr\/fabricants-de-tissus-enduits\/\"><span style=\"color: #3366ff;\">Rev\u00eatement PU<\/span><\/a> le tissu est enduit de polyur\u00e9thane, ce qui conf\u00e8re une excellente <a href=\"https:\/\/www.sikortex.com\/fr\/hydrofuge-resistant-impermeable\/\"><span style=\"color: #3366ff;\">imperm\u00e9able<\/span> <\/a>propri\u00e9t\u00e9s du tissu et aide \u00e0 pr\u00e9venir l&#039;accumulation de salet\u00e9. De plus, comme il est plus l\u00e9ger que la toile, il est plus facile \u00e0 nettoyer et \u00e0 entretenir. De plus, le rev\u00eatement rend le tissu tr\u00e8s r\u00e9sistant \u00e0 l&#039;abrasion, aux chocs et aux d\u00e9chirures. Le rev\u00eatement en PU ajoute \u00e9galement une r\u00e9sistance suppl\u00e9mentaire \u00e0 la traction et aux UV au tissu, ce qui en fait un choix id\u00e9al pour les produits d&#039;ext\u00e9rieur.<\/div>\n<div><\/div>\n<h4 class=\"header-vfC6AV auto-hide-last-sibling-br\">Tissu en polyester 600D : Co\u00fbt et praticit\u00e9<\/h4>\n<div class=\"auto-hide-last-sibling-br paragraph-JOTKXA paragraph-element br-paragraph-space\">M\u00eame apr\u00e8s <a href=\"\/fr\/fabricants-de-tissus-enduits\/\"><span style=\"color: #3366ff;\">Rev\u00eatement PU<\/span><\/a> traitement, tissu 600D un tissu l\u00e9ger, compact et polyvalent, et il est \u00e9galement tr\u00e8s rentable. D&#039;une part, le co\u00fbt de <a href=\"https:\/\/www.sikortex.com\/fr\/tissus-en-polyester\/\"><span style=\"color: #3366ff;\">polyester<\/span><\/a> est inf\u00e9rieur \u00e0 celui de<span style=\"color: #3366ff;\"><a style=\"color: #3366ff;\" href=\"https:\/\/www.sikortex.com\/fr\/fabricant-de-tissu-en-nylon\/\"> nylo<\/a>n<\/span>; d&#039;autre part, son processus de production est plus simple, n\u00e9cessitant moins de ressources et moins d&#039;\u00e9nergie, r\u00e9duisant ainsi les co\u00fbts de production. Associ\u00e9 \u00e0 ses caract\u00e9ristiques l\u00e9g\u00e8res et compactes, le co\u00fbt de transport de ce tissu est \u00e9galement plus faible.<\/div>\n<div><\/div>\n<h4 class=\"header-vfC6AV auto-hide-last-sibling-br\">Tissu polyester 600D : Divers sc\u00e9narios d'application<\/h4>\n<div class=\"auto-hide-last-sibling-br paragraph-JOTKXA paragraph-element br-paragraph-space\">Polyester ripstop 600D polyur\u00e9thane <a href=\"\/fr\/fabricants-de-tissus-enduits\/\"><span style=\"color: #3366ff;\">rev\u00eatement<\/span><\/a> Le tissu est sans aucun doute un textile exceptionnel, il a donc une gamme d&#039;applications extr\u00eamement large. Il est utilis\u00e9 dans tout, des accessoires simples comme les porte-monnaie aux sacs \u00e0 dos, aux sacs \u00e0 dos et aux sacs d&#039;appareil photo. C&#039;est \u00e9galement un tissu couramment utilis\u00e9 dans l&#039;industrie \u00e9questre pour la fabrication de couvertures et d&#039;accessoires pour chevaux. C&#039;est un choix populaire pour la fabrication de manteaux et d&#039;accessoires pour chiens. Ce tissu convient \u00e9galement aux housses de bateau et de voiture et est un mat\u00e9riau id\u00e9al pour la fabrication de tentes, de sacs et de valises.<\/div>\n<div><a href=\"https:\/\/www.sikortex.com\/fr\/nylon-coton-tissu-ripstop-coupe-vent-tissu-5\/\"><span style=\"color: #3366ff;\">apprendre encore plus<\/span><\/a><\/div>","protected":false},"excerpt":{"rendered":"<p>1200 m\u00e8tres (commande minimum)<\/p>","protected":false},"featured_media":7235,"comment_status":"closed","ping_status":"closed","template":"","meta":{"_uag_custom_page_level_css":"","site-sidebar-layout":"default","site-content-layout":"default","ast-site-content-layout":"","site-content-style":"default","site-sidebar-style":"default","ast-global-header-display":"","ast-banner-title-visibility":"","ast-main-header-display":"","ast-hfb-above-header-display":"","ast-hfb-below-header-display":"","ast-hfb-mobile-header-display":"","site-post-title":"","ast-breadcrumbs-content":"","ast-featured-img":"","footer-sml-layout":"","theme-transparent-header-meta":"default","adv-header-id-meta":"","stick-header-meta":"default","header-above-stick-meta":"","header-main-stick-meta":"","header-below-stick-meta":"","astra-migrate-meta-layouts":"default","ast-page-background-enabled":"default","ast-page-background-meta":{"desktop":{"background-color":"","background-image":"","background-repeat":"repeat","background-position":"center center","background-size":"auto","background-attachment":"scroll","background-type":"","background-media":"","overlay-type":"","overlay-color":"","overlay-opacity":"","overlay-gradient":""},"tablet":{"background-color":"","background-image":"","background-repeat":"repeat","background-position":"center center","background-size":"auto","background-attachment":"scroll","background-type":"","background-media":"","overlay-type":"","overlay-color":"","overlay-opacity":"","overlay-gradient":""},"mobile":{"background-color":"","background-image":"","background-repeat":"repeat","background-position":"center center","background-size":"auto","background-attachment":"scroll","background-type":"","background-media":"","overlay-type":"","overlay-color":"","overlay-opacity":"","overlay-gradient":""}},"ast-content-background-meta":{"desktop":{"background-color":"var(--ast-global-color-5)","background-image":"","background-repeat":"repeat","background-position":"center center","background-size":"auto","background-attachment":"scroll","background-type":"","background-media":"","overlay-type":"","overlay-color":"","overlay-opacity":"","overlay-gradient":""},"tablet":{"background-color":"var(--ast-global-color-5)","background-image":"","background-repeat":"repeat","background-position":"center center","background-size":"auto","background-attachment":"scroll","background-type":"","background-media":"","overlay-type":"","overlay-color":"","overlay-opacity":"","overlay-gradient":""},"mobile":{"background-color":"var(--ast-global-color-5)","background-image":"","background-repeat":"repeat","background-position":"center center","background-size":"auto","background-attachment":"scroll","background-type":"","background-media":"","overlay-type":"","overlay-color":"","overlay-opacity":"","overlay-gradient":""}}},"product_brand":[],"product_cat":[1206,1183,432,1184,403,433,414],"product_tag":[],"class_list":{"0":"post-7316","1":"product","2":"type-product","3":"status-publish","4":"has-post-thumbnail","6":"product_cat-fabric-for-bag","7":"product_cat-fabric-for-horse-blankets","8":"product_cat-fabric-for-tent","9":"product_cat-oxford-fabric","10":"product_cat-polyester-fabrics","11":"product_cat-textile-for-industrial","12":"product_cat-waterproof-fabrics","13":"pa_available_colors-911052-spc","14":"desktop-align-left","15":"tablet-align-left","16":"mobile-align-left","17":"ast-product-gallery-layout-vertical-slider","18":"ast-product-tabs-layout-horizontal","20":"first","21":"instock","22":"shipping-taxable","23":"product-type-simple"},"uagb_featured_image_src":{"full":["https:\/\/www.sikortex.com\/wp-content\/uploads\/2024\/11\/polyester-ripstop-oxford.jpg",800,800,false],"thumbnail":["https:\/\/www.sikortex.com\/wp-content\/uploads\/2024\/11\/polyester-ripstop-oxford-150x150.jpg",150,150,true],"medium":["https:\/\/www.sikortex.com\/wp-content\/uploads\/2024\/11\/polyester-ripstop-oxford-300x300.jpg",300,300,true],"medium_large":["https:\/\/www.sikortex.com\/wp-content\/uploads\/2024\/11\/polyester-ripstop-oxford-768x768.jpg",768,768,true],"large":["https:\/\/www.sikortex.com\/wp-content\/uploads\/2024\/11\/polyester-ripstop-oxford.jpg",800,800,false],"1536x1536":["https:\/\/www.sikortex.com\/wp-content\/uploads\/2024\/11\/polyester-ripstop-oxford.jpg",800,800,false],"2048x2048":["https:\/\/www.sikortex.com\/wp-content\/uploads\/2024\/11\/polyester-ripstop-oxford.jpg",800,800,false],"trp-custom-language-flag":["https:\/\/www.sikortex.com\/wp-content\/uploads\/2024\/11\/polyester-ripstop-oxford-12x12.jpg",12,12,true],"woocommerce_thumbnail":["https:\/\/www.sikortex.com\/wp-content\/uploads\/2024\/11\/polyester-ripstop-oxford-300x300.jpg",300,300,true],"woocommerce_single":["https:\/\/www.sikortex.com\/wp-content\/uploads\/2024\/11\/polyester-ripstop-oxford-600x600.jpg",600,600,true],"woocommerce_gallery_thumbnail":["https:\/\/www.sikortex.com\/wp-content\/uploads\/2024\/11\/polyester-ripstop-oxford-100x100.jpg",100,100,true]},"uagb_author_info":{"display_name":"Perry","author_link":"https:\/\/www.sikortex.com\/fr\/author\/"},"uagb_comment_info":0,"uagb_excerpt":"1200 Meters(Min.Order)","_links":{"self":[{"href":"https:\/\/www.sikortex.com\/fr\/wp-json\/wp\/v2\/product\/7316","targetHints":{"allow":["GET"]}}],"collection":[{"href":"https:\/\/www.sikortex.com\/fr\/wp-json\/wp\/v2\/product"}],"about":[{"href":"https:\/\/www.sikortex.com\/fr\/wp-json\/wp\/v2\/types\/product"}],"replies":[{"embeddable":true,"href":"https:\/\/www.sikortex.com\/fr\/wp-json\/wp\/v2\/comments?post=7316"}],"wp:featuredmedia":[{"embeddable":true,"href":"https:\/\/www.sikortex.com\/fr\/wp-json\/wp\/v2\/media\/7235"}],"wp:attachment":[{"href":"https:\/\/www.sikortex.com\/fr\/wp-json\/wp\/v2\/media?parent=7316"}],"wp:term":[{"taxonomy":"product_brand","embeddable":true,"href":"https:\/\/www.sikortex.com\/fr\/wp-json\/wp\/v2\/product_brand?post=7316"},{"taxonomy":"product_cat","embeddable":true,"href":"https:\/\/www.sikortex.com\/fr\/wp-json\/wp\/v2\/product_cat?post=7316"},{"taxonomy":"product_tag","embeddable":true,"href":"https:\/\/www.sikortex.com\/fr\/wp-json\/wp\/v2\/product_tag?post=7316"}],"curies":[{"name":"wp","href":"https:\/\/api.w.org\/{rel}","templated":true}]}}