{"id":7276,"date":"2024-12-11T11:33:45","date_gmt":"2024-12-11T03:33:45","guid":{"rendered":"https:\/\/www.sikortex.com\/?post_type=product&#038;p=7276"},"modified":"2025-01-07T10:20:48","modified_gmt":"2025-01-07T02:20:48","slug":"sk8362-tissu-oxford-ignifuge-10","status":"publish","type":"product","link":"https:\/\/www.sikortex.com\/fr\/produit\/sk8362-tissu-oxford-ignifuge-10\/","title":{"rendered":"Tissu Oxford en polyester 600D Ripstop pour couvertures de chevaux"},"content":{"rendered":"<h4>Tissu Oxford en polyester 600D Ripstop pour couvertures de chevaux<\/h4>\n<p>Notre tissu Oxford en polyester Ripstop pour couvertures de chevaux peut \u00eatre utilis\u00e9 pour fabriquer des couvertures pour chevaux. Ce tissu est compos\u00e9 de polyester 300D, 500D, 600D, 900D, 120D pour r\u00e9pondre \u00e0 diff\u00e9rentes exigences d&#039;\u00e9paisseur. La technologie de tissage ripstop est une caract\u00e9ristique cl\u00e9 qui conf\u00e8re au tissu une r\u00e9sistance \u00e0 la traction et \u00e0 la d\u00e9chirure extraordinaires. M\u00eame si le cheval court vigoureusement ou se roule en jouant, le tissu reste intact sans craindre de se d\u00e9chirer.<\/p>\n<p>L&#039;ajout d&#039;un rev\u00eatement PU imperm\u00e9able et respirant am\u00e9liore encore sa fonctionnalit\u00e9. Il agit comme une barri\u00e8re fiable contre les intemp\u00e9ries, gardant les chevaux au sec et \u00e0 l&#039;aise. La grande respirabilit\u00e9 du processus de rev\u00eatement permet \u00e0 l&#039;humidit\u00e9 de s&#039;\u00e9chapper, emp\u00eachant l&#039;accumulation d&#039;humidit\u00e9, garantissant que la peau du cheval reste en bonne sant\u00e9.<\/p>\n<p>Un autre avantage non n\u00e9gligeable est sa douceur. Bien que r\u00e9sistant, ce tissu est doux pour la fourrure et la peau du cheval, \u00e9vitant ainsi tout frottement ou inconfort. C&#039;est essentiel car la peau du cheval est sensible et n\u00e9cessite un tissu \u00e0 la fois r\u00e9sistant et doux.<\/p>\n<p>De plus, notre tissu Oxford en polyester ripstop est \u00e9galement respectueux de l&#039;environnement. Il est fabriqu\u00e9 \u00e0 l&#039;aide de processus de production avanc\u00e9s qui minimisent les d\u00e9chets et la consommation d&#039;\u00e9nergie. Les mat\u00e9riaux utilis\u00e9s sont recyclables, ce qui r\u00e9duit l&#039;impact sur l&#039;environnement et contribue \u00e0 une production textile durable. Cela en fait non seulement un excellent choix pour le bien-\u00eatre des chevaux, mais aussi pour la sant\u00e9 de la plan\u00e8te.<\/p>\n<p>De plus, le tissu de la couverture pour chevaux pr\u00e9sente une excellente r\u00e9sistance aux UV. Il bloque efficacement les rayons UV nocifs, prot\u00e9geant ainsi les chevaux des dommages potentiels caus\u00e9s par le soleil, en particulier pendant les longues p\u00e9riodes d&#039;activit\u00e9s en plein air. En r\u00e9sum\u00e9, notre tissu Oxford en polyester ripstop allie r\u00e9sistance, imperm\u00e9abilit\u00e9, respirabilit\u00e9, douceur, protection UV et protection de l&#039;environnement, ce qui en fait un mat\u00e9riau id\u00e9al pour les couvertures pour chevaux qui peuvent r\u00e9pondre aux diff\u00e9rents besoins des chevaux et leur offrir les meilleurs soins et protection.<\/p>\n<p>&nbsp;<\/p>","protected":false},"excerpt":{"rendered":"<p>1200 m\u00e8tres (commande minimum)<\/p>","protected":false},"featured_media":7277,"comment_status":"closed","ping_status":"closed","template":"","meta":{"_uag_custom_page_level_css":"","site-sidebar-layout":"default","site-content-layout":"default","ast-site-content-layout":"","site-content-style":"default","site-sidebar-style":"default","ast-global-header-display":"","ast-banner-title-visibility":"","ast-main-header-display":"","ast-hfb-above-header-display":"","ast-hfb-below-header-display":"","ast-hfb-mobile-header-display":"","site-post-title":"","ast-breadcrumbs-content":"","ast-featured-img":"","footer-sml-layout":"","theme-transparent-header-meta":"default","adv-header-id-meta":"","stick-header-meta":"default","header-above-stick-meta":"","header-main-stick-meta":"","header-below-stick-meta":"","astra-migrate-meta-layouts":"default","ast-page-background-enabled":"default","ast-page-background-meta":{"desktop":{"background-color":"","background-image":"","background-repeat":"repeat","background-position":"center center","background-size":"auto","background-attachment":"scroll","background-type":"","background-media":"","overlay-type":"","overlay-color":"","overlay-opacity":"","overlay-gradient":""},"tablet":{"background-color":"","background-image":"","background-repeat":"repeat","background-position":"center center","background-size":"auto","background-attachment":"scroll","background-type":"","background-media":"","overlay-type":"","overlay-color":"","overlay-opacity":"","overlay-gradient":""},"mobile":{"background-color":"","background-image":"","background-repeat":"repeat","background-position":"center center","background-size":"auto","background-attachment":"scroll","background-type":"","background-media":"","overlay-type":"","overlay-color":"","overlay-opacity":"","overlay-gradient":""}},"ast-content-background-meta":{"desktop":{"background-color":"var(--ast-global-color-5)","background-image":"","background-repeat":"repeat","background-position":"center center","background-size":"auto","background-attachment":"scroll","background-type":"","background-media":"","overlay-type":"","overlay-color":"","overlay-opacity":"","overlay-gradient":""},"tablet":{"background-color":"var(--ast-global-color-5)","background-image":"","background-repeat":"repeat","background-position":"center center","background-size":"auto","background-attachment":"scroll","background-type":"","background-media":"","overlay-type":"","overlay-color":"","overlay-opacity":"","overlay-gradient":""},"mobile":{"background-color":"var(--ast-global-color-5)","background-image":"","background-repeat":"repeat","background-position":"center center","background-size":"auto","background-attachment":"scroll","background-type":"","background-media":"","overlay-type":"","overlay-color":"","overlay-opacity":"","overlay-gradient":""}}},"product_brand":[],"product_cat":[1183,432,1184,433,414],"product_tag":[],"class_list":{"0":"post-7276","1":"product","2":"type-product","3":"status-publish","4":"has-post-thumbnail","6":"product_cat-fabric-for-horse-blankets","7":"product_cat-fabric-for-tent","8":"product_cat-oxford-fabric","9":"product_cat-textile-for-industrial","10":"product_cat-waterproof-fabrics","11":"pa_available_colors-911052-spc","12":"desktop-align-left","13":"tablet-align-left","14":"mobile-align-left","15":"ast-product-gallery-layout-vertical-slider","16":"ast-product-tabs-layout-horizontal","18":"first","19":"instock","20":"sale","21":"shipping-taxable","22":"purchasable","23":"product-type-simple"},"uagb_featured_image_src":{"full":["https:\/\/www.sikortex.com\/wp-content\/uploads\/2024\/12\/Ripstop-fabric-for-horse-blankets.jpg",800,800,false],"thumbnail":["https:\/\/www.sikortex.com\/wp-content\/uploads\/2024\/12\/Ripstop-fabric-for-horse-blankets-150x150.jpg",150,150,true],"medium":["https:\/\/www.sikortex.com\/wp-content\/uploads\/2024\/12\/Ripstop-fabric-for-horse-blankets-300x300.jpg",300,300,true],"medium_large":["https:\/\/www.sikortex.com\/wp-content\/uploads\/2024\/12\/Ripstop-fabric-for-horse-blankets-768x768.jpg",768,768,true],"large":["https:\/\/www.sikortex.com\/wp-content\/uploads\/2024\/12\/Ripstop-fabric-for-horse-blankets.jpg",800,800,false],"1536x1536":["https:\/\/www.sikortex.com\/wp-content\/uploads\/2024\/12\/Ripstop-fabric-for-horse-blankets.jpg",800,800,false],"2048x2048":["https:\/\/www.sikortex.com\/wp-content\/uploads\/2024\/12\/Ripstop-fabric-for-horse-blankets.jpg",800,800,false],"trp-custom-language-flag":["https:\/\/www.sikortex.com\/wp-content\/uploads\/2024\/12\/Ripstop-fabric-for-horse-blankets-12x12.jpg",12,12,true],"woocommerce_thumbnail":["https:\/\/www.sikortex.com\/wp-content\/uploads\/2024\/12\/Ripstop-fabric-for-horse-blankets-300x300.jpg",300,300,true],"woocommerce_single":["https:\/\/www.sikortex.com\/wp-content\/uploads\/2024\/12\/Ripstop-fabric-for-horse-blankets-600x600.jpg",600,600,true],"woocommerce_gallery_thumbnail":["https:\/\/www.sikortex.com\/wp-content\/uploads\/2024\/12\/Ripstop-fabric-for-horse-blankets-100x100.jpg",100,100,true]},"uagb_author_info":{"display_name":"Perry","author_link":"https:\/\/www.sikortex.com\/fr\/author\/"},"uagb_comment_info":0,"uagb_excerpt":"1200 Meters(Min.Order)","_links":{"self":[{"href":"https:\/\/www.sikortex.com\/fr\/wp-json\/wp\/v2\/product\/7276","targetHints":{"allow":["GET"]}}],"collection":[{"href":"https:\/\/www.sikortex.com\/fr\/wp-json\/wp\/v2\/product"}],"about":[{"href":"https:\/\/www.sikortex.com\/fr\/wp-json\/wp\/v2\/types\/product"}],"replies":[{"embeddable":true,"href":"https:\/\/www.sikortex.com\/fr\/wp-json\/wp\/v2\/comments?post=7276"}],"wp:featuredmedia":[{"embeddable":true,"href":"https:\/\/www.sikortex.com\/fr\/wp-json\/wp\/v2\/media\/7277"}],"wp:attachment":[{"href":"https:\/\/www.sikortex.com\/fr\/wp-json\/wp\/v2\/media?parent=7276"}],"wp:term":[{"taxonomy":"product_brand","embeddable":true,"href":"https:\/\/www.sikortex.com\/fr\/wp-json\/wp\/v2\/product_brand?post=7276"},{"taxonomy":"product_cat","embeddable":true,"href":"https:\/\/www.sikortex.com\/fr\/wp-json\/wp\/v2\/product_cat?post=7276"},{"taxonomy":"product_tag","embeddable":true,"href":"https:\/\/www.sikortex.com\/fr\/wp-json\/wp\/v2\/product_tag?post=7276"}],"curies":[{"name":"wp","href":"https:\/\/api.w.org\/{rel}","templated":true}]}}