{"id":7270,"date":"2024-12-11T11:03:48","date_gmt":"2024-12-11T03:03:48","guid":{"rendered":"https:\/\/www.sikortex.com\/?post_type=product&#038;p=7270"},"modified":"2024-12-27T14:18:17","modified_gmt":"2024-12-27T06:18:17","slug":"sk8362-tissu-oxford-ignifuge-9","status":"publish","type":"product","link":"https:\/\/www.sikortex.com\/fr\/produit\/sk8362-tissu-oxford-ignifuge-9\/","title":{"rendered":"Tissu Ripstop en polyester 900D avec rev\u00eatement PU pour couvertures de chevaux"},"content":{"rendered":"<div class=\"auto-hide-last-sibling-br paragraph-u1TS5p paragraph-element br-paragraph-space\">Notre tissu ripstop en polyester 900D avec rev\u00eatement PU pour couvertures de chevaux. Ce tissu est fabriqu\u00e9 \u00e0 partir de polyester 900D, offrant une \u00e9paisseur qui atteint l&#039;\u00e9quilibre parfait. La technique de tissage ripstop est une caract\u00e9ristique cl\u00e9, conf\u00e9rant au tissu une r\u00e9sistance remarquable \u00e0 la traction et \u00e0 la d\u00e9chirure. M\u00eame lorsque les chevaux s&#039;engagent dans une course vigoureuse ou un roulage ludique, le tissu reste intact, \u00e9liminant ainsi les risques de d\u00e9chirure.<\/div>\n<p>&nbsp;<\/p>\n<div class=\"auto-hide-last-sibling-br paragraph-u1TS5p paragraph-element br-paragraph-space\">L'ajout d'un rev\u00eatement PU imperm\u00e9able et respirant am\u00e9liore encore sa fonctionnalit\u00e9. Il agit comme un bouclier fiable contre les temp\u00eates, gardant les chevaux au sec et \u00e0 l'aise. La grande respirabilit\u00e9 du rev\u00eatement permet \u00e0 l'humidit\u00e9 de s'\u00e9chapper, ce qui emp\u00eache l'accumulation d'humidit\u00e9 et permet \u00e0 la peau du cheval de rester en bonne sant\u00e9.<\/div>\n<p>&nbsp;<\/p>\n<div class=\"auto-hide-last-sibling-br paragraph-u1TS5p paragraph-element br-paragraph-space\">Un autre avantage notable est sa douceur. Malgr\u00e9 sa durabilit\u00e9, le tissu est doux pour le pelage et la peau du cheval, ce qui \u00e9vite tout frottement ou inconfort. Il s'agit l\u00e0 d'un point essentiel, car les chevaux ont une peau sensible et ont besoin d'un tissu \u00e0 la fois r\u00e9sistant et doux.<\/div>\n<p>&nbsp;<\/p>\n<div class=\"auto-hide-last-sibling-br paragraph-u1TS5p paragraph-element br-paragraph-space\">De plus, notre tissu Ripstop en polyester 900D avec rev\u00eatement PU pour couvertures de chevaux est \u00e9galement respectueux de l&#039;environnement. Il est fabriqu\u00e9 \u00e0 l&#039;aide de processus de production avanc\u00e9s qui minimisent les d\u00e9chets et la consommation d&#039;\u00e9nergie. Les mat\u00e9riaux utilis\u00e9s sont recyclables, r\u00e9duisant ainsi l&#039;impact environnemental et contribuant \u00e0 une production textile durable. Cela en fait non seulement un excellent choix pour le bien-\u00eatre des chevaux, mais aussi pour la sant\u00e9 de notre plan\u00e8te.<\/div>\n<p>&nbsp;<\/p>\n<div class=\"auto-hide-last-sibling-br paragraph-u1TS5p paragraph-element br-paragraph-space\">En outre, le tissu des couvertures pour chevaux poss\u00e8de d'excellentes propri\u00e9t\u00e9s anti-UV. Il bloque efficacement les rayons ultraviolets nocifs, prot\u00e9geant ainsi les chevaux des dommages potentiels caus\u00e9s par le soleil, en particulier pendant les longues heures d'activit\u00e9s en plein air. En r\u00e9sum\u00e9, notre tissu polyester 900D allie r\u00e9sistance, imperm\u00e9abilit\u00e9, respirabilit\u00e9, douceur, protection UV et respect de l'environnement, ce qui en fait un mat\u00e9riau id\u00e9al pour les couvertures de chevaux qui peuvent r\u00e9pondre aux diff\u00e9rents besoins des chevaux et leur fournir les meilleurs soins et la meilleure protection.<\/div>","protected":false},"excerpt":{"rendered":"<p>1200 m\u00e8tres (commande minimum)<\/p>","protected":false},"featured_media":7271,"comment_status":"closed","ping_status":"closed","template":"","meta":{"_uag_custom_page_level_css":"","site-sidebar-layout":"default","site-content-layout":"default","ast-site-content-layout":"","site-content-style":"default","site-sidebar-style":"default","ast-global-header-display":"","ast-banner-title-visibility":"","ast-main-header-display":"","ast-hfb-above-header-display":"","ast-hfb-below-header-display":"","ast-hfb-mobile-header-display":"","site-post-title":"","ast-breadcrumbs-content":"","ast-featured-img":"","footer-sml-layout":"","theme-transparent-header-meta":"default","adv-header-id-meta":"","stick-header-meta":"default","header-above-stick-meta":"","header-main-stick-meta":"","header-below-stick-meta":"","astra-migrate-meta-layouts":"default","ast-page-background-enabled":"default","ast-page-background-meta":{"desktop":{"background-color":"","background-image":"","background-repeat":"repeat","background-position":"center center","background-size":"auto","background-attachment":"scroll","background-type":"","background-media":"","overlay-type":"","overlay-color":"","overlay-opacity":"","overlay-gradient":""},"tablet":{"background-color":"","background-image":"","background-repeat":"repeat","background-position":"center center","background-size":"auto","background-attachment":"scroll","background-type":"","background-media":"","overlay-type":"","overlay-color":"","overlay-opacity":"","overlay-gradient":""},"mobile":{"background-color":"","background-image":"","background-repeat":"repeat","background-position":"center center","background-size":"auto","background-attachment":"scroll","background-type":"","background-media":"","overlay-type":"","overlay-color":"","overlay-opacity":"","overlay-gradient":""}},"ast-content-background-meta":{"desktop":{"background-color":"var(--ast-global-color-5)","background-image":"","background-repeat":"repeat","background-position":"center center","background-size":"auto","background-attachment":"scroll","background-type":"","background-media":"","overlay-type":"","overlay-color":"","overlay-opacity":"","overlay-gradient":""},"tablet":{"background-color":"var(--ast-global-color-5)","background-image":"","background-repeat":"repeat","background-position":"center center","background-size":"auto","background-attachment":"scroll","background-type":"","background-media":"","overlay-type":"","overlay-color":"","overlay-opacity":"","overlay-gradient":""},"mobile":{"background-color":"var(--ast-global-color-5)","background-image":"","background-repeat":"repeat","background-position":"center center","background-size":"auto","background-attachment":"scroll","background-type":"","background-media":"","overlay-type":"","overlay-color":"","overlay-opacity":"","overlay-gradient":""}}},"product_brand":[],"product_cat":[1183,432,1184,433,414],"product_tag":[],"class_list":{"0":"post-7270","1":"product","2":"type-product","3":"status-publish","4":"has-post-thumbnail","6":"product_cat-fabric-for-horse-blankets","7":"product_cat-fabric-for-tent","8":"product_cat-oxford-fabric","9":"product_cat-textile-for-industrial","10":"product_cat-waterproof-fabrics","11":"pa_available_colors-911052-spc","12":"desktop-align-left","13":"tablet-align-left","14":"mobile-align-left","15":"ast-product-gallery-layout-vertical-slider","16":"ast-product-tabs-layout-horizontal","18":"first","19":"instock","20":"shipping-taxable","21":"product-type-simple"},"uagb_featured_image_src":{"full":["https:\/\/www.sikortex.com\/wp-content\/uploads\/2024\/12\/Fabric-for-horse-blanket-3.jpg",800,800,false],"thumbnail":["https:\/\/www.sikortex.com\/wp-content\/uploads\/2024\/12\/Fabric-for-horse-blanket-3-150x150.jpg",150,150,true],"medium":["https:\/\/www.sikortex.com\/wp-content\/uploads\/2024\/12\/Fabric-for-horse-blanket-3-300x300.jpg",300,300,true],"medium_large":["https:\/\/www.sikortex.com\/wp-content\/uploads\/2024\/12\/Fabric-for-horse-blanket-3-768x768.jpg",768,768,true],"large":["https:\/\/www.sikortex.com\/wp-content\/uploads\/2024\/12\/Fabric-for-horse-blanket-3.jpg",800,800,false],"1536x1536":["https:\/\/www.sikortex.com\/wp-content\/uploads\/2024\/12\/Fabric-for-horse-blanket-3.jpg",800,800,false],"2048x2048":["https:\/\/www.sikortex.com\/wp-content\/uploads\/2024\/12\/Fabric-for-horse-blanket-3.jpg",800,800,false],"trp-custom-language-flag":["https:\/\/www.sikortex.com\/wp-content\/uploads\/2024\/12\/Fabric-for-horse-blanket-3-12x12.jpg",12,12,true],"woocommerce_thumbnail":["https:\/\/www.sikortex.com\/wp-content\/uploads\/2024\/12\/Fabric-for-horse-blanket-3-300x300.jpg",300,300,true],"woocommerce_single":["https:\/\/www.sikortex.com\/wp-content\/uploads\/2024\/12\/Fabric-for-horse-blanket-3-600x600.jpg",600,600,true],"woocommerce_gallery_thumbnail":["https:\/\/www.sikortex.com\/wp-content\/uploads\/2024\/12\/Fabric-for-horse-blanket-3-100x100.jpg",100,100,true]},"uagb_author_info":{"display_name":"Perry","author_link":"https:\/\/www.sikortex.com\/fr\/author\/"},"uagb_comment_info":0,"uagb_excerpt":"1200 Meters(Min.Order)","_links":{"self":[{"href":"https:\/\/www.sikortex.com\/fr\/wp-json\/wp\/v2\/product\/7270","targetHints":{"allow":["GET"]}}],"collection":[{"href":"https:\/\/www.sikortex.com\/fr\/wp-json\/wp\/v2\/product"}],"about":[{"href":"https:\/\/www.sikortex.com\/fr\/wp-json\/wp\/v2\/types\/product"}],"replies":[{"embeddable":true,"href":"https:\/\/www.sikortex.com\/fr\/wp-json\/wp\/v2\/comments?post=7270"}],"wp:featuredmedia":[{"embeddable":true,"href":"https:\/\/www.sikortex.com\/fr\/wp-json\/wp\/v2\/media\/7271"}],"wp:attachment":[{"href":"https:\/\/www.sikortex.com\/fr\/wp-json\/wp\/v2\/media?parent=7270"}],"wp:term":[{"taxonomy":"product_brand","embeddable":true,"href":"https:\/\/www.sikortex.com\/fr\/wp-json\/wp\/v2\/product_brand?post=7270"},{"taxonomy":"product_cat","embeddable":true,"href":"https:\/\/www.sikortex.com\/fr\/wp-json\/wp\/v2\/product_cat?post=7270"},{"taxonomy":"product_tag","embeddable":true,"href":"https:\/\/www.sikortex.com\/fr\/wp-json\/wp\/v2\/product_tag?post=7270"}],"curies":[{"name":"wp","href":"https:\/\/api.w.org\/{rel}","templated":true}]}}