{"id":7172,"date":"2024-11-20T14:51:51","date_gmt":"2024-11-20T06:51:51","guid":{"rendered":"https:\/\/www.sikortex.com\/?post_type=product&#038;p=7172"},"modified":"2024-12-24T11:12:56","modified_gmt":"2024-12-24T03:12:56","slug":"sk8362-tissu-oxford-ignifuge-7","status":"publish","type":"product","link":"https:\/\/www.sikortex.com\/fr\/produit\/sk8362-tissu-oxford-ignifuge-7\/","title":{"rendered":"Tissu Soft Shell en nylon et \u00e9lasthanne pour couvertures de chevaux"},"content":{"rendered":"<p>Le tissu \u00e0 coquille souple en nylon spandex pour les couvertures de chevaux a une structure \u00e0 trois couches. L'ext\u00e9rieur est en nylon spandex, le milieu est une membrane imperm\u00e9able et respirante de haute qualit\u00e9, et l'int\u00e9rieur est en polaire de polyester, garantissant confort et fonctionnalit\u00e9.<\/p>\n<h5 class=\"auto-hide-last-sibling-br paragraph-u1TS5p paragraph-element br-paragraph-space\">Caract\u00e9ristiques :<\/h5>\n<p>&nbsp;<\/p>\n<ol class=\"auto-hide-last-sibling-br\">\n<li>Renforc\u00e9 en nylon spandex extensible dans les quatre sens, il convient aux chevaux pour courir librement. La propri\u00e9t\u00e9 unique d'extensibilit\u00e9 dans les quatre sens de ce tissu est une caract\u00e9ristique remarquable. Elle permet \u00e0 la couverture de s'adapter \u00e0 chaque mouvement du cheval, qu'il s'agisse d'un sprint soudain, d'un virage serr\u00e9 ou d'un saut en hauteur. Cette \u00e9lasticit\u00e9 garantit que la couverture n'entrave pas l'amplitude naturelle des mouvements du cheval, offrant ainsi un maximum de confort et de libert\u00e9 pendant l'exercice et les activit\u00e9s quotidiennes. C'est comme une seconde peau pour le cheval qui bouge avec lui, am\u00e9liorant ainsi ses performances g\u00e9n\u00e9rales et son bien-\u00eatre.<\/li>\n<\/ol>\n<p>&nbsp;<\/p>\n<div class=\"auto-hide-last-sibling-br paragraph-u1TS5p paragraph-element br-paragraph-space\"><strong>Durabilit\u00e9 exceptionnelle pour une utilisation rigoureuse<\/strong><\/div>\n<p>&nbsp;<\/p>\n<ol class=\"auto-hide-last-sibling-br\" start=\"2\">\n<li>Nylon spandex pour les couvertures de chevaux, le mat\u00e9riau nylon est tr\u00e8s r\u00e9sistant \u00e0 l'abrasion et \u00e0 la d\u00e9chirure. Les chevaux sont des animaux actifs et leurs couvertures sont constamment expos\u00e9es \u00e0 des terrains vari\u00e9s et \u00e0 des sources potentielles de dommages. Le nylon de ce tissu \u00e0 coquille souple est sp\u00e9cialement choisi pour sa capacit\u00e9 \u00e0 r\u00e9sister aux rigueurs de la vie \u00e9questre. Il peut supporter le frottement contre des surfaces rugueuses, l'impact de branches ou d'autres objets, ainsi que l'usure g\u00e9n\u00e9rale li\u00e9e au mode de vie actif des chevaux. Cette durabilit\u00e9 signifie que la couverture pour chevaux durera plus longtemps, \u00e9vitant au propri\u00e9taire le co\u00fbt et le d\u00e9sagr\u00e9ment de remplacements fr\u00e9quents.<\/li>\n<\/ol>\n<p>&nbsp;<\/p>\n<div class=\"auto-hide-last-sibling-br paragraph-u1TS5p paragraph-element br-paragraph-space\"><strong>Un design innovant inspir\u00e9 des v\u00eatements de plein air<\/strong><\/div>\n<p>&nbsp;<\/p>\n<ol class=\"auto-hide-last-sibling-br\" start=\"3\">\n<li>S'inspirant du concept de conception des v\u00eatements soft shell d'ext\u00e9rieur, il est l\u00e9ger, imperm\u00e9able et respirant. La r\u00e9sistance maximale \u00e0 la pression hydrostatique atteint plus de 10 000 mm, et la perm\u00e9abilit\u00e9 maximale \u00e0 la vapeur d'eau (MVP) est sup\u00e9rieure \u00e0 10 000g\u33a1. L'inspiration des v\u00eatements de plein air a donn\u00e9 naissance \u00e0 une couverture pour chevaux qui allie fonctionnalit\u00e9 et confort. La l\u00e9g\u00e8ret\u00e9 du tissu n'alourdit pas le cheval, ce qui lui permet de se d\u00e9placer plus facilement. L'indice d'imperm\u00e9abilit\u00e9 \u00e9lev\u00e9 garantit que le cheval reste au sec m\u00eame en cas de forte pluie ou de conditions humides, tandis que l'excellente respirabilit\u00e9 emp\u00eache la surchauffe et l'accumulation d'humidit\u00e9 sous la couverture. Cet \u00e9quilibre est essentiel pour maintenir la temp\u00e9rature corporelle du cheval et sa sant\u00e9 g\u00e9n\u00e9rale.<\/li>\n<\/ol>\n<p>&nbsp;<\/p>\n<div class=\"auto-hide-last-sibling-br paragraph-u1TS5p paragraph-element br-paragraph-space\"><strong>Texture sup\u00e9rieure et attrait tactile<\/strong><\/div>\n<p>&nbsp;<\/p>\n<ol class=\"auto-hide-last-sibling-br\" start=\"4\">\n<li>Le tissu est \u00e0 la fois robuste et fin, avec une texture de haute qualit\u00e9 et un toucher doux. Il offre non seulement une excellente protection, mais aussi un aspect esth\u00e9tique agr\u00e9able. La combinaison de la solidit\u00e9 et de la finesse du tissu t\u00e9moigne de sa qualit\u00e9. La douceur au toucher n'est pas seulement agr\u00e9able, elle indique \u00e9galement que le tissu est moins susceptible de provoquer des irritations ou une g\u00eane sur la peau du cheval. La texture et l'aspect g\u00e9n\u00e9ral de la couverture pour chevaux ajoutent une touche d'\u00e9l\u00e9gance, ce qui en fait un accessoire pratique et styl\u00e9 pour tous les chevaux.<\/li>\n<\/ol>","protected":false},"excerpt":{"rendered":"<p>1200 m\u00e8tres (commande minimum)<\/p>","protected":false},"featured_media":7188,"comment_status":"closed","ping_status":"closed","template":"","meta":{"_uag_custom_page_level_css":"","site-sidebar-layout":"default","site-content-layout":"default","ast-site-content-layout":"","site-content-style":"default","site-sidebar-style":"default","ast-global-header-display":"","ast-banner-title-visibility":"","ast-main-header-display":"","ast-hfb-above-header-display":"","ast-hfb-below-header-display":"","ast-hfb-mobile-header-display":"","site-post-title":"","ast-breadcrumbs-content":"","ast-featured-img":"","footer-sml-layout":"","theme-transparent-header-meta":"default","adv-header-id-meta":"","stick-header-meta":"default","header-above-stick-meta":"","header-main-stick-meta":"","header-below-stick-meta":"","astra-migrate-meta-layouts":"default","ast-page-background-enabled":"default","ast-page-background-meta":{"desktop":{"background-color":"","background-image":"","background-repeat":"repeat","background-position":"center center","background-size":"auto","background-attachment":"scroll","background-type":"","background-media":"","overlay-type":"","overlay-color":"","overlay-opacity":"","overlay-gradient":""},"tablet":{"background-color":"","background-image":"","background-repeat":"repeat","background-position":"center center","background-size":"auto","background-attachment":"scroll","background-type":"","background-media":"","overlay-type":"","overlay-color":"","overlay-opacity":"","overlay-gradient":""},"mobile":{"background-color":"","background-image":"","background-repeat":"repeat","background-position":"center center","background-size":"auto","background-attachment":"scroll","background-type":"","background-media":"","overlay-type":"","overlay-color":"","overlay-opacity":"","overlay-gradient":""}},"ast-content-background-meta":{"desktop":{"background-color":"var(--ast-global-color-5)","background-image":"","background-repeat":"repeat","background-position":"center center","background-size":"auto","background-attachment":"scroll","background-type":"","background-media":"","overlay-type":"","overlay-color":"","overlay-opacity":"","overlay-gradient":""},"tablet":{"background-color":"var(--ast-global-color-5)","background-image":"","background-repeat":"repeat","background-position":"center center","background-size":"auto","background-attachment":"scroll","background-type":"","background-media":"","overlay-type":"","overlay-color":"","overlay-opacity":"","overlay-gradient":""},"mobile":{"background-color":"var(--ast-global-color-5)","background-image":"","background-repeat":"repeat","background-position":"center center","background-size":"auto","background-attachment":"scroll","background-type":"","background-media":"","overlay-type":"","overlay-color":"","overlay-opacity":"","overlay-gradient":""}}},"product_brand":[],"product_cat":[426,1183,421,404,427,414],"product_tag":[],"class_list":{"0":"post-7172","1":"product","2":"type-product","3":"status-publish","4":"has-post-thumbnail","6":"product_cat-constructionmining","7":"product_cat-fabric-for-horse-blankets","8":"product_cat-foul-weather-fabrics","9":"product_cat-nylon-fabrics","10":"product_cat-petroleum-and-petrochemical","11":"product_cat-waterproof-fabrics","12":"pa_available_colors-911052-spc","13":"desktop-align-left","14":"tablet-align-left","15":"mobile-align-left","16":"ast-product-gallery-layout-vertical-slider","17":"ast-product-tabs-layout-horizontal","19":"first","20":"instock","21":"shipping-taxable","22":"product-type-simple"},"uagb_featured_image_src":{"full":["https:\/\/www.sikortex.com\/wp-content\/uploads\/2024\/11\/\u5fae\u4fe1\u56fe\u7247_20241129134815-scaled.jpg",2560,2560,false],"thumbnail":["https:\/\/www.sikortex.com\/wp-content\/uploads\/2024\/11\/\u5fae\u4fe1\u56fe\u7247_20241129134815-150x150.jpg",150,150,true],"medium":["https:\/\/www.sikortex.com\/wp-content\/uploads\/2024\/11\/\u5fae\u4fe1\u56fe\u7247_20241129134815-300x300.jpg",300,300,true],"medium_large":["https:\/\/www.sikortex.com\/wp-content\/uploads\/2024\/11\/\u5fae\u4fe1\u56fe\u7247_20241129134815-768x768.jpg",768,768,true],"large":["https:\/\/www.sikortex.com\/wp-content\/uploads\/2024\/11\/\u5fae\u4fe1\u56fe\u7247_20241129134815-1024x1024.jpg",1024,1024,true],"1536x1536":["https:\/\/www.sikortex.com\/wp-content\/uploads\/2024\/11\/\u5fae\u4fe1\u56fe\u7247_20241129134815-1536x1536.jpg",1536,1536,true],"2048x2048":["https:\/\/www.sikortex.com\/wp-content\/uploads\/2024\/11\/\u5fae\u4fe1\u56fe\u7247_20241129134815-2048x2048.jpg",2048,2048,true],"trp-custom-language-flag":["https:\/\/www.sikortex.com\/wp-content\/uploads\/2024\/11\/\u5fae\u4fe1\u56fe\u7247_20241129134815-12x12.jpg",12,12,true],"woocommerce_thumbnail":["https:\/\/www.sikortex.com\/wp-content\/uploads\/2024\/11\/\u5fae\u4fe1\u56fe\u7247_20241129134815-300x300.jpg",300,300,true],"woocommerce_single":["https:\/\/www.sikortex.com\/wp-content\/uploads\/2024\/11\/\u5fae\u4fe1\u56fe\u7247_20241129134815-600x600.jpg",600,600,true],"woocommerce_gallery_thumbnail":["https:\/\/www.sikortex.com\/wp-content\/uploads\/2024\/11\/\u5fae\u4fe1\u56fe\u7247_20241129134815-100x100.jpg",100,100,true]},"uagb_author_info":{"display_name":"Sandy","author_link":"https:\/\/www.sikortex.com\/fr\/author\/"},"uagb_comment_info":0,"uagb_excerpt":"1200 Meters(Min.Order)","_links":{"self":[{"href":"https:\/\/www.sikortex.com\/fr\/wp-json\/wp\/v2\/product\/7172","targetHints":{"allow":["GET"]}}],"collection":[{"href":"https:\/\/www.sikortex.com\/fr\/wp-json\/wp\/v2\/product"}],"about":[{"href":"https:\/\/www.sikortex.com\/fr\/wp-json\/wp\/v2\/types\/product"}],"replies":[{"embeddable":true,"href":"https:\/\/www.sikortex.com\/fr\/wp-json\/wp\/v2\/comments?post=7172"}],"wp:featuredmedia":[{"embeddable":true,"href":"https:\/\/www.sikortex.com\/fr\/wp-json\/wp\/v2\/media\/7188"}],"wp:attachment":[{"href":"https:\/\/www.sikortex.com\/fr\/wp-json\/wp\/v2\/media?parent=7172"}],"wp:term":[{"taxonomy":"product_brand","embeddable":true,"href":"https:\/\/www.sikortex.com\/fr\/wp-json\/wp\/v2\/product_brand?post=7172"},{"taxonomy":"product_cat","embeddable":true,"href":"https:\/\/www.sikortex.com\/fr\/wp-json\/wp\/v2\/product_cat?post=7172"},{"taxonomy":"product_tag","embeddable":true,"href":"https:\/\/www.sikortex.com\/fr\/wp-json\/wp\/v2\/product_tag?post=7172"}],"curies":[{"name":"wp","href":"https:\/\/api.w.org\/{rel}","templated":true}]}}