{"id":7165,"date":"2024-11-19T15:13:55","date_gmt":"2024-11-19T07:13:55","guid":{"rendered":"https:\/\/www.sikortex.com\/?post_type=product&#038;p=7165"},"modified":"2025-01-07T10:19:40","modified_gmt":"2025-01-07T02:19:40","slug":"sk8362-tissu-oxford-ignifuge-5","status":"publish","type":"product","link":"https:\/\/www.sikortex.com\/fr\/produit\/sk8362-tissu-oxford-ignifuge-5\/","title":{"rendered":"Tissu de couverture pour cheval en nylon ripstop 650D avec rev\u00eatement en PU"},"content":{"rendered":"<h4>Tissu de couverture pour cheval en nylon 650D Ripstop avec rev\u00eatement en PU : la combinaison parfaite de durabilit\u00e9 et de style<\/h4>\n<p>&nbsp;<\/p>\n<p>En termes de choix de mat\u00e9riaux pour les couvertures pour chevaux, le tissu ripstop en nylon 650D enduit de PU est le premier choix. Ce tissu allie r\u00e9sistance, r\u00e9sistance \u00e0 l&#039;eau et \u00e0 l&#039;abrasion avec une esth\u00e9tique dynamique et est con\u00e7u pour offrir des performances durables dans tous les environnements.<\/p>\n<p>Caract\u00e9ristiques mat\u00e9rielles : Qualit\u00e9 sup\u00e9rieure pour une durabilit\u00e9 en ext\u00e9rieur<\/p>\n<p>1. Propri\u00e9t\u00e9s du mat\u00e9riau en nylon<\/p>\n<p>Haute r\u00e9sistance : ce tissu haute r\u00e9sistance peut mieux le g\u00e9rer et n&#039;est pas facilement endommag\u00e9 ou cass\u00e9, garantissant la durabilit\u00e9 de la couverture pour cheval.<\/p>\n<p>L\u00e9ger : le nylon lui-m\u00eame est relativement l\u00e9ger. Lorsqu&#039;il est utilis\u00e9 comme couverture pour cheval, il ne p\u00e8se pas trop sur le cheval, ce qui lui permet de se d\u00e9placer plus facilement tout en portant la couverture.<\/p>\n<p>2. R\u00e9sistance \u00e0 la d\u00e9chirure : les fils renforc\u00e9s peuvent emp\u00eacher les d\u00e9chirures de s&#039;\u00e9tendre davantage. M\u00eame si le tissu est l\u00e9g\u00e8rement endommag\u00e9, il ne se propagera pas facilement en grandes d\u00e9chirures, prolongeant consid\u00e9rablement la dur\u00e9e de vie du tissu.<\/p>\n<p>3. Caract\u00e9ristiques du rev\u00eatement PU :<\/p>\n<p>Bonne imperm\u00e9abilit\u00e9 : elle peut efficacement emp\u00eacher les chevaux d&#039;\u00eatre mouill\u00e9s par la pluie \u00e0 l&#039;ext\u00e9rieur, garder les chevaux au sec et emp\u00eacher les chevaux de tomber malades ou de se sentir mal \u00e0 l&#039;aise \u00e0 cause de l&#039;humidit\u00e9.<\/p>\n<p>R\u00e9sistance \u00e0 l&#039;usure am\u00e9lior\u00e9e : elle peut r\u00e9duire les dommages au tissu de la couverture pour cheval pendant l&#039;utilisation et prolonger davantage la dur\u00e9e de vie de la couverture pour cheval.<\/p>\n<p>Respirabilit\u00e9 : Tout en \u00e9tant imperm\u00e9able, il permet \u00e9galement \u00e0 la peau du cheval de conserver un certain degr\u00e9 de respiration, \u00e9vitant ainsi aux chevaux les probl\u00e8mes de peau caus\u00e9s par le fait d&#039;\u00eatre envelopp\u00e9s dans des mat\u00e9riaux non respirants pendant une longue p\u00e9riode.<\/p>\n<p>4. Autres fonctions :<\/p>\n<p>Facile \u00e0 nettoyer : la surface est relativement lisse, moins susceptible d&#039;\u00eatre tach\u00e9e par la poussi\u00e8re et la salet\u00e9, et plus facile \u00e0 nettoyer apr\u00e8s avoir \u00e9t\u00e9 salie. La plupart des taches peuvent \u00eatre \u00e9limin\u00e9es simplement en essuyant avec un chiffon humide.<\/p>\n<p>Bonne r\u00e9sistance aux intemp\u00e9ries : il peut s&#039;adapter \u00e0 diff\u00e9rentes conditions climatiques. Qu&#039;il s&#039;agisse d&#039;un \u00e9t\u00e9 chaud ou d&#039;un hiver froid, il peut maintenir de bonnes performances et n&#039;est pas facilement affect\u00e9 par des facteurs tels que la temp\u00e9rature et l&#039;humidit\u00e9, provoquant des probl\u00e8mes tels que la d\u00e9formation et le vieillissement.<\/p>\n<p>Tissu en nylon ripstop 650D, id\u00e9al pour une vari\u00e9t\u00e9 d&#039;applications ext\u00e9rieures, notamment\u00a0:<\/p>\n<p>Sacs \u00e0 dos : Sa haute r\u00e9sistance et sa r\u00e9sistance \u00e0 la d\u00e9chirure en font un mat\u00e9riau id\u00e9al pour les sacs \u00e0 dos d&#039;ext\u00e9rieur.<br \/>\nV\u00eatements d&#039;ext\u00e9rieur : am\u00e9liorez la durabilit\u00e9 des v\u00eatements et prolongez leur dur\u00e9e de vie.<br \/>\nTissu de tente : Offre de bonnes propri\u00e9t\u00e9s coupe-vent, imperm\u00e9ables et r\u00e9sistantes aux d\u00e9chirures.<\/p>\n<p>Assistance \u00e0 la personnalisation : ajustez votre tissu \u00e0 la perfection<\/p>\n<p>Nous proposons de nombreuses options de personnalisation, notamment une large gamme de couleurs, des dimensions personnalis\u00e9es, des \u00e9paisseurs de rev\u00eatement PU vari\u00e9es et une impression pour la marque ou le design. Personnalisez le tissu pour r\u00e9pondre exactement \u00e0 vos besoins, garantissant un impact et une satisfaction maximum.<\/p>\n<p>D\u00e9couvrez comment le tissu en nylon ripstop 650D peut am\u00e9liorer vos produits d&#039;ext\u00e9rieur avec une durabilit\u00e9 et un style in\u00e9gal\u00e9s. Contactez-nous d\u00e8s aujourd&#039;hui pour plus d&#039;informations sur la personnalisation et la disponibilit\u00e9.<\/p>","protected":false},"excerpt":{"rendered":"<p>1200 m\u00e8tres (commande minimum)<\/p>","protected":false},"featured_media":7229,"comment_status":"closed","ping_status":"closed","template":"","meta":{"_uag_custom_page_level_css":"","site-sidebar-layout":"default","site-content-layout":"default","ast-site-content-layout":"","site-content-style":"default","site-sidebar-style":"default","ast-global-header-display":"","ast-banner-title-visibility":"","ast-main-header-display":"","ast-hfb-above-header-display":"","ast-hfb-below-header-display":"","ast-hfb-mobile-header-display":"","site-post-title":"","ast-breadcrumbs-content":"","ast-featured-img":"","footer-sml-layout":"","theme-transparent-header-meta":"default","adv-header-id-meta":"","stick-header-meta":"default","header-above-stick-meta":"","header-main-stick-meta":"","header-below-stick-meta":"","astra-migrate-meta-layouts":"default","ast-page-background-enabled":"default","ast-page-background-meta":{"desktop":{"background-color":"","background-image":"","background-repeat":"repeat","background-position":"center center","background-size":"auto","background-attachment":"scroll","background-type":"","background-media":"","overlay-type":"","overlay-color":"","overlay-opacity":"","overlay-gradient":""},"tablet":{"background-color":"","background-image":"","background-repeat":"repeat","background-position":"center center","background-size":"auto","background-attachment":"scroll","background-type":"","background-media":"","overlay-type":"","overlay-color":"","overlay-opacity":"","overlay-gradient":""},"mobile":{"background-color":"","background-image":"","background-repeat":"repeat","background-position":"center center","background-size":"auto","background-attachment":"scroll","background-type":"","background-media":"","overlay-type":"","overlay-color":"","overlay-opacity":"","overlay-gradient":""}},"ast-content-background-meta":{"desktop":{"background-color":"var(--ast-global-color-5)","background-image":"","background-repeat":"repeat","background-position":"center center","background-size":"auto","background-attachment":"scroll","background-type":"","background-media":"","overlay-type":"","overlay-color":"","overlay-opacity":"","overlay-gradient":""},"tablet":{"background-color":"var(--ast-global-color-5)","background-image":"","background-repeat":"repeat","background-position":"center center","background-size":"auto","background-attachment":"scroll","background-type":"","background-media":"","overlay-type":"","overlay-color":"","overlay-opacity":"","overlay-gradient":""},"mobile":{"background-color":"var(--ast-global-color-5)","background-image":"","background-repeat":"repeat","background-position":"center center","background-size":"auto","background-attachment":"scroll","background-type":"","background-media":"","overlay-type":"","overlay-color":"","overlay-opacity":"","overlay-gradient":""}}},"product_brand":[],"product_cat":[426,1183,432,404,433,414],"product_tag":[],"class_list":{"0":"post-7165","1":"product","2":"type-product","3":"status-publish","4":"has-post-thumbnail","6":"product_cat-constructionmining","7":"product_cat-fabric-for-horse-blankets","8":"product_cat-fabric-for-tent","9":"product_cat-nylon-fabrics","10":"product_cat-textile-for-industrial","11":"product_cat-waterproof-fabrics","12":"pa_available_colors-911052-spc","13":"desktop-align-left","14":"tablet-align-left","15":"mobile-align-left","16":"ast-product-gallery-layout-vertical-slider","17":"ast-product-tabs-layout-horizontal","19":"first","20":"instock","21":"shipping-taxable","22":"product-type-simple"},"uagb_featured_image_src":{"full":["https:\/\/www.sikortex.com\/wp-content\/uploads\/2024\/11\/Horse-Blanket-Fabric-Ripstop.jpg",600,600,false],"thumbnail":["https:\/\/www.sikortex.com\/wp-content\/uploads\/2024\/11\/Horse-Blanket-Fabric-Ripstop-150x150.jpg",150,150,true],"medium":["https:\/\/www.sikortex.com\/wp-content\/uploads\/2024\/11\/Horse-Blanket-Fabric-Ripstop-300x300.jpg",300,300,true],"medium_large":["https:\/\/www.sikortex.com\/wp-content\/uploads\/2024\/11\/Horse-Blanket-Fabric-Ripstop.jpg",600,600,false],"large":["https:\/\/www.sikortex.com\/wp-content\/uploads\/2024\/11\/Horse-Blanket-Fabric-Ripstop.jpg",600,600,false],"1536x1536":["https:\/\/www.sikortex.com\/wp-content\/uploads\/2024\/11\/Horse-Blanket-Fabric-Ripstop.jpg",600,600,false],"2048x2048":["https:\/\/www.sikortex.com\/wp-content\/uploads\/2024\/11\/Horse-Blanket-Fabric-Ripstop.jpg",600,600,false],"trp-custom-language-flag":["https:\/\/www.sikortex.com\/wp-content\/uploads\/2024\/11\/Horse-Blanket-Fabric-Ripstop-12x12.jpg",12,12,true],"woocommerce_thumbnail":["https:\/\/www.sikortex.com\/wp-content\/uploads\/2024\/11\/Horse-Blanket-Fabric-Ripstop-300x300.jpg",300,300,true],"woocommerce_single":["https:\/\/www.sikortex.com\/wp-content\/uploads\/2024\/11\/Horse-Blanket-Fabric-Ripstop.jpg",600,600,false],"woocommerce_gallery_thumbnail":["https:\/\/www.sikortex.com\/wp-content\/uploads\/2024\/11\/Horse-Blanket-Fabric-Ripstop-100x100.jpg",100,100,true]},"uagb_author_info":{"display_name":"Sandy","author_link":"https:\/\/www.sikortex.com\/fr\/author\/"},"uagb_comment_info":0,"uagb_excerpt":"1200 Meters(Min.Order)","_links":{"self":[{"href":"https:\/\/www.sikortex.com\/fr\/wp-json\/wp\/v2\/product\/7165","targetHints":{"allow":["GET"]}}],"collection":[{"href":"https:\/\/www.sikortex.com\/fr\/wp-json\/wp\/v2\/product"}],"about":[{"href":"https:\/\/www.sikortex.com\/fr\/wp-json\/wp\/v2\/types\/product"}],"replies":[{"embeddable":true,"href":"https:\/\/www.sikortex.com\/fr\/wp-json\/wp\/v2\/comments?post=7165"}],"wp:featuredmedia":[{"embeddable":true,"href":"https:\/\/www.sikortex.com\/fr\/wp-json\/wp\/v2\/media\/7229"}],"wp:attachment":[{"href":"https:\/\/www.sikortex.com\/fr\/wp-json\/wp\/v2\/media?parent=7165"}],"wp:term":[{"taxonomy":"product_brand","embeddable":true,"href":"https:\/\/www.sikortex.com\/fr\/wp-json\/wp\/v2\/product_brand?post=7165"},{"taxonomy":"product_cat","embeddable":true,"href":"https:\/\/www.sikortex.com\/fr\/wp-json\/wp\/v2\/product_cat?post=7165"},{"taxonomy":"product_tag","embeddable":true,"href":"https:\/\/www.sikortex.com\/fr\/wp-json\/wp\/v2\/product_tag?post=7165"}],"curies":[{"name":"wp","href":"https:\/\/api.w.org\/{rel}","templated":true}]}}