{"id":7106,"date":"2024-09-12T10:50:35","date_gmt":"2024-09-12T02:50:35","guid":{"rendered":"https:\/\/www.sikortex.com\/?post_type=product&#038;p=7106"},"modified":"2025-08-18T14:04:08","modified_gmt":"2025-08-18T06:04:08","slug":"sk8344-polyestre-coton-tissu-extensible-6","status":"publish","type":"product","link":"https:\/\/www.sikortex.com\/fr\/produit\/sk8344-polyestre-coton-tissu-extensible-6\/","title":{"rendered":"Tissus acryliques teints dans la masse pour housses de bateau"},"content":{"rendered":"<p>Tissus acryliques teints dans la masse pour housses de bateau : une qualit\u00e9 exceptionnelle pour vos besoins<\/p>\n<p>En ce qui concerne les tissus, les tissus acryliques teints dans la masse sont une option exceptionnelle avec une multitude de caract\u00e9ristiques qui les rendent tr\u00e8s d\u00e9sirables.<\/p>\n<p><strong>Avantages<\/strong>:<\/p>\n<p>La solidit\u00e9 des couleurs de notre tissu acrylique teint dans la masse pour housse de bateau est vraiment remarquable. Avec sa capacit\u00e9 \u00e0 r\u00e9sister aux tests UV pendant plus de 1500 heures sans d\u00e9coloration, ce tissu garantit que ses teintes vibrantes dureront plus de 5 ans. Cette long\u00e9vit\u00e9 des couleurs est un avantage consid\u00e9rable, en particulier pour les articles qui sont r\u00e9guli\u00e8rement expos\u00e9s au soleil ou \u00e0 un \u00e9clairage intense. Qu&#039;il s&#039;agisse de mobilier d&#039;ext\u00e9rieur ou d&#039;\u00e9l\u00e9ments d\u00e9coratifs, vous pouvez \u00eatre s\u00fbr que les tissus pour housse de bateau conserveront leur attrait esth\u00e9tique.<\/p>\n<p>La flexibilit\u00e9 des commandes est un autre avantage cl\u00e9. Notre quantit\u00e9 minimale de commande est tr\u00e8s flexible, ce qui permet aux petits et grands clients d&#039;acc\u00e9der \u00e0 notre tissu de haute qualit\u00e9. La largeur standard de 120 cm\/150 cm est pratique, et la possibilit\u00e9 de personnaliser les largeurs et les couleurs en fonction des exigences sp\u00e9cifiques donne \u00e0 nos clients la libert\u00e9 de cr\u00e9er des produits uniques et personnalis\u00e9s.<\/p>\n<p>La finition en T\u00e9flon du tissu offre une excellente protection. Il est r\u00e9sistant \u00e0 l&#039;huile, aux taches et \u00e0 l&#039;eau. Cela signifie que les d\u00e9versements accidentels ou l&#039;exposition \u00e0 diverses substances peuvent \u00eatre facilement trait\u00e9s. Un simple essuyage suffit souvent \u00e0 \u00e9liminer les taches, ce qui facilite l&#039;entretien. Cette caract\u00e9ristique est particuli\u00e8rement utile dans les environnements o\u00f9 le tissu est susceptible de rencontrer des salet\u00e9s ou de l&#039;humidit\u00e9.<\/p>\n<p><strong>Applications<\/strong>:<\/p>\n<p>Les applications de <span style=\"color: #3366ff;\"><a style=\"color: #3366ff;\" href=\"https:\/\/www.sikortex.com\/fr\/tissus-anti-infrarouges-4\/\">tissus acryliques teints dans la masse<\/a><\/span> sont vari\u00e9s. Dans l&#039;espace de vie ext\u00e9rieur, ils sont parfaits pour les coussins de patio, les parasols et les rideaux d&#039;ext\u00e9rieur. La r\u00e9sistance aux UV et aux intemp\u00e9ries du tissu garantit que votre mobilier et votre d\u00e9coration d&#039;ext\u00e9rieur restent beaux malgr\u00e9 les \u00e9l\u00e9ments. Dans le monde nautique, ils peuvent \u00eatre utilis\u00e9s pour les housses et les voiles de bateau, car ils peuvent r\u00e9sister aux conditions difficiles en mer. Pour les int\u00e9rieurs de maison, ils sont id\u00e9aux pour la confection de rideaux, de tapis et de tissus d&#039;ameublement. La durabilit\u00e9 du tissu et ses propri\u00e9t\u00e9s faciles \u00e0 nettoyer en font un choix pratique pour les m\u00e9nages. Dans le secteur commercial, ils peuvent \u00eatre utilis\u00e9s dans les h\u00f4tels, les restaurants et les caf\u00e9s pour les nappes et les housses de chaises.<\/p>\n<p>En r\u00e9sum\u00e9, les tissus acryliques teints dans la masse offrent une combinaison unique d&#039;avantages. Leur solidit\u00e9 des couleurs, leur flexibilit\u00e9 dans les commandes et leur finition protectrice en font un excellent choix pour une grande vari\u00e9t\u00e9 d&#039;applications. Malgr\u00e9 le probl\u00e8me mineur de respirabilit\u00e9 dans certains cas, leur qualit\u00e9 et leurs performances globales sont vraiment exceptionnelles. Contactez-nous d\u00e8s aujourd&#039;hui pour d\u00e9couvrir comment ces tissus peuvent am\u00e9liorer vos projets.<\/p>\n<h4 style=\"text-align: center;\">Fiche technique des tissus acryliques teints dans la masse SIKOR-TEX<\/h4>\n<table style=\"height: 757px;\" width=\"1333\">\n<tbody>\n<tr>\n<td style=\"text-align: center;\" width=\"271\"><strong>Articles de test<\/strong><\/td>\n<td style=\"text-align: center;\" width=\"229\"><strong>M\u00e9thode d&#039;essai<\/strong><\/td>\n<td style=\"text-align: center;\" width=\"218\"><strong>Exigence<\/strong><\/td>\n<\/tr>\n<tr>\n<td style=\"text-align: center;\">Largeur du rouleau<\/td>\n<td style=\"text-align: center;\"><\/td>\n<td style=\"text-align: center;\" width=\"218\">54\u2033-61\u2033\/137-155cm(\u00b12cm)<\/td>\n<\/tr>\n<tr>\n<td style=\"text-align: center;\" width=\"271\">Longueur du rouleau (moyenne)<\/td>\n<td style=\"text-align: center;\"><\/td>\n<td style=\"text-align: center;\" width=\"218\">50 m<\/td>\n<\/tr>\n<tr>\n<td style=\"text-align: center;\" width=\"271\">Composition<\/td>\n<td style=\"text-align: center;\"><\/td>\n<td style=\"text-align: center;\" width=\"218\">100%Sacrylique teint\u00e9 en solution<\/td>\n<\/tr>\n<tr>\n<td style=\"text-align: center;\">Lester<\/td>\n<td style=\"text-align: center;\"><\/td>\n<td style=\"text-align: center;\" width=\"218\">220-400g\/m\u00b2<\/td>\n<\/tr>\n<tr>\n<td style=\"text-align: center;\" width=\"271\">Solidit\u00e9 des couleurs au frottement<\/td>\n<td style=\"text-align: center;\">ISO 105-X12:2016<\/td>\n<td style=\"text-align: center;\" width=\"218\">Coloration s\u00e8che 4-5<br \/>\nColoration humide 4-5<\/td>\n<\/tr>\n<tr>\n<td style=\"text-align: center;\" width=\"271\">Solidit\u00e9 des couleurs \u00e0 la lumi\u00e8re<\/td>\n<td style=\"text-align: center;\" width=\"229\">ISO 105-B02:2014<\/td>\n<td style=\"text-align: center;\">8<\/td>\n<\/tr>\n<tr>\n<td style=\"text-align: center;\" width=\"271\">Solidit\u00e9 des couleurs aux intemp\u00e9ries<\/td>\n<td style=\"text-align: center;\">ISO 105-B04:1994<\/td>\n<td style=\"text-align: center;\">7<\/td>\n<\/tr>\n<tr>\n<td style=\"text-align: center;\" width=\"271\">Solidit\u00e9 des couleurs \u00e0 la lumi\u00e8re<br \/>\n(Apr\u00e8s 1500 heures de changement d&#039;ombre)<\/td>\n<td style=\"text-align: center;\" width=\"229\">AATCCTM 16.3-2014;<br \/>\nOption 3\u00a0; Lampe \u00e0 arc au x\u00e9non<\/td>\n<td style=\"text-align: center;\" width=\"218\">4<\/td>\n<\/tr>\n<tr>\n<td style=\"text-align: center;\" width=\"271\">Hydrofuge<br \/>\n20\u00b12\u2103<\/td>\n<td style=\"text-align: center;\">1SO 4920:2012(E)Essai de pulv\u00e9risation<\/td>\n<td style=\"text-align: center;\" width=\"218\">4-5<\/td>\n<\/tr>\n<tr>\n<td style=\"text-align: center;\" width=\"271\">Hydrofuge\/alcoolique<br \/>\n0,6 cm 10 s 45\u00b0<\/td>\n<td style=\"text-align: center;\">AATCC 193<\/td>\n<td style=\"text-align: center;\">4<\/td>\n<\/tr>\n<tr>\n<td style=\"text-align: center;\" width=\"271\">Hydrofuge<br \/>\n0,6 cm 30 s 45\u00b0 27,3 mN\/m<\/td>\n<td style=\"text-align: center;\">Cours AATCC 118<\/td>\n<td style=\"text-align: center;\">3<\/td>\n<\/tr>\n<tr>\n<td style=\"text-align: center;\">Class\u00e9 UPF<\/td>\n<td style=\"text-align: center;\">AATCC 183-2014<\/td>\n<td style=\"text-align: center;\" width=\"218\">50+<\/td>\n<\/tr>\n<\/tbody>\n<\/table>\n<p>&nbsp;<\/p>\n<p>&nbsp;<\/p>\n<p>&nbsp;<\/p>\n<p>&nbsp;<\/p>\n<p>&nbsp;<\/p>","protected":false},"excerpt":{"rendered":"<p><span style=\"vertical-align: inherit;\"><span style=\"vertical-align: inherit;\">1000 m (MOQ)<\/span><\/span><\/p>","protected":false},"featured_media":7108,"comment_status":"closed","ping_status":"closed","template":"","meta":{"_uag_custom_page_level_css":"","site-sidebar-layout":"default","site-content-layout":"default","ast-site-content-layout":"","site-content-style":"default","site-sidebar-style":"default","ast-global-header-display":"","ast-banner-title-visibility":"","ast-main-header-display":"","ast-hfb-above-header-display":"","ast-hfb-below-header-display":"","ast-hfb-mobile-header-display":"","site-post-title":"","ast-breadcrumbs-content":"","ast-featured-img":"","footer-sml-layout":"","theme-transparent-header-meta":"default","adv-header-id-meta":"","stick-header-meta":"default","header-above-stick-meta":"","header-main-stick-meta":"","header-below-stick-meta":"","astra-migrate-meta-layouts":"default","ast-page-background-enabled":"default","ast-page-background-meta":{"desktop":{"background-color":"","background-image":"","background-repeat":"repeat","background-position":"center center","background-size":"auto","background-attachment":"scroll","background-type":"","background-media":"","overlay-type":"","overlay-color":"","overlay-opacity":"","overlay-gradient":""},"tablet":{"background-color":"","background-image":"","background-repeat":"repeat","background-position":"center center","background-size":"auto","background-attachment":"scroll","background-type":"","background-media":"","overlay-type":"","overlay-color":"","overlay-opacity":"","overlay-gradient":""},"mobile":{"background-color":"","background-image":"","background-repeat":"repeat","background-position":"center center","background-size":"auto","background-attachment":"scroll","background-type":"","background-media":"","overlay-type":"","overlay-color":"","overlay-opacity":"","overlay-gradient":""}},"ast-content-background-meta":{"desktop":{"background-color":"var(--ast-global-color-5)","background-image":"","background-repeat":"repeat","background-position":"center center","background-size":"auto","background-attachment":"scroll","background-type":"","background-media":"","overlay-type":"","overlay-color":"","overlay-opacity":"","overlay-gradient":""},"tablet":{"background-color":"var(--ast-global-color-5)","background-image":"","background-repeat":"repeat","background-position":"center center","background-size":"auto","background-attachment":"scroll","background-type":"","background-media":"","overlay-type":"","overlay-color":"","overlay-opacity":"","overlay-gradient":""},"mobile":{"background-color":"var(--ast-global-color-5)","background-image":"","background-repeat":"repeat","background-position":"center center","background-size":"auto","background-attachment":"scroll","background-type":"","background-media":"","overlay-type":"","overlay-color":"","overlay-opacity":"","overlay-gradient":""}}},"product_brand":[],"product_cat":[1169,1126,1218,1697],"product_tag":[],"class_list":{"0":"post-7106","1":"product","2":"type-product","3":"status-publish","4":"has-post-thumbnail","6":"product_cat-solution-dyed-acrylic-fabric","7":"product_cat-fabric-for-awning","8":"product_cat-marine-fabrics","9":"product_cat-uv-protection-fabric","10":"pa_available_colors-1526-03","11":"pa_available_colors-1526-07","12":"pa_available_colors-1526-39","13":"pa_available_colors-1526-42","14":"pa_available_colors-1526-43","15":"pa_available_colors-1526-48","16":"pa_available_colors-1526-49","17":"pa_available_colors-1526-50","18":"pa_available_colors-1526-51","19":"pa_available_colors-1526-52","20":"desktop-align-left","21":"tablet-align-left","22":"mobile-align-left","23":"ast-product-gallery-layout-vertical-slider","24":"ast-product-tabs-layout-horizontal","26":"first","27":"instock","28":"shipping-taxable","29":"product-type-simple"},"uagb_featured_image_src":{"full":["https:\/\/www.sikortex.com\/wp-content\/uploads\/2024\/09\/Solution-Dyed-Acrylic-Fabric-Manufacturer-1.jpg",800,800,false],"thumbnail":["https:\/\/www.sikortex.com\/wp-content\/uploads\/2024\/09\/Solution-Dyed-Acrylic-Fabric-Manufacturer-1-150x150.jpg",150,150,true],"medium":["https:\/\/www.sikortex.com\/wp-content\/uploads\/2024\/09\/Solution-Dyed-Acrylic-Fabric-Manufacturer-1-300x300.jpg",300,300,true],"medium_large":["https:\/\/www.sikortex.com\/wp-content\/uploads\/2024\/09\/Solution-Dyed-Acrylic-Fabric-Manufacturer-1-768x768.jpg",768,768,true],"large":["https:\/\/www.sikortex.com\/wp-content\/uploads\/2024\/09\/Solution-Dyed-Acrylic-Fabric-Manufacturer-1.jpg",800,800,false],"1536x1536":["https:\/\/www.sikortex.com\/wp-content\/uploads\/2024\/09\/Solution-Dyed-Acrylic-Fabric-Manufacturer-1.jpg",800,800,false],"2048x2048":["https:\/\/www.sikortex.com\/wp-content\/uploads\/2024\/09\/Solution-Dyed-Acrylic-Fabric-Manufacturer-1.jpg",800,800,false],"trp-custom-language-flag":["https:\/\/www.sikortex.com\/wp-content\/uploads\/2024\/09\/Solution-Dyed-Acrylic-Fabric-Manufacturer-1-12x12.jpg",12,12,true],"woocommerce_thumbnail":["https:\/\/www.sikortex.com\/wp-content\/uploads\/2024\/09\/Solution-Dyed-Acrylic-Fabric-Manufacturer-1-300x300.jpg",300,300,true],"woocommerce_single":["https:\/\/www.sikortex.com\/wp-content\/uploads\/2024\/09\/Solution-Dyed-Acrylic-Fabric-Manufacturer-1-600x600.jpg",600,600,true],"woocommerce_gallery_thumbnail":["https:\/\/www.sikortex.com\/wp-content\/uploads\/2024\/09\/Solution-Dyed-Acrylic-Fabric-Manufacturer-1-100x100.jpg",100,100,true]},"uagb_author_info":{"display_name":"Perry","author_link":"https:\/\/www.sikortex.com\/fr\/author\/"},"uagb_comment_info":0,"uagb_excerpt":"1000 m\uff08MOQ\uff09","_links":{"self":[{"href":"https:\/\/www.sikortex.com\/fr\/wp-json\/wp\/v2\/product\/7106","targetHints":{"allow":["GET"]}}],"collection":[{"href":"https:\/\/www.sikortex.com\/fr\/wp-json\/wp\/v2\/product"}],"about":[{"href":"https:\/\/www.sikortex.com\/fr\/wp-json\/wp\/v2\/types\/product"}],"replies":[{"embeddable":true,"href":"https:\/\/www.sikortex.com\/fr\/wp-json\/wp\/v2\/comments?post=7106"}],"wp:featuredmedia":[{"embeddable":true,"href":"https:\/\/www.sikortex.com\/fr\/wp-json\/wp\/v2\/media\/7108"}],"wp:attachment":[{"href":"https:\/\/www.sikortex.com\/fr\/wp-json\/wp\/v2\/media?parent=7106"}],"wp:term":[{"taxonomy":"product_brand","embeddable":true,"href":"https:\/\/www.sikortex.com\/fr\/wp-json\/wp\/v2\/product_brand?post=7106"},{"taxonomy":"product_cat","embeddable":true,"href":"https:\/\/www.sikortex.com\/fr\/wp-json\/wp\/v2\/product_cat?post=7106"},{"taxonomy":"product_tag","embeddable":true,"href":"https:\/\/www.sikortex.com\/fr\/wp-json\/wp\/v2\/product_tag?post=7106"}],"curies":[{"name":"wp","href":"https:\/\/api.w.org\/{rel}","templated":true}]}}