{"id":7090,"date":"2024-09-11T13:23:56","date_gmt":"2024-09-11T05:23:56","guid":{"rendered":"https:\/\/www.sikortex.com\/?post_type=product&#038;p=7090"},"modified":"2025-08-18T14:04:17","modified_gmt":"2025-08-18T06:04:17","slug":"sk8344-polyestre-coton-tissu-extensible-5","status":"publish","type":"product","link":"https:\/\/www.sikortex.com\/fr\/produit\/sk8344-polyestre-coton-tissu-extensible-5\/","title":{"rendered":"Tissu acrylique teint en solution pour parasol"},"content":{"rendered":"<h4><span style=\"color: #3366ff;\">\u00a0<a style=\"color: #3366ff;\" href=\"https:\/\/www.sikortex.com\/fr\/tissus-anti-infrarouges-4\/\">Fabricant de tissus acryliques teints dans la masse<\/a><\/span><\/h4>\n<p>Le tissu acrylique teint en solution ray\u00e9 en fil est la principale vari\u00e9t\u00e9 de tissu produite et vendue par <a href=\"https:\/\/www.sikortex.com\/fr\/profil-de-lentreprise\/\"><span style=\"color: #3366ff;\">SIKOR-TEX<\/span><\/a>.<\/p>\n<p>Avantages :<\/p>\n<p>La solidit\u00e9 des couleurs de nos <a href=\"https:\/\/www.sikortex.com\/fr\/tissus-anti-infrarouges-4\/\"><span style=\"color: #3366ff;\">tissu acrylique teint en solution<\/span><\/a> est vraiment exceptionnel. Ce tissu est capable de r\u00e9sister \u00e0 plus de 1500 heures de tests UV sans se d\u00e9colorer, ce qui garantit que ses couleurs vives peuvent durer plus de 5 ans. Cette durabilit\u00e9 des couleurs est un avantage consid\u00e9rable, en particulier pour les articles fr\u00e9quemment expos\u00e9s au soleil ou \u00e0 une forte lumi\u00e8re. Qu&#039;il soit utilis\u00e9 pour des meubles d&#039;ext\u00e9rieur ou des \u00e9l\u00e9ments d\u00e9coratifs, vous pouvez \u00eatre s\u00fbr que ce tissu conservera sa beaut\u00e9.<\/p>\n<p>La flexibilit\u00e9 des commandes est un autre avantage cl\u00e9. Notre quantit\u00e9 minimale de commande tr\u00e8s g\u00e9n\u00e9reuse permet aux petits et grands clients d&#039;utiliser nos tissus de haute qualit\u00e9. La largeur standard de 120 cm est tr\u00e8s pratique, et des largeurs et couleurs personnalis\u00e9es peuvent \u00eatre personnalis\u00e9es en fonction des exigences sp\u00e9cifiques, ce qui donne \u00e0 nos clients la libert\u00e9 de cr\u00e9er des produits uniques et personnalis\u00e9s.<\/p>\n<p>Le rev\u00eatement en T\u00e9flon du tissu offre une excellente protection. Il est r\u00e9sistant \u00e0 l&#039;huile, aux taches et \u00e0 l&#039;eau. Cela signifie que les d\u00e9versements accidentels ou le contact avec diverses substances peuvent \u00eatre facilement trait\u00e9s. Les taches peuvent \u00eatre \u00e9limin\u00e9es d&#039;un simple coup de chiffon, ce qui facilite l&#039;entretien. Cette caract\u00e9ristique est particuli\u00e8rement utile dans les environnements o\u00f9 le tissu peut \u00eatre expos\u00e9 \u00e0 des environnements sales ou humides.<\/p>\n<p>Applications :<\/p>\n<p>Les applications du tissu acrylique teint dans la masse sont nombreuses et vari\u00e9es. Dans les espaces de vie ext\u00e9rieurs, ils sont id\u00e9aux pour la fabrication de coussins de terrasse, <a href=\"https:\/\/www.sikortex.com\/fr\/fabricant-de-toiles-pour-auvents\/\"><span style=\"color: #3366ff;\">parasols<\/span><\/a>et rideaux d&#039;ext\u00e9rieur. Les propri\u00e9t\u00e9s anti-UV et anti-intemp\u00e9ries de ce tissu garantissent que votre mobilier et votre d\u00e9coration d&#039;ext\u00e9rieur resteront beaux dans toutes les conditions. Dans le monde nautique, ils peuvent \u00eatre utilis\u00e9s comme housses et voiles de bateau car ils peuvent r\u00e9sister aux conditions difficiles en mer. Pour les int\u00e9rieurs de maison, ils sont id\u00e9aux pour la confection de rideaux, de tapis et de tissus d&#039;ameublement. La durabilit\u00e9 et les propri\u00e9t\u00e9s faciles \u00e0 nettoyer de ce tissu en font un choix pratique pour la maison. Dans le secteur commercial, ils peuvent \u00eatre utilis\u00e9s pour les nappes et les rev\u00eatements de chaises dans les h\u00f4tels, les restaurants et les caf\u00e9s.<\/p>\n<p>En r\u00e9sum\u00e9, les tissus acryliques teints dans la masse offrent une combinaison unique d&#039;avantages. Leur solidit\u00e9 des couleurs, leur flexibilit\u00e9 de commande et leurs propri\u00e9t\u00e9s protectrices en font un excellent choix pour une vari\u00e9t\u00e9 d&#039;applications. Malgr\u00e9 des probl\u00e8mes mineurs de respirabilit\u00e9 dans certains cas, leur qualit\u00e9 et leurs performances globales sont vraiment exceptionnelles. <a href=\"https:\/\/www.sikortex.com\/fr\/contactez-nous\/\"><span style=\"color: #3366ff;\">Contactez-nous<\/span><\/a> aujourd&#039;hui pour d\u00e9couvrir comment ces tissus peuvent am\u00e9liorer votre projet.<\/p>\n<p>&nbsp;<\/p>\n<h4 style=\"text-align: center;\">Fiche technique des tissus acryliques teints en solution SIKOR-TEX<\/h4>\n<table style=\"height: 679px;\" width=\"843\">\n<tbody>\n<tr>\n<td style=\"text-align: center;\" width=\"271\"><strong>Articles de test<\/strong><\/td>\n<td style=\"text-align: center;\" width=\"229\"><strong>M\u00e9thode d&#039;essai<\/strong><\/td>\n<td style=\"text-align: center;\" width=\"218\"><strong>Exigence<\/strong><\/td>\n<\/tr>\n<tr>\n<td style=\"text-align: center;\">Largeur du rouleau<\/td>\n<td style=\"text-align: center;\"><\/td>\n<td style=\"text-align: center;\" width=\"218\">54\u2033-61\u2033\/137-155cm(\u00b12cm)<\/td>\n<\/tr>\n<tr>\n<td style=\"text-align: center;\" width=\"271\">Longueur du rouleau (moyenne)<\/td>\n<td style=\"text-align: center;\"><\/td>\n<td style=\"text-align: center;\" width=\"218\">50 m<\/td>\n<\/tr>\n<tr>\n<td style=\"text-align: center;\" width=\"271\">Composition<\/td>\n<td style=\"text-align: center;\"><\/td>\n<td style=\"text-align: center;\" width=\"218\">100%Sacrylique teint\u00e9 en solution<\/td>\n<\/tr>\n<tr>\n<td style=\"text-align: center;\">Lester<\/td>\n<td style=\"text-align: center;\"><\/td>\n<td style=\"text-align: center;\" width=\"218\">220-400g\/m\u00b2<\/td>\n<\/tr>\n<tr>\n<td style=\"text-align: center;\" width=\"271\">Solidit\u00e9 des couleurs au frottement<\/td>\n<td style=\"text-align: center;\">ISO 105-X12:2016<\/td>\n<td style=\"text-align: center;\" width=\"218\">Coloration s\u00e8che 4-5<br \/>\nColoration humide 4-5<\/td>\n<\/tr>\n<tr>\n<td style=\"text-align: center;\" width=\"271\">Solidit\u00e9 des couleurs \u00e0 la lumi\u00e8re<\/td>\n<td style=\"text-align: center;\" width=\"229\">ISO 105-B02:2014<\/td>\n<td style=\"text-align: center;\">8<\/td>\n<\/tr>\n<tr>\n<td style=\"text-align: center;\" width=\"271\">Solidit\u00e9 des couleurs aux intemp\u00e9ries<\/td>\n<td style=\"text-align: center;\">ISO 105-B04:1994<\/td>\n<td style=\"text-align: center;\">7<\/td>\n<\/tr>\n<tr>\n<td style=\"text-align: center;\" width=\"271\">Solidit\u00e9 des couleurs \u00e0 la lumi\u00e8re<br \/>\n(Apr\u00e8s 1500 heures de changement d&#039;ombre)<\/td>\n<td style=\"text-align: center;\" width=\"229\">AATCCTM 16.3-2014;<br \/>\nOption 3\u00a0; Lampe \u00e0 arc au x\u00e9non<\/td>\n<td style=\"text-align: center;\" width=\"218\">4<\/td>\n<\/tr>\n<tr>\n<td style=\"text-align: center;\" width=\"271\">Hydrofuge<br \/>\n20\u00b12\u2103<\/td>\n<td style=\"text-align: center;\">1SO 4920:2012(E)Essai de pulv\u00e9risation<\/td>\n<td style=\"text-align: center;\" width=\"218\">4-5<\/td>\n<\/tr>\n<tr>\n<td style=\"text-align: center;\" width=\"271\">Hydrofuge\/alcoolique<br \/>\n0,6 cm 10 s 45\u00b0<\/td>\n<td style=\"text-align: center;\">AATCC 193<\/td>\n<td style=\"text-align: center;\">4<\/td>\n<\/tr>\n<tr>\n<td style=\"text-align: center;\" width=\"271\">Hydrofuge<br \/>\n0,6 cm 30 s 45\u00b0 27,3 mN\/m<\/td>\n<td style=\"text-align: center;\">Cours AATCC 118<\/td>\n<td style=\"text-align: center;\">3<\/td>\n<\/tr>\n<tr>\n<td style=\"text-align: center;\">Class\u00e9 UPF<\/td>\n<td style=\"text-align: center;\">AATCC 183-2014<\/td>\n<td style=\"text-align: center;\" width=\"218\">50+<\/td>\n<\/tr>\n<\/tbody>\n<\/table>\n<p>&nbsp;<\/p>\n<p>&nbsp;<\/p>\n<p>&nbsp;<\/p>","protected":false},"excerpt":{"rendered":"<p><span style=\"vertical-align: inherit;\"><span style=\"vertical-align: inherit;\">1000 m (MOQ)<\/span><\/span><\/p>","protected":false},"featured_media":7071,"comment_status":"closed","ping_status":"closed","template":"","meta":{"_uag_custom_page_level_css":"","site-sidebar-layout":"default","site-content-layout":"default","ast-site-content-layout":"","site-content-style":"default","site-sidebar-style":"default","ast-global-header-display":"","ast-banner-title-visibility":"","ast-main-header-display":"","ast-hfb-above-header-display":"","ast-hfb-below-header-display":"","ast-hfb-mobile-header-display":"","site-post-title":"","ast-breadcrumbs-content":"","ast-featured-img":"","footer-sml-layout":"","theme-transparent-header-meta":"default","adv-header-id-meta":"","stick-header-meta":"default","header-above-stick-meta":"","header-main-stick-meta":"","header-below-stick-meta":"","astra-migrate-meta-layouts":"default","ast-page-background-enabled":"default","ast-page-background-meta":{"desktop":{"background-color":"","background-image":"","background-repeat":"repeat","background-position":"center center","background-size":"auto","background-attachment":"scroll","background-type":"","background-media":"","overlay-type":"","overlay-color":"","overlay-opacity":"","overlay-gradient":""},"tablet":{"background-color":"","background-image":"","background-repeat":"repeat","background-position":"center center","background-size":"auto","background-attachment":"scroll","background-type":"","background-media":"","overlay-type":"","overlay-color":"","overlay-opacity":"","overlay-gradient":""},"mobile":{"background-color":"","background-image":"","background-repeat":"repeat","background-position":"center center","background-size":"auto","background-attachment":"scroll","background-type":"","background-media":"","overlay-type":"","overlay-color":"","overlay-opacity":"","overlay-gradient":""}},"ast-content-background-meta":{"desktop":{"background-color":"var(--ast-global-color-5)","background-image":"","background-repeat":"repeat","background-position":"center center","background-size":"auto","background-attachment":"scroll","background-type":"","background-media":"","overlay-type":"","overlay-color":"","overlay-opacity":"","overlay-gradient":""},"tablet":{"background-color":"var(--ast-global-color-5)","background-image":"","background-repeat":"repeat","background-position":"center center","background-size":"auto","background-attachment":"scroll","background-type":"","background-media":"","overlay-type":"","overlay-color":"","overlay-opacity":"","overlay-gradient":""},"mobile":{"background-color":"var(--ast-global-color-5)","background-image":"","background-repeat":"repeat","background-position":"center center","background-size":"auto","background-attachment":"scroll","background-type":"","background-media":"","overlay-type":"","overlay-color":"","overlay-opacity":"","overlay-gradient":""}}},"product_brand":[],"product_cat":[1169,1126,433,1697,414],"product_tag":[],"class_list":{"0":"post-7090","1":"product","2":"type-product","3":"status-publish","4":"has-post-thumbnail","6":"product_cat-solution-dyed-acrylic-fabric","7":"product_cat-fabric-for-awning","8":"product_cat-textile-for-industrial","9":"product_cat-uv-protection-fabric","10":"product_cat-waterproof-fabrics","11":"pa_available_colors-1526-03","12":"pa_available_colors-1526-07","13":"pa_available_colors-1526-39","14":"pa_available_colors-1526-42","15":"pa_available_colors-1526-43","16":"pa_available_colors-1526-48","17":"pa_available_colors-1526-49","18":"pa_available_colors-1526-50","19":"pa_available_colors-1526-51","20":"pa_available_colors-1526-52","21":"desktop-align-left","22":"tablet-align-left","23":"mobile-align-left","24":"ast-product-gallery-layout-vertical-slider","25":"ast-product-tabs-layout-horizontal","27":"first","28":"instock","29":"shipping-taxable","30":"product-type-simple"},"uagb_featured_image_src":{"full":["https:\/\/www.sikortex.com\/wp-content\/uploads\/2024\/09\/O1CN01EkCWtT1HxtfJZfnti_959560825-0-cib.jpg",800,800,false],"thumbnail":["https:\/\/www.sikortex.com\/wp-content\/uploads\/2024\/09\/O1CN01EkCWtT1HxtfJZfnti_959560825-0-cib-150x150.jpg",150,150,true],"medium":["https:\/\/www.sikortex.com\/wp-content\/uploads\/2024\/09\/O1CN01EkCWtT1HxtfJZfnti_959560825-0-cib-300x300.jpg",300,300,true],"medium_large":["https:\/\/www.sikortex.com\/wp-content\/uploads\/2024\/09\/O1CN01EkCWtT1HxtfJZfnti_959560825-0-cib-768x768.jpg",768,768,true],"large":["https:\/\/www.sikortex.com\/wp-content\/uploads\/2024\/09\/O1CN01EkCWtT1HxtfJZfnti_959560825-0-cib.jpg",800,800,false],"1536x1536":["https:\/\/www.sikortex.com\/wp-content\/uploads\/2024\/09\/O1CN01EkCWtT1HxtfJZfnti_959560825-0-cib.jpg",800,800,false],"2048x2048":["https:\/\/www.sikortex.com\/wp-content\/uploads\/2024\/09\/O1CN01EkCWtT1HxtfJZfnti_959560825-0-cib.jpg",800,800,false],"trp-custom-language-flag":["https:\/\/www.sikortex.com\/wp-content\/uploads\/2024\/09\/O1CN01EkCWtT1HxtfJZfnti_959560825-0-cib-12x12.jpg",12,12,true],"woocommerce_thumbnail":["https:\/\/www.sikortex.com\/wp-content\/uploads\/2024\/09\/O1CN01EkCWtT1HxtfJZfnti_959560825-0-cib-300x300.jpg",300,300,true],"woocommerce_single":["https:\/\/www.sikortex.com\/wp-content\/uploads\/2024\/09\/O1CN01EkCWtT1HxtfJZfnti_959560825-0-cib-600x600.jpg",600,600,true],"woocommerce_gallery_thumbnail":["https:\/\/www.sikortex.com\/wp-content\/uploads\/2024\/09\/O1CN01EkCWtT1HxtfJZfnti_959560825-0-cib-100x100.jpg",100,100,true]},"uagb_author_info":{"display_name":"Perry","author_link":"https:\/\/www.sikortex.com\/fr\/author\/"},"uagb_comment_info":0,"uagb_excerpt":"1000 m\uff08MOQ\uff09","_links":{"self":[{"href":"https:\/\/www.sikortex.com\/fr\/wp-json\/wp\/v2\/product\/7090","targetHints":{"allow":["GET"]}}],"collection":[{"href":"https:\/\/www.sikortex.com\/fr\/wp-json\/wp\/v2\/product"}],"about":[{"href":"https:\/\/www.sikortex.com\/fr\/wp-json\/wp\/v2\/types\/product"}],"replies":[{"embeddable":true,"href":"https:\/\/www.sikortex.com\/fr\/wp-json\/wp\/v2\/comments?post=7090"}],"wp:featuredmedia":[{"embeddable":true,"href":"https:\/\/www.sikortex.com\/fr\/wp-json\/wp\/v2\/media\/7071"}],"wp:attachment":[{"href":"https:\/\/www.sikortex.com\/fr\/wp-json\/wp\/v2\/media?parent=7090"}],"wp:term":[{"taxonomy":"product_brand","embeddable":true,"href":"https:\/\/www.sikortex.com\/fr\/wp-json\/wp\/v2\/product_brand?post=7090"},{"taxonomy":"product_cat","embeddable":true,"href":"https:\/\/www.sikortex.com\/fr\/wp-json\/wp\/v2\/product_cat?post=7090"},{"taxonomy":"product_tag","embeddable":true,"href":"https:\/\/www.sikortex.com\/fr\/wp-json\/wp\/v2\/product_tag?post=7090"}],"curies":[{"name":"wp","href":"https:\/\/api.w.org\/{rel}","templated":true}]}}