{"id":6995,"date":"2024-08-26T11:12:18","date_gmt":"2024-08-26T03:12:18","guid":{"rendered":"https:\/\/www.sikortex.com\/?post_type=product&#038;p=6995"},"modified":"2025-04-17T14:02:10","modified_gmt":"2025-04-17T06:02:10","slug":"sk8344-polyestre-coton-tissu-extensible-3","status":"publish","type":"product","link":"https:\/\/www.sikortex.com\/fr\/produit\/sk8344-polyestre-coton-tissu-extensible-3\/","title":{"rendered":"Tissu ripstop extensible en polyester et coton T400 pour v\u00eatements tactiques"},"content":{"rendered":"<p>Fabricant de tissus haute performance SIKOR-TEX<\/p>\n<p>Le tissu extensible en polyester et coton T400 est un mat\u00e9riau de haute qualit\u00e9, id\u00e9al pour les uniformes tactiques de police et les v\u00eatements de travail. Il est confortable \u00e0 porter et facile \u00e0 entretenir. Il est tr\u00e8s durable et r\u00e9sistant aux d\u00e9chirures, ce qui signifie qu&#039;il peut r\u00e9sister \u00e0 l&#039;usure d&#039;une utilisation quotidienne. La fonction extensible T400 offre un confort et une flexibilit\u00e9 suppl\u00e9mentaires, ce qui en fait un choix id\u00e9al pour la police et les autres professionnels qui ont besoin d&#039;une gamme compl\u00e8te de mouvements.<\/p>\n<p>De plus, le tissu est en fibre de polyester 80%, qui pr\u00e9sente une r\u00e9sistance \u00e9lev\u00e9e \u00e0 l&#039;usure et une bonne \u00e9lasticit\u00e9 dans le sens lat\u00e9ral. Le taux d&#039;allongement \u00e9lastique d\u00e9passe 23% et la teneur en coton 20% offre un confort tout en garantissant la r\u00e9sistance. Des processus de finition sp\u00e9ciaux suppl\u00e9mentaires tels que la r\u00e9sistance aux UV, l&#039;absorption de la transpiration et le s\u00e9chage rapide, l&#039;hydrofuge sans fluor, l&#039;ol\u00e9ofuge, le t\u00e9flon et d&#039;autres processus de finition apportent des options plus fonctionnelles au tissu.<br \/>\nCe tissu est une application r\u00e9volutionnaire de la derni\u00e8re technologie de fibre polyester extensible T400. Il est l\u00e9ger tout en conservant sa r\u00e9sistance et son \u00e9paisseur, ce qui peut r\u00e9duire la charge des soldats ou des policiers et autres personnels, et la tendance des \u00e9quipements l\u00e9gers \u00e0 l&#039;avenir.<\/p>\n<p>Dans l&#039;ensemble, le tissu extensible Ripstop T400 pour v\u00eatements tactiques est un mat\u00e9riau polyvalent et durable adapt\u00e9 \u00e0 une large gamme d&#039;applications. Ses caract\u00e9ristiques uniques en font un choix id\u00e9al pour les chemises et pantalons tactiques, offrant confort et durabilit\u00e9 pour une utilisation quotidienne.<\/p>\n<p>Parcourir davantage <a href=\"https:\/\/www.sikortex.com\/fr\/military-fabric-ripstop-fabric\/\">mat\u00e9riaux ind\u00e9chirables<\/a><\/p>","protected":false},"excerpt":{"rendered":"<p>1000 m\u00e8tres (commande minimum)<\/p>","protected":false},"featured_media":6817,"comment_status":"closed","ping_status":"closed","template":"","meta":{"_uag_custom_page_level_css":"","site-sidebar-layout":"default","site-content-layout":"default","ast-site-content-layout":"default","site-content-style":"default","site-sidebar-style":"default","ast-global-header-display":"","ast-banner-title-visibility":"","ast-main-header-display":"","ast-hfb-above-header-display":"","ast-hfb-below-header-display":"","ast-hfb-mobile-header-display":"","site-post-title":"","ast-breadcrumbs-content":"","ast-featured-img":"","footer-sml-layout":"","theme-transparent-header-meta":"default","adv-header-id-meta":"","stick-header-meta":"default","header-above-stick-meta":"","header-main-stick-meta":"","header-below-stick-meta":"","astra-migrate-meta-layouts":"set","ast-page-background-enabled":"default","ast-page-background-meta":{"desktop":{"background-color":"","background-image":"","background-repeat":"repeat","background-position":"center center","background-size":"auto","background-attachment":"scroll","background-type":"","background-media":"","overlay-type":"","overlay-color":"","overlay-opacity":"","overlay-gradient":""},"tablet":{"background-color":"","background-image":"","background-repeat":"repeat","background-position":"center center","background-size":"auto","background-attachment":"scroll","background-type":"","background-media":"","overlay-type":"","overlay-color":"","overlay-opacity":"","overlay-gradient":""},"mobile":{"background-color":"","background-image":"","background-repeat":"repeat","background-position":"center center","background-size":"auto","background-attachment":"scroll","background-type":"","background-media":"","overlay-type":"","overlay-color":"","overlay-opacity":"","overlay-gradient":""}},"ast-content-background-meta":{"desktop":{"background-color":"var(--ast-global-color-5)","background-image":"","background-repeat":"repeat","background-position":"center center","background-size":"auto","background-attachment":"scroll","background-type":"","background-media":"","overlay-type":"","overlay-color":"","overlay-opacity":"","overlay-gradient":""},"tablet":{"background-color":"var(--ast-global-color-5)","background-image":"","background-repeat":"repeat","background-position":"center center","background-size":"auto","background-attachment":"scroll","background-type":"","background-media":"","overlay-type":"","overlay-color":"","overlay-opacity":"","overlay-gradient":""},"mobile":{"background-color":"var(--ast-global-color-5)","background-image":"","background-repeat":"repeat","background-position":"center center","background-size":"auto","background-attachment":"scroll","background-type":"","background-media":"","overlay-type":"","overlay-color":"","overlay-opacity":"","overlay-gradient":""}}},"product_brand":[],"product_cat":[423,403],"product_tag":[],"class_list":{"0":"post-6995","1":"product","2":"type-product","3":"status-publish","4":"has-post-thumbnail","6":"product_cat-fabric-for-military-police","7":"product_cat-polyester-fabrics","8":"pa_available_colors-1526-04","9":"pa_available_colors-1526-08","10":"pa_available_colors-8236-19","11":"pa_available_colors-8236-3","12":"pa_available_colors-911052-spc","13":"desktop-align-left","14":"tablet-align-left","15":"mobile-align-left","16":"ast-product-gallery-layout-vertical-slider","17":"ast-product-tabs-layout-horizontal","19":"first","20":"instock","21":"shipping-taxable","22":"product-type-simple"},"uagb_featured_image_src":{"full":["https:\/\/www.sikortex.com\/wp-content\/uploads\/2023\/06\/9ee724d85b21c5676c7af5e0991b710.jpg",800,800,false],"thumbnail":["https:\/\/www.sikortex.com\/wp-content\/uploads\/2023\/06\/9ee724d85b21c5676c7af5e0991b710-150x150.jpg",150,150,true],"medium":["https:\/\/www.sikortex.com\/wp-content\/uploads\/2023\/06\/9ee724d85b21c5676c7af5e0991b710-300x300.jpg",300,300,true],"medium_large":["https:\/\/www.sikortex.com\/wp-content\/uploads\/2023\/06\/9ee724d85b21c5676c7af5e0991b710-768x768.jpg",768,768,true],"large":["https:\/\/www.sikortex.com\/wp-content\/uploads\/2023\/06\/9ee724d85b21c5676c7af5e0991b710.jpg",800,800,false],"1536x1536":["https:\/\/www.sikortex.com\/wp-content\/uploads\/2023\/06\/9ee724d85b21c5676c7af5e0991b710.jpg",800,800,false],"2048x2048":["https:\/\/www.sikortex.com\/wp-content\/uploads\/2023\/06\/9ee724d85b21c5676c7af5e0991b710.jpg",800,800,false],"trp-custom-language-flag":["https:\/\/www.sikortex.com\/wp-content\/uploads\/2023\/06\/9ee724d85b21c5676c7af5e0991b710-12x12.jpg",12,12,true],"woocommerce_thumbnail":["https:\/\/www.sikortex.com\/wp-content\/uploads\/2023\/06\/9ee724d85b21c5676c7af5e0991b710-300x300.jpg",300,300,true],"woocommerce_single":["https:\/\/www.sikortex.com\/wp-content\/uploads\/2023\/06\/9ee724d85b21c5676c7af5e0991b710-600x600.jpg",600,600,true],"woocommerce_gallery_thumbnail":["https:\/\/www.sikortex.com\/wp-content\/uploads\/2023\/06\/9ee724d85b21c5676c7af5e0991b710-100x100.jpg",100,100,true]},"uagb_author_info":{"display_name":"Perry","author_link":"https:\/\/www.sikortex.com\/fr\/author\/"},"uagb_comment_info":0,"uagb_excerpt":"1000 Meters(Min.Order)","_links":{"self":[{"href":"https:\/\/www.sikortex.com\/fr\/wp-json\/wp\/v2\/product\/6995","targetHints":{"allow":["GET"]}}],"collection":[{"href":"https:\/\/www.sikortex.com\/fr\/wp-json\/wp\/v2\/product"}],"about":[{"href":"https:\/\/www.sikortex.com\/fr\/wp-json\/wp\/v2\/types\/product"}],"replies":[{"embeddable":true,"href":"https:\/\/www.sikortex.com\/fr\/wp-json\/wp\/v2\/comments?post=6995"}],"wp:featuredmedia":[{"embeddable":true,"href":"https:\/\/www.sikortex.com\/fr\/wp-json\/wp\/v2\/media\/6817"}],"wp:attachment":[{"href":"https:\/\/www.sikortex.com\/fr\/wp-json\/wp\/v2\/media?parent=6995"}],"wp:term":[{"taxonomy":"product_brand","embeddable":true,"href":"https:\/\/www.sikortex.com\/fr\/wp-json\/wp\/v2\/product_brand?post=6995"},{"taxonomy":"product_cat","embeddable":true,"href":"https:\/\/www.sikortex.com\/fr\/wp-json\/wp\/v2\/product_cat?post=6995"},{"taxonomy":"product_tag","embeddable":true,"href":"https:\/\/www.sikortex.com\/fr\/wp-json\/wp\/v2\/product_tag?post=6995"}],"curies":[{"name":"wp","href":"https:\/\/api.w.org\/{rel}","templated":true}]}}