{"id":6777,"date":"2023-11-06T09:41:55","date_gmt":"2023-11-06T01:41:55","guid":{"rendered":"https:\/\/www.sikortex.com\/?post_type=product&#038;p=6777"},"modified":"2023-11-06T10:05:01","modified_gmt":"2023-11-06T02:05:01","slug":"sk8238-3","status":"publish","type":"product","link":"https:\/\/www.sikortex.com\/fr\/produit\/sk8238-3\/","title":{"rendered":"Tissu pr\u00e9-matelassable double face recyclable"},"content":{"rendered":"<p>Tissu pr\u00e9-matelass\u00e9 double face recyclable de SIKOR-TEX<\/p>\n<p>La technologie de collage par ultrasons est une m\u00e9thode sans aiguille ni fil qui utilise des vibrations ultrasoniques pour fusionner deux ou plusieurs couches de mat\u00e9riaux par friction \u00e0 haute fr\u00e9quence. Cette technologie trouve de nombreuses applications dans des secteurs tels que les textiles, les plastiques, les int\u00e9rieurs automobiles et les appareils m\u00e9dicaux.<\/p>\n<p>Le coton polyester pulv\u00e9ris\u00e9 est un mat\u00e9riau de remplissage offrant une bonne douceur et une bonne r\u00e9silience. Pendant le processus de collage, le coton polyester pulv\u00e9ris\u00e9 peut \u00eatre plac\u00e9 dans la zone de remplissage souhait\u00e9e, puis il peut \u00eatre fusionn\u00e9 avec d&#039;autres mat\u00e9riaux \u00e0 l&#039;aide de vibrations ultrasoniques pour cr\u00e9er une connexion solide. Le mat\u00e9riau de remplissage peut am\u00e9liorer le confort, l&#039;\u00e9lasticit\u00e9 et les performances d&#039;isolation du produit.<\/p>\n<p>Le coton polyester pulv\u00e9ris\u00e9 recyclable est un type de mat\u00e9riau de remplissage qui peut \u00eatre efficacement r\u00e9cup\u00e9r\u00e9 et r\u00e9utilis\u00e9. Au cours de l&#039;utilisation, s&#039;il est n\u00e9cessaire de remplacer le mat\u00e9riau de remplissage ou d&#039;effectuer l&#039;entretien du produit, le coton polyester pulv\u00e9ris\u00e9 usag\u00e9 peut \u00eatre s\u00e9par\u00e9 et recycl\u00e9 \u00e0 l&#039;aide de m\u00e9thodes appropri\u00e9es. Cette pratique durable contribue au recyclage des ressources et r\u00e9duit l&#039;impact environnemental.<\/p>\n<p>Nos tissus pr\u00e9-matelass\u00e9s ont adopt\u00e9 une technique pratique pour concevoir des motifs dans le processus de collage. Cette technologie r\u00e9pond aux besoins cr\u00e9atifs des designers et a une quantit\u00e9 minimale de commande tr\u00e8s faible, \u00e9liminant ainsi les pr\u00e9occupations concernant les co\u00fbts de d\u00e9veloppement. Elle offre aux designers une solution pratique et rentable, leur permettant de concr\u00e9tiser leurs id\u00e9es de pointe.<\/p>\n<p>&nbsp;<\/p>\n<p>&nbsp;<\/p>\n<p>&nbsp;<\/p>","protected":false},"excerpt":{"rendered":"<p>1000 m\u00e8tres (commande minimum)<\/p>","protected":false},"featured_media":6780,"comment_status":"closed","ping_status":"closed","template":"","meta":{"_uag_custom_page_level_css":"","site-sidebar-layout":"default","site-content-layout":"default","ast-site-content-layout":"","site-content-style":"default","site-sidebar-style":"default","ast-global-header-display":"","ast-banner-title-visibility":"","ast-main-header-display":"","ast-hfb-above-header-display":"","ast-hfb-below-header-display":"","ast-hfb-mobile-header-display":"","site-post-title":"","ast-breadcrumbs-content":"","ast-featured-img":"","footer-sml-layout":"","theme-transparent-header-meta":"default","adv-header-id-meta":"","stick-header-meta":"default","header-above-stick-meta":"","header-main-stick-meta":"","header-below-stick-meta":"","astra-migrate-meta-layouts":"default","ast-page-background-enabled":"default","ast-page-background-meta":{"desktop":{"background-color":"","background-image":"","background-repeat":"repeat","background-position":"center center","background-size":"auto","background-attachment":"scroll","background-type":"","background-media":"","overlay-type":"","overlay-color":"","overlay-opacity":"","overlay-gradient":""},"tablet":{"background-color":"","background-image":"","background-repeat":"repeat","background-position":"center center","background-size":"auto","background-attachment":"scroll","background-type":"","background-media":"","overlay-type":"","overlay-color":"","overlay-opacity":"","overlay-gradient":""},"mobile":{"background-color":"","background-image":"","background-repeat":"repeat","background-position":"center center","background-size":"auto","background-attachment":"scroll","background-type":"","background-media":"","overlay-type":"","overlay-color":"","overlay-opacity":"","overlay-gradient":""}},"ast-content-background-meta":{"desktop":{"background-color":"var(--ast-global-color-5)","background-image":"","background-repeat":"repeat","background-position":"center center","background-size":"auto","background-attachment":"scroll","background-type":"","background-media":"","overlay-type":"","overlay-color":"","overlay-opacity":"","overlay-gradient":""},"tablet":{"background-color":"var(--ast-global-color-5)","background-image":"","background-repeat":"repeat","background-position":"center center","background-size":"auto","background-attachment":"scroll","background-type":"","background-media":"","overlay-type":"","overlay-color":"","overlay-opacity":"","overlay-gradient":""},"mobile":{"background-color":"var(--ast-global-color-5)","background-image":"","background-repeat":"repeat","background-position":"center center","background-size":"auto","background-attachment":"scroll","background-type":"","background-media":"","overlay-type":"","overlay-color":"","overlay-opacity":"","overlay-gradient":""}}},"product_brand":[],"product_cat":[431,428,403,414],"product_tag":[],"class_list":{"0":"post-6777","1":"product","2":"type-product","3":"status-publish","4":"has-post-thumbnail","6":"product_cat-fabric-for-commuting-clothing","7":"product_cat-fabric-for-outdoor-sports","8":"product_cat-polyester-fabrics","9":"product_cat-waterproof-fabrics","10":"pa_available_colors-fluorescent-orange","11":"pa_available_colors-fluorescent-red","12":"pa_available_colors-fluorescent-yellow","13":"desktop-align-left","14":"tablet-align-left","15":"mobile-align-left","16":"ast-product-gallery-layout-vertical-slider","17":"ast-product-tabs-layout-horizontal","19":"first","20":"instock","21":"shipping-taxable","22":"product-type-simple"},"uagb_featured_image_src":{"full":["https:\/\/www.sikortex.com\/wp-content\/uploads\/2023\/11\/photobank-2023-10-31T092541.603.jpg",1000,667,false],"thumbnail":["https:\/\/www.sikortex.com\/wp-content\/uploads\/2023\/11\/photobank-2023-10-31T092541.603-150x150.jpg",150,150,true],"medium":["https:\/\/www.sikortex.com\/wp-content\/uploads\/2023\/11\/photobank-2023-10-31T092541.603-300x200.jpg",300,200,true],"medium_large":["https:\/\/www.sikortex.com\/wp-content\/uploads\/2023\/11\/photobank-2023-10-31T092541.603-768x512.jpg",768,512,true],"large":["https:\/\/www.sikortex.com\/wp-content\/uploads\/2023\/11\/photobank-2023-10-31T092541.603.jpg",1000,667,false],"1536x1536":["https:\/\/www.sikortex.com\/wp-content\/uploads\/2023\/11\/photobank-2023-10-31T092541.603.jpg",1000,667,false],"2048x2048":["https:\/\/www.sikortex.com\/wp-content\/uploads\/2023\/11\/photobank-2023-10-31T092541.603.jpg",1000,667,false],"trp-custom-language-flag":["https:\/\/www.sikortex.com\/wp-content\/uploads\/2023\/11\/photobank-2023-10-31T092541.603-18x12.jpg",18,12,true],"woocommerce_thumbnail":["https:\/\/www.sikortex.com\/wp-content\/uploads\/2023\/11\/photobank-2023-10-31T092541.603-300x300.jpg",300,300,true],"woocommerce_single":["https:\/\/www.sikortex.com\/wp-content\/uploads\/2023\/11\/photobank-2023-10-31T092541.603-600x400.jpg",600,400,true],"woocommerce_gallery_thumbnail":["https:\/\/www.sikortex.com\/wp-content\/uploads\/2023\/11\/photobank-2023-10-31T092541.603-100x100.jpg",100,100,true]},"uagb_author_info":{"display_name":"Perry","author_link":"https:\/\/www.sikortex.com\/fr\/author\/"},"uagb_comment_info":0,"uagb_excerpt":"1000 Meters(Min.Order)","_links":{"self":[{"href":"https:\/\/www.sikortex.com\/fr\/wp-json\/wp\/v2\/product\/6777","targetHints":{"allow":["GET"]}}],"collection":[{"href":"https:\/\/www.sikortex.com\/fr\/wp-json\/wp\/v2\/product"}],"about":[{"href":"https:\/\/www.sikortex.com\/fr\/wp-json\/wp\/v2\/types\/product"}],"replies":[{"embeddable":true,"href":"https:\/\/www.sikortex.com\/fr\/wp-json\/wp\/v2\/comments?post=6777"}],"wp:featuredmedia":[{"embeddable":true,"href":"https:\/\/www.sikortex.com\/fr\/wp-json\/wp\/v2\/media\/6780"}],"wp:attachment":[{"href":"https:\/\/www.sikortex.com\/fr\/wp-json\/wp\/v2\/media?parent=6777"}],"wp:term":[{"taxonomy":"product_brand","embeddable":true,"href":"https:\/\/www.sikortex.com\/fr\/wp-json\/wp\/v2\/product_brand?post=6777"},{"taxonomy":"product_cat","embeddable":true,"href":"https:\/\/www.sikortex.com\/fr\/wp-json\/wp\/v2\/product_cat?post=6777"},{"taxonomy":"product_tag","embeddable":true,"href":"https:\/\/www.sikortex.com\/fr\/wp-json\/wp\/v2\/product_tag?post=6777"}],"curies":[{"name":"wp","href":"https:\/\/api.w.org\/{rel}","templated":true}]}}