{"id":6445,"date":"2023-10-19T17:10:53","date_gmt":"2023-10-19T09:10:53","guid":{"rendered":"https:\/\/www.sikortex.com\/?post_type=product&#038;p=6445"},"modified":"2025-08-18T14:04:42","modified_gmt":"2025-08-18T06:04:42","slug":"sk8362-tissu-oxford-ignifuge-3","status":"publish","type":"product","link":"https:\/\/www.sikortex.com\/fr\/produit\/sk8362-tissu-oxford-ignifuge-3\/","title":{"rendered":"Tissu en polyester teint en solution 450D Tissu enduit de PU pour auvent"},"content":{"rendered":"<h4>Tissu en polyester teint\u00e9 dans la masse 450D avec rev\u00eatement en PU pour auvent : le m\u00e9lange parfait de durabilit\u00e9 et de style<\/h4>\n<p>En mati\u00e8re de solutions ext\u00e9rieures, le tissu polyester teint liquide 450D avec rev\u00eatement en polyur\u00e9thane (PU) est un choix de premier ordre pour <a href=\"https:\/\/www.sikortex.com\/fr\/fabricant-de-toiles-pour-auvents\/\"><span style=\"color: #3366ff;\">auvents<\/span><\/a>. Combinant r\u00e9sistance, r\u00e9sistance aux intemp\u00e9ries et esth\u00e9tique dynamique, ce tissu est con\u00e7u pour offrir des performances durables dans tous les environnements.<\/p>\n<p>Caract\u00e9ristiques mat\u00e9rielles : Qualit\u00e9 sup\u00e9rieure pour une durabilit\u00e9 en ext\u00e9rieur<\/p>\n<p>1. Profondeur et uniformit\u00e9 des couleurs am\u00e9lior\u00e9es\u00a0:<br \/>\n<a href=\"https:\/\/www.sikortex.com\/fr\/tissus-anti-infrarouges-4\/\"><span style=\"color: #3366ff;\">Le proc\u00e9d\u00e9 de teinture liquide<\/span><\/a> p\u00e9n\u00e8tre profond\u00e9ment dans les fibres, produisant une couleur riche et uniforme qui r\u00e9siste \u00e0 la d\u00e9coloration due au soleil et aux intemp\u00e9ries. Cela garantit que votre <a href=\"https:\/\/www.sikortex.com\/fr\/fabricant-de-toiles-pour-auvents\/\"><span style=\"color: #3366ff;\">auvents<\/span><\/a> conservent leur attrait visuel pendant des ann\u00e9es.<\/p>\n<p>2. 450<a href=\"https:\/\/www.sikortex.com\/fr\/2025\/01\/10\/quest-ce-que-le-negationnisme\/\"><span style=\"color: #3366ff;\">Denier<\/span><\/a> R\u00e9sistance du polyester :<br \/>\nAvec un indice de 450D, ce tissu offre une r\u00e9sistance \u00e0 la traction et une durabilit\u00e9 \u00e9lev\u00e9es, parfait pour les applications ext\u00e9rieures qui supportent les contraintes du vent, de la pluie et du soleil.<\/p>\n<p>3. Rev\u00eatement PU pour une protection maximale :<br \/>\nLe rev\u00eatement en polyur\u00e9thane ajoute une r\u00e9sistance \u00e0 l&#039;eau, emp\u00eache la croissance de moisissures et prot\u00e8ge contre les taches. Cela garantit que le tissu reste r\u00e9sistant dans des conditions difficiles, offrant un abri et une ombre fiables.<\/p>\n<p>4. R\u00e9sistance aux UV et \u00e0 la moisissure :<br \/>\nLe tissu est sp\u00e9cialement con\u00e7u pour <a href=\"\/fr\/tissu-teint-dans-la-masse\/\"><span style=\"color: #3366ff;\">r\u00e9sister aux rayons ultraviolets (UV)<\/span><\/a>, r\u00e9duisant ainsi le risque de d\u00e9coloration et de d\u00e9gradation. De plus, son <a href=\"https:\/\/www.sikortex.com\/fr\/tissus-antimicrobiens\/\"><span style=\"color: #3366ff;\">r\u00e9sistance \u00e0 la moisissure<\/span><\/a> le maintient propre et hygi\u00e9nique m\u00eame dans les environnements humides.<\/p>\n<p>Utilisations principales : Polyvalent et fiable pour toutes les applications ext\u00e9rieures<\/p>\n<p>Le tissu polyester teint en solution 450D est id\u00e9al pour diverses applications ext\u00e9rieures, notamment\u00a0:<\/p>\n<p>Tissu pour <a href=\"https:\/\/www.sikortex.com\/fr\/fabricant-de-toiles-pour-auvents\/\"><span style=\"color: #3366ff;\">Store<\/span><\/a>: pour un usage r\u00e9sidentiel et commercial, offrant une protection solaire durable et \u00e9l\u00e9gante.<br \/>\nTissu pour housses de meubles d&#039;ext\u00e9rieur : qui r\u00e9siste aux intemp\u00e9ries et conserve sa couleur.<br \/>\nTissu pour housses marines et <a href=\"https:\/\/www.sikortex.com\/fr\/fabricants-de-toiles-de-tente\/\"><span style=\"color: #3366ff;\">Tentes<\/span><\/a>:o\u00f9 la r\u00e9sistance \u00e0 l&#039;eau et la protection UV sont cruciales.<\/p>\n<p>Assistance \u00e0 la personnalisation : ajustez votre tissu \u00e0 la perfection<\/p>\n<p>Nous proposons de nombreuses options de personnalisation, notamment une large gamme de couleurs, des dimensions personnalis\u00e9es, des \u00e9paisseurs de rev\u00eatement PU vari\u00e9es et une impression pour la marque ou le design. Personnalisez le tissu pour r\u00e9pondre exactement \u00e0 vos besoins, garantissant un impact et une satisfaction maximum.<\/p>\n<p>D\u00e9couvrez comment le tissu polyester teint liquide 450D peut am\u00e9liorer vos produits d&#039;ext\u00e9rieur avec une durabilit\u00e9 et un style in\u00e9gal\u00e9s. <span style=\"color: #3366ff;\"><a style=\"color: #3366ff;\" href=\"https:\/\/www.sikortex.com\/fr\/contactez-nous\/\">Contactez-nous<\/a><\/span> aujourd&#039;hui pour plus d&#039;informations sur la personnalisation et la disponibilit\u00e9.<\/p>","protected":false},"excerpt":{"rendered":"<p>1200 m\u00e8tres (commande minimum)<\/p>","protected":false},"featured_media":7070,"comment_status":"closed","ping_status":"closed","template":"","meta":{"_uag_custom_page_level_css":"","site-sidebar-layout":"default","site-content-layout":"default","ast-site-content-layout":"","site-content-style":"default","site-sidebar-style":"default","ast-global-header-display":"","ast-banner-title-visibility":"","ast-main-header-display":"","ast-hfb-above-header-display":"","ast-hfb-below-header-display":"","ast-hfb-mobile-header-display":"","site-post-title":"","ast-breadcrumbs-content":"","ast-featured-img":"","footer-sml-layout":"","theme-transparent-header-meta":"default","adv-header-id-meta":"","stick-header-meta":"default","header-above-stick-meta":"","header-main-stick-meta":"","header-below-stick-meta":"","astra-migrate-meta-layouts":"default","ast-page-background-enabled":"default","ast-page-background-meta":{"desktop":{"background-color":"","background-image":"","background-repeat":"repeat","background-position":"center center","background-size":"auto","background-attachment":"scroll","background-type":"","background-media":"","overlay-type":"","overlay-color":"","overlay-opacity":"","overlay-gradient":""},"tablet":{"background-color":"","background-image":"","background-repeat":"repeat","background-position":"center center","background-size":"auto","background-attachment":"scroll","background-type":"","background-media":"","overlay-type":"","overlay-color":"","overlay-opacity":"","overlay-gradient":""},"mobile":{"background-color":"","background-image":"","background-repeat":"repeat","background-position":"center center","background-size":"auto","background-attachment":"scroll","background-type":"","background-media":"","overlay-type":"","overlay-color":"","overlay-opacity":"","overlay-gradient":""}},"ast-content-background-meta":{"desktop":{"background-color":"var(--ast-global-color-5)","background-image":"","background-repeat":"repeat","background-position":"center center","background-size":"auto","background-attachment":"scroll","background-type":"","background-media":"","overlay-type":"","overlay-color":"","overlay-opacity":"","overlay-gradient":""},"tablet":{"background-color":"var(--ast-global-color-5)","background-image":"","background-repeat":"repeat","background-position":"center center","background-size":"auto","background-attachment":"scroll","background-type":"","background-media":"","overlay-type":"","overlay-color":"","overlay-opacity":"","overlay-gradient":""},"mobile":{"background-color":"var(--ast-global-color-5)","background-image":"","background-repeat":"repeat","background-position":"center center","background-size":"auto","background-attachment":"scroll","background-type":"","background-media":"","overlay-type":"","overlay-color":"","overlay-opacity":"","overlay-gradient":""}}},"product_brand":[],"product_cat":[1126,1169,433,1697,414],"product_tag":[],"class_list":{"0":"post-6445","1":"product","2":"type-product","3":"status-publish","4":"has-post-thumbnail","6":"product_cat-fabric-for-awning","7":"product_cat-solution-dyed-acrylic-fabric","8":"product_cat-textile-for-industrial","9":"product_cat-uv-protection-fabric","10":"product_cat-waterproof-fabrics","11":"pa_available_colors-911052-spc","12":"desktop-align-left","13":"tablet-align-left","14":"mobile-align-left","15":"ast-product-gallery-layout-vertical-slider","16":"ast-product-tabs-layout-horizontal","18":"first","19":"instock","20":"shipping-taxable","21":"product-type-simple"},"uagb_featured_image_src":{"full":["https:\/\/www.sikortex.com\/wp-content\/uploads\/2024\/09\/O1CN01AJNxka1HxtfJZgfy9_959560825-0-cib.jpg",800,800,false],"thumbnail":["https:\/\/www.sikortex.com\/wp-content\/uploads\/2024\/09\/O1CN01AJNxka1HxtfJZgfy9_959560825-0-cib-150x150.jpg",150,150,true],"medium":["https:\/\/www.sikortex.com\/wp-content\/uploads\/2024\/09\/O1CN01AJNxka1HxtfJZgfy9_959560825-0-cib-300x300.jpg",300,300,true],"medium_large":["https:\/\/www.sikortex.com\/wp-content\/uploads\/2024\/09\/O1CN01AJNxka1HxtfJZgfy9_959560825-0-cib-768x768.jpg",768,768,true],"large":["https:\/\/www.sikortex.com\/wp-content\/uploads\/2024\/09\/O1CN01AJNxka1HxtfJZgfy9_959560825-0-cib.jpg",800,800,false],"1536x1536":["https:\/\/www.sikortex.com\/wp-content\/uploads\/2024\/09\/O1CN01AJNxka1HxtfJZgfy9_959560825-0-cib.jpg",800,800,false],"2048x2048":["https:\/\/www.sikortex.com\/wp-content\/uploads\/2024\/09\/O1CN01AJNxka1HxtfJZgfy9_959560825-0-cib.jpg",800,800,false],"trp-custom-language-flag":["https:\/\/www.sikortex.com\/wp-content\/uploads\/2024\/09\/O1CN01AJNxka1HxtfJZgfy9_959560825-0-cib-12x12.jpg",12,12,true],"woocommerce_thumbnail":["https:\/\/www.sikortex.com\/wp-content\/uploads\/2024\/09\/O1CN01AJNxka1HxtfJZgfy9_959560825-0-cib-300x300.jpg",300,300,true],"woocommerce_single":["https:\/\/www.sikortex.com\/wp-content\/uploads\/2024\/09\/O1CN01AJNxka1HxtfJZgfy9_959560825-0-cib-600x600.jpg",600,600,true],"woocommerce_gallery_thumbnail":["https:\/\/www.sikortex.com\/wp-content\/uploads\/2024\/09\/O1CN01AJNxka1HxtfJZgfy9_959560825-0-cib-100x100.jpg",100,100,true]},"uagb_author_info":{"display_name":"Perry","author_link":"https:\/\/www.sikortex.com\/fr\/author\/"},"uagb_comment_info":0,"uagb_excerpt":"1200 Meters(Min.Order)","_links":{"self":[{"href":"https:\/\/www.sikortex.com\/fr\/wp-json\/wp\/v2\/product\/6445","targetHints":{"allow":["GET"]}}],"collection":[{"href":"https:\/\/www.sikortex.com\/fr\/wp-json\/wp\/v2\/product"}],"about":[{"href":"https:\/\/www.sikortex.com\/fr\/wp-json\/wp\/v2\/types\/product"}],"replies":[{"embeddable":true,"href":"https:\/\/www.sikortex.com\/fr\/wp-json\/wp\/v2\/comments?post=6445"}],"wp:featuredmedia":[{"embeddable":true,"href":"https:\/\/www.sikortex.com\/fr\/wp-json\/wp\/v2\/media\/7070"}],"wp:attachment":[{"href":"https:\/\/www.sikortex.com\/fr\/wp-json\/wp\/v2\/media?parent=6445"}],"wp:term":[{"taxonomy":"product_brand","embeddable":true,"href":"https:\/\/www.sikortex.com\/fr\/wp-json\/wp\/v2\/product_brand?post=6445"},{"taxonomy":"product_cat","embeddable":true,"href":"https:\/\/www.sikortex.com\/fr\/wp-json\/wp\/v2\/product_cat?post=6445"},{"taxonomy":"product_tag","embeddable":true,"href":"https:\/\/www.sikortex.com\/fr\/wp-json\/wp\/v2\/product_tag?post=6445"}],"curies":[{"name":"wp","href":"https:\/\/api.w.org\/{rel}","templated":true}]}}