{"id":4766,"date":"2023-06-28T16:43:35","date_gmt":"2023-06-28T08:43:35","guid":{"rendered":"http:\/\/shihan.vihsu.com\/?post_type=product&#038;p=4766"},"modified":"2025-01-08T12:38:58","modified_gmt":"2025-01-08T04:38:58","slug":"300d-fluorescent-color-oxford","status":"publish","type":"product","link":"https:\/\/www.sikortex.com\/fr\/produit\/300d-fluorescent-color-oxford\/","title":{"rendered":"300D Antistatic Coating Fluorescent Color Oxford"},"content":{"rendered":"<h5>Fabricant de tissu haute visibilit\u00e9 SIKOR-TEX<\/h5>\n<p>Rev\u00eatement antistatique 300D couleur fluorescente Oxford, un <a href=\"https:\/\/www.sikortex.com\/fr\/magazine\/functional-fabric\/tissus-haute-visibilite\/\">tissu haute visibilit\u00e9<\/a> con\u00e7u pour des performances optimales dans une vari\u00e9t\u00e9 d\u2019environnements de travail. La fibre de carbone int\u00e9gr\u00e9e dans le tissu dissipe efficacement l&#039;\u00e9lectricit\u00e9 statique ; ce tissu allie fonctionnalit\u00e9, durabilit\u00e9 et visibilit\u00e9 pour assurer la s\u00e9curit\u00e9 des travailleurs dans des conditions exigeantes.<\/p>\n<p>Les couleurs fluorescentes am\u00e9liorent la visibilit\u00e9 et sont id\u00e9ales pour le personnel des services routiers, des centrales \u00e9lectriques, de la p\u00e9trochimie, du gaz, de l&#039;\u00e9nergie et des travailleurs en ext\u00e9rieur. <a href=\"https:\/\/www.sikortex.com\/fr\/2025\/01\/03\/fabricants-de-tissus-enduits\/\"><span style=\"color: #3366ff;\">Rev\u00eatement PU<\/span><\/a> est <a href=\"\/fr\/a-propos-du-tissu-oxford-impermeable\/\"><span style=\"color: #3366ff;\">hydrofuge<\/span><\/a> pour vous prot\u00e9ger de la pluie et vous garder au sec. De plus, la technologie innovante de <a href=\"https:\/\/www.sikortex.com\/fr\/2025\/01\/03\/fabricants-de-tissus-enduits\/\"><span style=\"color: #3366ff;\">Rev\u00eatement PU<\/span><\/a> et une respirabilit\u00e9 \u00e9lev\u00e9e peut \u00e9vacuer efficacement la transpiration, assurant votre confort m\u00eame dans des conditions m\u00e9t\u00e9orologiques d\u00e9favorables.<\/p>","protected":false},"excerpt":{"rendered":"<p>600 m\u00e8tres (Min.Order)<\/p>","protected":false},"featured_media":4414,"comment_status":"closed","ping_status":"closed","template":"","meta":{"_uag_custom_page_level_css":"","site-sidebar-layout":"default","site-content-layout":"default","ast-site-content-layout":"","site-content-style":"default","site-sidebar-style":"default","ast-global-header-display":"","ast-banner-title-visibility":"","ast-main-header-display":"","ast-hfb-above-header-display":"","ast-hfb-below-header-display":"","ast-hfb-mobile-header-display":"","site-post-title":"","ast-breadcrumbs-content":"","ast-featured-img":"","footer-sml-layout":"","theme-transparent-header-meta":"default","adv-header-id-meta":"","stick-header-meta":"default","header-above-stick-meta":"","header-main-stick-meta":"","header-below-stick-meta":"","astra-migrate-meta-layouts":"default","ast-page-background-enabled":"default","ast-page-background-meta":{"desktop":{"background-color":"","background-image":"","background-repeat":"repeat","background-position":"center center","background-size":"auto","background-attachment":"scroll","background-type":"","background-media":"","overlay-type":"","overlay-color":"","overlay-opacity":"","overlay-gradient":""},"tablet":{"background-color":"","background-image":"","background-repeat":"repeat","background-position":"center center","background-size":"auto","background-attachment":"scroll","background-type":"","background-media":"","overlay-type":"","overlay-color":"","overlay-opacity":"","overlay-gradient":""},"mobile":{"background-color":"","background-image":"","background-repeat":"repeat","background-position":"center center","background-size":"auto","background-attachment":"scroll","background-type":"","background-media":"","overlay-type":"","overlay-color":"","overlay-opacity":"","overlay-gradient":""}},"ast-content-background-meta":{"desktop":{"background-color":"var(--ast-global-color-5)","background-image":"","background-repeat":"repeat","background-position":"center center","background-size":"auto","background-attachment":"scroll","background-type":"","background-media":"","overlay-type":"","overlay-color":"","overlay-opacity":"","overlay-gradient":""},"tablet":{"background-color":"var(--ast-global-color-5)","background-image":"","background-repeat":"repeat","background-position":"center center","background-size":"auto","background-attachment":"scroll","background-type":"","background-media":"","overlay-type":"","overlay-color":"","overlay-opacity":"","overlay-gradient":""},"mobile":{"background-color":"var(--ast-global-color-5)","background-image":"","background-repeat":"repeat","background-position":"center center","background-size":"auto","background-attachment":"scroll","background-type":"","background-media":"","overlay-type":"","overlay-color":"","overlay-opacity":"","overlay-gradient":""}}},"product_brand":[],"product_cat":[413,426,423,1184,427,403,425],"product_tag":[],"class_list":{"0":"post-4766","1":"product","2":"type-product","3":"status-publish","4":"has-post-thumbnail","6":"product_cat-antistatic-fabrics","7":"product_cat-constructionmining","8":"product_cat-fabric-for-military-police","9":"product_cat-oxford-fabric","10":"product_cat-petroleum-and-petrochemical","11":"product_cat-polyester-fabrics","12":"product_cat-security-emergencies-road-services","13":"pa_available_colors-911052-spc","14":"desktop-align-left","15":"tablet-align-left","16":"mobile-align-left","17":"ast-product-gallery-layout-vertical-slider","18":"ast-product-tabs-layout-horizontal","20":"first","21":"instock","22":"shipping-taxable","23":"product-type-simple"},"uagb_featured_image_src":{"full":["https:\/\/www.sikortex.com\/wp-content\/uploads\/2023\/06\/11838128510_742988091.jpg",680,680,false],"thumbnail":["https:\/\/www.sikortex.com\/wp-content\/uploads\/2023\/06\/11838128510_742988091-150x150.jpg",150,150,true],"medium":["https:\/\/www.sikortex.com\/wp-content\/uploads\/2023\/06\/11838128510_742988091-300x300.jpg",300,300,true],"medium_large":["https:\/\/www.sikortex.com\/wp-content\/uploads\/2023\/06\/11838128510_742988091.jpg",680,680,false],"large":["https:\/\/www.sikortex.com\/wp-content\/uploads\/2023\/06\/11838128510_742988091.jpg",680,680,false],"1536x1536":["https:\/\/www.sikortex.com\/wp-content\/uploads\/2023\/06\/11838128510_742988091.jpg",680,680,false],"2048x2048":["https:\/\/www.sikortex.com\/wp-content\/uploads\/2023\/06\/11838128510_742988091.jpg",680,680,false],"trp-custom-language-flag":["https:\/\/www.sikortex.com\/wp-content\/uploads\/2023\/06\/11838128510_742988091.jpg",12,12,false],"woocommerce_thumbnail":["https:\/\/www.sikortex.com\/wp-content\/uploads\/2023\/06\/11838128510_742988091-300x300.jpg",300,300,true],"woocommerce_single":["https:\/\/www.sikortex.com\/wp-content\/uploads\/2023\/06\/11838128510_742988091-600x600.jpg",600,600,true],"woocommerce_gallery_thumbnail":["https:\/\/www.sikortex.com\/wp-content\/uploads\/2023\/06\/11838128510_742988091-100x100.jpg",100,100,true]},"uagb_author_info":{"display_name":"Perry","author_link":"https:\/\/www.sikortex.com\/fr\/author\/"},"uagb_comment_info":0,"uagb_excerpt":"600 Meters(Min.Order)","_links":{"self":[{"href":"https:\/\/www.sikortex.com\/fr\/wp-json\/wp\/v2\/product\/4766","targetHints":{"allow":["GET"]}}],"collection":[{"href":"https:\/\/www.sikortex.com\/fr\/wp-json\/wp\/v2\/product"}],"about":[{"href":"https:\/\/www.sikortex.com\/fr\/wp-json\/wp\/v2\/types\/product"}],"replies":[{"embeddable":true,"href":"https:\/\/www.sikortex.com\/fr\/wp-json\/wp\/v2\/comments?post=4766"}],"wp:featuredmedia":[{"embeddable":true,"href":"https:\/\/www.sikortex.com\/fr\/wp-json\/wp\/v2\/media\/4414"}],"wp:attachment":[{"href":"https:\/\/www.sikortex.com\/fr\/wp-json\/wp\/v2\/media?parent=4766"}],"wp:term":[{"taxonomy":"product_brand","embeddable":true,"href":"https:\/\/www.sikortex.com\/fr\/wp-json\/wp\/v2\/product_brand?post=4766"},{"taxonomy":"product_cat","embeddable":true,"href":"https:\/\/www.sikortex.com\/fr\/wp-json\/wp\/v2\/product_cat?post=4766"},{"taxonomy":"product_tag","embeddable":true,"href":"https:\/\/www.sikortex.com\/fr\/wp-json\/wp\/v2\/product_tag?post=4766"}],"curies":[{"name":"wp","href":"https:\/\/api.w.org\/{rel}","templated":true}]}}