{"id":4764,"date":"2023-06-28T16:30:46","date_gmt":"2023-06-28T08:30:46","guid":{"rendered":"http:\/\/shihan.vihsu.com\/?post_type=product&#038;p=4764"},"modified":"2025-02-17T17:43:19","modified_gmt":"2025-02-17T09:43:19","slug":"tissu-500d-cordura-oxford-nylon-66","status":"publish","type":"product","link":"https:\/\/www.sikortex.com\/fr\/produit\/tissu-500d-cordura-oxford-nylon-66\/","title":{"rendered":"Tissu Oxford Cordura Tessuto en nylon 500D 66"},"content":{"rendered":"<p>Pr\u00e9sentation de notre tissu Oxford 500D Nylon 66 Tessuto Cordura, un choix sup\u00e9rieur pour les applications exigeantes qui n\u00e9cessitent durabilit\u00e9 et r\u00e9sistance. Tiss\u00e9 \u00e0 partir de fil textur\u00e9 en nylon 66 Air 500 deniers, ce tissu offre l&#039;apparence et la sensation du fil de coton tout en offrant une durabilit\u00e9 exceptionnelle.<\/p>\n<p>Les fibres de ce tissu sont li\u00e9es entre elles, assurant une meilleure r\u00e9sistance aux frottements externes et augmentant sa durabilit\u00e9 globale. Le nylon 66, connu pour ses propri\u00e9t\u00e9s de haute r\u00e9sistance, offre trois fois la r\u00e9sistance du polyester et deux fois la r\u00e9sistance du nylon 6, ce qui en fait un excellent choix pour les applications robustes.<\/p>\n<p>De plus, nous offrons fi\u00e8rement <span style=\"color: #3366ff;\"><a style=\"color: #3366ff;\" href=\"https:\/\/www.cordura.com\/\" target=\"_blank\" rel=\"noopener\">Cordura<\/a><\/span> fibres utilisant la technologie INVISTA, d\u00e9velopp\u00e9e par DuPont, reconnue pour ses performances et sa qualit\u00e9. Nos tissus peuvent \u00eatre accompagn\u00e9s d&#039;\u00e9tiquettes volantes Cordura, offrant une garantie suppl\u00e9mentaire de leur durabilit\u00e9 et de leur fiabilit\u00e9.<\/p>\n<p>Le tissu Oxford 500D en nylon 66 est largement utilis\u00e9 dans la production de gilets tactiques, d&#039;uniformes militaires, de coques de protection et de v\u00eatements de travail r\u00e9sistants \u00e0 l&#039;usure pour l&#039;industrie lourde. Choisissez notre tissu pour sa r\u00e9sistance, sa long\u00e9vit\u00e9 et sa fiabilit\u00e9 exceptionnelles dans des environnements exigeants.<\/p>\n<p><span style=\"color: #3366ff;\"><a style=\"color: #3366ff;\" href=\"https:\/\/www.sikortex.com\/fr\/military-police-and-protective\/\">Tissu Pour La Police Militaire Et L&#039;\u00e9quipement De Protection<\/a><\/span><\/p>","protected":false},"excerpt":{"rendered":"<p>600 m\u00e8tres (Min.Order)<\/p>","protected":false},"featured_media":3807,"comment_status":"closed","ping_status":"closed","template":"","meta":{"_uag_custom_page_level_css":"","site-sidebar-layout":"default","site-content-layout":"default","ast-site-content-layout":"","site-content-style":"default","site-sidebar-style":"default","ast-global-header-display":"","ast-banner-title-visibility":"","ast-main-header-display":"","ast-hfb-above-header-display":"","ast-hfb-below-header-display":"","ast-hfb-mobile-header-display":"","site-post-title":"","ast-breadcrumbs-content":"","ast-featured-img":"","footer-sml-layout":"","theme-transparent-header-meta":"default","adv-header-id-meta":"","stick-header-meta":"default","header-above-stick-meta":"","header-main-stick-meta":"","header-below-stick-meta":"","astra-migrate-meta-layouts":"default","ast-page-background-enabled":"default","ast-page-background-meta":{"desktop":{"background-color":"","background-image":"","background-repeat":"repeat","background-position":"center center","background-size":"auto","background-attachment":"scroll","background-type":"","background-media":"","overlay-type":"","overlay-color":"","overlay-opacity":"","overlay-gradient":""},"tablet":{"background-color":"","background-image":"","background-repeat":"repeat","background-position":"center center","background-size":"auto","background-attachment":"scroll","background-type":"","background-media":"","overlay-type":"","overlay-color":"","overlay-opacity":"","overlay-gradient":""},"mobile":{"background-color":"","background-image":"","background-repeat":"repeat","background-position":"center center","background-size":"auto","background-attachment":"scroll","background-type":"","background-media":"","overlay-type":"","overlay-color":"","overlay-opacity":"","overlay-gradient":""}},"ast-content-background-meta":{"desktop":{"background-color":"var(--ast-global-color-5)","background-image":"","background-repeat":"repeat","background-position":"center center","background-size":"auto","background-attachment":"scroll","background-type":"","background-media":"","overlay-type":"","overlay-color":"","overlay-opacity":"","overlay-gradient":""},"tablet":{"background-color":"var(--ast-global-color-5)","background-image":"","background-repeat":"repeat","background-position":"center center","background-size":"auto","background-attachment":"scroll","background-type":"","background-media":"","overlay-type":"","overlay-color":"","overlay-opacity":"","overlay-gradient":""},"mobile":{"background-color":"var(--ast-global-color-5)","background-image":"","background-repeat":"repeat","background-position":"center center","background-size":"auto","background-attachment":"scroll","background-type":"","background-media":"","overlay-type":"","overlay-color":"","overlay-opacity":"","overlay-gradient":""}}},"product_brand":[],"product_cat":[426,1206,423,432,404,1184,433],"product_tag":[],"class_list":{"0":"post-4764","1":"product","2":"type-product","3":"status-publish","4":"has-post-thumbnail","6":"product_cat-constructionmining","7":"product_cat-fabric-for-bag","8":"product_cat-fabric-for-military-police","9":"product_cat-fabric-for-tent","10":"product_cat-nylon-fabrics","11":"product_cat-oxford-fabric","12":"product_cat-textile-for-industrial","13":"pa_available_colors-911052-spc","14":"desktop-align-left","15":"tablet-align-left","16":"mobile-align-left","17":"ast-product-gallery-layout-vertical-slider","18":"ast-product-tabs-layout-horizontal","20":"first","21":"instock","22":"shipping-taxable","23":"product-type-simple"},"uagb_featured_image_src":{"full":["https:\/\/www.sikortex.com\/wp-content\/uploads\/2023\/06\/15064610600_1956646661.jpg",1024,1024,false],"thumbnail":["https:\/\/www.sikortex.com\/wp-content\/uploads\/2023\/06\/15064610600_1956646661-150x150.jpg",150,150,true],"medium":["https:\/\/www.sikortex.com\/wp-content\/uploads\/2023\/06\/15064610600_1956646661-300x300.jpg",300,300,true],"medium_large":["https:\/\/www.sikortex.com\/wp-content\/uploads\/2023\/06\/15064610600_1956646661-768x768.jpg",768,768,true],"large":["https:\/\/www.sikortex.com\/wp-content\/uploads\/2023\/06\/15064610600_1956646661.jpg",1024,1024,false],"1536x1536":["https:\/\/www.sikortex.com\/wp-content\/uploads\/2023\/06\/15064610600_1956646661.jpg",1024,1024,false],"2048x2048":["https:\/\/www.sikortex.com\/wp-content\/uploads\/2023\/06\/15064610600_1956646661.jpg",1024,1024,false],"trp-custom-language-flag":["https:\/\/www.sikortex.com\/wp-content\/uploads\/2023\/06\/15064610600_1956646661.jpg",12,12,false],"woocommerce_thumbnail":["https:\/\/www.sikortex.com\/wp-content\/uploads\/2023\/06\/15064610600_1956646661-300x300.jpg",300,300,true],"woocommerce_single":["https:\/\/www.sikortex.com\/wp-content\/uploads\/2023\/06\/15064610600_1956646661-600x600.jpg",600,600,true],"woocommerce_gallery_thumbnail":["https:\/\/www.sikortex.com\/wp-content\/uploads\/2023\/06\/15064610600_1956646661-100x100.jpg",100,100,true]},"uagb_author_info":{"display_name":"Perry","author_link":"https:\/\/www.sikortex.com\/fr\/author\/"},"uagb_comment_info":0,"uagb_excerpt":"600 Meters(Min.Order)","_links":{"self":[{"href":"https:\/\/www.sikortex.com\/fr\/wp-json\/wp\/v2\/product\/4764","targetHints":{"allow":["GET"]}}],"collection":[{"href":"https:\/\/www.sikortex.com\/fr\/wp-json\/wp\/v2\/product"}],"about":[{"href":"https:\/\/www.sikortex.com\/fr\/wp-json\/wp\/v2\/types\/product"}],"replies":[{"embeddable":true,"href":"https:\/\/www.sikortex.com\/fr\/wp-json\/wp\/v2\/comments?post=4764"}],"wp:featuredmedia":[{"embeddable":true,"href":"https:\/\/www.sikortex.com\/fr\/wp-json\/wp\/v2\/media\/3807"}],"wp:attachment":[{"href":"https:\/\/www.sikortex.com\/fr\/wp-json\/wp\/v2\/media?parent=4764"}],"wp:term":[{"taxonomy":"product_brand","embeddable":true,"href":"https:\/\/www.sikortex.com\/fr\/wp-json\/wp\/v2\/product_brand?post=4764"},{"taxonomy":"product_cat","embeddable":true,"href":"https:\/\/www.sikortex.com\/fr\/wp-json\/wp\/v2\/product_cat?post=4764"},{"taxonomy":"product_tag","embeddable":true,"href":"https:\/\/www.sikortex.com\/fr\/wp-json\/wp\/v2\/product_tag?post=4764"}],"curies":[{"name":"wp","href":"https:\/\/api.w.org\/{rel}","templated":true}]}}