{"id":4758,"date":"2023-06-28T16:09:41","date_gmt":"2023-06-28T08:09:41","guid":{"rendered":"http:\/\/shihan.vihsu.com\/?post_type=product&#038;p=4758"},"modified":"2025-02-17T17:43:37","modified_gmt":"2025-02-17T09:43:37","slug":"600d-dty-oxford-tissus-antibacteriens","status":"publish","type":"product","link":"https:\/\/www.sikortex.com\/fr\/produit\/600d-dty-oxford-tissus-antibacteriens\/","title":{"rendered":"Tissus industriels en polyester 1200D tr\u00e8s \u00e9pais"},"content":{"rendered":"<p>Le tissu en polyester 1200D est utilis\u00e9 dans l&#039;industrie. Il peut \u00eatre enduit pour \u00eatre imperm\u00e9able et respirant, ou transform\u00e9 en tissu ignifuge.<br \/>\nEn tant que tissu industriel, il pr\u00e9sente une large gamme d&#039;utilisations en mati\u00e8re de protection industrielle.<\/p>\n<p>B\u00e2che industrielle :<br \/>\nDans les domaines industriels tels que la construction et le transport de marchandises, le tissu en polyester 1200D peut \u00eatre transform\u00e9 en b\u00e2che industrielle apr\u00e8s avoir \u00e9t\u00e9 enduit de propri\u00e9t\u00e9s imperm\u00e9ables et respirantes. Pour couvrir les mat\u00e9riaux de construction, il peut efficacement emp\u00eacher la pluie d&#039;endommager les mat\u00e9riaux, et la respirabilit\u00e9 aide \u00e0 emp\u00eacher les mat\u00e9riaux sous la b\u00e2che de moisir. Dans le transport de marchandises, il peut prot\u00e9ger de mani\u00e8re fiable les marchandises contre les intemp\u00e9ries, et la respirabilit\u00e9 peut emp\u00eacher les marchandises d&#039;\u00eatre endommag\u00e9es en raison d&#039;une \u00e9tanch\u00e9it\u00e9 \u00e0 long terme.<\/p>\n<p>Housse de protection de l&#039;\u00e9quipement :<br \/>\nUtilis\u00e9 pour couvrir et prot\u00e9ger divers types de machines et d&#039;\u00e9quipements industriels, tels que les grandes machines-outils, les moteurs, les compresseurs, etc. Les performances d&#039;\u00e9tanch\u00e9it\u00e9 peuvent emp\u00eacher la pluie et l&#039;humidit\u00e9 d&#039;\u00e9roder les composants cl\u00e9s de l&#039;\u00e9quipement, et la respirabilit\u00e9 peut emp\u00eacher la surface ou le m\u00e9tal interne de l&#039;\u00e9quipement de rouiller et de se corroder en raison du manque de circulation d&#039;air dans la couverture, prolongeant ainsi la dur\u00e9e de vie de l&#039;\u00e9quipement et garantissant son fonctionnement stable.<\/p>\n<p>Am\u00e9nagements ext\u00e9rieurs<br \/>\nAuvents ext\u00e9rieurs et auvents anti-pluie : peuvent \u00eatre utilis\u00e9s pour fabriquer des installations ext\u00e9rieures telles que des auvents \u00e0 l&#039;ext\u00e9rieur des b\u00e2timents et des auvents anti-pluie dans les parkings en plein air. Son imperm\u00e9abilit\u00e9 peut bloquer efficacement l&#039;invasion des eaux de pluie et fournir un espace sec pour la zone en dessous pendant la saison des pluies ; la fonction respirante peut r\u00e9duire les probl\u00e8mes de condensation et de moisissure qui peuvent survenir dans un environnement ferm\u00e9 \u00e0 long terme, maintenir la stabilit\u00e9 des performances propres de la b\u00e2che et offrir aux personnes un abri ext\u00e9rieur confortable pendant une longue p\u00e9riode.<\/p>\n<p>Stockage et emballage<br \/>\nMat\u00e9riaux d&#039;emballage pour marchandises volumineuses : lors du stockage et du transport de certains produits industriels ou mati\u00e8res premi\u00e8res volumineux ayant des exigences \u00e9lev\u00e9es en mati\u00e8re de r\u00e9sistance \u00e0 l&#039;humidit\u00e9, ce tissu en polyester 1200D imperm\u00e9able et respirant peut \u00eatre utilis\u00e9 comme mat\u00e9riau d&#039;emballage. Il peut emp\u00eacher l&#039;humidit\u00e9 ext\u00e9rieure de p\u00e9n\u00e9trer dans l&#039;emballage et d&#039;endommager les marchandises, et peut assurer un certain degr\u00e9 de circulation d&#039;air dans l&#039;emballage, \u00e9vitant l&#039;accumulation de vapeur d&#039;eau et la d\u00e9t\u00e9rioration des marchandises caus\u00e9e par une fermeture compl\u00e8te, et garantissant la qualit\u00e9 et la s\u00e9curit\u00e9 des marchandises pendant le stockage et le transport.<br \/>\nUtilisation de la fonction ignifuge<\/p>\n<p>Lutte contre les incendies et secours d&#039;urgence<br \/>\nMat\u00e9riel auxiliaire de lutte contre l&#039;incendie : tels que les grandes housses de protection pour les \u00e9quipements d&#039;extinction d&#039;incendie sur le site de secours en cas d&#039;incendie et les mat\u00e9riaux de protection ext\u00e9rieurs des tuyaux d&#039;incendie. Dans l&#039;environnement complexe et dangereux de la sc\u00e8ne d&#039;incendie, le tissu en polyester ignifuge 1200D peut r\u00e9sister efficacement \u00e0 l&#039;invasion des flammes, emp\u00eacher l&#039;\u00e9quipement d&#039;\u00eatre endommag\u00e9 par la propagation des flammes, assurer l&#039;utilisation normale des \u00e9quipements de lutte contre l&#039;incendie aux moments critiques et fournir un soutien solide au bon d\u00e9roulement des travaux de lutte contre l&#039;incendie et de sauvetage.<\/p>\n<p>Installations temporaires pour les secours d&#039;urgence :<br \/>\nSur les lieux d&#039;un incendie ou d&#039;autres op\u00e9rations de secours en cas de catastrophe, des installations temporaires telles que des tentes de centre de commandement temporaire et des tentes de stockage de mat\u00e9riel de secours en tissu polyester ignifuge 1200D peuvent emp\u00eacher les tentes d&#039;\u00eatre enflamm\u00e9es par les flammes environnantes, assurer le d\u00e9roulement s\u00fbr des op\u00e9rations de secours, fournir un espace relativement s\u00fbr aux sauveteurs et aux victimes de la catastrophe et assurer le bon d\u00e9roulement des op\u00e9rations de secours.<\/p>\n<p>Transport<br \/>\nProtection de l&#039;int\u00e9rieur des v\u00e9hicules : l&#039;utilisation de tissus ignifuges lourds dans les parties int\u00e9rieures des gros v\u00e9hicules tels que les navires et les trains, comme les housses de si\u00e8ge et les mat\u00e9riaux d&#039;habillage des panneaux int\u00e9rieurs, peut am\u00e9liorer la s\u00e9curit\u00e9 globale des v\u00e9hicules. En cas d&#039;urgence telle qu&#039;un incendie, les tissus ignifuges peuvent retarder la propagation du feu, augmenter le temps d&#039;\u00e9vacuation des passagers et r\u00e9duire le nombre de victimes et les pertes mat\u00e9rielles caus\u00e9es par les incendies.<\/p>\n<p>S\u00e9curit\u00e9 industrielle<br \/>\nInstallations de protection dans les zones \u00e0 haut risque : Installations de protection dans certains sites industriels pr\u00e9sentant des risques d&#039;incendie extr\u00eamement \u00e9lev\u00e9s, tels que les zones d&#039;exploitation \u00e0 haute temp\u00e9rature et les zones de stockage de produits inflammables et explosifs dans des industries telles que la p\u00e9trochimie et la fonderie de m\u00e9taux. Par exemple, des rideaux d&#039;isolement, des mat\u00e9riaux de rev\u00eatement de murs coupe-feu, etc. Lorsque les employ\u00e9s travaillent dans ces zones, ces installations de protection en tissus industriels en polyester 1200D ignifuges peuvent r\u00e9duire efficacement le risque de propagation du feu caus\u00e9 par le feu, assurer la s\u00e9curit\u00e9 du personnel et le fonctionnement stable des installations de production, et r\u00e9duire les pertes \u00e0 grande \u00e9chelle caus\u00e9es par les accidents d&#039;incendie.<\/p>\n<p>Industrie de l&#039;\u00e9nergie<br \/>\nHousses de protection pour \u00e9quipements \u00e9lectriques : Des housses de protection en tissus lourds ignifuges peuvent \u00eatre utilis\u00e9es pour les \u00e9quipements \u00e9lectriques, tels que les gros transformateurs et les armoires de distribution dans les sous-stations. Lorsqu&#039;un incendie se produit en raison d&#039;une d\u00e9faillance d&#039;un \u00e9quipement \u00e9lectrique, la housse de protection peut emp\u00eacher la propagation de l&#039;incendie, prot\u00e9ger les \u00e9quipements et installations environnants, r\u00e9duire les pertes caus\u00e9es par l&#039;incendie, \u00e9viter les r\u00e9actions en cha\u00eene caus\u00e9es par un incendie dans un \u00e9quipement et paralyser l&#039;ensemble du syst\u00e8me \u00e9lectrique, et assurer la stabilit\u00e9 et la s\u00e9curit\u00e9 de l&#039;alimentation \u00e9lectrique.<\/p>","protected":false},"excerpt":{"rendered":"<p>1000 m\u00e8tres (commande minimum)<\/p>","protected":false},"featured_media":4901,"comment_status":"closed","ping_status":"closed","template":"","meta":{"_uag_custom_page_level_css":"","site-sidebar-layout":"default","site-content-layout":"default","ast-site-content-layout":"","site-content-style":"default","site-sidebar-style":"default","ast-global-header-display":"","ast-banner-title-visibility":"","ast-main-header-display":"","ast-hfb-above-header-display":"","ast-hfb-below-header-display":"","ast-hfb-mobile-header-display":"","site-post-title":"","ast-breadcrumbs-content":"","ast-featured-img":"","footer-sml-layout":"","theme-transparent-header-meta":"default","adv-header-id-meta":"","stick-header-meta":"default","header-above-stick-meta":"","header-main-stick-meta":"","header-below-stick-meta":"","astra-migrate-meta-layouts":"default","ast-page-background-enabled":"default","ast-page-background-meta":{"desktop":{"background-color":"","background-image":"","background-repeat":"repeat","background-position":"center center","background-size":"auto","background-attachment":"scroll","background-type":"","background-media":"","overlay-type":"","overlay-color":"","overlay-opacity":"","overlay-gradient":""},"tablet":{"background-color":"","background-image":"","background-repeat":"repeat","background-position":"center center","background-size":"auto","background-attachment":"scroll","background-type":"","background-media":"","overlay-type":"","overlay-color":"","overlay-opacity":"","overlay-gradient":""},"mobile":{"background-color":"","background-image":"","background-repeat":"repeat","background-position":"center center","background-size":"auto","background-attachment":"scroll","background-type":"","background-media":"","overlay-type":"","overlay-color":"","overlay-opacity":"","overlay-gradient":""}},"ast-content-background-meta":{"desktop":{"background-color":"var(--ast-global-color-5)","background-image":"","background-repeat":"repeat","background-position":"center center","background-size":"auto","background-attachment":"scroll","background-type":"","background-media":"","overlay-type":"","overlay-color":"","overlay-opacity":"","overlay-gradient":""},"tablet":{"background-color":"var(--ast-global-color-5)","background-image":"","background-repeat":"repeat","background-position":"center center","background-size":"auto","background-attachment":"scroll","background-type":"","background-media":"","overlay-type":"","overlay-color":"","overlay-opacity":"","overlay-gradient":""},"mobile":{"background-color":"var(--ast-global-color-5)","background-image":"","background-repeat":"repeat","background-position":"center center","background-size":"auto","background-attachment":"scroll","background-type":"","background-media":"","overlay-type":"","overlay-color":"","overlay-opacity":"","overlay-gradient":""}}},"product_brand":[],"product_cat":[417,1206,1183,432,1184,403,433,414],"product_tag":[],"class_list":{"0":"post-4758","1":"product","2":"type-product","3":"status-publish","4":"has-post-thumbnail","6":"product_cat-anti-bacterial-fabrics","7":"product_cat-fabric-for-bag","8":"product_cat-fabric-for-horse-blankets","9":"product_cat-fabric-for-tent","10":"product_cat-oxford-fabric","11":"product_cat-polyester-fabrics","12":"product_cat-textile-for-industrial","13":"product_cat-waterproof-fabrics","14":"pa_available_colors-911052-spc","15":"desktop-align-left","16":"tablet-align-left","17":"mobile-align-left","18":"ast-product-gallery-layout-vertical-slider","19":"ast-product-tabs-layout-horizontal","21":"first","22":"instock","23":"shipping-taxable","24":"product-type-simple"},"uagb_featured_image_src":{"full":["https:\/\/www.sikortex.com\/wp-content\/uploads\/2023\/06\/1-18.jpg",800,800,false],"thumbnail":["https:\/\/www.sikortex.com\/wp-content\/uploads\/2023\/06\/1-18-150x150.jpg",150,150,true],"medium":["https:\/\/www.sikortex.com\/wp-content\/uploads\/2023\/06\/1-18-300x300.jpg",300,300,true],"medium_large":["https:\/\/www.sikortex.com\/wp-content\/uploads\/2023\/06\/1-18-768x768.jpg",768,768,true],"large":["https:\/\/www.sikortex.com\/wp-content\/uploads\/2023\/06\/1-18.jpg",800,800,false],"1536x1536":["https:\/\/www.sikortex.com\/wp-content\/uploads\/2023\/06\/1-18.jpg",800,800,false],"2048x2048":["https:\/\/www.sikortex.com\/wp-content\/uploads\/2023\/06\/1-18.jpg",800,800,false],"trp-custom-language-flag":["https:\/\/www.sikortex.com\/wp-content\/uploads\/2023\/06\/1-18.jpg",12,12,false],"woocommerce_thumbnail":["https:\/\/www.sikortex.com\/wp-content\/uploads\/2023\/06\/1-18-300x300.jpg",300,300,true],"woocommerce_single":["https:\/\/www.sikortex.com\/wp-content\/uploads\/2023\/06\/1-18-600x600.jpg",600,600,true],"woocommerce_gallery_thumbnail":["https:\/\/www.sikortex.com\/wp-content\/uploads\/2023\/06\/1-18-100x100.jpg",100,100,true]},"uagb_author_info":{"display_name":"Perry","author_link":"https:\/\/www.sikortex.com\/fr\/author\/"},"uagb_comment_info":0,"uagb_excerpt":"1000 Meters(Min.Order)","_links":{"self":[{"href":"https:\/\/www.sikortex.com\/fr\/wp-json\/wp\/v2\/product\/4758","targetHints":{"allow":["GET"]}}],"collection":[{"href":"https:\/\/www.sikortex.com\/fr\/wp-json\/wp\/v2\/product"}],"about":[{"href":"https:\/\/www.sikortex.com\/fr\/wp-json\/wp\/v2\/types\/product"}],"replies":[{"embeddable":true,"href":"https:\/\/www.sikortex.com\/fr\/wp-json\/wp\/v2\/comments?post=4758"}],"wp:featuredmedia":[{"embeddable":true,"href":"https:\/\/www.sikortex.com\/fr\/wp-json\/wp\/v2\/media\/4901"}],"wp:attachment":[{"href":"https:\/\/www.sikortex.com\/fr\/wp-json\/wp\/v2\/media?parent=4758"}],"wp:term":[{"taxonomy":"product_brand","embeddable":true,"href":"https:\/\/www.sikortex.com\/fr\/wp-json\/wp\/v2\/product_brand?post=4758"},{"taxonomy":"product_cat","embeddable":true,"href":"https:\/\/www.sikortex.com\/fr\/wp-json\/wp\/v2\/product_cat?post=4758"},{"taxonomy":"product_tag","embeddable":true,"href":"https:\/\/www.sikortex.com\/fr\/wp-json\/wp\/v2\/product_tag?post=4758"}],"curies":[{"name":"wp","href":"https:\/\/api.w.org\/{rel}","templated":true}]}}