{"id":4687,"date":"2023-06-28T11:33:49","date_gmt":"2023-06-28T03:33:49","guid":{"rendered":"http:\/\/shihan.vihsu.com\/?post_type=product&#038;p=4687"},"modified":"2023-10-20T13:30:53","modified_gmt":"2023-10-20T05:30:53","slug":"graphene-50d-tissu-multifonctionnel","status":"publish","type":"product","link":"https:\/\/www.sikortex.com\/fr\/produit\/graphene-50d-tissu-multifonctionnel\/","title":{"rendered":"Tissu graph\u00e8ne multifonctionnel 50D"},"content":{"rendered":"<p>Tissu graph\u00e8ne multifonctionnel SIKOR-TEX 50D \u2013 le choix parfait pour tous ceux qui exigent \u00e0 la fois fonctionnalit\u00e9 et style dans leurs v\u00eatements. Ce tissu est compos\u00e9 de polyester 55% et de fibre de graph\u00e8ne 45%, ce qui donne un m\u00e9lange unique qui offre une gamme d&#039;avantages pour le porteur.<br \/>\nLe tissu graph\u00e8ne n\u2019est pas seulement une question d\u2019apparence. Il est \u00e9galement incroyablement r\u00e9sistant et peut r\u00e9sister aux conditions les plus difficiles. Sa conception rigide le rend adapt\u00e9 \u00e0 une gamme d&#039;activit\u00e9s de plein air, des v\u00eatements d\u00e9contract\u00e9s aux v\u00eatements de sport de haute performance. Le tissu est imperm\u00e9able et respirant, vous assurant de rester au sec et \u00e0 l&#039;aise par tous les temps. Son excellente respirabilit\u00e9 signifie que vous pouvez le porter \u00e0 des temp\u00e9ratures \u00e9lev\u00e9es sans vous sentir \u00e9touffant ou inconfortable.<br \/>\nEn plus de ses caract\u00e9ristiques pratiques, le tissu graph\u00e8ne offre \u00e9galement de nombreux avantages pour la sant\u00e9. Il est antibact\u00e9rien et antiviral, emp\u00eachant la croissance de bact\u00e9ries et de virus nocifs. Ses propri\u00e9t\u00e9s de rayonnement infrarouge lointain et de lib\u00e9ration d\u2019ions n\u00e9gatifs favorisent une meilleure circulation sanguine et une meilleure sant\u00e9 globale. Ses propri\u00e9t\u00e9s antistatiques et r\u00e9sistantes aux UV prot\u00e8gent le porteur des rayonnements nocifs et des d\u00e9charges statiques.<br \/>\nCe tissu est parfait pour cr\u00e9er des vestes rigides, des v\u00eatements de loisirs, des v\u00eatements en coton et des doudounes \u00e0 la fois \u00e9l\u00e9gants et pratiques. Ses propri\u00e9t\u00e9s uniques et sa conception durable le distinguent des autres tissus couramment utilis\u00e9s dans les v\u00eatements d&#039;ext\u00e9rieur.<\/p>","protected":false},"excerpt":{"rendered":"<p>600 m\u00e8tres (Min.Order)<\/p>","protected":false},"featured_media":4623,"comment_status":"closed","ping_status":"closed","template":"","meta":{"_uag_custom_page_level_css":"","site-sidebar-layout":"default","site-content-layout":"default","ast-site-content-layout":"","site-content-style":"default","site-sidebar-style":"default","ast-global-header-display":"","ast-banner-title-visibility":"","ast-main-header-display":"","ast-hfb-above-header-display":"","ast-hfb-below-header-display":"","ast-hfb-mobile-header-display":"","site-post-title":"","ast-breadcrumbs-content":"","ast-featured-img":"","footer-sml-layout":"","theme-transparent-header-meta":"default","adv-header-id-meta":"","stick-header-meta":"default","header-above-stick-meta":"","header-main-stick-meta":"","header-below-stick-meta":"","astra-migrate-meta-layouts":"default","ast-page-background-enabled":"default","ast-page-background-meta":{"desktop":{"background-color":"","background-image":"","background-repeat":"repeat","background-position":"center center","background-size":"auto","background-attachment":"scroll","background-type":"","background-media":"","overlay-type":"","overlay-color":"","overlay-opacity":"","overlay-gradient":""},"tablet":{"background-color":"","background-image":"","background-repeat":"repeat","background-position":"center center","background-size":"auto","background-attachment":"scroll","background-type":"","background-media":"","overlay-type":"","overlay-color":"","overlay-opacity":"","overlay-gradient":""},"mobile":{"background-color":"","background-image":"","background-repeat":"repeat","background-position":"center center","background-size":"auto","background-attachment":"scroll","background-type":"","background-media":"","overlay-type":"","overlay-color":"","overlay-opacity":"","overlay-gradient":""}},"ast-content-background-meta":{"desktop":{"background-color":"var(--ast-global-color-5)","background-image":"","background-repeat":"repeat","background-position":"center center","background-size":"auto","background-attachment":"scroll","background-type":"","background-media":"","overlay-type":"","overlay-color":"","overlay-opacity":"","overlay-gradient":""},"tablet":{"background-color":"var(--ast-global-color-5)","background-image":"","background-repeat":"repeat","background-position":"center center","background-size":"auto","background-attachment":"scroll","background-type":"","background-media":"","overlay-type":"","overlay-color":"","overlay-opacity":"","overlay-gradient":""},"mobile":{"background-color":"var(--ast-global-color-5)","background-image":"","background-repeat":"repeat","background-position":"center center","background-size":"auto","background-attachment":"scroll","background-type":"","background-media":"","overlay-type":"","overlay-color":"","overlay-opacity":"","overlay-gradient":""}}},"product_brand":[],"product_cat":[431,428,1145,424,403],"product_tag":[],"class_list":{"0":"post-4687","1":"product","2":"type-product","3":"status-publish","4":"has-post-thumbnail","6":"product_cat-fabric-for-commuting-clothing","7":"product_cat-fabric-for-outdoor-sports","8":"product_cat-lightweight-fabric","9":"product_cat-medical-protection-product","10":"product_cat-polyester-fabrics","11":"pa_available_colors-911052-spc","12":"desktop-align-left","13":"tablet-align-left","14":"mobile-align-left","15":"ast-product-gallery-layout-vertical-slider","16":"ast-product-tabs-layout-horizontal","18":"first","19":"instock","20":"shipping-taxable","21":"product-type-simple"},"uagb_featured_image_src":{"full":["https:\/\/www.sikortex.com\/wp-content\/uploads\/2023\/06\/O1CN01Fj9Gsu1fGQmZMBIRP_2215713353979-0-cib.jpg",800,800,false],"thumbnail":["https:\/\/www.sikortex.com\/wp-content\/uploads\/2023\/06\/O1CN01Fj9Gsu1fGQmZMBIRP_2215713353979-0-cib-150x150.jpg",150,150,true],"medium":["https:\/\/www.sikortex.com\/wp-content\/uploads\/2023\/06\/O1CN01Fj9Gsu1fGQmZMBIRP_2215713353979-0-cib-300x300.jpg",300,300,true],"medium_large":["https:\/\/www.sikortex.com\/wp-content\/uploads\/2023\/06\/O1CN01Fj9Gsu1fGQmZMBIRP_2215713353979-0-cib-768x768.jpg",768,768,true],"large":["https:\/\/www.sikortex.com\/wp-content\/uploads\/2023\/06\/O1CN01Fj9Gsu1fGQmZMBIRP_2215713353979-0-cib.jpg",800,800,false],"1536x1536":["https:\/\/www.sikortex.com\/wp-content\/uploads\/2023\/06\/O1CN01Fj9Gsu1fGQmZMBIRP_2215713353979-0-cib.jpg",800,800,false],"2048x2048":["https:\/\/www.sikortex.com\/wp-content\/uploads\/2023\/06\/O1CN01Fj9Gsu1fGQmZMBIRP_2215713353979-0-cib.jpg",800,800,false],"trp-custom-language-flag":["https:\/\/www.sikortex.com\/wp-content\/uploads\/2023\/06\/O1CN01Fj9Gsu1fGQmZMBIRP_2215713353979-0-cib.jpg",12,12,false],"woocommerce_thumbnail":["https:\/\/www.sikortex.com\/wp-content\/uploads\/2023\/06\/O1CN01Fj9Gsu1fGQmZMBIRP_2215713353979-0-cib-300x300.jpg",300,300,true],"woocommerce_single":["https:\/\/www.sikortex.com\/wp-content\/uploads\/2023\/06\/O1CN01Fj9Gsu1fGQmZMBIRP_2215713353979-0-cib-600x600.jpg",600,600,true],"woocommerce_gallery_thumbnail":["https:\/\/www.sikortex.com\/wp-content\/uploads\/2023\/06\/O1CN01Fj9Gsu1fGQmZMBIRP_2215713353979-0-cib-100x100.jpg",100,100,true]},"uagb_author_info":{"display_name":"Perry","author_link":"https:\/\/www.sikortex.com\/fr\/author\/"},"uagb_comment_info":0,"uagb_excerpt":"600 Meters(Min.Order)","_links":{"self":[{"href":"https:\/\/www.sikortex.com\/fr\/wp-json\/wp\/v2\/product\/4687","targetHints":{"allow":["GET"]}}],"collection":[{"href":"https:\/\/www.sikortex.com\/fr\/wp-json\/wp\/v2\/product"}],"about":[{"href":"https:\/\/www.sikortex.com\/fr\/wp-json\/wp\/v2\/types\/product"}],"replies":[{"embeddable":true,"href":"https:\/\/www.sikortex.com\/fr\/wp-json\/wp\/v2\/comments?post=4687"}],"wp:featuredmedia":[{"embeddable":true,"href":"https:\/\/www.sikortex.com\/fr\/wp-json\/wp\/v2\/media\/4623"}],"wp:attachment":[{"href":"https:\/\/www.sikortex.com\/fr\/wp-json\/wp\/v2\/media?parent=4687"}],"wp:term":[{"taxonomy":"product_brand","embeddable":true,"href":"https:\/\/www.sikortex.com\/fr\/wp-json\/wp\/v2\/product_brand?post=4687"},{"taxonomy":"product_cat","embeddable":true,"href":"https:\/\/www.sikortex.com\/fr\/wp-json\/wp\/v2\/product_cat?post=4687"},{"taxonomy":"product_tag","embeddable":true,"href":"https:\/\/www.sikortex.com\/fr\/wp-json\/wp\/v2\/product_tag?post=4687"}],"curies":[{"name":"wp","href":"https:\/\/api.w.org\/{rel}","templated":true}]}}