{"id":4601,"date":"2023-06-27T16:16:51","date_gmt":"2023-06-27T08:16:51","guid":{"rendered":"http:\/\/shihan.vihsu.com\/?post_type=product&#038;p=4601"},"modified":"2023-10-20T13:31:05","modified_gmt":"2023-10-20T05:31:05","slug":"polyester-50d-t800-lamine-tpu-tissu","status":"publish","type":"product","link":"https:\/\/www.sikortex.com\/fr\/produit\/polyester-50d-t800-lamine-tpu-tissu\/","title":{"rendered":"Tissu imperm\u00e9able de TPU stratifi\u00e9 par polyester 50D T800 pour la veste"},"content":{"rendered":"<h5>Le polyester est-il extensible ?<\/h5>\n<p>Le tissu TPU extensible dans les quatre sens sans \u00e9lasthanne SIKOR-TEX en polyester 50D T800 pour veste est un mat\u00e9riau de haute qualit\u00e9 adapt\u00e9 \u00e0 une vari\u00e9t\u00e9 d&#039;applications, notamment les vestes d\u00e9contract\u00e9es, les softshells et les v\u00eatements de sport de plein air. Il est fabriqu\u00e9 \u00e0 partir de fils hautement extensibles sans ammoniaque pour une excellente extensibilit\u00e9 et un toucher coton, tout en \u00e9tant imperm\u00e9able et respirant.<br \/>\nSIKOR-TEX a plus de 64 couleurs en stock et peut fournir une livraison rapide (7-15 jours) tout en r\u00e9pondant aux besoins sp\u00e9cifiques des clients en termes de fonction et de finition. Les tissus peuvent \u00eatre trait\u00e9s par divers processus tels que l&#039;enduction et le laminage pour ajouter des fonctionnalit\u00e9s suppl\u00e9mentaires.<br \/>\nLes propri\u00e9t\u00e9s imperm\u00e9ables et respirantes du tissu imperm\u00e9able TPU\/PU\/PTFE lamin\u00e9 polyester 50D T800 le rendent id\u00e9al pour les v\u00eatements de sport de plein air et les vestes d\u00e9contract\u00e9es. Le fil hautement extensible sans ammoniaque offre une excellente extensibilit\u00e9 pour un ajustement confortable et flexible. La sensation de coton rend le tissu doux et confortable \u00e0 porter, tout en ajoutant \u00e0 sa durabilit\u00e9.<\/p>\n<p><a href=\"https:\/\/www.sikortex.com\/fr\/trouveur-de-tissu\/\">RECHERCHE DE TISSUS<\/a><\/p>","protected":false},"excerpt":{"rendered":"<p>1000 m\u00e8tres (commande minimum)<\/p>","protected":false},"featured_media":4607,"comment_status":"closed","ping_status":"closed","template":"","meta":{"_uag_custom_page_level_css":"","site-sidebar-layout":"default","site-content-layout":"default","ast-site-content-layout":"","site-content-style":"default","site-sidebar-style":"default","ast-global-header-display":"","ast-banner-title-visibility":"","ast-main-header-display":"","ast-hfb-above-header-display":"","ast-hfb-below-header-display":"","ast-hfb-mobile-header-display":"","site-post-title":"","ast-breadcrumbs-content":"","ast-featured-img":"","footer-sml-layout":"","theme-transparent-header-meta":"default","adv-header-id-meta":"","stick-header-meta":"default","header-above-stick-meta":"","header-main-stick-meta":"","header-below-stick-meta":"","astra-migrate-meta-layouts":"default","ast-page-background-enabled":"default","ast-page-background-meta":{"desktop":{"background-color":"","background-image":"","background-repeat":"repeat","background-position":"center center","background-size":"auto","background-attachment":"scroll","background-type":"","background-media":"","overlay-type":"","overlay-color":"","overlay-opacity":"","overlay-gradient":""},"tablet":{"background-color":"","background-image":"","background-repeat":"repeat","background-position":"center center","background-size":"auto","background-attachment":"scroll","background-type":"","background-media":"","overlay-type":"","overlay-color":"","overlay-opacity":"","overlay-gradient":""},"mobile":{"background-color":"","background-image":"","background-repeat":"repeat","background-position":"center center","background-size":"auto","background-attachment":"scroll","background-type":"","background-media":"","overlay-type":"","overlay-color":"","overlay-opacity":"","overlay-gradient":""}},"ast-content-background-meta":{"desktop":{"background-color":"var(--ast-global-color-5)","background-image":"","background-repeat":"repeat","background-position":"center center","background-size":"auto","background-attachment":"scroll","background-type":"","background-media":"","overlay-type":"","overlay-color":"","overlay-opacity":"","overlay-gradient":""},"tablet":{"background-color":"var(--ast-global-color-5)","background-image":"","background-repeat":"repeat","background-position":"center center","background-size":"auto","background-attachment":"scroll","background-type":"","background-media":"","overlay-type":"","overlay-color":"","overlay-opacity":"","overlay-gradient":""},"mobile":{"background-color":"var(--ast-global-color-5)","background-image":"","background-repeat":"repeat","background-position":"center center","background-size":"auto","background-attachment":"scroll","background-type":"","background-media":"","overlay-type":"","overlay-color":"","overlay-opacity":"","overlay-gradient":""}}},"product_brand":[],"product_cat":[431,428,1145,403,420,414],"product_tag":[],"class_list":{"0":"post-4601","1":"product","2":"type-product","3":"status-publish","4":"has-post-thumbnail","6":"product_cat-fabric-for-commuting-clothing","7":"product_cat-fabric-for-outdoor-sports","8":"product_cat-lightweight-fabric","9":"product_cat-polyester-fabrics","10":"product_cat-stretch-fabrics","11":"product_cat-waterproof-fabrics","12":"pa_available_colors-1526-03","13":"pa_available_colors-1526-04","14":"pa_available_colors-1526-05","15":"pa_available_colors-1526-06","16":"pa_available_colors-1526-07","17":"pa_available_colors-1526-08","18":"pa_available_colors-1526-09","19":"pa_available_colors-1526-10","20":"pa_available_colors-1526-11","21":"pa_available_colors-1526-12","22":"pa_available_colors-1526-13","23":"pa_available_colors-1526-14","24":"pa_available_colors-1526-15","25":"pa_available_colors-1526-16","26":"pa_available_colors-1526-17","27":"pa_available_colors-1526-18","28":"pa_available_colors-1526-19","29":"pa_available_colors-1526-20","30":"pa_available_colors-1526-21","31":"pa_available_colors-1526-22","32":"pa_available_colors-1526-23","33":"pa_available_colors-1526-24","34":"pa_available_colors-1526-25","35":"pa_available_colors-1526-26","36":"pa_available_colors-1526-27","37":"pa_available_colors-1526-28","38":"pa_available_colors-1526-29","39":"pa_available_colors-1526-30","40":"pa_available_colors-1526-31","41":"pa_available_colors-1526-32","42":"pa_available_colors-1526-33","43":"pa_available_colors-1526-34","44":"pa_available_colors-1526-35","45":"pa_available_colors-1526-36","46":"pa_available_colors-1526-37","47":"pa_available_colors-1526-38","48":"pa_available_colors-1526-39","49":"pa_available_colors-1526-40","50":"pa_available_colors-1526-41","51":"pa_available_colors-1526-42","52":"pa_available_colors-1526-43","53":"pa_available_colors-1526-44","54":"pa_available_colors-1526-45","55":"pa_available_colors-1526-46","56":"pa_available_colors-1526-47","57":"pa_available_colors-1526-48","58":"pa_available_colors-1526-49","59":"pa_available_colors-1526-50","60":"pa_available_colors-1526-51","61":"pa_available_colors-1526-52","62":"pa_available_colors-1526-53","63":"pa_available_colors-1526-54","64":"pa_available_colors-1526-55","65":"pa_available_colors-1526-56","66":"pa_available_colors-1526-57","67":"pa_available_colors-1526-58","68":"pa_available_colors-1526-59","69":"pa_available_colors-1526-60","70":"pa_available_colors-1526-61","71":"pa_available_colors-1526-62","72":"pa_available_colors-000014-wht","73":"pa_available_colors-911052-spc","74":"pa_available_colors-000020-wht","75":"desktop-align-left","76":"tablet-align-left","77":"mobile-align-left","78":"ast-product-gallery-layout-vertical-slider","79":"ast-product-tabs-layout-horizontal","81":"first","82":"instock","83":"shipping-taxable","84":"product-type-simple"},"uagb_featured_image_src":{"full":["https:\/\/www.sikortex.com\/wp-content\/uploads\/2023\/06\/IMG_5607-e1693107167256.jpg",800,800,false],"thumbnail":["https:\/\/www.sikortex.com\/wp-content\/uploads\/2023\/06\/IMG_5607-e1693107167256-150x150.jpg",150,150,true],"medium":["https:\/\/www.sikortex.com\/wp-content\/uploads\/2023\/06\/IMG_5607-e1693107167256-300x300.jpg",300,300,true],"medium_large":["https:\/\/www.sikortex.com\/wp-content\/uploads\/2023\/06\/IMG_5607-e1693107167256-768x768.jpg",768,768,true],"large":["https:\/\/www.sikortex.com\/wp-content\/uploads\/2023\/06\/IMG_5607-e1693107167256.jpg",800,800,false],"1536x1536":["https:\/\/www.sikortex.com\/wp-content\/uploads\/2023\/06\/IMG_5607-e1693107167256.jpg",800,800,false],"2048x2048":["https:\/\/www.sikortex.com\/wp-content\/uploads\/2023\/06\/IMG_5607-e1693107167256.jpg",800,800,false],"trp-custom-language-flag":["https:\/\/www.sikortex.com\/wp-content\/uploads\/2023\/06\/IMG_5607-e1693107167256-12x12.jpg",12,12,true],"woocommerce_thumbnail":["https:\/\/www.sikortex.com\/wp-content\/uploads\/2023\/06\/IMG_5607-e1693107167256-300x300.jpg",300,300,true],"woocommerce_single":["https:\/\/www.sikortex.com\/wp-content\/uploads\/2023\/06\/IMG_5607-e1693107167256-600x600.jpg",600,600,true],"woocommerce_gallery_thumbnail":["https:\/\/www.sikortex.com\/wp-content\/uploads\/2023\/06\/IMG_5607-e1693107167256-100x100.jpg",100,100,true]},"uagb_author_info":{"display_name":"Perry","author_link":"https:\/\/www.sikortex.com\/fr\/author\/"},"uagb_comment_info":0,"uagb_excerpt":"1000 Meters(Min.Order)","_links":{"self":[{"href":"https:\/\/www.sikortex.com\/fr\/wp-json\/wp\/v2\/product\/4601","targetHints":{"allow":["GET"]}}],"collection":[{"href":"https:\/\/www.sikortex.com\/fr\/wp-json\/wp\/v2\/product"}],"about":[{"href":"https:\/\/www.sikortex.com\/fr\/wp-json\/wp\/v2\/types\/product"}],"replies":[{"embeddable":true,"href":"https:\/\/www.sikortex.com\/fr\/wp-json\/wp\/v2\/comments?post=4601"}],"wp:featuredmedia":[{"embeddable":true,"href":"https:\/\/www.sikortex.com\/fr\/wp-json\/wp\/v2\/media\/4607"}],"wp:attachment":[{"href":"https:\/\/www.sikortex.com\/fr\/wp-json\/wp\/v2\/media?parent=4601"}],"wp:term":[{"taxonomy":"product_brand","embeddable":true,"href":"https:\/\/www.sikortex.com\/fr\/wp-json\/wp\/v2\/product_brand?post=4601"},{"taxonomy":"product_cat","embeddable":true,"href":"https:\/\/www.sikortex.com\/fr\/wp-json\/wp\/v2\/product_cat?post=4601"},{"taxonomy":"product_tag","embeddable":true,"href":"https:\/\/www.sikortex.com\/fr\/wp-json\/wp\/v2\/product_tag?post=4601"}],"curies":[{"name":"wp","href":"https:\/\/api.w.org\/{rel}","templated":true}]}}