{"id":4347,"date":"2023-06-26T17:16:07","date_gmt":"2023-06-26T09:16:07","guid":{"rendered":"http:\/\/shihan.vihsu.com\/?post_type=product&#038;p=4347"},"modified":"2025-08-18T14:04:52","modified_gmt":"2025-08-18T06:04:52","slug":"polyester-600d-crypte-oxford","status":"publish","type":"product","link":"https:\/\/www.sikortex.com\/fr\/produit\/polyester-600d-crypte-oxford\/","title":{"rendered":"Tissu Oxford 600D en polyester crypt\u00e9 par teinture en solution"},"content":{"rendered":"<h5>SIKOR-TEX est un fabricant de tissus haute performance bas\u00e9 en Chine<\/h5>\n<p>Le tissu Oxford 600D en polyester crypt\u00e9 teint en solution avec laminage TPU est un mat\u00e9riau de haute qualit\u00e9 qui est parfait pour cr\u00e9er des produits durables, <a href=\"https:\/\/www.sikortex.com\/fr\/tissu-impermeable-et-respirant\/\"><span style=\"color: #3366ff;\">imperm\u00e9able et respirant<\/span><\/a> v\u00eatements. Ce tissu est id\u00e9al pour la confection <a href=\"https:\/\/www.sikortex.com\/fr\/tissu-pour-motorwear\/\"><span style=\"color: #3366ff;\">vestes de moto<\/span><\/a>, <a href=\"https:\/\/www.sikortex.com\/fr\/tissu-militaire-tissu-ripstop\/\"><span style=\"color: #3366ff;\">uniformes de police<\/span><\/a>, et <a href=\"https:\/\/www.sikortex.com\/fr\/magazine\/tissus-pour-vetements-de-travail\/\"><span style=\"color: #3366ff;\">v\u00eatements de travail d&#039;ext\u00e9rieur<\/span><\/a>.<\/p>\n<p>Le tissu est fabriqu\u00e9 \u00e0 partir de fibres de polyester \u00e0 haute r\u00e9sistance \u00e9troitement tiss\u00e9es ensemble pour cr\u00e9er un mat\u00e9riau solide et durable. La stratification TPU offre une couche suppl\u00e9mentaire de protection contre l&#039;eau, ce qui la rend id\u00e9ale pour une utilisation dans des environnements humides.<\/p>\n<p>En plus de sa durabilit\u00e9 et de ses capacit\u00e9s d&#039;imperm\u00e9abilit\u00e9, Encrypted <a href=\"https:\/\/www.sikortex.com\/fr\/nylon-coton-tissu-ripstop-coupe-vent-tissu-5\/\"><span style=\"color: #3366ff;\">Oxford<\/span><\/a> Le tissu avec laminage TPU est \u00e9galement respirant. Cela le rend confortable \u00e0 porter pendant de longues p\u00e9riodes, m\u00eame dans des conditions chaudes. La respirabilit\u00e9 du tissu aide \u00e9galement \u00e0 pr\u00e9venir l&#039;accumulation d&#039;humidit\u00e9, qui peut \u00eatre inconfortable et entra\u00eener une irritation cutan\u00e9e.<\/p>","protected":false},"excerpt":{"rendered":"<p>800 m\u00e8tres (commande minimum)<\/p>","protected":false},"featured_media":4349,"comment_status":"closed","ping_status":"closed","template":"","meta":{"_uag_custom_page_level_css":"","site-sidebar-layout":"default","site-content-layout":"default","ast-site-content-layout":"","site-content-style":"default","site-sidebar-style":"default","ast-global-header-display":"","ast-banner-title-visibility":"","ast-main-header-display":"","ast-hfb-above-header-display":"","ast-hfb-below-header-display":"","ast-hfb-mobile-header-display":"","site-post-title":"","ast-breadcrumbs-content":"","ast-featured-img":"","footer-sml-layout":"","theme-transparent-header-meta":"default","adv-header-id-meta":"","stick-header-meta":"default","header-above-stick-meta":"","header-main-stick-meta":"","header-below-stick-meta":"","astra-migrate-meta-layouts":"default","ast-page-background-enabled":"default","ast-page-background-meta":{"desktop":{"background-color":"","background-image":"","background-repeat":"repeat","background-position":"center center","background-size":"auto","background-attachment":"scroll","background-type":"","background-media":"","overlay-type":"","overlay-color":"","overlay-opacity":"","overlay-gradient":""},"tablet":{"background-color":"","background-image":"","background-repeat":"repeat","background-position":"center center","background-size":"auto","background-attachment":"scroll","background-type":"","background-media":"","overlay-type":"","overlay-color":"","overlay-opacity":"","overlay-gradient":""},"mobile":{"background-color":"","background-image":"","background-repeat":"repeat","background-position":"center center","background-size":"auto","background-attachment":"scroll","background-type":"","background-media":"","overlay-type":"","overlay-color":"","overlay-opacity":"","overlay-gradient":""}},"ast-content-background-meta":{"desktop":{"background-color":"var(--ast-global-color-5)","background-image":"","background-repeat":"repeat","background-position":"center center","background-size":"auto","background-attachment":"scroll","background-type":"","background-media":"","overlay-type":"","overlay-color":"","overlay-opacity":"","overlay-gradient":""},"tablet":{"background-color":"var(--ast-global-color-5)","background-image":"","background-repeat":"repeat","background-position":"center center","background-size":"auto","background-attachment":"scroll","background-type":"","background-media":"","overlay-type":"","overlay-color":"","overlay-opacity":"","overlay-gradient":""},"mobile":{"background-color":"var(--ast-global-color-5)","background-image":"","background-repeat":"repeat","background-position":"center center","background-size":"auto","background-attachment":"scroll","background-type":"","background-media":"","overlay-type":"","overlay-color":"","overlay-opacity":"","overlay-gradient":""}}},"product_brand":[],"product_cat":[1126,1206,432,1218,1184,403,1185,433,1697,414],"product_tag":[],"class_list":{"0":"post-4347","1":"product","2":"type-product","3":"status-publish","4":"has-post-thumbnail","6":"product_cat-fabric-for-awning","7":"product_cat-fabric-for-bag","8":"product_cat-fabric-for-tent","9":"product_cat-marine-fabrics","10":"product_cat-oxford-fabric","11":"product_cat-polyester-fabrics","12":"product_cat-solution-dyed-polyester-fabrics","13":"product_cat-textile-for-industrial","14":"product_cat-uv-protection-fabric","15":"product_cat-waterproof-fabrics","16":"pa_available_colors-911052-spc","17":"desktop-align-left","18":"tablet-align-left","19":"mobile-align-left","20":"ast-product-gallery-layout-vertical-slider","21":"ast-product-tabs-layout-horizontal","23":"first","24":"instock","25":"shipping-taxable","26":"product-type-simple"},"uagb_featured_image_src":{"full":["https:\/\/www.sikortex.com\/wp-content\/uploads\/2023\/06\/O1CN01XYQMrO1zLHFkmoRgf_956506697-0-cib.jpg",1024,1024,false],"thumbnail":["https:\/\/www.sikortex.com\/wp-content\/uploads\/2023\/06\/O1CN01XYQMrO1zLHFkmoRgf_956506697-0-cib-150x150.jpg",150,150,true],"medium":["https:\/\/www.sikortex.com\/wp-content\/uploads\/2023\/06\/O1CN01XYQMrO1zLHFkmoRgf_956506697-0-cib-300x300.jpg",300,300,true],"medium_large":["https:\/\/www.sikortex.com\/wp-content\/uploads\/2023\/06\/O1CN01XYQMrO1zLHFkmoRgf_956506697-0-cib-768x768.jpg",768,768,true],"large":["https:\/\/www.sikortex.com\/wp-content\/uploads\/2023\/06\/O1CN01XYQMrO1zLHFkmoRgf_956506697-0-cib.jpg",1024,1024,false],"1536x1536":["https:\/\/www.sikortex.com\/wp-content\/uploads\/2023\/06\/O1CN01XYQMrO1zLHFkmoRgf_956506697-0-cib.jpg",1024,1024,false],"2048x2048":["https:\/\/www.sikortex.com\/wp-content\/uploads\/2023\/06\/O1CN01XYQMrO1zLHFkmoRgf_956506697-0-cib.jpg",1024,1024,false],"trp-custom-language-flag":["https:\/\/www.sikortex.com\/wp-content\/uploads\/2023\/06\/O1CN01XYQMrO1zLHFkmoRgf_956506697-0-cib.jpg",12,12,false],"woocommerce_thumbnail":["https:\/\/www.sikortex.com\/wp-content\/uploads\/2023\/06\/O1CN01XYQMrO1zLHFkmoRgf_956506697-0-cib-300x300.jpg",300,300,true],"woocommerce_single":["https:\/\/www.sikortex.com\/wp-content\/uploads\/2023\/06\/O1CN01XYQMrO1zLHFkmoRgf_956506697-0-cib-600x600.jpg",600,600,true],"woocommerce_gallery_thumbnail":["https:\/\/www.sikortex.com\/wp-content\/uploads\/2023\/06\/O1CN01XYQMrO1zLHFkmoRgf_956506697-0-cib-100x100.jpg",100,100,true]},"uagb_author_info":{"display_name":"Perry","author_link":"https:\/\/www.sikortex.com\/fr\/author\/"},"uagb_comment_info":0,"uagb_excerpt":"800 Meters(Min.Order)","_links":{"self":[{"href":"https:\/\/www.sikortex.com\/fr\/wp-json\/wp\/v2\/product\/4347","targetHints":{"allow":["GET"]}}],"collection":[{"href":"https:\/\/www.sikortex.com\/fr\/wp-json\/wp\/v2\/product"}],"about":[{"href":"https:\/\/www.sikortex.com\/fr\/wp-json\/wp\/v2\/types\/product"}],"replies":[{"embeddable":true,"href":"https:\/\/www.sikortex.com\/fr\/wp-json\/wp\/v2\/comments?post=4347"}],"wp:featuredmedia":[{"embeddable":true,"href":"https:\/\/www.sikortex.com\/fr\/wp-json\/wp\/v2\/media\/4349"}],"wp:attachment":[{"href":"https:\/\/www.sikortex.com\/fr\/wp-json\/wp\/v2\/media?parent=4347"}],"wp:term":[{"taxonomy":"product_brand","embeddable":true,"href":"https:\/\/www.sikortex.com\/fr\/wp-json\/wp\/v2\/product_brand?post=4347"},{"taxonomy":"product_cat","embeddable":true,"href":"https:\/\/www.sikortex.com\/fr\/wp-json\/wp\/v2\/product_cat?post=4347"},{"taxonomy":"product_tag","embeddable":true,"href":"https:\/\/www.sikortex.com\/fr\/wp-json\/wp\/v2\/product_tag?post=4347"}],"curies":[{"name":"wp","href":"https:\/\/api.w.org\/{rel}","templated":true}]}}