{"id":4321,"date":"2023-06-26T17:06:48","date_gmt":"2023-06-26T09:06:48","guid":{"rendered":"http:\/\/shihan.vihsu.com\/?post_type=product&#038;p=4321"},"modified":"2025-01-09T10:59:53","modified_gmt":"2025-01-09T02:59:53","slug":"40d-nylon-6-6-cavalry-twill-tissu","status":"publish","type":"product","link":"https:\/\/www.sikortex.com\/fr\/produit\/40d-nylon-6-6-cavalry-twill-tissu\/","title":{"rendered":"Tissu serg\u00e9 de cavalerie 40D Nylon 66 Tissu Ripstop"},"content":{"rendered":"<p><a href=\"https:\/\/www.sikortex.com\/fr\/profil-de-lentreprise\/\"><span style=\"color: #3366ff;\">SIKOR-TEX<\/span><\/a> Serg\u00e9 de cavalerie 40D <a href=\"https:\/\/www.sikortex.com\/fr\/fabricant-de-tissu-en-nylon\/\"><span style=\"color: #3366ff;\">Nylon<\/span><\/a> 66 Tissu <a href=\"https:\/\/www.sikortex.com\/fr\/2024\/09\/05\/fournisseur-de-tissu-ripstop-materiau-ripstop\/\"><span style=\"color: #3366ff;\">Ripstop<\/span><\/a> Tissu \u2013 un mat\u00e9riau tr\u00e8s r\u00e9sistant et durable, id\u00e9al pour les vestes, les pantalons, les vestes matelass\u00e9es et les doudounes. Diff\u00e9rent des v\u00eatements ordinaires <a href=\"https:\/\/www.sikortex.com\/fr\/fabricant-de-tissu-en-nylon\/\"><span style=\"color: #3366ff;\">nylon<\/span><\/a> fibres, le fil de trame durable <a href=\"https:\/\/www.sikortex.com\/fr\/fabricant-de-tissu-en-nylon\/\"><span style=\"color: #3366ff;\">nylon<\/span><\/a> Les 66 fibres de ce tissu sont des fibres hautement \u00e9lastiques, ce qui en fait un tissu \u00e9lastique en trame, dont l&#039;\u00e9lasticit\u00e9 est proche de celle du tissu spandex et qui est tr\u00e8s durable. Son tissage serg\u00e9 de cavalerie unique ajoute un int\u00e9r\u00eat visuel et de la texture tout en offrant une excellente r\u00e9sistance \u00e0 l&#039;abrasion et \u00e0 la d\u00e9chirure. Cela le rend id\u00e9al pour les activit\u00e9s de plein air et les v\u00eatements d\u00e9contract\u00e9s.<br \/>\nLe tissu l\u00e9ger, r\u00e9sistant \u00e0 l&#039;abrasion et durable, garantit qu&#039;il peut r\u00e9sister aux rigueurs d&#039;une utilisation en ext\u00e9rieur, ce qui en fait un choix solide pour ceux qui aiment passer du temps dans la nature. Avec son application polyvalente et ses propri\u00e9t\u00e9s de haute performance, <a href=\"https:\/\/www.sikortex.com\/fr\/profil-de-lentreprise\/\"><span style=\"color: #3366ff;\">SIKOR-TEX<\/span><\/a> Mince <a href=\"https:\/\/www.sikortex.com\/fr\/fabricant-de-tissu-en-nylon\/\"><span style=\"color: #3366ff;\">Nylon<\/span><\/a> 6.6 S\u00e9rie d&#039;\u00e9tirements <a href=\"https:\/\/www.sikortex.com\/fr\/2024\/09\/05\/fournisseur-de-tissu-ripstop-materiau-ripstop\/\"><span style=\"color: #3366ff;\">Ripstop<\/span><\/a> Les tissus sont indispensables pour tous ceux qui recherchent un tissu durable et fiable pour leur prochain projet.<\/p>","protected":false},"excerpt":{"rendered":"<p>1200 m\u00e8tres (commande minimum)<\/p>","protected":false},"featured_media":4323,"comment_status":"closed","ping_status":"closed","template":"","meta":{"_uag_custom_page_level_css":"","site-sidebar-layout":"default","site-content-layout":"default","ast-site-content-layout":"","site-content-style":"default","site-sidebar-style":"default","ast-global-header-display":"","ast-banner-title-visibility":"","ast-main-header-display":"","ast-hfb-above-header-display":"","ast-hfb-below-header-display":"","ast-hfb-mobile-header-display":"","site-post-title":"","ast-breadcrumbs-content":"","ast-featured-img":"","footer-sml-layout":"","theme-transparent-header-meta":"default","adv-header-id-meta":"","stick-header-meta":"default","header-above-stick-meta":"","header-main-stick-meta":"","header-below-stick-meta":"","astra-migrate-meta-layouts":"default","ast-page-background-enabled":"default","ast-page-background-meta":{"desktop":{"background-color":"","background-image":"","background-repeat":"repeat","background-position":"center center","background-size":"auto","background-attachment":"scroll","background-type":"","background-media":"","overlay-type":"","overlay-color":"","overlay-opacity":"","overlay-gradient":""},"tablet":{"background-color":"","background-image":"","background-repeat":"repeat","background-position":"center center","background-size":"auto","background-attachment":"scroll","background-type":"","background-media":"","overlay-type":"","overlay-color":"","overlay-opacity":"","overlay-gradient":""},"mobile":{"background-color":"","background-image":"","background-repeat":"repeat","background-position":"center center","background-size":"auto","background-attachment":"scroll","background-type":"","background-media":"","overlay-type":"","overlay-color":"","overlay-opacity":"","overlay-gradient":""}},"ast-content-background-meta":{"desktop":{"background-color":"var(--ast-global-color-5)","background-image":"","background-repeat":"repeat","background-position":"center center","background-size":"auto","background-attachment":"scroll","background-type":"","background-media":"","overlay-type":"","overlay-color":"","overlay-opacity":"","overlay-gradient":""},"tablet":{"background-color":"var(--ast-global-color-5)","background-image":"","background-repeat":"repeat","background-position":"center center","background-size":"auto","background-attachment":"scroll","background-type":"","background-media":"","overlay-type":"","overlay-color":"","overlay-opacity":"","overlay-gradient":""},"mobile":{"background-color":"var(--ast-global-color-5)","background-image":"","background-repeat":"repeat","background-position":"center center","background-size":"auto","background-attachment":"scroll","background-type":"","background-media":"","overlay-type":"","overlay-color":"","overlay-opacity":"","overlay-gradient":""}}},"product_brand":[],"product_cat":[431,428,1145,404],"product_tag":[],"class_list":{"0":"post-4321","1":"product","2":"type-product","3":"status-publish","4":"has-post-thumbnail","6":"product_cat-fabric-for-commuting-clothing","7":"product_cat-fabric-for-outdoor-sports","8":"product_cat-lightweight-fabric","9":"product_cat-nylon-fabrics","10":"pa_available_colors-911052-spc","11":"desktop-align-left","12":"tablet-align-left","13":"mobile-align-left","14":"ast-product-gallery-layout-vertical-slider","15":"ast-product-tabs-layout-horizontal","17":"first","18":"instock","19":"shipping-taxable","20":"product-type-simple"},"uagb_featured_image_src":{"full":["https:\/\/www.sikortex.com\/wp-content\/uploads\/2023\/06\/O1CN01NLIW1K281QbPIRC4T_2819757872-0-cib.jpg",1024,1024,false],"thumbnail":["https:\/\/www.sikortex.com\/wp-content\/uploads\/2023\/06\/O1CN01NLIW1K281QbPIRC4T_2819757872-0-cib-150x150.jpg",150,150,true],"medium":["https:\/\/www.sikortex.com\/wp-content\/uploads\/2023\/06\/O1CN01NLIW1K281QbPIRC4T_2819757872-0-cib-300x300.jpg",300,300,true],"medium_large":["https:\/\/www.sikortex.com\/wp-content\/uploads\/2023\/06\/O1CN01NLIW1K281QbPIRC4T_2819757872-0-cib-768x768.jpg",768,768,true],"large":["https:\/\/www.sikortex.com\/wp-content\/uploads\/2023\/06\/O1CN01NLIW1K281QbPIRC4T_2819757872-0-cib.jpg",1024,1024,false],"1536x1536":["https:\/\/www.sikortex.com\/wp-content\/uploads\/2023\/06\/O1CN01NLIW1K281QbPIRC4T_2819757872-0-cib.jpg",1024,1024,false],"2048x2048":["https:\/\/www.sikortex.com\/wp-content\/uploads\/2023\/06\/O1CN01NLIW1K281QbPIRC4T_2819757872-0-cib.jpg",1024,1024,false],"trp-custom-language-flag":["https:\/\/www.sikortex.com\/wp-content\/uploads\/2023\/06\/O1CN01NLIW1K281QbPIRC4T_2819757872-0-cib.jpg",12,12,false],"woocommerce_thumbnail":["https:\/\/www.sikortex.com\/wp-content\/uploads\/2023\/06\/O1CN01NLIW1K281QbPIRC4T_2819757872-0-cib-300x300.jpg",300,300,true],"woocommerce_single":["https:\/\/www.sikortex.com\/wp-content\/uploads\/2023\/06\/O1CN01NLIW1K281QbPIRC4T_2819757872-0-cib-600x600.jpg",600,600,true],"woocommerce_gallery_thumbnail":["https:\/\/www.sikortex.com\/wp-content\/uploads\/2023\/06\/O1CN01NLIW1K281QbPIRC4T_2819757872-0-cib-100x100.jpg",100,100,true]},"uagb_author_info":{"display_name":"Perry","author_link":"https:\/\/www.sikortex.com\/fr\/author\/"},"uagb_comment_info":0,"uagb_excerpt":"1200 Meters(Min.Order)","_links":{"self":[{"href":"https:\/\/www.sikortex.com\/fr\/wp-json\/wp\/v2\/product\/4321","targetHints":{"allow":["GET"]}}],"collection":[{"href":"https:\/\/www.sikortex.com\/fr\/wp-json\/wp\/v2\/product"}],"about":[{"href":"https:\/\/www.sikortex.com\/fr\/wp-json\/wp\/v2\/types\/product"}],"replies":[{"embeddable":true,"href":"https:\/\/www.sikortex.com\/fr\/wp-json\/wp\/v2\/comments?post=4321"}],"wp:featuredmedia":[{"embeddable":true,"href":"https:\/\/www.sikortex.com\/fr\/wp-json\/wp\/v2\/media\/4323"}],"wp:attachment":[{"href":"https:\/\/www.sikortex.com\/fr\/wp-json\/wp\/v2\/media?parent=4321"}],"wp:term":[{"taxonomy":"product_brand","embeddable":true,"href":"https:\/\/www.sikortex.com\/fr\/wp-json\/wp\/v2\/product_brand?post=4321"},{"taxonomy":"product_cat","embeddable":true,"href":"https:\/\/www.sikortex.com\/fr\/wp-json\/wp\/v2\/product_cat?post=4321"},{"taxonomy":"product_tag","embeddable":true,"href":"https:\/\/www.sikortex.com\/fr\/wp-json\/wp\/v2\/product_tag?post=4321"}],"curies":[{"name":"wp","href":"https:\/\/api.w.org\/{rel}","templated":true}]}}