{"id":4297,"date":"2023-06-26T16:32:38","date_gmt":"2023-06-26T08:32:38","guid":{"rendered":"http:\/\/shihan.vihsu.com\/?post_type=product&#038;p=4297"},"modified":"2023-10-10T15:15:22","modified_gmt":"2023-10-10T07:15:22","slug":"dupont-sorona-teflon-tissu-2","status":"publish","type":"product","link":"https:\/\/www.sikortex.com\/fr\/produit\/dupont-sorona-teflon-tissu-2\/","title":{"rendered":"Tissu DuPont SORONA T\u00e9flon"},"content":{"rendered":"<p>Tissu SIKOR-TEX SORONA Teflon. La fibre DuPont SORONA est un mat\u00e9riau de haute qualit\u00e9 qui offre une alternative durable et \u00e9cologique aux tissus traditionnels. Fabriqu\u00e9 \u00e0 partir de fibres Sorona\u00ae, ce tissu r\u00e9duit la consommation de p\u00e9trole et l&#039;empreinte carbone tout en offrant une excellente durabilit\u00e9 et performance.<br \/>\nLe tissu pr\u00e9sente une sensation douce semblable \u00e0 celle du coton, une trame extensible, une r\u00e9sistance \u00e0 l&#039;huile et aux taches et des propri\u00e9t\u00e9s imperm\u00e9ables. Ces caract\u00e9ristiques le rendent id\u00e9al pour une vari\u00e9t\u00e9 d&#039;applications, y compris les v\u00eatements de sport, les v\u00eatements d&#039;ext\u00e9rieur et les v\u00eatements de travail.<br \/>\nEn plus de ses propri\u00e9t\u00e9s de performance, le tissu DuPont SORONA Teflon est \u00e9galement certifi\u00e9 par le programme Common Thread Certification. Ce programme fournit aux clients des \u00e9tiquettes volantes et des \u00e9tiquettes de marque Sorona\u00ae pour leurs produits, chacune avec un code d&#039;identification unique qui correspond \u00e0 la base de donn\u00e9es du programme.<br \/>\nChoisissez le tissu DuPont SORONA Teflon pour votre prochain projet et profitez des avantages d&#039;un mat\u00e9riau durable et performant.<\/p>","protected":false},"excerpt":{"rendered":"<p>1200 m\u00e8tres (commande minimum)<\/p>","protected":false},"featured_media":4298,"comment_status":"closed","ping_status":"closed","template":"","meta":{"_uag_custom_page_level_css":"","site-sidebar-layout":"default","site-content-layout":"default","ast-site-content-layout":"","site-content-style":"default","site-sidebar-style":"default","ast-global-header-display":"","ast-banner-title-visibility":"","ast-main-header-display":"","ast-hfb-above-header-display":"","ast-hfb-below-header-display":"","ast-hfb-mobile-header-display":"","site-post-title":"","ast-breadcrumbs-content":"","ast-featured-img":"","footer-sml-layout":"","theme-transparent-header-meta":"default","adv-header-id-meta":"","stick-header-meta":"default","header-above-stick-meta":"","header-main-stick-meta":"","header-below-stick-meta":"","astra-migrate-meta-layouts":"default","ast-page-background-enabled":"default","ast-page-background-meta":{"desktop":{"background-color":"","background-image":"","background-repeat":"repeat","background-position":"center center","background-size":"auto","background-attachment":"scroll","background-type":"","background-media":"","overlay-type":"","overlay-color":"","overlay-opacity":"","overlay-gradient":""},"tablet":{"background-color":"","background-image":"","background-repeat":"repeat","background-position":"center center","background-size":"auto","background-attachment":"scroll","background-type":"","background-media":"","overlay-type":"","overlay-color":"","overlay-opacity":"","overlay-gradient":""},"mobile":{"background-color":"","background-image":"","background-repeat":"repeat","background-position":"center center","background-size":"auto","background-attachment":"scroll","background-type":"","background-media":"","overlay-type":"","overlay-color":"","overlay-opacity":"","overlay-gradient":""}},"ast-content-background-meta":{"desktop":{"background-color":"var(--ast-global-color-5)","background-image":"","background-repeat":"repeat","background-position":"center center","background-size":"auto","background-attachment":"scroll","background-type":"","background-media":"","overlay-type":"","overlay-color":"","overlay-opacity":"","overlay-gradient":""},"tablet":{"background-color":"var(--ast-global-color-5)","background-image":"","background-repeat":"repeat","background-position":"center center","background-size":"auto","background-attachment":"scroll","background-type":"","background-media":"","overlay-type":"","overlay-color":"","overlay-opacity":"","overlay-gradient":""},"mobile":{"background-color":"var(--ast-global-color-5)","background-image":"","background-repeat":"repeat","background-position":"center center","background-size":"auto","background-attachment":"scroll","background-type":"","background-media":"","overlay-type":"","overlay-color":"","overlay-opacity":"","overlay-gradient":""}}},"product_brand":[],"product_cat":[431,428,429,415,403,420,414],"product_tag":[],"class_list":{"0":"post-4297","1":"product","2":"type-product","3":"status-publish","4":"has-post-thumbnail","6":"product_cat-fabric-for-commuting-clothing","7":"product_cat-fabric-for-outdoor-sports","8":"product_cat-fabric-for-sportswear","9":"product_cat-oil-repellent-fabric","10":"product_cat-polyester-fabrics","11":"product_cat-stretch-fabrics","12":"product_cat-waterproof-fabrics","13":"pa_available_colors-911052-spc","14":"desktop-align-left","15":"tablet-align-left","16":"mobile-align-left","17":"ast-product-gallery-layout-vertical-slider","18":"ast-product-tabs-layout-horizontal","20":"first","21":"instock","22":"shipping-taxable","23":"product-type-simple"},"uagb_featured_image_src":{"full":["https:\/\/www.sikortex.com\/wp-content\/uploads\/2023\/06\/O1CN01QbKDxm1px9q9NpHSS_935665426-0-cib.jpg",1024,1024,false],"thumbnail":["https:\/\/www.sikortex.com\/wp-content\/uploads\/2023\/06\/O1CN01QbKDxm1px9q9NpHSS_935665426-0-cib-150x150.jpg",150,150,true],"medium":["https:\/\/www.sikortex.com\/wp-content\/uploads\/2023\/06\/O1CN01QbKDxm1px9q9NpHSS_935665426-0-cib-300x300.jpg",300,300,true],"medium_large":["https:\/\/www.sikortex.com\/wp-content\/uploads\/2023\/06\/O1CN01QbKDxm1px9q9NpHSS_935665426-0-cib-768x768.jpg",768,768,true],"large":["https:\/\/www.sikortex.com\/wp-content\/uploads\/2023\/06\/O1CN01QbKDxm1px9q9NpHSS_935665426-0-cib.jpg",1024,1024,false],"1536x1536":["https:\/\/www.sikortex.com\/wp-content\/uploads\/2023\/06\/O1CN01QbKDxm1px9q9NpHSS_935665426-0-cib.jpg",1024,1024,false],"2048x2048":["https:\/\/www.sikortex.com\/wp-content\/uploads\/2023\/06\/O1CN01QbKDxm1px9q9NpHSS_935665426-0-cib.jpg",1024,1024,false],"trp-custom-language-flag":["https:\/\/www.sikortex.com\/wp-content\/uploads\/2023\/06\/O1CN01QbKDxm1px9q9NpHSS_935665426-0-cib.jpg",12,12,false],"woocommerce_thumbnail":["https:\/\/www.sikortex.com\/wp-content\/uploads\/2023\/06\/O1CN01QbKDxm1px9q9NpHSS_935665426-0-cib-300x300.jpg",300,300,true],"woocommerce_single":["https:\/\/www.sikortex.com\/wp-content\/uploads\/2023\/06\/O1CN01QbKDxm1px9q9NpHSS_935665426-0-cib-600x600.jpg",600,600,true],"woocommerce_gallery_thumbnail":["https:\/\/www.sikortex.com\/wp-content\/uploads\/2023\/06\/O1CN01QbKDxm1px9q9NpHSS_935665426-0-cib-100x100.jpg",100,100,true]},"uagb_author_info":{"display_name":"Perry","author_link":"https:\/\/www.sikortex.com\/fr\/author\/"},"uagb_comment_info":0,"uagb_excerpt":"1200 Meters(Min.Order)","_links":{"self":[{"href":"https:\/\/www.sikortex.com\/fr\/wp-json\/wp\/v2\/product\/4297","targetHints":{"allow":["GET"]}}],"collection":[{"href":"https:\/\/www.sikortex.com\/fr\/wp-json\/wp\/v2\/product"}],"about":[{"href":"https:\/\/www.sikortex.com\/fr\/wp-json\/wp\/v2\/types\/product"}],"replies":[{"embeddable":true,"href":"https:\/\/www.sikortex.com\/fr\/wp-json\/wp\/v2\/comments?post=4297"}],"wp:featuredmedia":[{"embeddable":true,"href":"https:\/\/www.sikortex.com\/fr\/wp-json\/wp\/v2\/media\/4298"}],"wp:attachment":[{"href":"https:\/\/www.sikortex.com\/fr\/wp-json\/wp\/v2\/media?parent=4297"}],"wp:term":[{"taxonomy":"product_brand","embeddable":true,"href":"https:\/\/www.sikortex.com\/fr\/wp-json\/wp\/v2\/product_brand?post=4297"},{"taxonomy":"product_cat","embeddable":true,"href":"https:\/\/www.sikortex.com\/fr\/wp-json\/wp\/v2\/product_cat?post=4297"},{"taxonomy":"product_tag","embeddable":true,"href":"https:\/\/www.sikortex.com\/fr\/wp-json\/wp\/v2\/product_tag?post=4297"}],"curies":[{"name":"wp","href":"https:\/\/api.w.org\/{rel}","templated":true}]}}