{"id":4291,"date":"2023-06-26T16:22:56","date_gmt":"2023-06-26T08:22:56","guid":{"rendered":"http:\/\/shihan.vihsu.com\/?post_type=product&#038;p=4291"},"modified":"2025-02-17T17:44:03","modified_gmt":"2025-02-17T09:44:03","slug":"polyester-900d-camouflage-tissu-enduit-pu-impermeable-2","status":"publish","type":"product","link":"https:\/\/www.sikortex.com\/fr\/produit\/polyester-900d-camouflage-tissu-enduit-pu-impermeable-2\/","title":{"rendered":"Tissu enduit PU imperm\u00e9able camouflage polyester 900D"},"content":{"rendered":"<h6>SIKOR-TEX <span style=\"color: #3366ff;\"><a style=\"color: #3366ff;\" href=\"https:\/\/www.sikortex.com\/fr\/nylon-coton-tissu-ripstop-coupe-vent-tissu-5\/\">Tissu Oxford<\/a><\/span> fabricant<\/h6>\n<p>Le tissu enduit de PU imperm\u00e9able en polyester 900D camouflage SIKOR-TEX est un mat\u00e9riau de haute qualit\u00e9 couramment utilis\u00e9 pour les applications ext\u00e9rieures, telles que les sacs \u00e0 dos, les tentes et les imperm\u00e9ables. C\u2019est un mat\u00e9riau durable et polyvalent qui peut r\u00e9sister \u00e0 l\u2019exposition aux \u00e9l\u00e9ments, notamment la pluie, le vent et le soleil.<br \/>\nLe motif camouflage sur le tissu ajoute un int\u00e9r\u00eat visuel et aide le tissu \u00e0 se fondre dans les environnements naturels. Le tissu est \u00e9galement imperm\u00e9able, ce qui le rend id\u00e9al pour une utilisation dans les \u00e9quipements de plein air qui doivent garder le contenu au sec. Sa durabilit\u00e9 et sa r\u00e9sistance \u00e0 l&#039;abrasion et \u00e0 la d\u00e9chirure le rendent adapt\u00e9 \u00e0 une utilisation dans les sacs \u00e0 dos et autres \u00e9quipements n\u00e9cessitant une r\u00e9sistance suppl\u00e9mentaire.<br \/>\nEn plus de son utilisation dans les \u00e9quipements de plein air, le tissu enduit PU imperm\u00e9able camouflage en polyester 900D peut \u00e9galement \u00eatre utilis\u00e9 dans la fabrication de v\u00eatements et d&#039;\u00e9quipements militaires. Son motif camouflage et sa durabilit\u00e9 en font un mat\u00e9riau id\u00e9al pour les produits n\u00e9cessitant des tissus performants.<br \/>\nEn r\u00e9sum\u00e9, le tissu enduit PU camouflage imperm\u00e9able en polyester 900D est un mat\u00e9riau polyvalent et durable qui convient \u00e0 un large \u00e9ventail d&#039;applications, y compris les \u00e9quipements de plein air et les v\u00eatements et \u00e9quipements militaires. Ses propri\u00e9t\u00e9s uniques en font un choix id\u00e9al pour les produits n\u00e9cessitant des tissus haute performance.<\/p>","protected":false},"excerpt":{"rendered":"<p>600 m\u00e8tres (Min.Order)<\/p>","protected":false},"featured_media":4292,"comment_status":"closed","ping_status":"closed","template":"","meta":{"_uag_custom_page_level_css":"","site-sidebar-layout":"default","site-content-layout":"default","ast-site-content-layout":"","site-content-style":"default","site-sidebar-style":"default","ast-global-header-display":"","ast-banner-title-visibility":"","ast-main-header-display":"","ast-hfb-above-header-display":"","ast-hfb-below-header-display":"","ast-hfb-mobile-header-display":"","site-post-title":"","ast-breadcrumbs-content":"","ast-featured-img":"","footer-sml-layout":"","theme-transparent-header-meta":"default","adv-header-id-meta":"","stick-header-meta":"default","header-above-stick-meta":"","header-main-stick-meta":"","header-below-stick-meta":"","astra-migrate-meta-layouts":"default","ast-page-background-enabled":"default","ast-page-background-meta":{"desktop":{"background-color":"","background-image":"","background-repeat":"repeat","background-position":"center center","background-size":"auto","background-attachment":"scroll","background-type":"","background-media":"","overlay-type":"","overlay-color":"","overlay-opacity":"","overlay-gradient":""},"tablet":{"background-color":"","background-image":"","background-repeat":"repeat","background-position":"center center","background-size":"auto","background-attachment":"scroll","background-type":"","background-media":"","overlay-type":"","overlay-color":"","overlay-opacity":"","overlay-gradient":""},"mobile":{"background-color":"","background-image":"","background-repeat":"repeat","background-position":"center center","background-size":"auto","background-attachment":"scroll","background-type":"","background-media":"","overlay-type":"","overlay-color":"","overlay-opacity":"","overlay-gradient":""}},"ast-content-background-meta":{"desktop":{"background-color":"var(--ast-global-color-5)","background-image":"","background-repeat":"repeat","background-position":"center center","background-size":"auto","background-attachment":"scroll","background-type":"","background-media":"","overlay-type":"","overlay-color":"","overlay-opacity":"","overlay-gradient":""},"tablet":{"background-color":"var(--ast-global-color-5)","background-image":"","background-repeat":"repeat","background-position":"center center","background-size":"auto","background-attachment":"scroll","background-type":"","background-media":"","overlay-type":"","overlay-color":"","overlay-opacity":"","overlay-gradient":""},"mobile":{"background-color":"var(--ast-global-color-5)","background-image":"","background-repeat":"repeat","background-position":"center center","background-size":"auto","background-attachment":"scroll","background-type":"","background-media":"","overlay-type":"","overlay-color":"","overlay-opacity":"","overlay-gradient":""}}},"product_brand":[],"product_cat":[1206,430,432,1184,403,414],"product_tag":[],"class_list":{"0":"post-4291","1":"product","2":"type-product","3":"status-publish","4":"has-post-thumbnail","6":"product_cat-fabric-for-bag","7":"product_cat-fabric-for-motorwear","8":"product_cat-fabric-for-tent","9":"product_cat-oxford-fabric","10":"product_cat-polyester-fabrics","11":"product_cat-waterproof-fabrics","12":"pa_available_colors-911052-spc","13":"desktop-align-left","14":"tablet-align-left","15":"mobile-align-left","16":"ast-product-gallery-layout-vertical-slider","17":"ast-product-tabs-layout-horizontal","19":"first","20":"instock","21":"shipping-taxable","22":"product-type-simple"},"uagb_featured_image_src":{"full":["https:\/\/www.sikortex.com\/wp-content\/uploads\/2023\/06\/O1CN01ZSJ3N01tSFTZGgDMI_2692505900-0-cib.jpg",1024,1024,false],"thumbnail":["https:\/\/www.sikortex.com\/wp-content\/uploads\/2023\/06\/O1CN01ZSJ3N01tSFTZGgDMI_2692505900-0-cib-150x150.jpg",150,150,true],"medium":["https:\/\/www.sikortex.com\/wp-content\/uploads\/2023\/06\/O1CN01ZSJ3N01tSFTZGgDMI_2692505900-0-cib-300x300.jpg",300,300,true],"medium_large":["https:\/\/www.sikortex.com\/wp-content\/uploads\/2023\/06\/O1CN01ZSJ3N01tSFTZGgDMI_2692505900-0-cib-768x768.jpg",768,768,true],"large":["https:\/\/www.sikortex.com\/wp-content\/uploads\/2023\/06\/O1CN01ZSJ3N01tSFTZGgDMI_2692505900-0-cib.jpg",1024,1024,false],"1536x1536":["https:\/\/www.sikortex.com\/wp-content\/uploads\/2023\/06\/O1CN01ZSJ3N01tSFTZGgDMI_2692505900-0-cib.jpg",1024,1024,false],"2048x2048":["https:\/\/www.sikortex.com\/wp-content\/uploads\/2023\/06\/O1CN01ZSJ3N01tSFTZGgDMI_2692505900-0-cib.jpg",1024,1024,false],"trp-custom-language-flag":["https:\/\/www.sikortex.com\/wp-content\/uploads\/2023\/06\/O1CN01ZSJ3N01tSFTZGgDMI_2692505900-0-cib.jpg",12,12,false],"woocommerce_thumbnail":["https:\/\/www.sikortex.com\/wp-content\/uploads\/2023\/06\/O1CN01ZSJ3N01tSFTZGgDMI_2692505900-0-cib-300x300.jpg",300,300,true],"woocommerce_single":["https:\/\/www.sikortex.com\/wp-content\/uploads\/2023\/06\/O1CN01ZSJ3N01tSFTZGgDMI_2692505900-0-cib-600x600.jpg",600,600,true],"woocommerce_gallery_thumbnail":["https:\/\/www.sikortex.com\/wp-content\/uploads\/2023\/06\/O1CN01ZSJ3N01tSFTZGgDMI_2692505900-0-cib-100x100.jpg",100,100,true]},"uagb_author_info":{"display_name":"Perry","author_link":"https:\/\/www.sikortex.com\/fr\/author\/"},"uagb_comment_info":0,"uagb_excerpt":"600 Meters(Min.Order)","_links":{"self":[{"href":"https:\/\/www.sikortex.com\/fr\/wp-json\/wp\/v2\/product\/4291","targetHints":{"allow":["GET"]}}],"collection":[{"href":"https:\/\/www.sikortex.com\/fr\/wp-json\/wp\/v2\/product"}],"about":[{"href":"https:\/\/www.sikortex.com\/fr\/wp-json\/wp\/v2\/types\/product"}],"replies":[{"embeddable":true,"href":"https:\/\/www.sikortex.com\/fr\/wp-json\/wp\/v2\/comments?post=4291"}],"wp:featuredmedia":[{"embeddable":true,"href":"https:\/\/www.sikortex.com\/fr\/wp-json\/wp\/v2\/media\/4292"}],"wp:attachment":[{"href":"https:\/\/www.sikortex.com\/fr\/wp-json\/wp\/v2\/media?parent=4291"}],"wp:term":[{"taxonomy":"product_brand","embeddable":true,"href":"https:\/\/www.sikortex.com\/fr\/wp-json\/wp\/v2\/product_brand?post=4291"},{"taxonomy":"product_cat","embeddable":true,"href":"https:\/\/www.sikortex.com\/fr\/wp-json\/wp\/v2\/product_cat?post=4291"},{"taxonomy":"product_tag","embeddable":true,"href":"https:\/\/www.sikortex.com\/fr\/wp-json\/wp\/v2\/product_tag?post=4291"}],"curies":[{"name":"wp","href":"https:\/\/api.w.org\/{rel}","templated":true}]}}