{"id":4236,"date":"2023-06-26T15:03:46","date_gmt":"2023-06-26T07:03:46","guid":{"rendered":"http:\/\/shihan.vihsu.com\/?post_type=product&#038;p=4236"},"modified":"2025-02-24T12:33:22","modified_gmt":"2025-02-24T04:33:22","slug":"tissu-oxford-polyester-jacquard-torsade-600d","status":"publish","type":"product","link":"https:\/\/www.sikortex.com\/fr\/produit\/tissu-oxford-polyester-jacquard-torsade-600d\/","title":{"rendered":"Tissu Oxford 600D en polyester jacquard torsad\u00e9"},"content":{"rendered":"<p>Fabricant de tissus performants SIKOR-TEX<\/p>\n<p><span style=\"color: #3366ff;\"><a style=\"color: #3366ff;\" href=\"https:\/\/www.sikortex.com\/fr\/profil-de-lentreprise\/\">SIKOR-TEX<\/a><\/span> Polyester Jacquard torsad\u00e9 <a href=\"https:\/\/www.sikortex.com\/fr\/nylon-coton-tissu-ripstop-coupe-vent-tissu-5\/\"><span style=\"color: #3366ff;\">Oxford<\/span><\/a> Le tissu 600D est un tissu de haute qualit\u00e9 qui est durable, <a href=\"https:\/\/www.sikortex.com\/fr\/tissu-impermeable-et-respirant\/\"><span style=\"color: #3366ff;\">imperm\u00e9able et respirant<\/span><\/a>Il convient \u00e0 une utilisation dans des domaines tels que les v\u00eatements de moto, les uniformes de police et les v\u00eatements de travail d&#039;ext\u00e9rieur.<\/p>\n<p>Le fil torsad\u00e9 augmente la coh\u00e9sion entre les fibres, am\u00e9liorant la r\u00e9sistance \u00e0 l&#039;usure. En m\u00eame temps, la surface du tissu a un brillant doux, ce qui lui donne une texture \u00e9l\u00e9gante.<\/p>\n<p>Pour les v\u00eatements de moto et <a href=\"https:\/\/www.sikortex.com\/fr\/tissu-militaire-tissu-ripstop\/\"><span style=\"color: #3366ff;\">uniformes de police<\/span><\/a>La durabilit\u00e9 et l&#039;imperm\u00e9abilit\u00e9 du tissu sont essentielles. Ces types de v\u00eatements n\u00e9cessitent des mat\u00e9riaux capables de r\u00e9sister \u00e0 divers d\u00e9fis environnementaux et physiques, tout en \u00e9tant imperm\u00e9ables et coupe-vent.<\/p>\n<p>Dans le domaine de l&#039;outdoor <a href=\"https:\/\/www.sikortex.com\/fr\/magazine\/tissus-pour-vetements-de-travail\/\"><span style=\"color: #3366ff;\">v\u00eatements de travail<\/span><\/a>Le tissu Oxford jacquard torsad\u00e9 en polyester 600D est \u00e9galement un mat\u00e9riau id\u00e9al. Les v\u00eatements de travail d&#039;ext\u00e9rieur doivent \u00eatre durables, imperm\u00e9ables et respirants pour prot\u00e9ger la s\u00e9curit\u00e9 et la sant\u00e9 des travailleurs. De plus, ce mat\u00e9riau peut \u00eatre enduit pour am\u00e9liorer ses propri\u00e9t\u00e9s d&#039;imperm\u00e9abilit\u00e9 et de durabilit\u00e9 selon les besoins.<\/p>\n<p>&nbsp;<\/p>","protected":false},"excerpt":{"rendered":"<p>600 m\u00e8tres (Min.Order)<\/p>","protected":false},"featured_media":4250,"comment_status":"closed","ping_status":"closed","template":"","meta":{"_uag_custom_page_level_css":"","site-sidebar-layout":"default","site-content-layout":"default","ast-site-content-layout":"default","site-content-style":"default","site-sidebar-style":"default","ast-global-header-display":"","ast-banner-title-visibility":"","ast-main-header-display":"","ast-hfb-above-header-display":"","ast-hfb-below-header-display":"","ast-hfb-mobile-header-display":"","site-post-title":"","ast-breadcrumbs-content":"","ast-featured-img":"","footer-sml-layout":"","theme-transparent-header-meta":"default","adv-header-id-meta":"","stick-header-meta":"default","header-above-stick-meta":"","header-main-stick-meta":"","header-below-stick-meta":"","astra-migrate-meta-layouts":"set","ast-page-background-enabled":"default","ast-page-background-meta":{"desktop":{"background-color":"","background-image":"","background-repeat":"repeat","background-position":"center center","background-size":"auto","background-attachment":"scroll","background-type":"","background-media":"","overlay-type":"","overlay-color":"","overlay-opacity":"","overlay-gradient":""},"tablet":{"background-color":"","background-image":"","background-repeat":"repeat","background-position":"center center","background-size":"auto","background-attachment":"scroll","background-type":"","background-media":"","overlay-type":"","overlay-color":"","overlay-opacity":"","overlay-gradient":""},"mobile":{"background-color":"","background-image":"","background-repeat":"repeat","background-position":"center center","background-size":"auto","background-attachment":"scroll","background-type":"","background-media":"","overlay-type":"","overlay-color":"","overlay-opacity":"","overlay-gradient":""}},"ast-content-background-meta":{"desktop":{"background-color":"var(--ast-global-color-5)","background-image":"","background-repeat":"repeat","background-position":"center center","background-size":"auto","background-attachment":"scroll","background-type":"","background-media":"","overlay-type":"","overlay-color":"","overlay-opacity":"","overlay-gradient":""},"tablet":{"background-color":"var(--ast-global-color-5)","background-image":"","background-repeat":"repeat","background-position":"center center","background-size":"auto","background-attachment":"scroll","background-type":"","background-media":"","overlay-type":"","overlay-color":"","overlay-opacity":"","overlay-gradient":""},"mobile":{"background-color":"var(--ast-global-color-5)","background-image":"","background-repeat":"repeat","background-position":"center center","background-size":"auto","background-attachment":"scroll","background-type":"","background-media":"","overlay-type":"","overlay-color":"","overlay-opacity":"","overlay-gradient":""}}},"product_brand":[],"product_cat":[1206,432,1184,403,433,414],"product_tag":[],"class_list":{"0":"post-4236","1":"product","2":"type-product","3":"status-publish","4":"has-post-thumbnail","6":"product_cat-fabric-for-bag","7":"product_cat-fabric-for-tent","8":"product_cat-oxford-fabric","9":"product_cat-polyester-fabrics","10":"product_cat-textile-for-industrial","11":"product_cat-waterproof-fabrics","12":"pa_available_colors-h-black","13":"desktop-align-left","14":"tablet-align-left","15":"mobile-align-left","16":"ast-product-gallery-layout-vertical-slider","17":"ast-product-tabs-layout-horizontal","19":"first","20":"instock","21":"shipping-taxable","22":"product-type-simple"},"uagb_featured_image_src":{"full":["https:\/\/www.sikortex.com\/wp-content\/uploads\/2023\/06\/9233997470_1202519561-1.jpg",1024,1024,false],"thumbnail":["https:\/\/www.sikortex.com\/wp-content\/uploads\/2023\/06\/9233997470_1202519561-1-150x150.jpg",150,150,true],"medium":["https:\/\/www.sikortex.com\/wp-content\/uploads\/2023\/06\/9233997470_1202519561-1-300x300.jpg",300,300,true],"medium_large":["https:\/\/www.sikortex.com\/wp-content\/uploads\/2023\/06\/9233997470_1202519561-1-768x768.jpg",768,768,true],"large":["https:\/\/www.sikortex.com\/wp-content\/uploads\/2023\/06\/9233997470_1202519561-1.jpg",1024,1024,false],"1536x1536":["https:\/\/www.sikortex.com\/wp-content\/uploads\/2023\/06\/9233997470_1202519561-1.jpg",1024,1024,false],"2048x2048":["https:\/\/www.sikortex.com\/wp-content\/uploads\/2023\/06\/9233997470_1202519561-1.jpg",1024,1024,false],"trp-custom-language-flag":["https:\/\/www.sikortex.com\/wp-content\/uploads\/2023\/06\/9233997470_1202519561-1.jpg",12,12,false],"woocommerce_thumbnail":["https:\/\/www.sikortex.com\/wp-content\/uploads\/2023\/06\/9233997470_1202519561-1-300x300.jpg",300,300,true],"woocommerce_single":["https:\/\/www.sikortex.com\/wp-content\/uploads\/2023\/06\/9233997470_1202519561-1-600x600.jpg",600,600,true],"woocommerce_gallery_thumbnail":["https:\/\/www.sikortex.com\/wp-content\/uploads\/2023\/06\/9233997470_1202519561-1-100x100.jpg",100,100,true]},"uagb_author_info":{"display_name":"Perry","author_link":"https:\/\/www.sikortex.com\/fr\/author\/"},"uagb_comment_info":0,"uagb_excerpt":"600 Meters(Min.Order)","_links":{"self":[{"href":"https:\/\/www.sikortex.com\/fr\/wp-json\/wp\/v2\/product\/4236","targetHints":{"allow":["GET"]}}],"collection":[{"href":"https:\/\/www.sikortex.com\/fr\/wp-json\/wp\/v2\/product"}],"about":[{"href":"https:\/\/www.sikortex.com\/fr\/wp-json\/wp\/v2\/types\/product"}],"replies":[{"embeddable":true,"href":"https:\/\/www.sikortex.com\/fr\/wp-json\/wp\/v2\/comments?post=4236"}],"wp:featuredmedia":[{"embeddable":true,"href":"https:\/\/www.sikortex.com\/fr\/wp-json\/wp\/v2\/media\/4250"}],"wp:attachment":[{"href":"https:\/\/www.sikortex.com\/fr\/wp-json\/wp\/v2\/media?parent=4236"}],"wp:term":[{"taxonomy":"product_brand","embeddable":true,"href":"https:\/\/www.sikortex.com\/fr\/wp-json\/wp\/v2\/product_brand?post=4236"},{"taxonomy":"product_cat","embeddable":true,"href":"https:\/\/www.sikortex.com\/fr\/wp-json\/wp\/v2\/product_cat?post=4236"},{"taxonomy":"product_tag","embeddable":true,"href":"https:\/\/www.sikortex.com\/fr\/wp-json\/wp\/v2\/product_tag?post=4236"}],"curies":[{"name":"wp","href":"https:\/\/api.w.org\/{rel}","templated":true}]}}