{"id":4180,"date":"2023-06-25T15:16:24","date_gmt":"2023-06-25T07:16:24","guid":{"rendered":"http:\/\/shihan.vihsu.com\/?post_type=product&#038;p=4180"},"modified":"2025-01-18T11:32:54","modified_gmt":"2025-01-18T03:32:54","slug":"nylon-320d-twill-four-way-stretch-lamine-tpu-tissu","status":"publish","type":"product","link":"https:\/\/www.sikortex.com\/fr\/produit\/nylon-320d-twill-four-way-stretch-lamine-tpu-tissu\/","title":{"rendered":"Tissu TPU lamin\u00e9 en nylon et \u00e9lasthanne 320D"},"content":{"rendered":"<h6>Fabricant de tissus performants SIKOR-TEX<\/h6>\n<p><a href=\"https:\/\/www.sikortex.com\/fr\/profil-de-lentreprise\/\"><span style=\"color: #3366ff;\">SIKOR-TEX<\/span><\/a> 320D <a href=\"https:\/\/www.sikortex.com\/fr\/fabricant-de-tissu-en-nylon\/\"><span style=\"color: #3366ff;\">Nylon<\/span><\/a> Tissu TPU lamin\u00e9 en \u00e9lasthanne, le compagnon id\u00e9al des amateurs de plein air et des aventuriers. Con\u00e7u avec pr\u00e9cision et innovation, ce tissu est con\u00e7u pour vous donner les moyens de vos aventures en alpinisme.<\/p>\n<p>Fabriqu\u00e9 \u00e0 partir d&#039;un m\u00e9lange haut de gamme de nylon et de lycra, notre tissu offre une extensibilit\u00e9 et une flexibilit\u00e9 exceptionnelles, garantissant un mouvement et une agilit\u00e9 sans restriction, m\u00eame sur les terrains les plus difficiles. Adoptez la libert\u00e9 de repousser vos limites tout en maintenant un confort optimal.<\/p>\n<p>Gr\u00e2ce \u00e0 ses propri\u00e9t\u00e9s avanc\u00e9es d&#039;\u00e9vacuation de l&#039;humidit\u00e9, notre tissu TPU vous garde au sec et \u00e0 l&#039;aise, permettant \u00e0 votre corps de respirer pendant les activit\u00e9s physiques intenses. Dites adieu \u00e0 l&#039;inconfort caus\u00e9 par la transpiration et bonjour \u00e0 des performances am\u00e9lior\u00e9es.<\/p>\n<p>La construction durable de notre tissu TPU garantit une usure et une <a href=\"\/fr\/fournisseur-de-tissu-ripstop\/\"><span style=\"color: #3366ff;\">r\u00e9sistance \u00e0 la d\u00e9chirure<\/span><\/a>, pour que vous puissiez conqu\u00e9rir des paysages accident\u00e9s en toute confiance. Il est con\u00e7u pour r\u00e9sister aux exigences de l&#039;alpinisme, offrant une durabilit\u00e9 sans compromettre le confort.<\/p>\n<p>Que vous ayez besoin de vestes, de pantalons ou d&#039;autres \u00e9quipements pour vos aventures d&#039;alpinisme, notre tissu d&#039;alpinisme en nylon lycra spandex est le choix parfait. D\u00e9couvrez le m\u00e9lange parfait de fonctionnalit\u00e9, de flexibilit\u00e9 et de performance, et \u00e9levez vos activit\u00e9s de plein air vers de nouveaux sommets. Choisissez notre tissu et lib\u00e9rez votre v\u00e9ritable potentiel en plein air.<\/p>\n<p>Extensible <span style=\"color: #3366ff;\"><a style=\"color: #3366ff;\" href=\"https:\/\/www.sikortex.com\/fr\/tissus-cordura\/\">cordura<\/a><\/span> tissu<\/p>","protected":false},"excerpt":{"rendered":"<p>1000 m\u00e8tres (commande minimum)<\/p>","protected":false},"featured_media":4183,"comment_status":"closed","ping_status":"closed","template":"","meta":{"_uag_custom_page_level_css":"","site-sidebar-layout":"default","site-content-layout":"default","ast-site-content-layout":"","site-content-style":"default","site-sidebar-style":"default","ast-global-header-display":"","ast-banner-title-visibility":"","ast-main-header-display":"","ast-hfb-above-header-display":"","ast-hfb-below-header-display":"","ast-hfb-mobile-header-display":"","site-post-title":"","ast-breadcrumbs-content":"","ast-featured-img":"","footer-sml-layout":"","theme-transparent-header-meta":"default","adv-header-id-meta":"","stick-header-meta":"default","header-above-stick-meta":"","header-main-stick-meta":"","header-below-stick-meta":"","astra-migrate-meta-layouts":"default","ast-page-background-enabled":"default","ast-page-background-meta":{"desktop":{"background-color":"","background-image":"","background-repeat":"repeat","background-position":"center center","background-size":"auto","background-attachment":"scroll","background-type":"","background-media":"","overlay-type":"","overlay-color":"","overlay-opacity":"","overlay-gradient":""},"tablet":{"background-color":"","background-image":"","background-repeat":"repeat","background-position":"center center","background-size":"auto","background-attachment":"scroll","background-type":"","background-media":"","overlay-type":"","overlay-color":"","overlay-opacity":"","overlay-gradient":""},"mobile":{"background-color":"","background-image":"","background-repeat":"repeat","background-position":"center center","background-size":"auto","background-attachment":"scroll","background-type":"","background-media":"","overlay-type":"","overlay-color":"","overlay-opacity":"","overlay-gradient":""}},"ast-content-background-meta":{"desktop":{"background-color":"var(--ast-global-color-5)","background-image":"","background-repeat":"repeat","background-position":"center center","background-size":"auto","background-attachment":"scroll","background-type":"","background-media":"","overlay-type":"","overlay-color":"","overlay-opacity":"","overlay-gradient":""},"tablet":{"background-color":"var(--ast-global-color-5)","background-image":"","background-repeat":"repeat","background-position":"center center","background-size":"auto","background-attachment":"scroll","background-type":"","background-media":"","overlay-type":"","overlay-color":"","overlay-opacity":"","overlay-gradient":""},"mobile":{"background-color":"var(--ast-global-color-5)","background-image":"","background-repeat":"repeat","background-position":"center center","background-size":"auto","background-attachment":"scroll","background-type":"","background-media":"","overlay-type":"","overlay-color":"","overlay-opacity":"","overlay-gradient":""}}},"product_brand":[],"product_cat":[431,423,428,421,404,420,414],"product_tag":[],"class_list":{"0":"post-4180","1":"product","2":"type-product","3":"status-publish","4":"has-post-thumbnail","6":"product_cat-fabric-for-commuting-clothing","7":"product_cat-fabric-for-military-police","8":"product_cat-fabric-for-outdoor-sports","9":"product_cat-foul-weather-fabrics","10":"product_cat-nylon-fabrics","11":"product_cat-stretch-fabrics","12":"product_cat-waterproof-fabrics","13":"pa_available_colors-911052-spc","14":"desktop-align-left","15":"tablet-align-left","16":"mobile-align-left","17":"ast-product-gallery-layout-vertical-slider","18":"ast-product-tabs-layout-horizontal","20":"first","21":"instock","22":"shipping-taxable","23":"product-type-simple"},"uagb_featured_image_src":{"full":["https:\/\/www.sikortex.com\/wp-content\/uploads\/2023\/06\/O1CN01C4pMgG1zLHBenx7CU_956506697-0-cib.jpg",1024,1024,false],"thumbnail":["https:\/\/www.sikortex.com\/wp-content\/uploads\/2023\/06\/O1CN01C4pMgG1zLHBenx7CU_956506697-0-cib-150x150.jpg",150,150,true],"medium":["https:\/\/www.sikortex.com\/wp-content\/uploads\/2023\/06\/O1CN01C4pMgG1zLHBenx7CU_956506697-0-cib-300x300.jpg",300,300,true],"medium_large":["https:\/\/www.sikortex.com\/wp-content\/uploads\/2023\/06\/O1CN01C4pMgG1zLHBenx7CU_956506697-0-cib-768x768.jpg",768,768,true],"large":["https:\/\/www.sikortex.com\/wp-content\/uploads\/2023\/06\/O1CN01C4pMgG1zLHBenx7CU_956506697-0-cib.jpg",1024,1024,false],"1536x1536":["https:\/\/www.sikortex.com\/wp-content\/uploads\/2023\/06\/O1CN01C4pMgG1zLHBenx7CU_956506697-0-cib.jpg",1024,1024,false],"2048x2048":["https:\/\/www.sikortex.com\/wp-content\/uploads\/2023\/06\/O1CN01C4pMgG1zLHBenx7CU_956506697-0-cib.jpg",1024,1024,false],"trp-custom-language-flag":["https:\/\/www.sikortex.com\/wp-content\/uploads\/2023\/06\/O1CN01C4pMgG1zLHBenx7CU_956506697-0-cib.jpg",12,12,false],"woocommerce_thumbnail":["https:\/\/www.sikortex.com\/wp-content\/uploads\/2023\/06\/O1CN01C4pMgG1zLHBenx7CU_956506697-0-cib-300x300.jpg",300,300,true],"woocommerce_single":["https:\/\/www.sikortex.com\/wp-content\/uploads\/2023\/06\/O1CN01C4pMgG1zLHBenx7CU_956506697-0-cib-600x600.jpg",600,600,true],"woocommerce_gallery_thumbnail":["https:\/\/www.sikortex.com\/wp-content\/uploads\/2023\/06\/O1CN01C4pMgG1zLHBenx7CU_956506697-0-cib-100x100.jpg",100,100,true]},"uagb_author_info":{"display_name":"Perry","author_link":"https:\/\/www.sikortex.com\/fr\/author\/"},"uagb_comment_info":0,"uagb_excerpt":"1000 Meters(Min.Order)","_links":{"self":[{"href":"https:\/\/www.sikortex.com\/fr\/wp-json\/wp\/v2\/product\/4180","targetHints":{"allow":["GET"]}}],"collection":[{"href":"https:\/\/www.sikortex.com\/fr\/wp-json\/wp\/v2\/product"}],"about":[{"href":"https:\/\/www.sikortex.com\/fr\/wp-json\/wp\/v2\/types\/product"}],"replies":[{"embeddable":true,"href":"https:\/\/www.sikortex.com\/fr\/wp-json\/wp\/v2\/comments?post=4180"}],"wp:featuredmedia":[{"embeddable":true,"href":"https:\/\/www.sikortex.com\/fr\/wp-json\/wp\/v2\/media\/4183"}],"wp:attachment":[{"href":"https:\/\/www.sikortex.com\/fr\/wp-json\/wp\/v2\/media?parent=4180"}],"wp:term":[{"taxonomy":"product_brand","embeddable":true,"href":"https:\/\/www.sikortex.com\/fr\/wp-json\/wp\/v2\/product_brand?post=4180"},{"taxonomy":"product_cat","embeddable":true,"href":"https:\/\/www.sikortex.com\/fr\/wp-json\/wp\/v2\/product_cat?post=4180"},{"taxonomy":"product_tag","embeddable":true,"href":"https:\/\/www.sikortex.com\/fr\/wp-json\/wp\/v2\/product_tag?post=4180"}],"curies":[{"name":"wp","href":"https:\/\/api.w.org\/{rel}","templated":true}]}}