{"id":4168,"date":"2023-06-25T15:08:36","date_gmt":"2023-06-25T07:08:36","guid":{"rendered":"http:\/\/shihan.vihsu.com\/?post_type=product&#038;p=4168"},"modified":"2025-02-17T17:44:50","modified_gmt":"2025-02-17T09:44:50","slug":"polyester-600d750d-rayure-jacquard-oxford","status":"publish","type":"product","link":"https:\/\/www.sikortex.com\/fr\/produit\/polyester-600d750d-rayure-jacquard-oxford\/","title":{"rendered":"Polyester 600D*750D Stripe Jacquard Oxford Fabric For Horse Blanket (Tissu Oxford \u00e0 rayures Jacquard pour couverture de cheval)"},"content":{"rendered":"<p>SIKOR-TEX Polyester 600D*750D Stripe Jacquard Oxford Fabric for Horse Blanket est un tissu de haute qualit\u00e9, adapt\u00e9 aux v\u00eatements de moto, aux uniformes de patrouille, aux v\u00eatements de travail de plein air et \u00e0 d'autres domaines. Il est durable, imperm\u00e9able et respirant, et peut \u00eatre utilis\u00e9 dans divers environnements difficiles.<\/p>\n<p>Pour les combinaisons de moto et les uniformes de patrouille, la durabilit\u00e9 et la performance imperm\u00e9able du Polyester Jacquard Oxford sont essentielles. Les combinaisons de moto et les uniformes de police n\u00e9cessitent des mat\u00e9riaux capables de r\u00e9sister \u00e0 une vari\u00e9t\u00e9 de d\u00e9fis environnementaux et physiques, tout en \u00e9tant imperm\u00e9ables et coupe-vent. Le polyester Jacquard Oxford est non seulement solide et durable, mais \u00e9galement imperm\u00e9able et respirant pour garantir que le porteur reste au sec et \u00e0 l&#039;aise.<\/p>\n<p>Dans le domaine des v\u00eatements de travail en ext\u00e9rieur, le tissu Polyester Oxford est \u00e9galement un mat\u00e9riau id\u00e9al. Les v\u00eatements de travail ext\u00e9rieurs doivent \u00eatre durables, imperm\u00e9ables et respirants pour prot\u00e9ger la s\u00e9curit\u00e9 et la sant\u00e9 des travailleurs. De plus, le mat\u00e9riau peut \u00e9galement \u00eatre enduit selon diff\u00e9rents besoins pour augmenter son imperm\u00e9abilit\u00e9 et sa durabilit\u00e9.<\/p>\n<p><span style=\"color: #3366ff;\"><a style=\"color: #3366ff;\" href=\"https:\/\/www.sikortex.com\/fr\/trouveur-de-tissu\/\">Recherche de tissus<\/a><\/span><\/p>","protected":false},"excerpt":{"rendered":"<p>600 m\u00e8tres (Min.Order)<\/p>","protected":false},"featured_media":4169,"comment_status":"closed","ping_status":"closed","template":"","meta":{"_uag_custom_page_level_css":"","site-sidebar-layout":"default","site-content-layout":"default","ast-site-content-layout":"","site-content-style":"default","site-sidebar-style":"default","ast-global-header-display":"","ast-banner-title-visibility":"","ast-main-header-display":"","ast-hfb-above-header-display":"","ast-hfb-below-header-display":"","ast-hfb-mobile-header-display":"","site-post-title":"","ast-breadcrumbs-content":"","ast-featured-img":"","footer-sml-layout":"","theme-transparent-header-meta":"default","adv-header-id-meta":"","stick-header-meta":"default","header-above-stick-meta":"","header-main-stick-meta":"","header-below-stick-meta":"","astra-migrate-meta-layouts":"default","ast-page-background-enabled":"default","ast-page-background-meta":{"desktop":{"background-color":"","background-image":"","background-repeat":"repeat","background-position":"center center","background-size":"auto","background-attachment":"scroll","background-type":"","background-media":"","overlay-type":"","overlay-color":"","overlay-opacity":"","overlay-gradient":""},"tablet":{"background-color":"","background-image":"","background-repeat":"repeat","background-position":"center center","background-size":"auto","background-attachment":"scroll","background-type":"","background-media":"","overlay-type":"","overlay-color":"","overlay-opacity":"","overlay-gradient":""},"mobile":{"background-color":"","background-image":"","background-repeat":"repeat","background-position":"center center","background-size":"auto","background-attachment":"scroll","background-type":"","background-media":"","overlay-type":"","overlay-color":"","overlay-opacity":"","overlay-gradient":""}},"ast-content-background-meta":{"desktop":{"background-color":"var(--ast-global-color-5)","background-image":"","background-repeat":"repeat","background-position":"center center","background-size":"auto","background-attachment":"scroll","background-type":"","background-media":"","overlay-type":"","overlay-color":"","overlay-opacity":"","overlay-gradient":""},"tablet":{"background-color":"var(--ast-global-color-5)","background-image":"","background-repeat":"repeat","background-position":"center center","background-size":"auto","background-attachment":"scroll","background-type":"","background-media":"","overlay-type":"","overlay-color":"","overlay-opacity":"","overlay-gradient":""},"mobile":{"background-color":"var(--ast-global-color-5)","background-image":"","background-repeat":"repeat","background-position":"center center","background-size":"auto","background-attachment":"scroll","background-type":"","background-media":"","overlay-type":"","overlay-color":"","overlay-opacity":"","overlay-gradient":""}}},"product_brand":[],"product_cat":[1206,1183,430,432,1184,403,433,414],"product_tag":[],"class_list":{"0":"post-4168","1":"product","2":"type-product","3":"status-publish","4":"has-post-thumbnail","6":"product_cat-fabric-for-bag","7":"product_cat-fabric-for-horse-blankets","8":"product_cat-fabric-for-motorwear","9":"product_cat-fabric-for-tent","10":"product_cat-oxford-fabric","11":"product_cat-polyester-fabrics","12":"product_cat-textile-for-industrial","13":"product_cat-waterproof-fabrics","14":"pa_available_colors-1526-05","15":"pa_available_colors-1526-07","16":"pa_available_colors-1526-08","17":"pa_available_colors-8236-2","18":"pa_available_colors-8236-9","19":"pa_available_colors-911052-spc","20":"desktop-align-left","21":"tablet-align-left","22":"mobile-align-left","23":"ast-product-gallery-layout-vertical-slider","24":"ast-product-tabs-layout-horizontal","26":"first","27":"instock","28":"shipping-taxable","29":"product-type-simple"},"uagb_featured_image_src":{"full":["https:\/\/www.sikortex.com\/wp-content\/uploads\/2023\/06\/O1CN01zpS3xR1zLH7zaG7xW_956506697-0-cib.jpg",1024,1024,false],"thumbnail":["https:\/\/www.sikortex.com\/wp-content\/uploads\/2023\/06\/O1CN01zpS3xR1zLH7zaG7xW_956506697-0-cib-150x150.jpg",150,150,true],"medium":["https:\/\/www.sikortex.com\/wp-content\/uploads\/2023\/06\/O1CN01zpS3xR1zLH7zaG7xW_956506697-0-cib-300x300.jpg",300,300,true],"medium_large":["https:\/\/www.sikortex.com\/wp-content\/uploads\/2023\/06\/O1CN01zpS3xR1zLH7zaG7xW_956506697-0-cib-768x768.jpg",768,768,true],"large":["https:\/\/www.sikortex.com\/wp-content\/uploads\/2023\/06\/O1CN01zpS3xR1zLH7zaG7xW_956506697-0-cib.jpg",1024,1024,false],"1536x1536":["https:\/\/www.sikortex.com\/wp-content\/uploads\/2023\/06\/O1CN01zpS3xR1zLH7zaG7xW_956506697-0-cib.jpg",1024,1024,false],"2048x2048":["https:\/\/www.sikortex.com\/wp-content\/uploads\/2023\/06\/O1CN01zpS3xR1zLH7zaG7xW_956506697-0-cib.jpg",1024,1024,false],"trp-custom-language-flag":["https:\/\/www.sikortex.com\/wp-content\/uploads\/2023\/06\/O1CN01zpS3xR1zLH7zaG7xW_956506697-0-cib.jpg",12,12,false],"woocommerce_thumbnail":["https:\/\/www.sikortex.com\/wp-content\/uploads\/2023\/06\/O1CN01zpS3xR1zLH7zaG7xW_956506697-0-cib-300x300.jpg",300,300,true],"woocommerce_single":["https:\/\/www.sikortex.com\/wp-content\/uploads\/2023\/06\/O1CN01zpS3xR1zLH7zaG7xW_956506697-0-cib-600x600.jpg",600,600,true],"woocommerce_gallery_thumbnail":["https:\/\/www.sikortex.com\/wp-content\/uploads\/2023\/06\/O1CN01zpS3xR1zLH7zaG7xW_956506697-0-cib-100x100.jpg",100,100,true]},"uagb_author_info":{"display_name":"Perry","author_link":"https:\/\/www.sikortex.com\/fr\/author\/"},"uagb_comment_info":0,"uagb_excerpt":"600 Meters(Min.Order)","_links":{"self":[{"href":"https:\/\/www.sikortex.com\/fr\/wp-json\/wp\/v2\/product\/4168","targetHints":{"allow":["GET"]}}],"collection":[{"href":"https:\/\/www.sikortex.com\/fr\/wp-json\/wp\/v2\/product"}],"about":[{"href":"https:\/\/www.sikortex.com\/fr\/wp-json\/wp\/v2\/types\/product"}],"replies":[{"embeddable":true,"href":"https:\/\/www.sikortex.com\/fr\/wp-json\/wp\/v2\/comments?post=4168"}],"wp:featuredmedia":[{"embeddable":true,"href":"https:\/\/www.sikortex.com\/fr\/wp-json\/wp\/v2\/media\/4169"}],"wp:attachment":[{"href":"https:\/\/www.sikortex.com\/fr\/wp-json\/wp\/v2\/media?parent=4168"}],"wp:term":[{"taxonomy":"product_brand","embeddable":true,"href":"https:\/\/www.sikortex.com\/fr\/wp-json\/wp\/v2\/product_brand?post=4168"},{"taxonomy":"product_cat","embeddable":true,"href":"https:\/\/www.sikortex.com\/fr\/wp-json\/wp\/v2\/product_cat?post=4168"},{"taxonomy":"product_tag","embeddable":true,"href":"https:\/\/www.sikortex.com\/fr\/wp-json\/wp\/v2\/product_tag?post=4168"}],"curies":[{"name":"wp","href":"https:\/\/api.w.org\/{rel}","templated":true}]}}