{"id":4127,"date":"2023-06-25T10:16:56","date_gmt":"2023-06-25T02:16:56","guid":{"rendered":"http:\/\/shihan.vihsu.com\/?post_type=product&#038;p=4127"},"modified":"2025-01-09T10:18:59","modified_gmt":"2025-01-09T02:18:59","slug":"nylon-500d-5mm-tissu-a-carreaux","status":"publish","type":"product","link":"https:\/\/www.sikortex.com\/fr\/produit\/nylon-500d-5mm-tissu-a-carreaux\/","title":{"rendered":"Tissu Cordura balistique \u00e0 carreaux en nylon 500D 5 mm"},"content":{"rendered":"<p><a href=\"https:\/\/www.sikortex.com\/fr\/fabricant-de-tissu-en-nylon\/\"><span style=\"color: #3366ff;\">Nylon<\/span><\/a> 500D 5 mm V\u00e9rification balistique <a href=\"https:\/\/www.sikortex.com\/fr\/tissus-cordura\/\"><span style=\"color: #3366ff;\">Cordura<\/span><\/a> Le tissu est un mat\u00e9riau haute performance couramment utilis\u00e9 dans la fabrication de sacs, de sacs \u00e0 dos, de mat\u00e9riel de camping et d&#039;autres \u00e9quipements de plein air. Durable et polyvalent, il r\u00e9siste aux rigueurs d&#039;une utilisation en ext\u00e9rieur, notamment \u00e0 l&#039;usure et aux intemp\u00e9ries. <a href=\"https:\/\/www.sikortex.com\/fr\/fabricant-de-tissu-en-nylon\/\"><span style=\"color: #3366ff;\">Nylon<\/span><\/a> Le tissu \u00e0 carreaux 500D 5 mm peut \u00e9galement \u00eatre utilis\u00e9 pour fabriquer <a href=\"https:\/\/www.sikortex.com\/fr\/tissu-militaire-tissu-ripstop\/\"><span style=\"color: #3366ff;\">militaire<\/span><\/a> v\u00eatements et <a href=\"https:\/\/www.sikortex.com\/fr\/tissu-militaire-tissu-ripstop\/\"><span style=\"color: #3366ff;\">militaire<\/span><\/a> \u00c9quipements de plein air. Sa durabilit\u00e9 et sa r\u00e9sistance aux intemp\u00e9ries en font un mat\u00e9riau id\u00e9al pour les produits n\u00e9cessitant des tissus haute performance.<\/p>\n<p><a href=\"https:\/\/www.sikortex.com\/fr\/tissu-militaire-tissu-ripstop\/\"><span style=\"color: #3366ff;\">Militaire<\/span><\/a> Les v\u00eatements et \u00e9quipements n\u00e9cessitent des mat\u00e9riaux de haute performance capables de r\u00e9sister aux environnements difficiles et d&#039;assurer la protection des soldats. <a href=\"https:\/\/www.sikortex.com\/fr\/fabricant-de-tissu-en-nylon\/\"><span style=\"color: #3366ff;\">Nylon<\/span><\/a> Le tissu \u00e0 carreaux 500D 5 mm est un mat\u00e9riau adapt\u00e9 pour <a href=\"https:\/\/www.sikortex.com\/fr\/tissu-militaire-tissu-ripstop\/\"><span style=\"color: #3366ff;\">militaire<\/span><\/a> v\u00eatements et \u00e9quipements en raison de leur durabilit\u00e9, de leur r\u00e9sistance \u00e0 l&#039;abrasion et \u00e0 la d\u00e9chirure et de leur capacit\u00e9 \u00e0 r\u00e9sister \u00e0 l&#039;exposition aux \u00e9l\u00e9ments.<\/p>\n<p>En plus de <a href=\"https:\/\/www.sikortex.com\/fr\/tissu-militaire-tissu-ripstop\/\"><span style=\"color: #3366ff;\">militaire<\/span><\/a> v\u00eatements, il peut \u00e9galement \u00eatre utilis\u00e9 pour fabriquer des sacs \u00e0 dos, <a href=\"https:\/\/www.sikortex.com\/fr\/fabricants-de-toiles-de-tente\/\"><span style=\"color: #3366ff;\">tentes<\/span><\/a>, et autres <a href=\"https:\/\/www.sikortex.com\/fr\/tissu-militaire-tissu-ripstop\/\"><span style=\"color: #3366ff;\">militaire<\/span><\/a> \u00e9quipement. La durabilit\u00e9 du tissu et sa r\u00e9sistance \u00e0 l&#039;abrasion et \u00e0 la d\u00e9chirure le rendent adapt\u00e9 \u00e0 ces applications. <a href=\"https:\/\/www.sikortex.com\/fr\/nylon-coton-tissu-ripstop-coupe-vent-tissu-3\/\"><span style=\"color: #3366ff;\">l\u00e9ger<\/span><\/a> La nature du tissu peut \u00e9galement r\u00e9duire la charge sur l&#039;\u00e9quipement, ce qui permet aux soldats de transporter plus facilement l&#039;\u00e9quipement lors de l&#039;ex\u00e9cution de leurs t\u00e2ches.<\/p>","protected":false},"excerpt":{"rendered":"<p>600 m\u00e8tres (Min.Order)<\/p>","protected":false},"featured_media":4128,"comment_status":"closed","ping_status":"closed","template":"","meta":{"_uag_custom_page_level_css":"","site-sidebar-layout":"default","site-content-layout":"default","ast-site-content-layout":"","site-content-style":"default","site-sidebar-style":"default","ast-global-header-display":"","ast-banner-title-visibility":"","ast-main-header-display":"","ast-hfb-above-header-display":"","ast-hfb-below-header-display":"","ast-hfb-mobile-header-display":"","site-post-title":"","ast-breadcrumbs-content":"","ast-featured-img":"","footer-sml-layout":"","theme-transparent-header-meta":"default","adv-header-id-meta":"","stick-header-meta":"default","header-above-stick-meta":"","header-main-stick-meta":"","header-below-stick-meta":"","astra-migrate-meta-layouts":"default","ast-page-background-enabled":"default","ast-page-background-meta":{"desktop":{"background-color":"","background-image":"","background-repeat":"repeat","background-position":"center center","background-size":"auto","background-attachment":"scroll","background-type":"","background-media":"","overlay-type":"","overlay-color":"","overlay-opacity":"","overlay-gradient":""},"tablet":{"background-color":"","background-image":"","background-repeat":"repeat","background-position":"center center","background-size":"auto","background-attachment":"scroll","background-type":"","background-media":"","overlay-type":"","overlay-color":"","overlay-opacity":"","overlay-gradient":""},"mobile":{"background-color":"","background-image":"","background-repeat":"repeat","background-position":"center center","background-size":"auto","background-attachment":"scroll","background-type":"","background-media":"","overlay-type":"","overlay-color":"","overlay-opacity":"","overlay-gradient":""}},"ast-content-background-meta":{"desktop":{"background-color":"var(--ast-global-color-5)","background-image":"","background-repeat":"repeat","background-position":"center center","background-size":"auto","background-attachment":"scroll","background-type":"","background-media":"","overlay-type":"","overlay-color":"","overlay-opacity":"","overlay-gradient":""},"tablet":{"background-color":"var(--ast-global-color-5)","background-image":"","background-repeat":"repeat","background-position":"center center","background-size":"auto","background-attachment":"scroll","background-type":"","background-media":"","overlay-type":"","overlay-color":"","overlay-opacity":"","overlay-gradient":""},"mobile":{"background-color":"var(--ast-global-color-5)","background-image":"","background-repeat":"repeat","background-position":"center center","background-size":"auto","background-attachment":"scroll","background-type":"","background-media":"","overlay-type":"","overlay-color":"","overlay-opacity":"","overlay-gradient":""}}},"product_brand":[],"product_cat":[423,430,404],"product_tag":[],"class_list":{"0":"post-4127","1":"product","2":"type-product","3":"status-publish","4":"has-post-thumbnail","6":"product_cat-fabric-for-military-police","7":"product_cat-fabric-for-motorwear","8":"product_cat-nylon-fabrics","9":"pa_available_colors-911052-spc","10":"desktop-align-left","11":"tablet-align-left","12":"mobile-align-left","13":"ast-product-gallery-layout-vertical-slider","14":"ast-product-tabs-layout-horizontal","16":"first","17":"instock","18":"shipping-taxable","19":"product-type-simple"},"uagb_featured_image_src":{"full":["https:\/\/www.sikortex.com\/wp-content\/uploads\/2023\/06\/O1CN01M23KH41Bs2g30b9Zb_0-0-cib.jpg",1024,1024,false],"thumbnail":["https:\/\/www.sikortex.com\/wp-content\/uploads\/2023\/06\/O1CN01M23KH41Bs2g30b9Zb_0-0-cib-150x150.jpg",150,150,true],"medium":["https:\/\/www.sikortex.com\/wp-content\/uploads\/2023\/06\/O1CN01M23KH41Bs2g30b9Zb_0-0-cib-300x300.jpg",300,300,true],"medium_large":["https:\/\/www.sikortex.com\/wp-content\/uploads\/2023\/06\/O1CN01M23KH41Bs2g30b9Zb_0-0-cib-768x768.jpg",768,768,true],"large":["https:\/\/www.sikortex.com\/wp-content\/uploads\/2023\/06\/O1CN01M23KH41Bs2g30b9Zb_0-0-cib.jpg",1024,1024,false],"1536x1536":["https:\/\/www.sikortex.com\/wp-content\/uploads\/2023\/06\/O1CN01M23KH41Bs2g30b9Zb_0-0-cib.jpg",1024,1024,false],"2048x2048":["https:\/\/www.sikortex.com\/wp-content\/uploads\/2023\/06\/O1CN01M23KH41Bs2g30b9Zb_0-0-cib.jpg",1024,1024,false],"trp-custom-language-flag":["https:\/\/www.sikortex.com\/wp-content\/uploads\/2023\/06\/O1CN01M23KH41Bs2g30b9Zb_0-0-cib.jpg",12,12,false],"woocommerce_thumbnail":["https:\/\/www.sikortex.com\/wp-content\/uploads\/2023\/06\/O1CN01M23KH41Bs2g30b9Zb_0-0-cib-300x300.jpg",300,300,true],"woocommerce_single":["https:\/\/www.sikortex.com\/wp-content\/uploads\/2023\/06\/O1CN01M23KH41Bs2g30b9Zb_0-0-cib-600x600.jpg",600,600,true],"woocommerce_gallery_thumbnail":["https:\/\/www.sikortex.com\/wp-content\/uploads\/2023\/06\/O1CN01M23KH41Bs2g30b9Zb_0-0-cib-100x100.jpg",100,100,true]},"uagb_author_info":{"display_name":"Perry","author_link":"https:\/\/www.sikortex.com\/fr\/author\/"},"uagb_comment_info":0,"uagb_excerpt":"600 Meters(Min.Order)","_links":{"self":[{"href":"https:\/\/www.sikortex.com\/fr\/wp-json\/wp\/v2\/product\/4127","targetHints":{"allow":["GET"]}}],"collection":[{"href":"https:\/\/www.sikortex.com\/fr\/wp-json\/wp\/v2\/product"}],"about":[{"href":"https:\/\/www.sikortex.com\/fr\/wp-json\/wp\/v2\/types\/product"}],"replies":[{"embeddable":true,"href":"https:\/\/www.sikortex.com\/fr\/wp-json\/wp\/v2\/comments?post=4127"}],"wp:featuredmedia":[{"embeddable":true,"href":"https:\/\/www.sikortex.com\/fr\/wp-json\/wp\/v2\/media\/4128"}],"wp:attachment":[{"href":"https:\/\/www.sikortex.com\/fr\/wp-json\/wp\/v2\/media?parent=4127"}],"wp:term":[{"taxonomy":"product_brand","embeddable":true,"href":"https:\/\/www.sikortex.com\/fr\/wp-json\/wp\/v2\/product_brand?post=4127"},{"taxonomy":"product_cat","embeddable":true,"href":"https:\/\/www.sikortex.com\/fr\/wp-json\/wp\/v2\/product_cat?post=4127"},{"taxonomy":"product_tag","embeddable":true,"href":"https:\/\/www.sikortex.com\/fr\/wp-json\/wp\/v2\/product_tag?post=4127"}],"curies":[{"name":"wp","href":"https:\/\/api.w.org\/{rel}","templated":true}]}}