{"id":4119,"date":"2023-06-25T10:08:20","date_gmt":"2023-06-25T02:08:20","guid":{"rendered":"http:\/\/shihan.vihsu.com\/?post_type=product&#038;p=4119"},"modified":"2023-10-19T10:26:17","modified_gmt":"2023-10-19T02:26:17","slug":"nylon-450d-taslon","status":"publish","type":"product","link":"https:\/\/www.sikortex.com\/fr\/produit\/nylon-450d-taslon\/","title":{"rendered":"Tissu Taslon en nylon r\u00e9sistant \u00e0 l&#039;abrasion en toile 450D"},"content":{"rendered":"<p>Fabricant de tissus performants SIKOR-TEX<\/p>\n<p>Le tissu Taslon en nylon r\u00e9sistant \u00e0 l&#039;abrasion en toile 450D est un tissu r\u00e9sistant \u00e0 l&#039;abrasion de haute performance couramment utilis\u00e9 dans les v\u00eatements d&#039;ext\u00e9rieur et les \u00e9quipements de sport tels que les combinaisons d&#039;alpinisme, les imperm\u00e9ables, les coupe-vent, les sacs \u00e0 dos et les v\u00eatements de travail durables. Il pr\u00e9sente une excellente r\u00e9sistance \u00e0 l&#039;abrasion, \u00e0 la d\u00e9chirure et \u00e0 la durabilit\u00e9, ainsi que des propri\u00e9t\u00e9s imperm\u00e9ables, respirantes et confortables.<\/p>\n<p>Le tissu en nylon Taslan 450D est plus \u00e9pais et plus durable pour les v\u00eatements de travail qui n\u00e9cessitent une r\u00e9sistance et une protection suppl\u00e9mentaires. Sa texture unique augmente \u00e9galement la r\u00e9sistance \u00e0 l&#039;abrasion et \u00e0 la d\u00e9chirure du tissu, ce qui le rend id\u00e9al pour les conditions de travail difficiles.<\/p>\n<p>En plus des v\u00eatements de sport et de travail en plein air, les tissus Taslan peuvent \u00e9galement \u00eatre utilis\u00e9s dans d&#039;autres industries, telles que l&#039;automobile, l&#039;aviation et d&#039;autres industries. Ses excellentes propri\u00e9t\u00e9s en termes de r\u00e9sistance \u00e0 l&#039;eau, de respirabilit\u00e9 et de durabilit\u00e9 en font un mat\u00e9riau id\u00e9al pour les applications n\u00e9cessitant des tissus performants tels que les housses de si\u00e8ge de voiture et les housses de si\u00e8ge d&#039;avion.<\/p>","protected":false},"excerpt":{"rendered":"<p>800 m\u00e8tres (commande minimum)<\/p>","protected":false},"featured_media":4120,"comment_status":"closed","ping_status":"closed","template":"","meta":{"_uag_custom_page_level_css":"","site-sidebar-layout":"default","site-content-layout":"default","ast-site-content-layout":"","site-content-style":"default","site-sidebar-style":"default","ast-global-header-display":"","ast-banner-title-visibility":"","ast-main-header-display":"","ast-hfb-above-header-display":"","ast-hfb-below-header-display":"","ast-hfb-mobile-header-display":"","site-post-title":"","ast-breadcrumbs-content":"","ast-featured-img":"","footer-sml-layout":"","theme-transparent-header-meta":"default","adv-header-id-meta":"","stick-header-meta":"default","header-above-stick-meta":"","header-main-stick-meta":"","header-below-stick-meta":"","astra-migrate-meta-layouts":"default","ast-page-background-enabled":"default","ast-page-background-meta":{"desktop":{"background-color":"","background-image":"","background-repeat":"repeat","background-position":"center center","background-size":"auto","background-attachment":"scroll","background-type":"","background-media":"","overlay-type":"","overlay-color":"","overlay-opacity":"","overlay-gradient":""},"tablet":{"background-color":"","background-image":"","background-repeat":"repeat","background-position":"center center","background-size":"auto","background-attachment":"scroll","background-type":"","background-media":"","overlay-type":"","overlay-color":"","overlay-opacity":"","overlay-gradient":""},"mobile":{"background-color":"","background-image":"","background-repeat":"repeat","background-position":"center center","background-size":"auto","background-attachment":"scroll","background-type":"","background-media":"","overlay-type":"","overlay-color":"","overlay-opacity":"","overlay-gradient":""}},"ast-content-background-meta":{"desktop":{"background-color":"var(--ast-global-color-5)","background-image":"","background-repeat":"repeat","background-position":"center center","background-size":"auto","background-attachment":"scroll","background-type":"","background-media":"","overlay-type":"","overlay-color":"","overlay-opacity":"","overlay-gradient":""},"tablet":{"background-color":"var(--ast-global-color-5)","background-image":"","background-repeat":"repeat","background-position":"center center","background-size":"auto","background-attachment":"scroll","background-type":"","background-media":"","overlay-type":"","overlay-color":"","overlay-opacity":"","overlay-gradient":""},"mobile":{"background-color":"var(--ast-global-color-5)","background-image":"","background-repeat":"repeat","background-position":"center center","background-size":"auto","background-attachment":"scroll","background-type":"","background-media":"","overlay-type":"","overlay-color":"","overlay-opacity":"","overlay-gradient":""}}},"product_brand":[],"product_cat":[426,423,430,432,404],"product_tag":[],"class_list":{"0":"post-4119","1":"product","2":"type-product","3":"status-publish","4":"has-post-thumbnail","6":"product_cat-constructionmining","7":"product_cat-fabric-for-military-police","8":"product_cat-fabric-for-motorwear","9":"product_cat-fabric-for-tent","10":"product_cat-nylon-fabrics","11":"pa_available_colors-1526-35","12":"desktop-align-left","13":"tablet-align-left","14":"mobile-align-left","15":"ast-product-gallery-layout-vertical-slider","16":"ast-product-tabs-layout-horizontal","18":"first","19":"instock","20":"shipping-taxable","21":"product-type-simple"},"uagb_featured_image_src":{"full":["https:\/\/www.sikortex.com\/wp-content\/uploads\/2023\/06\/O1CN01ZqrRDf1JA5cW33Km9_3828250987-0-cib.jpg",1024,1024,false],"thumbnail":["https:\/\/www.sikortex.com\/wp-content\/uploads\/2023\/06\/O1CN01ZqrRDf1JA5cW33Km9_3828250987-0-cib-150x150.jpg",150,150,true],"medium":["https:\/\/www.sikortex.com\/wp-content\/uploads\/2023\/06\/O1CN01ZqrRDf1JA5cW33Km9_3828250987-0-cib-300x300.jpg",300,300,true],"medium_large":["https:\/\/www.sikortex.com\/wp-content\/uploads\/2023\/06\/O1CN01ZqrRDf1JA5cW33Km9_3828250987-0-cib-768x768.jpg",768,768,true],"large":["https:\/\/www.sikortex.com\/wp-content\/uploads\/2023\/06\/O1CN01ZqrRDf1JA5cW33Km9_3828250987-0-cib.jpg",1024,1024,false],"1536x1536":["https:\/\/www.sikortex.com\/wp-content\/uploads\/2023\/06\/O1CN01ZqrRDf1JA5cW33Km9_3828250987-0-cib.jpg",1024,1024,false],"2048x2048":["https:\/\/www.sikortex.com\/wp-content\/uploads\/2023\/06\/O1CN01ZqrRDf1JA5cW33Km9_3828250987-0-cib.jpg",1024,1024,false],"trp-custom-language-flag":["https:\/\/www.sikortex.com\/wp-content\/uploads\/2023\/06\/O1CN01ZqrRDf1JA5cW33Km9_3828250987-0-cib.jpg",12,12,false],"woocommerce_thumbnail":["https:\/\/www.sikortex.com\/wp-content\/uploads\/2023\/06\/O1CN01ZqrRDf1JA5cW33Km9_3828250987-0-cib-300x300.jpg",300,300,true],"woocommerce_single":["https:\/\/www.sikortex.com\/wp-content\/uploads\/2023\/06\/O1CN01ZqrRDf1JA5cW33Km9_3828250987-0-cib-600x600.jpg",600,600,true],"woocommerce_gallery_thumbnail":["https:\/\/www.sikortex.com\/wp-content\/uploads\/2023\/06\/O1CN01ZqrRDf1JA5cW33Km9_3828250987-0-cib-100x100.jpg",100,100,true]},"uagb_author_info":{"display_name":"Perry","author_link":"https:\/\/www.sikortex.com\/fr\/author\/"},"uagb_comment_info":0,"uagb_excerpt":"800 Meters(Min.Order)","_links":{"self":[{"href":"https:\/\/www.sikortex.com\/fr\/wp-json\/wp\/v2\/product\/4119","targetHints":{"allow":["GET"]}}],"collection":[{"href":"https:\/\/www.sikortex.com\/fr\/wp-json\/wp\/v2\/product"}],"about":[{"href":"https:\/\/www.sikortex.com\/fr\/wp-json\/wp\/v2\/types\/product"}],"replies":[{"embeddable":true,"href":"https:\/\/www.sikortex.com\/fr\/wp-json\/wp\/v2\/comments?post=4119"}],"wp:featuredmedia":[{"embeddable":true,"href":"https:\/\/www.sikortex.com\/fr\/wp-json\/wp\/v2\/media\/4120"}],"wp:attachment":[{"href":"https:\/\/www.sikortex.com\/fr\/wp-json\/wp\/v2\/media?parent=4119"}],"wp:term":[{"taxonomy":"product_brand","embeddable":true,"href":"https:\/\/www.sikortex.com\/fr\/wp-json\/wp\/v2\/product_brand?post=4119"},{"taxonomy":"product_cat","embeddable":true,"href":"https:\/\/www.sikortex.com\/fr\/wp-json\/wp\/v2\/product_cat?post=4119"},{"taxonomy":"product_tag","embeddable":true,"href":"https:\/\/www.sikortex.com\/fr\/wp-json\/wp\/v2\/product_tag?post=4119"}],"curies":[{"name":"wp","href":"https:\/\/api.w.org\/{rel}","templated":true}]}}