{"id":4112,"date":"2023-06-25T09:57:21","date_gmt":"2023-06-25T01:57:21","guid":{"rendered":"http:\/\/shihan.vihsu.com\/?post_type=product&#038;p=4112"},"modified":"2025-01-02T13:14:56","modified_gmt":"2025-01-02T05:14:56","slug":"tissu-enduit-ignifuge","status":"publish","type":"product","link":"https:\/\/www.sikortex.com\/fr\/produit\/tissu-enduit-ignifuge\/","title":{"rendered":"Tissu Oxford ignifuge en nylon 550D EN ISO 11612"},"content":{"rendered":"<h6>SIKOR-TEX <span style=\"color: #3366ff;\"><a style=\"color: #3366ff;\" href=\"https:\/\/www.sikortex.com\/fr\/nylon-coton-tissu-ripstop-coupe-vent-tissu-5\/\">Tissu Oxford<\/a><\/span> fabricant<\/h6>\n<p>Nylon PU 550D enduit SIKOR-TEX <a href=\"https:\/\/www.sikortex.com\/fr\/flame-retardant-fabrics\/\"><span style=\"color: #3366ff;\">Ignifuge<\/span><\/a> Le tissu Oxford est un mat\u00e9riau ignifuge haute performance dot\u00e9 d&#039;une excellente r\u00e9sistance au feu, d&#039;une durabilit\u00e9, d&#039;une respirabilit\u00e9, d&#039;un poids l\u00e9ger et d&#039;une facilit\u00e9 de nettoyage. Cela en fait un mat\u00e9riau id\u00e9al qui peut \u00eatre largement utilis\u00e9 dans divers sc\u00e9narios.<\/p>\n<p>Dans le domaine militaire, les caract\u00e9ristiques du tissu enduit PU ignifuge en nylon 550D le rendent largement utilis\u00e9 dans les uniformes militaires et les \u00e9quipements militaires. Lorsque les soldats sont en mission, ils font face \u00e0 divers environnements et dangers. Par cons\u00e9quent, ils ont besoin d&#039;un mat\u00e9riau performant pour prot\u00e9ger leur s\u00e9curit\u00e9. Le tissu enduit de PU ignifuge en nylon 550D poss\u00e8de non seulement des propri\u00e9t\u00e9s ignifuges qui peuvent pr\u00e9venir les risques d&#039;incendie, mais \u00e9galement une excellente r\u00e9sistance \u00e0 l&#039;abrasion et \u00e0 la d\u00e9chirure pour r\u00e9sister \u00e0 divers d\u00e9fis environnementaux et physiques.<\/p>\n<p>De plus, le mat\u00e9riau a une bonne respirabilit\u00e9, ce qui peut garder les soldats au sec et \u00e0 l&#039;aise. Sa l\u00e9g\u00e8ret\u00e9 peut \u00e9galement r\u00e9duire le fardeau de l&#039;\u00e9quipement, ce qui permet aux soldats d&#039;accomplir plus facilement leurs t\u00e2ches. Enfin, le tissu enduit de nylon 550D ignifuge PU est facile \u00e0 nettoyer, ce qui peut assurer la propret\u00e9 et l&#039;hygi\u00e8ne de l&#039;\u00e9quipement, r\u00e9duisant ainsi le risque de bact\u00e9ries et d&#039;infection.<\/p>\n<p><a href=\"https:\/\/www.sikortex.com\/fr\/nylon-tissus\/\"><span style=\"color: #3366ff;\">Nylon<\/span><\/a> Le tissu enduit de PU ignifuge peut \u00e9galement \u00eatre utilis\u00e9 pour fabriquer des sacs \u00e0 dos, des tentes, des sacs de couchage et d&#039;autres \u00e9quipements, ainsi que des si\u00e8ges et des portes de v\u00e9hicules militaires. Ces \u00e9quipements doivent avoir des caract\u00e9ristiques de haute performance pour s&#039;adapter \u00e0 diff\u00e9rents environnements et t\u00e2ches, et doivent \u00e9galement avoir une r\u00e9sistance au feu, une durabilit\u00e9, une respirabilit\u00e9, un poids l\u00e9ger et une facilit\u00e9 de nettoyage pour prot\u00e9ger la s\u00e9curit\u00e9 et la sant\u00e9 des soldats.<\/p>","protected":false},"excerpt":{"rendered":"<p>2000 m\u00e8tres (commande minimum)<\/p>","protected":false},"featured_media":4113,"comment_status":"closed","ping_status":"closed","template":"","meta":{"_uag_custom_page_level_css":"","site-sidebar-layout":"default","site-content-layout":"default","ast-site-content-layout":"","site-content-style":"default","site-sidebar-style":"default","ast-global-header-display":"","ast-banner-title-visibility":"","ast-main-header-display":"","ast-hfb-above-header-display":"","ast-hfb-below-header-display":"","ast-hfb-mobile-header-display":"","site-post-title":"","ast-breadcrumbs-content":"","ast-featured-img":"","footer-sml-layout":"","theme-transparent-header-meta":"default","adv-header-id-meta":"","stick-header-meta":"default","header-above-stick-meta":"","header-main-stick-meta":"","header-below-stick-meta":"","astra-migrate-meta-layouts":"default","ast-page-background-enabled":"default","ast-page-background-meta":{"desktop":{"background-color":"","background-image":"","background-repeat":"repeat","background-position":"center center","background-size":"auto","background-attachment":"scroll","background-type":"","background-media":"","overlay-type":"","overlay-color":"","overlay-opacity":"","overlay-gradient":""},"tablet":{"background-color":"","background-image":"","background-repeat":"repeat","background-position":"center center","background-size":"auto","background-attachment":"scroll","background-type":"","background-media":"","overlay-type":"","overlay-color":"","overlay-opacity":"","overlay-gradient":""},"mobile":{"background-color":"","background-image":"","background-repeat":"repeat","background-position":"center center","background-size":"auto","background-attachment":"scroll","background-type":"","background-media":"","overlay-type":"","overlay-color":"","overlay-opacity":"","overlay-gradient":""}},"ast-content-background-meta":{"desktop":{"background-color":"var(--ast-global-color-5)","background-image":"","background-repeat":"repeat","background-position":"center center","background-size":"auto","background-attachment":"scroll","background-type":"","background-media":"","overlay-type":"","overlay-color":"","overlay-opacity":"","overlay-gradient":""},"tablet":{"background-color":"var(--ast-global-color-5)","background-image":"","background-repeat":"repeat","background-position":"center center","background-size":"auto","background-attachment":"scroll","background-type":"","background-media":"","overlay-type":"","overlay-color":"","overlay-opacity":"","overlay-gradient":""},"mobile":{"background-color":"var(--ast-global-color-5)","background-image":"","background-repeat":"repeat","background-position":"center center","background-size":"auto","background-attachment":"scroll","background-type":"","background-media":"","overlay-type":"","overlay-color":"","overlay-opacity":"","overlay-gradient":""}}},"product_brand":[],"product_cat":[426,430,432,416,404,1184,427,414],"product_tag":[],"class_list":{"0":"post-4112","1":"product","2":"type-product","3":"status-publish","4":"has-post-thumbnail","6":"product_cat-constructionmining","7":"product_cat-fabric-for-motorwear","8":"product_cat-fabric-for-tent","9":"product_cat-fire-retardant-fabrics","10":"product_cat-nylon-fabrics","11":"product_cat-oxford-fabric","12":"product_cat-petroleum-and-petrochemical","13":"product_cat-waterproof-fabrics","14":"pa_available_colors-1526-35","15":"desktop-align-left","16":"tablet-align-left","17":"mobile-align-left","18":"ast-product-gallery-layout-vertical-slider","19":"ast-product-tabs-layout-horizontal","21":"first","22":"instock","23":"shipping-taxable","24":"product-type-simple"},"uagb_featured_image_src":{"full":["https:\/\/www.sikortex.com\/wp-content\/uploads\/2023\/06\/O1CN01tpTTOp1JA5g2HW6m4_3828250987-0-cib.jpg",1024,1024,false],"thumbnail":["https:\/\/www.sikortex.com\/wp-content\/uploads\/2023\/06\/O1CN01tpTTOp1JA5g2HW6m4_3828250987-0-cib-150x150.jpg",150,150,true],"medium":["https:\/\/www.sikortex.com\/wp-content\/uploads\/2023\/06\/O1CN01tpTTOp1JA5g2HW6m4_3828250987-0-cib-300x300.jpg",300,300,true],"medium_large":["https:\/\/www.sikortex.com\/wp-content\/uploads\/2023\/06\/O1CN01tpTTOp1JA5g2HW6m4_3828250987-0-cib-768x768.jpg",768,768,true],"large":["https:\/\/www.sikortex.com\/wp-content\/uploads\/2023\/06\/O1CN01tpTTOp1JA5g2HW6m4_3828250987-0-cib.jpg",1024,1024,false],"1536x1536":["https:\/\/www.sikortex.com\/wp-content\/uploads\/2023\/06\/O1CN01tpTTOp1JA5g2HW6m4_3828250987-0-cib.jpg",1024,1024,false],"2048x2048":["https:\/\/www.sikortex.com\/wp-content\/uploads\/2023\/06\/O1CN01tpTTOp1JA5g2HW6m4_3828250987-0-cib.jpg",1024,1024,false],"trp-custom-language-flag":["https:\/\/www.sikortex.com\/wp-content\/uploads\/2023\/06\/O1CN01tpTTOp1JA5g2HW6m4_3828250987-0-cib.jpg",12,12,false],"woocommerce_thumbnail":["https:\/\/www.sikortex.com\/wp-content\/uploads\/2023\/06\/O1CN01tpTTOp1JA5g2HW6m4_3828250987-0-cib-300x300.jpg",300,300,true],"woocommerce_single":["https:\/\/www.sikortex.com\/wp-content\/uploads\/2023\/06\/O1CN01tpTTOp1JA5g2HW6m4_3828250987-0-cib-600x600.jpg",600,600,true],"woocommerce_gallery_thumbnail":["https:\/\/www.sikortex.com\/wp-content\/uploads\/2023\/06\/O1CN01tpTTOp1JA5g2HW6m4_3828250987-0-cib-100x100.jpg",100,100,true]},"uagb_author_info":{"display_name":"Perry","author_link":"https:\/\/www.sikortex.com\/fr\/author\/"},"uagb_comment_info":0,"uagb_excerpt":"2000 Meters(Min.Order)","_links":{"self":[{"href":"https:\/\/www.sikortex.com\/fr\/wp-json\/wp\/v2\/product\/4112","targetHints":{"allow":["GET"]}}],"collection":[{"href":"https:\/\/www.sikortex.com\/fr\/wp-json\/wp\/v2\/product"}],"about":[{"href":"https:\/\/www.sikortex.com\/fr\/wp-json\/wp\/v2\/types\/product"}],"replies":[{"embeddable":true,"href":"https:\/\/www.sikortex.com\/fr\/wp-json\/wp\/v2\/comments?post=4112"}],"wp:featuredmedia":[{"embeddable":true,"href":"https:\/\/www.sikortex.com\/fr\/wp-json\/wp\/v2\/media\/4113"}],"wp:attachment":[{"href":"https:\/\/www.sikortex.com\/fr\/wp-json\/wp\/v2\/media?parent=4112"}],"wp:term":[{"taxonomy":"product_brand","embeddable":true,"href":"https:\/\/www.sikortex.com\/fr\/wp-json\/wp\/v2\/product_brand?post=4112"},{"taxonomy":"product_cat","embeddable":true,"href":"https:\/\/www.sikortex.com\/fr\/wp-json\/wp\/v2\/product_cat?post=4112"},{"taxonomy":"product_tag","embeddable":true,"href":"https:\/\/www.sikortex.com\/fr\/wp-json\/wp\/v2\/product_tag?post=4112"}],"curies":[{"name":"wp","href":"https:\/\/api.w.org\/{rel}","templated":true}]}}