{"id":4106,"date":"2023-06-25T09:47:51","date_gmt":"2023-06-25T01:47:51","guid":{"rendered":"http:\/\/shihan.vihsu.com\/?post_type=product&#038;p=4106"},"modified":"2023-10-23T13:17:22","modified_gmt":"2023-10-23T05:17:22","slug":"20d-nylon-66-tissu-a-carreaux-haute-resistance","status":"publish","type":"product","link":"https:\/\/www.sikortex.com\/fr\/produit\/20d-nylon-66-tissu-a-carreaux-haute-resistance\/","title":{"rendered":"Tissu l\u00e9ger \u00e0 carreaux en nylon Ripstop 20D 66"},"content":{"rendered":"<p>Le tissu l\u00e9ger \u00e0 carreaux SIKOR-TEX 20D Ripstop Nylon 66 est plus rigide et g\u00e9n\u00e9ralement plus durable que le nylon 6, avec une meilleure r\u00e9sistance chimique au chlorure de calcium satur\u00e9, un plus grand retrait de moisissure et une plus grande r\u00e9sistance \u00e0 l&#039;abrasion. Le mat\u00e9riau est l\u00e9ger et pr\u00e9sente une r\u00e9sistance m\u00e9canique, une t\u00e9nacit\u00e9, une rigidit\u00e9 et une duret\u00e9 \u00e9lev\u00e9es. Il pr\u00e9sente \u00e9galement une bonne r\u00e9sistance \u00e0 la fatigue et aux chocs, une excellente r\u00e9sistance \u00e0 l\u2019usure, de bonnes propri\u00e9t\u00e9s d\u2019isolation \u00e9lectrique et une excellente r\u00e9sistance au carburant et \u00e0 l\u2019huile.<\/p>\n<p>Si vous recherchez un tissu polyvalent et durable, ne cherchez pas plus loin que le nylon 66. Avec ses excellentes propri\u00e9t\u00e9s m\u00e9caniques, notamment sa r\u00e9sistance, sa t\u00e9nacit\u00e9 et sa rigidit\u00e9 \u00e9lev\u00e9es, il est parfait pour une large gamme d&#039;applications. Que vous cherchiez \u00e0 fabriquer des \u00e9quipements de plein air, des sacs solides ou des v\u00eatements durables, le tissu Nylon 66 est un excellent choix. Son excellente r\u00e9sistance au carburant et \u00e0 l&#039;huile le rend id\u00e9al pour les applications automobiles et industrielles, tandis que sa construction l\u00e9g\u00e8re le rend parfait pour tout ce qui doit \u00eatre \u00e0 la fois solide et facile \u00e0 transporter. Avec tous ces avantages, il est clair que le tissu Nylon 66 est un choix judicieux pour tous ceux qui cherchent \u00e0 cr\u00e9er des produits de haute qualit\u00e9 et durables.<\/p>","protected":false},"excerpt":{"rendered":"<p>1200 m\u00e8tres (commande minimum)<\/p>","protected":false},"featured_media":4107,"comment_status":"closed","ping_status":"closed","template":"","meta":{"_uag_custom_page_level_css":"","site-sidebar-layout":"default","site-content-layout":"default","ast-site-content-layout":"","site-content-style":"default","site-sidebar-style":"default","ast-global-header-display":"","ast-banner-title-visibility":"","ast-main-header-display":"","ast-hfb-above-header-display":"","ast-hfb-below-header-display":"","ast-hfb-mobile-header-display":"","site-post-title":"","ast-breadcrumbs-content":"","ast-featured-img":"","footer-sml-layout":"","theme-transparent-header-meta":"default","adv-header-id-meta":"","stick-header-meta":"default","header-above-stick-meta":"","header-main-stick-meta":"","header-below-stick-meta":"","astra-migrate-meta-layouts":"default","ast-page-background-enabled":"default","ast-page-background-meta":{"desktop":{"background-color":"","background-image":"","background-repeat":"repeat","background-position":"center center","background-size":"auto","background-attachment":"scroll","background-type":"","background-media":"","overlay-type":"","overlay-color":"","overlay-opacity":"","overlay-gradient":""},"tablet":{"background-color":"","background-image":"","background-repeat":"repeat","background-position":"center center","background-size":"auto","background-attachment":"scroll","background-type":"","background-media":"","overlay-type":"","overlay-color":"","overlay-opacity":"","overlay-gradient":""},"mobile":{"background-color":"","background-image":"","background-repeat":"repeat","background-position":"center center","background-size":"auto","background-attachment":"scroll","background-type":"","background-media":"","overlay-type":"","overlay-color":"","overlay-opacity":"","overlay-gradient":""}},"ast-content-background-meta":{"desktop":{"background-color":"var(--ast-global-color-5)","background-image":"","background-repeat":"repeat","background-position":"center center","background-size":"auto","background-attachment":"scroll","background-type":"","background-media":"","overlay-type":"","overlay-color":"","overlay-opacity":"","overlay-gradient":""},"tablet":{"background-color":"var(--ast-global-color-5)","background-image":"","background-repeat":"repeat","background-position":"center center","background-size":"auto","background-attachment":"scroll","background-type":"","background-media":"","overlay-type":"","overlay-color":"","overlay-opacity":"","overlay-gradient":""},"mobile":{"background-color":"var(--ast-global-color-5)","background-image":"","background-repeat":"repeat","background-position":"center center","background-size":"auto","background-attachment":"scroll","background-type":"","background-media":"","overlay-type":"","overlay-color":"","overlay-opacity":"","overlay-gradient":""}}},"product_brand":[],"product_cat":[431,428,429,432,1145,404,433],"product_tag":[],"class_list":{"0":"post-4106","1":"product","2":"type-product","3":"status-publish","4":"has-post-thumbnail","6":"product_cat-fabric-for-commuting-clothing","7":"product_cat-fabric-for-outdoor-sports","8":"product_cat-fabric-for-sportswear","9":"product_cat-fabric-for-tent","10":"product_cat-lightweight-fabric","11":"product_cat-nylon-fabrics","12":"product_cat-textile-for-industrial","13":"pa_available_colors-1526-03","14":"desktop-align-left","15":"tablet-align-left","16":"mobile-align-left","17":"ast-product-gallery-layout-vertical-slider","18":"ast-product-tabs-layout-horizontal","20":"first","21":"instock","22":"shipping-taxable","23":"product-type-simple"},"uagb_featured_image_src":{"full":["https:\/\/www.sikortex.com\/wp-content\/uploads\/2023\/06\/O1CN010udCfx1JA5cVmpT3h_3828250987-0-cib.jpg",1024,1024,false],"thumbnail":["https:\/\/www.sikortex.com\/wp-content\/uploads\/2023\/06\/O1CN010udCfx1JA5cVmpT3h_3828250987-0-cib-150x150.jpg",150,150,true],"medium":["https:\/\/www.sikortex.com\/wp-content\/uploads\/2023\/06\/O1CN010udCfx1JA5cVmpT3h_3828250987-0-cib-300x300.jpg",300,300,true],"medium_large":["https:\/\/www.sikortex.com\/wp-content\/uploads\/2023\/06\/O1CN010udCfx1JA5cVmpT3h_3828250987-0-cib-768x768.jpg",768,768,true],"large":["https:\/\/www.sikortex.com\/wp-content\/uploads\/2023\/06\/O1CN010udCfx1JA5cVmpT3h_3828250987-0-cib.jpg",1024,1024,false],"1536x1536":["https:\/\/www.sikortex.com\/wp-content\/uploads\/2023\/06\/O1CN010udCfx1JA5cVmpT3h_3828250987-0-cib.jpg",1024,1024,false],"2048x2048":["https:\/\/www.sikortex.com\/wp-content\/uploads\/2023\/06\/O1CN010udCfx1JA5cVmpT3h_3828250987-0-cib.jpg",1024,1024,false],"trp-custom-language-flag":["https:\/\/www.sikortex.com\/wp-content\/uploads\/2023\/06\/O1CN010udCfx1JA5cVmpT3h_3828250987-0-cib.jpg",12,12,false],"woocommerce_thumbnail":["https:\/\/www.sikortex.com\/wp-content\/uploads\/2023\/06\/O1CN010udCfx1JA5cVmpT3h_3828250987-0-cib-300x300.jpg",300,300,true],"woocommerce_single":["https:\/\/www.sikortex.com\/wp-content\/uploads\/2023\/06\/O1CN010udCfx1JA5cVmpT3h_3828250987-0-cib-600x600.jpg",600,600,true],"woocommerce_gallery_thumbnail":["https:\/\/www.sikortex.com\/wp-content\/uploads\/2023\/06\/O1CN010udCfx1JA5cVmpT3h_3828250987-0-cib-100x100.jpg",100,100,true]},"uagb_author_info":{"display_name":"Perry","author_link":"https:\/\/www.sikortex.com\/fr\/author\/"},"uagb_comment_info":0,"uagb_excerpt":"1200 Meters(Min.Order)","_links":{"self":[{"href":"https:\/\/www.sikortex.com\/fr\/wp-json\/wp\/v2\/product\/4106","targetHints":{"allow":["GET"]}}],"collection":[{"href":"https:\/\/www.sikortex.com\/fr\/wp-json\/wp\/v2\/product"}],"about":[{"href":"https:\/\/www.sikortex.com\/fr\/wp-json\/wp\/v2\/types\/product"}],"replies":[{"embeddable":true,"href":"https:\/\/www.sikortex.com\/fr\/wp-json\/wp\/v2\/comments?post=4106"}],"wp:featuredmedia":[{"embeddable":true,"href":"https:\/\/www.sikortex.com\/fr\/wp-json\/wp\/v2\/media\/4107"}],"wp:attachment":[{"href":"https:\/\/www.sikortex.com\/fr\/wp-json\/wp\/v2\/media?parent=4106"}],"wp:term":[{"taxonomy":"product_brand","embeddable":true,"href":"https:\/\/www.sikortex.com\/fr\/wp-json\/wp\/v2\/product_brand?post=4106"},{"taxonomy":"product_cat","embeddable":true,"href":"https:\/\/www.sikortex.com\/fr\/wp-json\/wp\/v2\/product_cat?post=4106"},{"taxonomy":"product_tag","embeddable":true,"href":"https:\/\/www.sikortex.com\/fr\/wp-json\/wp\/v2\/product_tag?post=4106"}],"curies":[{"name":"wp","href":"https:\/\/api.w.org\/{rel}","templated":true}]}}