{"id":2397,"date":"2023-06-02T17:02:11","date_gmt":"2023-06-02T09:02:11","guid":{"rendered":"http:\/\/203.196.10.64:3021\/?post_type=product&#038;p=2397"},"modified":"2024-12-31T14:35:39","modified_gmt":"2024-12-31T06:35:39","slug":"sk8283-2","status":"publish","type":"product","link":"https:\/\/www.sikortex.com\/fr\/produit\/sk8283-2\/","title":{"rendered":"Tissu extensible en polyester serg\u00e9 100% au toucher coton T800"},"content":{"rendered":"<h5>SIKOR-TEX est un fabricant de tissus haute performance bas\u00e9 en Chine.<\/h5>\n<h5>Tissu extensible en polyester serg\u00e9 100% au toucher coton T800<\/h5>\n<p>Le tissu T800 est un mat\u00e9riau tr\u00e8s polyvalent qui offre \u00e0 la fois durabilit\u00e9 et flexibilit\u00e9. Il est fabriqu\u00e9 en polyester 100% et est lamin\u00e9 avec un film TPU pour le rendre \u00e9tanche. Le motif extensible en serg\u00e9 de diamants du tissu T800 offre une excellente \u00e9lasticit\u00e9, ce qui le rend id\u00e9al pour une utilisation dans des produits n\u00e9cessitant un degr\u00e9 \u00e9lev\u00e9 de flexibilit\u00e9. Malgr\u00e9 son extensibilit\u00e9, le tissu T800 a une sensation douce et semblable \u00e0 du coton qui le rend confortable \u00e0 porter.<\/p>\n<p>100%Polyester Stretch T800 Cotton Feel Twill est parfait pour une vari\u00e9t\u00e9 de produits, y compris les vestes, les manteaux et les sacs. Ses propri\u00e9t\u00e9s imperm\u00e9ables en font un excellent choix pour les \u00e9quipements de plein air, tandis que son \u00e9lasticit\u00e9 et sa texture confortable le rendent id\u00e9al pour les v\u00eatements de sport. Le tissu T800 peut \u00eatre personnalis\u00e9 pour r\u00e9pondre \u00e0 des exigences sp\u00e9cifiques et est disponible \u00e0 l&#039;achat en rouleaux avec diff\u00e9rentes options d&#039;emballage.<\/p>\n<p>Si vous recherchez un tissu en polyester extensible qui offre \u00e0 la fois durabilit\u00e9 et flexibilit\u00e9, le tissu T800 est le choix id\u00e9al. Sa combinaison unique d&#039;\u00e9lasticit\u00e9 et de douceur le rend id\u00e9al pour une large gamme de produits, des \u00e9quipements de plein air aux v\u00eatements de sport. Contactez-nous d\u00e8s aujourd&#039;hui pour en savoir plus sur la fa\u00e7on dont le tissu T800 peut am\u00e9liorer votre prochain projet.<\/p>\n<p>Nous proposons \u00e9galement des \u00e9lastiques en polyester <a href=\"https:\/\/www.sikortex.com\/fr\/produit\/sk8344-polyestre-coton-tissu-extensible-2\/\"><span style=\"color: #3366ff;\">T400<\/span><\/a> tissu<\/p>","protected":false},"excerpt":{"rendered":"<p>1000 m\u00e8tres (commande minimum)<\/p>","protected":false},"featured_media":4053,"comment_status":"closed","ping_status":"closed","template":"","meta":{"_uag_custom_page_level_css":"","site-sidebar-layout":"default","site-content-layout":"default","ast-site-content-layout":"","site-content-style":"default","site-sidebar-style":"default","ast-global-header-display":"","ast-banner-title-visibility":"","ast-main-header-display":"","ast-hfb-above-header-display":"","ast-hfb-below-header-display":"","ast-hfb-mobile-header-display":"","site-post-title":"","ast-breadcrumbs-content":"","ast-featured-img":"","footer-sml-layout":"","theme-transparent-header-meta":"default","adv-header-id-meta":"","stick-header-meta":"default","header-above-stick-meta":"","header-main-stick-meta":"","header-below-stick-meta":"","astra-migrate-meta-layouts":"default","ast-page-background-enabled":"default","ast-page-background-meta":{"desktop":{"background-color":"","background-image":"","background-repeat":"repeat","background-position":"center center","background-size":"auto","background-attachment":"scroll","background-type":"","background-media":"","overlay-type":"","overlay-color":"","overlay-opacity":"","overlay-gradient":""},"tablet":{"background-color":"","background-image":"","background-repeat":"repeat","background-position":"center center","background-size":"auto","background-attachment":"scroll","background-type":"","background-media":"","overlay-type":"","overlay-color":"","overlay-opacity":"","overlay-gradient":""},"mobile":{"background-color":"","background-image":"","background-repeat":"repeat","background-position":"center center","background-size":"auto","background-attachment":"scroll","background-type":"","background-media":"","overlay-type":"","overlay-color":"","overlay-opacity":"","overlay-gradient":""}},"ast-content-background-meta":{"desktop":{"background-color":"var(--ast-global-color-5)","background-image":"","background-repeat":"repeat","background-position":"center center","background-size":"auto","background-attachment":"scroll","background-type":"","background-media":"","overlay-type":"","overlay-color":"","overlay-opacity":"","overlay-gradient":""},"tablet":{"background-color":"var(--ast-global-color-5)","background-image":"","background-repeat":"repeat","background-position":"center center","background-size":"auto","background-attachment":"scroll","background-type":"","background-media":"","overlay-type":"","overlay-color":"","overlay-opacity":"","overlay-gradient":""},"mobile":{"background-color":"var(--ast-global-color-5)","background-image":"","background-repeat":"repeat","background-position":"center center","background-size":"auto","background-attachment":"scroll","background-type":"","background-media":"","overlay-type":"","overlay-color":"","overlay-opacity":"","overlay-gradient":""}}},"product_brand":[],"product_cat":[431,428,403,407,420,414],"product_tag":[],"class_list":{"0":"post-2397","1":"product","2":"type-product","3":"status-publish","4":"has-post-thumbnail","6":"product_cat-fabric-for-commuting-clothing","7":"product_cat-fabric-for-outdoor-sports","8":"product_cat-polyester-fabrics","9":"product_cat-recycled-fabric","10":"product_cat-stretch-fabrics","11":"product_cat-waterproof-fabrics","12":"pa_available_colors-1526-03","13":"pa_available_colors-1526-05","14":"pa_available_colors-1526-10","15":"pa_available_colors-1526-13","16":"pa_available_colors-1526-17","17":"pa_available_colors-1526-28","18":"pa_available_colors-1526-31","19":"pa_available_colors-1526-32","20":"pa_available_colors-1526-33","21":"pa_available_colors-1526-35","22":"pa_available_colors-1526-38","23":"pa_available_colors-1526-45","24":"pa_available_colors-1526-49","25":"pa_available_colors-1526-59","26":"pa_available_colors-1526-60","27":"pa_available_colors-911052-spc","28":"pa_available_colors-000020-wht","29":"desktop-align-left","30":"tablet-align-left","31":"mobile-align-left","32":"ast-product-gallery-layout-vertical-slider","33":"ast-product-tabs-layout-horizontal","35":"first","36":"instock","37":"shipping-taxable","38":"product-type-simple"},"uagb_featured_image_src":{"full":["https:\/\/www.sikortex.com\/wp-content\/uploads\/2023\/06\/IMG_5580-scaled.jpg",2560,2560,false],"thumbnail":["https:\/\/www.sikortex.com\/wp-content\/uploads\/2023\/06\/IMG_5580-150x150.jpg",150,150,true],"medium":["https:\/\/www.sikortex.com\/wp-content\/uploads\/2023\/06\/IMG_5580-300x300.jpg",300,300,true],"medium_large":["https:\/\/www.sikortex.com\/wp-content\/uploads\/2023\/06\/IMG_5580-768x768.jpg",768,768,true],"large":["https:\/\/www.sikortex.com\/wp-content\/uploads\/2023\/06\/IMG_5580-1024x1024.jpg",1024,1024,true],"1536x1536":["https:\/\/www.sikortex.com\/wp-content\/uploads\/2023\/06\/IMG_5580-1536x1536.jpg",1536,1536,true],"2048x2048":["https:\/\/www.sikortex.com\/wp-content\/uploads\/2023\/06\/IMG_5580-2048x2048.jpg",2048,2048,true],"trp-custom-language-flag":["https:\/\/www.sikortex.com\/wp-content\/uploads\/2023\/06\/IMG_5580-scaled.jpg",12,12,false],"woocommerce_thumbnail":["https:\/\/www.sikortex.com\/wp-content\/uploads\/2023\/06\/IMG_5580-300x300.jpg",300,300,true],"woocommerce_single":["https:\/\/www.sikortex.com\/wp-content\/uploads\/2023\/06\/IMG_5580-600x600.jpg",600,600,true],"woocommerce_gallery_thumbnail":["https:\/\/www.sikortex.com\/wp-content\/uploads\/2023\/06\/IMG_5580-100x100.jpg",100,100,true]},"uagb_author_info":{"display_name":"Perry","author_link":"https:\/\/www.sikortex.com\/fr\/author\/"},"uagb_comment_info":0,"uagb_excerpt":"1000 Meters(Min.Order)","_links":{"self":[{"href":"https:\/\/www.sikortex.com\/fr\/wp-json\/wp\/v2\/product\/2397","targetHints":{"allow":["GET"]}}],"collection":[{"href":"https:\/\/www.sikortex.com\/fr\/wp-json\/wp\/v2\/product"}],"about":[{"href":"https:\/\/www.sikortex.com\/fr\/wp-json\/wp\/v2\/types\/product"}],"replies":[{"embeddable":true,"href":"https:\/\/www.sikortex.com\/fr\/wp-json\/wp\/v2\/comments?post=2397"}],"wp:featuredmedia":[{"embeddable":true,"href":"https:\/\/www.sikortex.com\/fr\/wp-json\/wp\/v2\/media\/4053"}],"wp:attachment":[{"href":"https:\/\/www.sikortex.com\/fr\/wp-json\/wp\/v2\/media?parent=2397"}],"wp:term":[{"taxonomy":"product_brand","embeddable":true,"href":"https:\/\/www.sikortex.com\/fr\/wp-json\/wp\/v2\/product_brand?post=2397"},{"taxonomy":"product_cat","embeddable":true,"href":"https:\/\/www.sikortex.com\/fr\/wp-json\/wp\/v2\/product_cat?post=2397"},{"taxonomy":"product_tag","embeddable":true,"href":"https:\/\/www.sikortex.com\/fr\/wp-json\/wp\/v2\/product_tag?post=2397"}],"curies":[{"name":"wp","href":"https:\/\/api.w.org\/{rel}","templated":true}]}}