{"id":2388,"date":"2023-06-02T16:47:44","date_gmt":"2023-06-02T08:47:44","guid":{"rendered":"http:\/\/203.196.10.64:3021\/?post_type=product&#038;p=2388"},"modified":"2023-11-21T17:22:58","modified_gmt":"2023-11-21T09:22:58","slug":"sk8282-polyester-stretch","status":"publish","type":"product","link":"https:\/\/www.sikortex.com\/fr\/produit\/sk8282-polyester-stretch\/","title":{"rendered":"Tissu extensible en polyester jacquard T400"},"content":{"rendered":"<h4>Est-ce que le polyester 100 s&#039;\u00e9tire ?<\/h4>\n<p>Le polyester T400 est une fibre textur\u00e9e tr\u00e8s \u00e9lastique invent\u00e9e par DuPont et connue pour son \u00e9lasticit\u00e9 durable qui se d\u00e9compose plus lentement que le spandex. Le mat\u00e9riau est tr\u00e8s appropri\u00e9 pour la confection de manteaux d\u00e9contract\u00e9s, de coupe-vent et de doudounes, etc., et est populaire pour sa douceur, sa respirabilit\u00e9 et sa durabilit\u00e9.<\/p>\n<p>Par rapport au coton, la fibre de polyester Stretch T400 est plus moelleuse, ce qui peut garder le corps au chaud, ce qui le rend tr\u00e8s populaire pour les personnes qui aiment le sport et les personnes qui font de longues promenades par temps froid, car ce mat\u00e9riau peut garder chaud. De plus, le mat\u00e9riau est r\u00e9sistant \u00e0 l&#039;eau, de sorte qu&#039;il ne sera pas absorb\u00e9 par les v\u00eatements lorsque vous transpirez, ce qui le rend id\u00e9al pour les v\u00eatements de sport.<\/p>\n<p>Les propri\u00e9t\u00e9s \u00e9lastiques particuli\u00e8res du polyester T400 lui permettent de s&#039;\u00e9tirer naturellement lorsqu&#039;il est port\u00e9. Les fabricants ont rendu ce mat\u00e9riau plus confortable en tenant compte de cette caract\u00e9ristique. Peu importe \u00e0 quel point il est \u00e9tir\u00e9 lorsqu&#039;il est port\u00e9, le mat\u00e9riau reprend sa forme et sa taille d&#039;origine lorsqu&#039;il est retir\u00e9. C&#039;est une excellente nouvelle, car vous n&#039;avez pas \u00e0 vous soucier des v\u00eatements d&#039;entra\u00eenement ou des leggings qui augmentent de deux tailles un jour.<\/p>\n<p>Les v\u00eatements en polyester pur r\u00e9tr\u00e9cissent tr\u00e8s peu, il est donc difficile de r\u00e9tr\u00e9cir ces v\u00eatements, si n\u00e9cessaire. Les v\u00eatements qui m\u00e9langent du polyester avec des fibres naturelles peuvent s&#039;\u00e9tirer moins.<\/p>","protected":false},"excerpt":{"rendered":"<p>600 m\u00e8tres (Min.Order)<\/p>","protected":false},"featured_media":3934,"comment_status":"closed","ping_status":"closed","template":"","meta":{"_uag_custom_page_level_css":"","site-sidebar-layout":"default","site-content-layout":"default","ast-site-content-layout":"","site-content-style":"default","site-sidebar-style":"default","ast-global-header-display":"","ast-banner-title-visibility":"","ast-main-header-display":"","ast-hfb-above-header-display":"","ast-hfb-below-header-display":"","ast-hfb-mobile-header-display":"","site-post-title":"","ast-breadcrumbs-content":"","ast-featured-img":"","footer-sml-layout":"","theme-transparent-header-meta":"default","adv-header-id-meta":"","stick-header-meta":"default","header-above-stick-meta":"","header-main-stick-meta":"","header-below-stick-meta":"","astra-migrate-meta-layouts":"default","ast-page-background-enabled":"default","ast-page-background-meta":{"desktop":{"background-color":"","background-image":"","background-repeat":"repeat","background-position":"center center","background-size":"auto","background-attachment":"scroll","background-type":"","background-media":"","overlay-type":"","overlay-color":"","overlay-opacity":"","overlay-gradient":""},"tablet":{"background-color":"","background-image":"","background-repeat":"repeat","background-position":"center center","background-size":"auto","background-attachment":"scroll","background-type":"","background-media":"","overlay-type":"","overlay-color":"","overlay-opacity":"","overlay-gradient":""},"mobile":{"background-color":"","background-image":"","background-repeat":"repeat","background-position":"center center","background-size":"auto","background-attachment":"scroll","background-type":"","background-media":"","overlay-type":"","overlay-color":"","overlay-opacity":"","overlay-gradient":""}},"ast-content-background-meta":{"desktop":{"background-color":"var(--ast-global-color-5)","background-image":"","background-repeat":"repeat","background-position":"center center","background-size":"auto","background-attachment":"scroll","background-type":"","background-media":"","overlay-type":"","overlay-color":"","overlay-opacity":"","overlay-gradient":""},"tablet":{"background-color":"var(--ast-global-color-5)","background-image":"","background-repeat":"repeat","background-position":"center center","background-size":"auto","background-attachment":"scroll","background-type":"","background-media":"","overlay-type":"","overlay-color":"","overlay-opacity":"","overlay-gradient":""},"mobile":{"background-color":"var(--ast-global-color-5)","background-image":"","background-repeat":"repeat","background-position":"center center","background-size":"auto","background-attachment":"scroll","background-type":"","background-media":"","overlay-type":"","overlay-color":"","overlay-opacity":"","overlay-gradient":""}}},"product_brand":[],"product_cat":[431,428,429,415,403,407,420,414],"product_tag":[],"class_list":{"0":"post-2388","1":"product","2":"type-product","3":"status-publish","4":"has-post-thumbnail","6":"product_cat-fabric-for-commuting-clothing","7":"product_cat-fabric-for-outdoor-sports","8":"product_cat-fabric-for-sportswear","9":"product_cat-oil-repellent-fabric","10":"product_cat-polyester-fabrics","11":"product_cat-recycled-fabric","12":"product_cat-stretch-fabrics","13":"product_cat-waterproof-fabrics","14":"pa_available_colors-1526-03","15":"pa_available_colors-1526-04","16":"pa_available_colors-1526-05","17":"pa_available_colors-1526-18","18":"pa_available_colors-1526-19","19":"pa_available_colors-1526-29","20":"pa_available_colors-1526-30","21":"pa_available_colors-1526-32","22":"pa_available_colors-1526-35","23":"pa_available_colors-1526-37","24":"pa_available_colors-1526-38","25":"pa_available_colors-1526-43","26":"pa_available_colors-1526-44","27":"pa_available_colors-1526-45","28":"pa_available_colors-1526-47","29":"pa_available_colors-1526-53","30":"pa_available_colors-1526-59","31":"pa_available_colors-911052-spc","32":"pa_available_colors-000020-wht","33":"desktop-align-left","34":"tablet-align-left","35":"mobile-align-left","36":"ast-product-gallery-layout-vertical-slider","37":"ast-product-tabs-layout-horizontal","39":"first","40":"instock","41":"shipping-taxable","42":"product-type-simple"},"uagb_featured_image_src":{"full":["https:\/\/www.sikortex.com\/wp-content\/uploads\/2023\/06\/O1CN01lDjgLz1g9ODZoSSEQ_2207443834099-0-cib-1.jpg",1024,1024,false],"thumbnail":["https:\/\/www.sikortex.com\/wp-content\/uploads\/2023\/06\/O1CN01lDjgLz1g9ODZoSSEQ_2207443834099-0-cib-1-150x150.jpg",150,150,true],"medium":["https:\/\/www.sikortex.com\/wp-content\/uploads\/2023\/06\/O1CN01lDjgLz1g9ODZoSSEQ_2207443834099-0-cib-1-300x300.jpg",300,300,true],"medium_large":["https:\/\/www.sikortex.com\/wp-content\/uploads\/2023\/06\/O1CN01lDjgLz1g9ODZoSSEQ_2207443834099-0-cib-1-768x768.jpg",768,768,true],"large":["https:\/\/www.sikortex.com\/wp-content\/uploads\/2023\/06\/O1CN01lDjgLz1g9ODZoSSEQ_2207443834099-0-cib-1.jpg",1024,1024,false],"1536x1536":["https:\/\/www.sikortex.com\/wp-content\/uploads\/2023\/06\/O1CN01lDjgLz1g9ODZoSSEQ_2207443834099-0-cib-1.jpg",1024,1024,false],"2048x2048":["https:\/\/www.sikortex.com\/wp-content\/uploads\/2023\/06\/O1CN01lDjgLz1g9ODZoSSEQ_2207443834099-0-cib-1.jpg",1024,1024,false],"trp-custom-language-flag":["https:\/\/www.sikortex.com\/wp-content\/uploads\/2023\/06\/O1CN01lDjgLz1g9ODZoSSEQ_2207443834099-0-cib-1.jpg",12,12,false],"woocommerce_thumbnail":["https:\/\/www.sikortex.com\/wp-content\/uploads\/2023\/06\/O1CN01lDjgLz1g9ODZoSSEQ_2207443834099-0-cib-1-300x300.jpg",300,300,true],"woocommerce_single":["https:\/\/www.sikortex.com\/wp-content\/uploads\/2023\/06\/O1CN01lDjgLz1g9ODZoSSEQ_2207443834099-0-cib-1-600x600.jpg",600,600,true],"woocommerce_gallery_thumbnail":["https:\/\/www.sikortex.com\/wp-content\/uploads\/2023\/06\/O1CN01lDjgLz1g9ODZoSSEQ_2207443834099-0-cib-1-100x100.jpg",100,100,true]},"uagb_author_info":{"display_name":"Perry","author_link":"https:\/\/www.sikortex.com\/fr\/author\/"},"uagb_comment_info":0,"uagb_excerpt":"600 Meters(Min.Order)","_links":{"self":[{"href":"https:\/\/www.sikortex.com\/fr\/wp-json\/wp\/v2\/product\/2388","targetHints":{"allow":["GET"]}}],"collection":[{"href":"https:\/\/www.sikortex.com\/fr\/wp-json\/wp\/v2\/product"}],"about":[{"href":"https:\/\/www.sikortex.com\/fr\/wp-json\/wp\/v2\/types\/product"}],"replies":[{"embeddable":true,"href":"https:\/\/www.sikortex.com\/fr\/wp-json\/wp\/v2\/comments?post=2388"}],"wp:featuredmedia":[{"embeddable":true,"href":"https:\/\/www.sikortex.com\/fr\/wp-json\/wp\/v2\/media\/3934"}],"wp:attachment":[{"href":"https:\/\/www.sikortex.com\/fr\/wp-json\/wp\/v2\/media?parent=2388"}],"wp:term":[{"taxonomy":"product_brand","embeddable":true,"href":"https:\/\/www.sikortex.com\/fr\/wp-json\/wp\/v2\/product_brand?post=2388"},{"taxonomy":"product_cat","embeddable":true,"href":"https:\/\/www.sikortex.com\/fr\/wp-json\/wp\/v2\/product_cat?post=2388"},{"taxonomy":"product_tag","embeddable":true,"href":"https:\/\/www.sikortex.com\/fr\/wp-json\/wp\/v2\/product_tag?post=2388"}],"curies":[{"name":"wp","href":"https:\/\/api.w.org\/{rel}","templated":true}]}}