{"id":2372,"date":"2023-06-02T16:36:08","date_gmt":"2023-06-02T08:36:08","guid":{"rendered":"http:\/\/203.196.10.64:3021\/?post_type=product&#038;p=2372"},"modified":"2025-02-17T17:45:22","modified_gmt":"2025-02-17T09:45:22","slug":"sk8280-polyester-300d-tissu-oxford","status":"publish","type":"product","link":"https:\/\/www.sikortex.com\/fr\/produit\/sk8280-polyester-300d-tissu-oxford\/","title":{"rendered":"Tissu Oxford 300D en polyester"},"content":{"rendered":"<h6>SIKOR-TEX <span style=\"color: #3366ff;\"><a style=\"color: #3366ff;\" href=\"https:\/\/www.sikortex.com\/fr\/nylon-coton-tissu-ripstop-coupe-vent-tissu-5\/\">Tissu Oxford<\/a><\/span> fabricant<\/h6>\n<p>Le tissu Oxford SIKOR-TEX Polyester 300D est un produit tr\u00e8s mature, il existe de nombreux tons directs parmi lesquels choisir, afin de r\u00e9pondre aux besoins des clients, nous pouvons \u00e9galement effectuer le processus de finition de ce tissu, tel que l&#039;imperm\u00e9abilit\u00e9, le rev\u00eatement, le PVC et d&#039;autres processus.<\/p>","protected":false},"excerpt":{"rendered":"<p>600 m\u00e8tres (Min.Order)<\/p>","protected":false},"featured_media":3921,"comment_status":"closed","ping_status":"closed","template":"","meta":{"_uag_custom_page_level_css":"","site-sidebar-layout":"default","site-content-layout":"default","ast-site-content-layout":"","site-content-style":"default","site-sidebar-style":"default","ast-global-header-display":"","ast-banner-title-visibility":"","ast-main-header-display":"","ast-hfb-above-header-display":"","ast-hfb-below-header-display":"","ast-hfb-mobile-header-display":"","site-post-title":"","ast-breadcrumbs-content":"","ast-featured-img":"","footer-sml-layout":"","theme-transparent-header-meta":"default","adv-header-id-meta":"","stick-header-meta":"default","header-above-stick-meta":"","header-main-stick-meta":"","header-below-stick-meta":"","astra-migrate-meta-layouts":"default","ast-page-background-enabled":"default","ast-page-background-meta":{"desktop":{"background-color":"","background-image":"","background-repeat":"repeat","background-position":"center center","background-size":"auto","background-attachment":"scroll","background-type":"","background-media":"","overlay-type":"","overlay-color":"","overlay-opacity":"","overlay-gradient":""},"tablet":{"background-color":"","background-image":"","background-repeat":"repeat","background-position":"center center","background-size":"auto","background-attachment":"scroll","background-type":"","background-media":"","overlay-type":"","overlay-color":"","overlay-opacity":"","overlay-gradient":""},"mobile":{"background-color":"","background-image":"","background-repeat":"repeat","background-position":"center center","background-size":"auto","background-attachment":"scroll","background-type":"","background-media":"","overlay-type":"","overlay-color":"","overlay-opacity":"","overlay-gradient":""}},"ast-content-background-meta":{"desktop":{"background-color":"var(--ast-global-color-5)","background-image":"","background-repeat":"repeat","background-position":"center center","background-size":"auto","background-attachment":"scroll","background-type":"","background-media":"","overlay-type":"","overlay-color":"","overlay-opacity":"","overlay-gradient":""},"tablet":{"background-color":"var(--ast-global-color-5)","background-image":"","background-repeat":"repeat","background-position":"center center","background-size":"auto","background-attachment":"scroll","background-type":"","background-media":"","overlay-type":"","overlay-color":"","overlay-opacity":"","overlay-gradient":""},"mobile":{"background-color":"var(--ast-global-color-5)","background-image":"","background-repeat":"repeat","background-position":"center center","background-size":"auto","background-attachment":"scroll","background-type":"","background-media":"","overlay-type":"","overlay-color":"","overlay-opacity":"","overlay-gradient":""}}},"product_brand":[],"product_cat":[426,1206,428,432,424,1184,427,403,407,425,433,414],"product_tag":[],"class_list":{"0":"post-2372","1":"product","2":"type-product","3":"status-publish","4":"has-post-thumbnail","6":"product_cat-constructionmining","7":"product_cat-fabric-for-bag","8":"product_cat-fabric-for-outdoor-sports","9":"product_cat-fabric-for-tent","10":"product_cat-medical-protection-product","11":"product_cat-oxford-fabric","12":"product_cat-petroleum-and-petrochemical","13":"product_cat-polyester-fabrics","14":"product_cat-recycled-fabric","15":"product_cat-security-emergencies-road-services","16":"product_cat-textile-for-industrial","17":"product_cat-waterproof-fabrics","18":"pa_available_colors-1526-03","19":"pa_available_colors-1526-04","20":"pa_available_colors-1526-05","21":"pa_available_colors-1526-06","22":"pa_available_colors-1526-11","23":"pa_available_colors-1526-17","24":"pa_available_colors-1526-18","25":"pa_available_colors-1526-27","26":"pa_available_colors-1526-31","27":"pa_available_colors-1526-32","28":"pa_available_colors-1526-38","29":"pa_available_colors-1526-44","30":"pa_available_colors-1526-47","31":"pa_available_colors-1526-53","32":"pa_available_colors-1526-57","33":"pa_available_colors-1526-59","34":"pa_available_colors-1526-61","35":"pa_available_colors-000014-wht","36":"pa_available_colors-911052-spc","37":"pa_available_colors-000020-wht","38":"desktop-align-left","39":"tablet-align-left","40":"mobile-align-left","41":"ast-product-gallery-layout-vertical-slider","42":"ast-product-tabs-layout-horizontal","44":"first","45":"instock","46":"shipping-taxable","47":"product-type-simple"},"uagb_featured_image_src":{"full":["https:\/\/www.sikortex.com\/wp-content\/uploads\/2023\/06\/O1CN01e5NArx1g9OCzp0gmq_2207443834099-0-cib-2.jpg",1024,1024,false],"thumbnail":["https:\/\/www.sikortex.com\/wp-content\/uploads\/2023\/06\/O1CN01e5NArx1g9OCzp0gmq_2207443834099-0-cib-2-150x150.jpg",150,150,true],"medium":["https:\/\/www.sikortex.com\/wp-content\/uploads\/2023\/06\/O1CN01e5NArx1g9OCzp0gmq_2207443834099-0-cib-2-300x300.jpg",300,300,true],"medium_large":["https:\/\/www.sikortex.com\/wp-content\/uploads\/2023\/06\/O1CN01e5NArx1g9OCzp0gmq_2207443834099-0-cib-2-768x768.jpg",768,768,true],"large":["https:\/\/www.sikortex.com\/wp-content\/uploads\/2023\/06\/O1CN01e5NArx1g9OCzp0gmq_2207443834099-0-cib-2.jpg",1024,1024,false],"1536x1536":["https:\/\/www.sikortex.com\/wp-content\/uploads\/2023\/06\/O1CN01e5NArx1g9OCzp0gmq_2207443834099-0-cib-2.jpg",1024,1024,false],"2048x2048":["https:\/\/www.sikortex.com\/wp-content\/uploads\/2023\/06\/O1CN01e5NArx1g9OCzp0gmq_2207443834099-0-cib-2.jpg",1024,1024,false],"trp-custom-language-flag":["https:\/\/www.sikortex.com\/wp-content\/uploads\/2023\/06\/O1CN01e5NArx1g9OCzp0gmq_2207443834099-0-cib-2.jpg",12,12,false],"woocommerce_thumbnail":["https:\/\/www.sikortex.com\/wp-content\/uploads\/2023\/06\/O1CN01e5NArx1g9OCzp0gmq_2207443834099-0-cib-2-300x300.jpg",300,300,true],"woocommerce_single":["https:\/\/www.sikortex.com\/wp-content\/uploads\/2023\/06\/O1CN01e5NArx1g9OCzp0gmq_2207443834099-0-cib-2-600x600.jpg",600,600,true],"woocommerce_gallery_thumbnail":["https:\/\/www.sikortex.com\/wp-content\/uploads\/2023\/06\/O1CN01e5NArx1g9OCzp0gmq_2207443834099-0-cib-2-100x100.jpg",100,100,true]},"uagb_author_info":{"display_name":"Perry","author_link":"https:\/\/www.sikortex.com\/fr\/author\/"},"uagb_comment_info":0,"uagb_excerpt":"600 Meters(Min.Order)","_links":{"self":[{"href":"https:\/\/www.sikortex.com\/fr\/wp-json\/wp\/v2\/product\/2372","targetHints":{"allow":["GET"]}}],"collection":[{"href":"https:\/\/www.sikortex.com\/fr\/wp-json\/wp\/v2\/product"}],"about":[{"href":"https:\/\/www.sikortex.com\/fr\/wp-json\/wp\/v2\/types\/product"}],"replies":[{"embeddable":true,"href":"https:\/\/www.sikortex.com\/fr\/wp-json\/wp\/v2\/comments?post=2372"}],"wp:featuredmedia":[{"embeddable":true,"href":"https:\/\/www.sikortex.com\/fr\/wp-json\/wp\/v2\/media\/3921"}],"wp:attachment":[{"href":"https:\/\/www.sikortex.com\/fr\/wp-json\/wp\/v2\/media?parent=2372"}],"wp:term":[{"taxonomy":"product_brand","embeddable":true,"href":"https:\/\/www.sikortex.com\/fr\/wp-json\/wp\/v2\/product_brand?post=2372"},{"taxonomy":"product_cat","embeddable":true,"href":"https:\/\/www.sikortex.com\/fr\/wp-json\/wp\/v2\/product_cat?post=2372"},{"taxonomy":"product_tag","embeddable":true,"href":"https:\/\/www.sikortex.com\/fr\/wp-json\/wp\/v2\/product_tag?post=2372"}],"curies":[{"name":"wp","href":"https:\/\/api.w.org\/{rel}","templated":true}]}}