{"id":2345,"date":"2023-06-02T16:23:57","date_gmt":"2023-06-02T08:23:57","guid":{"rendered":"http:\/\/203.196.10.64:3021\/?post_type=product&#038;p=2345"},"modified":"2023-11-01T15:04:09","modified_gmt":"2023-11-01T07:04:09","slug":"sk8277-tissu-ponge","status":"publish","type":"product","link":"https:\/\/www.sikortex.com\/fr\/produit\/sk8277-tissu-ponge\/","title":{"rendered":"Tissu anti-downproof de tissu de pong\u00e9 de sensation d&#039;ouatine du polyester 50D"},"content":{"rendered":"<p>Le tissu anti-duvet en tissu polaire pong\u00e9 en polyester 50D est un type de tissu fabriqu\u00e9 \u00e0 l&#039;aide de microfibre de polyester de nouvelle technologie. La microfibre est plus petite que les cheveux et a une texture tr\u00e8s douce, ce qui la rend tr\u00e8s agr\u00e9able \u00e0 porter. En plus de sa texture douce, ce tissu poss\u00e8de \u00e9galement un certain degr\u00e9 d&#039;\u00e9lasticit\u00e9, ce qui le rend parfait pour la confection de v\u00eatements de sport, de doudounes et d&#039;articles de sports de plein air.<\/p>\n<p>Les minuscules fibres de ce tissu lui conf\u00e8rent une texture et une apparence uniques \u00e0 la fois attrayantes et fonctionnelles. Son \u00e9lasticit\u00e9 lui permet de s&#039;\u00e9tirer et de bouger avec le porteur, ce qui le rend id\u00e9al pour les v\u00eatements de sport. Cela en fait un choix populaire parmi les athl\u00e8tes et les amateurs de plein air qui ont besoin de v\u00eatements capables de r\u00e9sister aux rigueurs de leurs activit\u00e9s.<\/p>\n<p>L&#039;un des grands avantages du tissu pong\u00e9 en polyester polaire est qu&#039;il est tr\u00e8s durable et r\u00e9sistant \u00e0 l&#039;usure. Cela le rend id\u00e9al pour une utilisation dans des environnements ext\u00e9rieurs difficiles, o\u00f9 les v\u00eatements doivent r\u00e9sister \u00e0 des conditions difficiles et \u00e0 des lavages r\u00e9p\u00e9t\u00e9s. Le tissu s\u00e8che \u00e9galement rapidement, ce qui le rend parfait pour les activit\u00e9s de plein air o\u00f9 l&#039;humidit\u00e9 peut \u00eatre un probl\u00e8me.<\/p>\n<p>Un autre avantage du tissu anti-duvet en polyester est qu\u2019il est l\u00e9ger et facile \u00e0 entretenir. Il peut \u00eatre lav\u00e9 et s\u00e9ch\u00e9 en machine sans perdre sa forme ni sa texture. Il est \u00e9galement r\u00e9sistant aux plis, ce qui le rend facile \u00e0 emballer et \u00e0 transporter.<\/p>","protected":false},"excerpt":{"rendered":"<p>600 m\u00e8tres (Min.Order)<\/p>","protected":false},"featured_media":3912,"comment_status":"closed","ping_status":"closed","template":"","meta":{"_uag_custom_page_level_css":"","site-sidebar-layout":"default","site-content-layout":"default","ast-site-content-layout":"","site-content-style":"default","site-sidebar-style":"default","ast-global-header-display":"","ast-banner-title-visibility":"","ast-main-header-display":"","ast-hfb-above-header-display":"","ast-hfb-below-header-display":"","ast-hfb-mobile-header-display":"","site-post-title":"","ast-breadcrumbs-content":"","ast-featured-img":"","footer-sml-layout":"","theme-transparent-header-meta":"default","adv-header-id-meta":"","stick-header-meta":"default","header-above-stick-meta":"","header-main-stick-meta":"","header-below-stick-meta":"","astra-migrate-meta-layouts":"default","ast-page-background-enabled":"default","ast-page-background-meta":{"desktop":{"background-color":"","background-image":"","background-repeat":"repeat","background-position":"center center","background-size":"auto","background-attachment":"scroll","background-type":"","background-media":"","overlay-type":"","overlay-color":"","overlay-opacity":"","overlay-gradient":""},"tablet":{"background-color":"","background-image":"","background-repeat":"repeat","background-position":"center center","background-size":"auto","background-attachment":"scroll","background-type":"","background-media":"","overlay-type":"","overlay-color":"","overlay-opacity":"","overlay-gradient":""},"mobile":{"background-color":"","background-image":"","background-repeat":"repeat","background-position":"center center","background-size":"auto","background-attachment":"scroll","background-type":"","background-media":"","overlay-type":"","overlay-color":"","overlay-opacity":"","overlay-gradient":""}},"ast-content-background-meta":{"desktop":{"background-color":"var(--ast-global-color-5)","background-image":"","background-repeat":"repeat","background-position":"center center","background-size":"auto","background-attachment":"scroll","background-type":"","background-media":"","overlay-type":"","overlay-color":"","overlay-opacity":"","overlay-gradient":""},"tablet":{"background-color":"var(--ast-global-color-5)","background-image":"","background-repeat":"repeat","background-position":"center center","background-size":"auto","background-attachment":"scroll","background-type":"","background-media":"","overlay-type":"","overlay-color":"","overlay-opacity":"","overlay-gradient":""},"mobile":{"background-color":"var(--ast-global-color-5)","background-image":"","background-repeat":"repeat","background-position":"center center","background-size":"auto","background-attachment":"scroll","background-type":"","background-media":"","overlay-type":"","overlay-color":"","overlay-opacity":"","overlay-gradient":""}}},"product_brand":[],"product_cat":[431,428,1145,403,414],"product_tag":[],"class_list":{"0":"post-2345","1":"product","2":"type-product","3":"status-publish","4":"has-post-thumbnail","6":"product_cat-fabric-for-commuting-clothing","7":"product_cat-fabric-for-outdoor-sports","8":"product_cat-lightweight-fabric","9":"product_cat-polyester-fabrics","10":"product_cat-waterproof-fabrics","11":"pa_available_colors-911052-spc","12":"desktop-align-left","13":"tablet-align-left","14":"mobile-align-left","15":"ast-product-gallery-layout-vertical-slider","16":"ast-product-tabs-layout-horizontal","18":"first","19":"instock","20":"shipping-taxable","21":"product-type-simple"},"uagb_featured_image_src":{"full":["https:\/\/www.sikortex.com\/wp-content\/uploads\/2023\/06\/O1CN01tQmdgS1g9OGm7AKe7_2207443834099-0-cib-1.jpg",1024,1024,false],"thumbnail":["https:\/\/www.sikortex.com\/wp-content\/uploads\/2023\/06\/O1CN01tQmdgS1g9OGm7AKe7_2207443834099-0-cib-1-150x150.jpg",150,150,true],"medium":["https:\/\/www.sikortex.com\/wp-content\/uploads\/2023\/06\/O1CN01tQmdgS1g9OGm7AKe7_2207443834099-0-cib-1-300x300.jpg",300,300,true],"medium_large":["https:\/\/www.sikortex.com\/wp-content\/uploads\/2023\/06\/O1CN01tQmdgS1g9OGm7AKe7_2207443834099-0-cib-1-768x768.jpg",768,768,true],"large":["https:\/\/www.sikortex.com\/wp-content\/uploads\/2023\/06\/O1CN01tQmdgS1g9OGm7AKe7_2207443834099-0-cib-1.jpg",1024,1024,false],"1536x1536":["https:\/\/www.sikortex.com\/wp-content\/uploads\/2023\/06\/O1CN01tQmdgS1g9OGm7AKe7_2207443834099-0-cib-1.jpg",1024,1024,false],"2048x2048":["https:\/\/www.sikortex.com\/wp-content\/uploads\/2023\/06\/O1CN01tQmdgS1g9OGm7AKe7_2207443834099-0-cib-1.jpg",1024,1024,false],"trp-custom-language-flag":["https:\/\/www.sikortex.com\/wp-content\/uploads\/2023\/06\/O1CN01tQmdgS1g9OGm7AKe7_2207443834099-0-cib-1.jpg",12,12,false],"woocommerce_thumbnail":["https:\/\/www.sikortex.com\/wp-content\/uploads\/2023\/06\/O1CN01tQmdgS1g9OGm7AKe7_2207443834099-0-cib-1-300x300.jpg",300,300,true],"woocommerce_single":["https:\/\/www.sikortex.com\/wp-content\/uploads\/2023\/06\/O1CN01tQmdgS1g9OGm7AKe7_2207443834099-0-cib-1-600x600.jpg",600,600,true],"woocommerce_gallery_thumbnail":["https:\/\/www.sikortex.com\/wp-content\/uploads\/2023\/06\/O1CN01tQmdgS1g9OGm7AKe7_2207443834099-0-cib-1-100x100.jpg",100,100,true]},"uagb_author_info":{"display_name":"Perry","author_link":"https:\/\/www.sikortex.com\/fr\/author\/"},"uagb_comment_info":0,"uagb_excerpt":"600 Meters(Min.Order)","_links":{"self":[{"href":"https:\/\/www.sikortex.com\/fr\/wp-json\/wp\/v2\/product\/2345","targetHints":{"allow":["GET"]}}],"collection":[{"href":"https:\/\/www.sikortex.com\/fr\/wp-json\/wp\/v2\/product"}],"about":[{"href":"https:\/\/www.sikortex.com\/fr\/wp-json\/wp\/v2\/types\/product"}],"replies":[{"embeddable":true,"href":"https:\/\/www.sikortex.com\/fr\/wp-json\/wp\/v2\/comments?post=2345"}],"wp:featuredmedia":[{"embeddable":true,"href":"https:\/\/www.sikortex.com\/fr\/wp-json\/wp\/v2\/media\/3912"}],"wp:attachment":[{"href":"https:\/\/www.sikortex.com\/fr\/wp-json\/wp\/v2\/media?parent=2345"}],"wp:term":[{"taxonomy":"product_brand","embeddable":true,"href":"https:\/\/www.sikortex.com\/fr\/wp-json\/wp\/v2\/product_brand?post=2345"},{"taxonomy":"product_cat","embeddable":true,"href":"https:\/\/www.sikortex.com\/fr\/wp-json\/wp\/v2\/product_cat?post=2345"},{"taxonomy":"product_tag","embeddable":true,"href":"https:\/\/www.sikortex.com\/fr\/wp-json\/wp\/v2\/product_tag?post=2345"}],"curies":[{"name":"wp","href":"https:\/\/api.w.org\/{rel}","templated":true}]}}