{"id":2288,"date":"2023-06-02T16:00:53","date_gmt":"2023-06-02T08:00:53","guid":{"rendered":"http:\/\/203.196.10.64:3021\/?post_type=product&#038;p=2288"},"modified":"2025-02-17T17:45:35","modified_gmt":"2025-02-17T09:45:35","slug":"tissu-en-nylon-420d-avec-revetement-en-pu-oxford","status":"publish","type":"product","link":"https:\/\/www.sikortex.com\/fr\/produit\/tissu-en-nylon-420d-avec-revetement-en-pu-oxford\/","title":{"rendered":"Tissu en nylon 420D avec rev\u00eatement PU Oxford"},"content":{"rendered":"<h3 class=\"header-vfC6AV auto-hide-last-sibling-br\">Tissu en nylon 420D : un choix fiable pour les \u00e9quipements de protection contre les intemp\u00e9ries<\/h3>\n<p>&nbsp;<\/p>\n<h4 class=\"header-vfC6AV auto-hide-last-sibling-br\">Un savoir-faire m\u00e9ticuleux, posant les bases de la durabilit\u00e9<\/h4>\n<div class=\"auto-hide-last-sibling-br paragraph-JOTKXA paragraph-element br-paragraph-space\">Notre tissu en nylon 420D se distingue d\u00e8s le d\u00e9but par son processus de tissage. Les fils sont \u00e9troitement entrelac\u00e9s, construisant une structure physique stable pour le tissu et posant une base solide pour sa durabilit\u00e9. En plus de cela, nous appliquons un rev\u00eatement PU \u00e0 deux couches. Ce n&#039;est pas une mesure ordinaire. Le rev\u00eatement \u00e0 deux couches est comme mettre deux couches d&#039;armure solide sur le tissu. Il am\u00e9liore non seulement la r\u00e9sistance globale du tissu de mani\u00e8re globale, mais am\u00e9liore \u00e9galement consid\u00e9rablement sa r\u00e9sistance \u00e0 la d\u00e9chirure. Imaginez que lors d&#039;une aventure en plein air, l&#039;\u00e9quipement entre fr\u00e9quemment en contact avec des rochers et des branches tranchants. Les tissus ordinaires seraient facilement ray\u00e9s, mais notre tissu en nylon 420D avec un rev\u00eatement PU \u00e0 deux couches peut r\u00e9sister \u00e0 ces impacts avec t\u00e9nacit\u00e9, garantissant l&#039;int\u00e9grit\u00e9 de l&#039;\u00e9quipement et offrant une garantie fiable pour vos sorties en plein air.<\/div>\n<div><\/div>\n<h4 class=\"header-vfC6AV auto-hide-last-sibling-br\">Double fonction d&#039;imperm\u00e9abilisation, assurant la s\u00e9cheresse<\/h4>\n<div class=\"auto-hide-last-sibling-br paragraph-JOTKXA paragraph-element br-paragraph-space\">En plus de son excellente durabilit\u00e9, notre tissu en nylon 420D va encore plus loin en termes d&#039;imperm\u00e9abilit\u00e9. Il a subi un traitement DWR (Durable Water Repellent), formant une structure microscopique sp\u00e9ciale sur la surface du tissu. Lorsque les gouttes d&#039;eau le touchent, elles se rassemblent rapidement en perles et roulent. Associ\u00e9es au rev\u00eatement PU \u00e0 deux couches, ces deux mesures fonctionnent ensemble pour obtenir la meilleure <a href=\"https:\/\/www.sikortex.com\/fr\/magazine\/impermeable-et-hydrofuge\/\"><span style=\"color: #3366ff;\">imperm\u00e9able<\/span><\/a> Effet. Qu&#039;il s&#039;agisse d&#039;une forte pluie ou d&#039;un \u00e9pais brouillard, le tissu peut bloquer compl\u00e8tement l&#039;humidit\u00e9, gardant les articles \u00e0 l&#039;int\u00e9rieur de l&#039;\u00e9quipement au sec \u00e0 tout moment. Cette performance d&#039;imperm\u00e9abilit\u00e9 ultime est la protection cl\u00e9 que notre tissu en nylon 420D offre aux \u00e9quipements utilis\u00e9s par temps difficile.<\/div>\n<div><\/div>\n<h4 class=\"header-vfC6AV auto-hide-last-sibling-br\">R\u00e9sistance exceptionnelle \u00e0 l&#039;abrasion, maintien d&#039;une protection longue dur\u00e9e<\/h4>\n<div class=\"auto-hide-last-sibling-br paragraph-JOTKXA paragraph-element br-paragraph-space\">Dans un environnement ext\u00e9rieur complexe, les frottements sont omnipr\u00e9sents. Notre tissu en nylon 420D pr\u00e9sente une r\u00e9sistance remarquable \u00e0 l&#039;abrasion gr\u00e2ce \u00e0 ses propri\u00e9t\u00e9s mat\u00e9rielles uniques et \u00e0 sa structure de tissage serr\u00e9e. M\u00eame apr\u00e8s de nombreuses utilisations et des randonn\u00e9es de longue distance, en supportant des frottements de haute intensit\u00e9 pendant des p\u00e9riodes prolong\u00e9es, il peut toujours conserver de bonnes propri\u00e9t\u00e9s physiques sans r\u00e9duire son effet protecteur sur l&#039;\u00e9quipement. Chaque frottement est un test de sa qualit\u00e9, et notre tissu en nylon 420D fait toujours ses preuves avec des performances exceptionnelles.<\/div>\n<div><\/div>\n<h4 class=\"header-vfC6AV auto-hide-last-sibling-br\">Large applicabilit\u00e9, fiable dans tous les sc\u00e9narios<\/h4>\n<div class=\"auto-hide-last-sibling-br paragraph-JOTKXA paragraph-element br-paragraph-space\">Avec les nombreux avantages remarquables mentionn\u00e9s ci-dessus, notre tissu en nylon 420D a une large gamme d&#039;applications, en particulier dans la fabrication d&#039;\u00e9quipements qui doivent r\u00e9sister aux intemp\u00e9ries. Qu&#039;il s&#039;agisse d&#039;un sac \u00e0 dos d&#039;alpinisme qui doit supporter le vent, la pluie et le frottement des rochers lors des ascensions de sommets, ou d&#039;une tente de terrain qui doit r\u00e9sister \u00e0 diverses conditions m\u00e9t\u00e9orologiques complexes, notre tissu en nylon 420D peut fournir une protection fiable pour ces \u00e9quipements gr\u00e2ce \u00e0 ses excellentes performances. Cela permet aux utilisateurs de profiter des activit\u00e9s de plein air en toute tranquillit\u00e9, m\u00eame par mauvais temps.<\/div>\n<p>&nbsp;<\/p>\n<div class=\"auto-hide-last-sibling-br paragraph-JOTKXA paragraph-element br-paragraph-space\">Notre tissu en nylon 420D, avec sa durabilit\u00e9, sa r\u00e9sistance \u00e0 la d\u00e9chirure, son imperm\u00e9abilit\u00e9 \u00e0 double fonction et sa r\u00e9sistance exceptionnelle \u00e0 l&#039;abrasion fabriqu\u00e9e gr\u00e2ce \u00e0 un savoir-faire m\u00e9ticuleux, est devenu un choix irrempla\u00e7able de haute qualit\u00e9 dans le domaine des \u00e9quipements pour conditions m\u00e9t\u00e9orologiques difficiles, accompagnant de mani\u00e8re compl\u00e8te les voyages d&#039;aventure des amateurs de plein air.<\/div>","protected":false},"excerpt":{"rendered":"<p>1000 m\u00e8tres (commande minimum)<\/p>","protected":false},"featured_media":6451,"comment_status":"closed","ping_status":"closed","template":"","meta":{"_uag_custom_page_level_css":"","site-sidebar-layout":"default","site-content-layout":"default","ast-site-content-layout":"","site-content-style":"default","site-sidebar-style":"default","ast-global-header-display":"","ast-banner-title-visibility":"","ast-main-header-display":"","ast-hfb-above-header-display":"","ast-hfb-below-header-display":"","ast-hfb-mobile-header-display":"","site-post-title":"","ast-breadcrumbs-content":"","ast-featured-img":"","footer-sml-layout":"","theme-transparent-header-meta":"default","adv-header-id-meta":"","stick-header-meta":"default","header-above-stick-meta":"","header-main-stick-meta":"","header-below-stick-meta":"","astra-migrate-meta-layouts":"default","ast-page-background-enabled":"default","ast-page-background-meta":{"desktop":{"background-color":"","background-image":"","background-repeat":"repeat","background-position":"center center","background-size":"auto","background-attachment":"scroll","background-type":"","background-media":"","overlay-type":"","overlay-color":"","overlay-opacity":"","overlay-gradient":""},"tablet":{"background-color":"","background-image":"","background-repeat":"repeat","background-position":"center center","background-size":"auto","background-attachment":"scroll","background-type":"","background-media":"","overlay-type":"","overlay-color":"","overlay-opacity":"","overlay-gradient":""},"mobile":{"background-color":"","background-image":"","background-repeat":"repeat","background-position":"center center","background-size":"auto","background-attachment":"scroll","background-type":"","background-media":"","overlay-type":"","overlay-color":"","overlay-opacity":"","overlay-gradient":""}},"ast-content-background-meta":{"desktop":{"background-color":"var(--ast-global-color-5)","background-image":"","background-repeat":"repeat","background-position":"center center","background-size":"auto","background-attachment":"scroll","background-type":"","background-media":"","overlay-type":"","overlay-color":"","overlay-opacity":"","overlay-gradient":""},"tablet":{"background-color":"var(--ast-global-color-5)","background-image":"","background-repeat":"repeat","background-position":"center center","background-size":"auto","background-attachment":"scroll","background-type":"","background-media":"","overlay-type":"","overlay-color":"","overlay-opacity":"","overlay-gradient":""},"mobile":{"background-color":"var(--ast-global-color-5)","background-image":"","background-repeat":"repeat","background-position":"center center","background-size":"auto","background-attachment":"scroll","background-type":"","background-media":"","overlay-type":"","overlay-color":"","overlay-opacity":"","overlay-gradient":""}}},"product_brand":[],"product_cat":[426,1206,423,430,432,404,1184,433,414],"product_tag":[],"class_list":{"0":"post-2288","1":"product","2":"type-product","3":"status-publish","4":"has-post-thumbnail","6":"product_cat-constructionmining","7":"product_cat-fabric-for-bag","8":"product_cat-fabric-for-military-police","9":"product_cat-fabric-for-motorwear","10":"product_cat-fabric-for-tent","11":"product_cat-nylon-fabrics","12":"product_cat-oxford-fabric","13":"product_cat-textile-for-industrial","14":"product_cat-waterproof-fabrics","15":"pa_available_colors-911052-spc","16":"desktop-align-left","17":"tablet-align-left","18":"mobile-align-left","19":"ast-product-gallery-layout-vertical-slider","20":"ast-product-tabs-layout-horizontal","22":"first","23":"instock","24":"shipping-taxable","25":"product-type-simple"},"uagb_featured_image_src":{"full":["https:\/\/www.sikortex.com\/wp-content\/uploads\/2023\/06\/nylon-oxford.jpg",800,800,false],"thumbnail":["https:\/\/www.sikortex.com\/wp-content\/uploads\/2023\/06\/nylon-oxford-150x150.jpg",150,150,true],"medium":["https:\/\/www.sikortex.com\/wp-content\/uploads\/2023\/06\/nylon-oxford-300x300.jpg",300,300,true],"medium_large":["https:\/\/www.sikortex.com\/wp-content\/uploads\/2023\/06\/nylon-oxford-768x768.jpg",768,768,true],"large":["https:\/\/www.sikortex.com\/wp-content\/uploads\/2023\/06\/nylon-oxford.jpg",800,800,false],"1536x1536":["https:\/\/www.sikortex.com\/wp-content\/uploads\/2023\/06\/nylon-oxford.jpg",800,800,false],"2048x2048":["https:\/\/www.sikortex.com\/wp-content\/uploads\/2023\/06\/nylon-oxford.jpg",800,800,false],"trp-custom-language-flag":["https:\/\/www.sikortex.com\/wp-content\/uploads\/2023\/06\/nylon-oxford-12x12.jpg",12,12,true],"woocommerce_thumbnail":["https:\/\/www.sikortex.com\/wp-content\/uploads\/2023\/06\/nylon-oxford-300x300.jpg",300,300,true],"woocommerce_single":["https:\/\/www.sikortex.com\/wp-content\/uploads\/2023\/06\/nylon-oxford-600x600.jpg",600,600,true],"woocommerce_gallery_thumbnail":["https:\/\/www.sikortex.com\/wp-content\/uploads\/2023\/06\/nylon-oxford-100x100.jpg",100,100,true]},"uagb_author_info":{"display_name":"Perry","author_link":"https:\/\/www.sikortex.com\/fr\/author\/"},"uagb_comment_info":0,"uagb_excerpt":"1000 Meters(Min.Order)","_links":{"self":[{"href":"https:\/\/www.sikortex.com\/fr\/wp-json\/wp\/v2\/product\/2288","targetHints":{"allow":["GET"]}}],"collection":[{"href":"https:\/\/www.sikortex.com\/fr\/wp-json\/wp\/v2\/product"}],"about":[{"href":"https:\/\/www.sikortex.com\/fr\/wp-json\/wp\/v2\/types\/product"}],"replies":[{"embeddable":true,"href":"https:\/\/www.sikortex.com\/fr\/wp-json\/wp\/v2\/comments?post=2288"}],"wp:featuredmedia":[{"embeddable":true,"href":"https:\/\/www.sikortex.com\/fr\/wp-json\/wp\/v2\/media\/6451"}],"wp:attachment":[{"href":"https:\/\/www.sikortex.com\/fr\/wp-json\/wp\/v2\/media?parent=2288"}],"wp:term":[{"taxonomy":"product_brand","embeddable":true,"href":"https:\/\/www.sikortex.com\/fr\/wp-json\/wp\/v2\/product_brand?post=2288"},{"taxonomy":"product_cat","embeddable":true,"href":"https:\/\/www.sikortex.com\/fr\/wp-json\/wp\/v2\/product_cat?post=2288"},{"taxonomy":"product_tag","embeddable":true,"href":"https:\/\/www.sikortex.com\/fr\/wp-json\/wp\/v2\/product_tag?post=2288"}],"curies":[{"name":"wp","href":"https:\/\/api.w.org\/{rel}","templated":true}]}}