{"id":2245,"date":"2023-06-02T15:49:23","date_gmt":"2023-06-02T07:49:23","guid":{"rendered":"http:\/\/203.196.10.64:3021\/?post_type=product&#038;p=2245"},"modified":"2023-11-05T15:06:37","modified_gmt":"2023-11-05T07:06:37","slug":"sk8332-nc-50-50-tissu-coton-cordura","status":"publish","type":"product","link":"https:\/\/www.sikortex.com\/fr\/produit\/sk8332-nc-50-50-tissu-coton-cordura\/","title":{"rendered":"N\/C 50\/50 plaid m\u00e9lang\u00e9 Cordura Cotton Ripstop Fabric"},"content":{"rendered":"<h5>Meilleurs tissus militaires - M\u00e9langes de coton et nylon Cordura<\/h5>\n<p>\u00cates-vous \u00e0 la recherche d&#039;un tissu \u00e0 haute r\u00e9sistance capable de r\u00e9sister \u00e0 des environnements difficiles ? Ne cherchez pas plus loin que le m\u00e9lange de tissu r\u00e9volutionnaire SIKOR-TEX compos\u00e9 de nylon 50% et de coton 50%. Ce m\u00e9lange innovant combine le meilleur des deux mondes, alliant la respirabilit\u00e9 du coton \u00e0 la durabilit\u00e9 et \u00e0 la r\u00e9sistance exceptionnelles du nylon.<br \/>\nL&#039;ajout d&#039;un motif \u00e0 carreaux pr\u00e9sente non seulement une r\u00e9sistance \u00e0 l&#039;usure remarquable, mais am\u00e9liore \u00e9galement consid\u00e9rablement la r\u00e9sistance \u00e0 la d\u00e9chirure. Cette conception unique garantit que le tissu peut r\u00e9sister m\u00eame aux environnements les plus difficiles, ce qui en fait le choix parfait pour ceux qui ont besoin que leurs v\u00eatements r\u00e9sistent \u00e0 l&#039;usure quotidienne.<br \/>\nLe tissu SIKOR-TEX Cordura Cotton est plus que simplement durable. Sa r\u00e9sistance \u00e0 l&#039;usure est plus de trois fois sup\u00e9rieure \u00e0 celle du coton polyester ou du tissu en coton 100%, ce qui en fait un choix id\u00e9al pour ceux qui ont besoin de mat\u00e9riaux hautes performances. Des options d&#039;impression et des finitions fonctionnelles sp\u00e9ciales sont \u00e9galement disponibles, ce qui en fait l&#039;un des tissus les plus polyvalents du march\u00e9.<br \/>\nQue vous soyez dans l&#039;industrie militaire, polici\u00e8re, de la s\u00e9curit\u00e9 ou des v\u00eatements de travail, notre tissu est le choix parfait pour vous. Son m\u00e9lange unique de mat\u00e9riaux et de design en fait un choix de premier ordre pour ceux qui exigent le meilleur en termes de qualit\u00e9 et de durabilit\u00e9. Choisissez notre m\u00e9lange de tissu de nylon 50% et de coton 50% pour votre prochain projet et d\u00e9couvrez la diff\u00e9rence par vous-m\u00eame.<\/p>","protected":false},"excerpt":{"rendered":"<p>600 m\u00e8tres (Min.Order)<\/p>","protected":false},"featured_media":3875,"comment_status":"closed","ping_status":"closed","template":"","meta":{"_uag_custom_page_level_css":"","site-sidebar-layout":"default","site-content-layout":"default","ast-site-content-layout":"","site-content-style":"default","site-sidebar-style":"default","ast-global-header-display":"","ast-banner-title-visibility":"","ast-main-header-display":"","ast-hfb-above-header-display":"","ast-hfb-below-header-display":"","ast-hfb-mobile-header-display":"","site-post-title":"","ast-breadcrumbs-content":"","ast-featured-img":"","footer-sml-layout":"","theme-transparent-header-meta":"default","adv-header-id-meta":"","stick-header-meta":"default","header-above-stick-meta":"","header-main-stick-meta":"","header-below-stick-meta":"","astra-migrate-meta-layouts":"default","ast-page-background-enabled":"default","ast-page-background-meta":{"desktop":{"background-color":"","background-image":"","background-repeat":"repeat","background-position":"center center","background-size":"auto","background-attachment":"scroll","background-type":"","background-media":"","overlay-type":"","overlay-color":"","overlay-opacity":"","overlay-gradient":""},"tablet":{"background-color":"","background-image":"","background-repeat":"repeat","background-position":"center center","background-size":"auto","background-attachment":"scroll","background-type":"","background-media":"","overlay-type":"","overlay-color":"","overlay-opacity":"","overlay-gradient":""},"mobile":{"background-color":"","background-image":"","background-repeat":"repeat","background-position":"center center","background-size":"auto","background-attachment":"scroll","background-type":"","background-media":"","overlay-type":"","overlay-color":"","overlay-opacity":"","overlay-gradient":""}},"ast-content-background-meta":{"desktop":{"background-color":"var(--ast-global-color-5)","background-image":"","background-repeat":"repeat","background-position":"center center","background-size":"auto","background-attachment":"scroll","background-type":"","background-media":"","overlay-type":"","overlay-color":"","overlay-opacity":"","overlay-gradient":""},"tablet":{"background-color":"var(--ast-global-color-5)","background-image":"","background-repeat":"repeat","background-position":"center center","background-size":"auto","background-attachment":"scroll","background-type":"","background-media":"","overlay-type":"","overlay-color":"","overlay-opacity":"","overlay-gradient":""},"mobile":{"background-color":"var(--ast-global-color-5)","background-image":"","background-repeat":"repeat","background-position":"center center","background-size":"auto","background-attachment":"scroll","background-type":"","background-media":"","overlay-type":"","overlay-color":"","overlay-opacity":"","overlay-gradient":""}}},"product_brand":[],"product_cat":[419,426,423,406],"product_tag":[],"class_list":{"0":"post-2245","1":"product","2":"type-product","3":"status-publish","4":"has-post-thumbnail","6":"product_cat-anti-infrared-fabrics","7":"product_cat-constructionmining","8":"product_cat-fabric-for-military-police","9":"product_cat-nylon-cotton","10":"pa_available_colors-8236-19","11":"desktop-align-left","12":"tablet-align-left","13":"mobile-align-left","14":"ast-product-gallery-layout-vertical-slider","15":"ast-product-tabs-layout-horizontal","17":"first","18":"instock","19":"shipping-taxable","20":"product-type-simple"},"uagb_featured_image_src":{"full":["https:\/\/www.sikortex.com\/wp-content\/uploads\/2023\/06\/9049657368_731223358-2.jpg",1024,1024,false],"thumbnail":["https:\/\/www.sikortex.com\/wp-content\/uploads\/2023\/06\/9049657368_731223358-2-150x150.jpg",150,150,true],"medium":["https:\/\/www.sikortex.com\/wp-content\/uploads\/2023\/06\/9049657368_731223358-2-300x300.jpg",300,300,true],"medium_large":["https:\/\/www.sikortex.com\/wp-content\/uploads\/2023\/06\/9049657368_731223358-2-768x768.jpg",768,768,true],"large":["https:\/\/www.sikortex.com\/wp-content\/uploads\/2023\/06\/9049657368_731223358-2.jpg",1024,1024,false],"1536x1536":["https:\/\/www.sikortex.com\/wp-content\/uploads\/2023\/06\/9049657368_731223358-2.jpg",1024,1024,false],"2048x2048":["https:\/\/www.sikortex.com\/wp-content\/uploads\/2023\/06\/9049657368_731223358-2.jpg",1024,1024,false],"trp-custom-language-flag":["https:\/\/www.sikortex.com\/wp-content\/uploads\/2023\/06\/9049657368_731223358-2.jpg",12,12,false],"woocommerce_thumbnail":["https:\/\/www.sikortex.com\/wp-content\/uploads\/2023\/06\/9049657368_731223358-2-300x300.jpg",300,300,true],"woocommerce_single":["https:\/\/www.sikortex.com\/wp-content\/uploads\/2023\/06\/9049657368_731223358-2-600x600.jpg",600,600,true],"woocommerce_gallery_thumbnail":["https:\/\/www.sikortex.com\/wp-content\/uploads\/2023\/06\/9049657368_731223358-2-100x100.jpg",100,100,true]},"uagb_author_info":{"display_name":"Perry","author_link":"https:\/\/www.sikortex.com\/fr\/author\/"},"uagb_comment_info":0,"uagb_excerpt":"600 Meters(Min.Order)","_links":{"self":[{"href":"https:\/\/www.sikortex.com\/fr\/wp-json\/wp\/v2\/product\/2245","targetHints":{"allow":["GET"]}}],"collection":[{"href":"https:\/\/www.sikortex.com\/fr\/wp-json\/wp\/v2\/product"}],"about":[{"href":"https:\/\/www.sikortex.com\/fr\/wp-json\/wp\/v2\/types\/product"}],"replies":[{"embeddable":true,"href":"https:\/\/www.sikortex.com\/fr\/wp-json\/wp\/v2\/comments?post=2245"}],"wp:featuredmedia":[{"embeddable":true,"href":"https:\/\/www.sikortex.com\/fr\/wp-json\/wp\/v2\/media\/3875"}],"wp:attachment":[{"href":"https:\/\/www.sikortex.com\/fr\/wp-json\/wp\/v2\/media?parent=2245"}],"wp:term":[{"taxonomy":"product_brand","embeddable":true,"href":"https:\/\/www.sikortex.com\/fr\/wp-json\/wp\/v2\/product_brand?post=2245"},{"taxonomy":"product_cat","embeddable":true,"href":"https:\/\/www.sikortex.com\/fr\/wp-json\/wp\/v2\/product_cat?post=2245"},{"taxonomy":"product_tag","embeddable":true,"href":"https:\/\/www.sikortex.com\/fr\/wp-json\/wp\/v2\/product_tag?post=2245"}],"curies":[{"name":"wp","href":"https:\/\/api.w.org\/{rel}","templated":true}]}}