{"id":2230,"date":"2023-06-02T15:47:05","date_gmt":"2023-06-02T07:47:05","guid":{"rendered":"http:\/\/203.196.10.64:3021\/?post_type=product&#038;p=2230"},"modified":"2024-09-13T17:32:59","modified_gmt":"2024-09-13T09:32:59","slug":"sk8265","status":"publish","type":"product","link":"https:\/\/www.sikortex.com\/fr\/produit\/sk8265\/","title":{"rendered":"Tissu audio en polyester 1200D"},"content":{"rendered":"<h6>SIKOR-TEX est un fabricant de tissus haute performance bas\u00e9 en Chine<\/h6>\n<p>Tissu audio en polyester 1200D, un tissu haute performance sp\u00e9cialement con\u00e7u pour am\u00e9liorer les exp\u00e9riences audio et offrir une durabilit\u00e9 exceptionnelle.<\/p>\n<p>Fabriqu\u00e9 avec pr\u00e9cision et attention aux d\u00e9tails, notre tissu est fabriqu\u00e9 en polyester 1200D, assurant une r\u00e9sistance sup\u00e9rieure et une r\u00e9sistance \u00e0 l&#039;usure. Il est con\u00e7u pour r\u00e9sister aux exigences des \u00e9quipements audio et des applications connexes.<\/p>\n<p>Le tissu audio en polyester 1200D offre une combinaison unique de propri\u00e9t\u00e9s acoustiques et de performances textiles. Il aide \u00e0 minimiser les vibrations et les r\u00e9sonances ind\u00e9sirables, assurant une qualit\u00e9 et une clart\u00e9 sonore optimales. De plus, la structure dense du tissu aide \u00e0 r\u00e9duire les fuites sonores, permettant une exp\u00e9rience audio plus immersive.<\/p>\n<p>Non seulement notre tissu excelle dans les performances acoustiques, mais il offre \u00e9galement une excellente durabilit\u00e9 et long\u00e9vit\u00e9. Il r\u00e9siste \u00e0 l&#039;effilochage, \u00e0 l&#039;abrasion et aux d\u00e9chirures, ce qui le rend adapt\u00e9 aux applications qui n\u00e9cessitent des performances durables.<\/p>\n<p>Que vous conceviez des housses de haut-parleurs, des bo\u00eetiers d&#039;\u00e9quipement audio ou d&#039;autres produits li\u00e9s \u00e0 l&#039;audio, notre tissu audio en polyester 1200D est le choix id\u00e9al. B\u00e9n\u00e9ficiez d&#039;une qualit\u00e9 sonore, d&#039;une durabilit\u00e9 et d&#039;une fiabilit\u00e9 am\u00e9lior\u00e9es pour vos projets audio. \u00c9levez votre \u00e9quipement audio avec un tissu con\u00e7u pour des performances optimales.<\/p>","protected":false},"excerpt":{"rendered":"<p>600 m\u00e8tres (Min.Order)<\/p>","protected":false},"featured_media":3837,"comment_status":"closed","ping_status":"closed","template":"","meta":{"_uag_custom_page_level_css":"","site-sidebar-layout":"default","site-content-layout":"default","ast-site-content-layout":"","site-content-style":"default","site-sidebar-style":"default","ast-global-header-display":"","ast-banner-title-visibility":"","ast-main-header-display":"","ast-hfb-above-header-display":"","ast-hfb-below-header-display":"","ast-hfb-mobile-header-display":"","site-post-title":"","ast-breadcrumbs-content":"","ast-featured-img":"","footer-sml-layout":"","theme-transparent-header-meta":"default","adv-header-id-meta":"","stick-header-meta":"default","header-above-stick-meta":"","header-main-stick-meta":"","header-below-stick-meta":"","astra-migrate-meta-layouts":"default","ast-page-background-enabled":"default","ast-page-background-meta":{"desktop":{"background-color":"","background-image":"","background-repeat":"repeat","background-position":"center center","background-size":"auto","background-attachment":"scroll","background-type":"","background-media":"","overlay-type":"","overlay-color":"","overlay-opacity":"","overlay-gradient":""},"tablet":{"background-color":"","background-image":"","background-repeat":"repeat","background-position":"center center","background-size":"auto","background-attachment":"scroll","background-type":"","background-media":"","overlay-type":"","overlay-color":"","overlay-opacity":"","overlay-gradient":""},"mobile":{"background-color":"","background-image":"","background-repeat":"repeat","background-position":"center center","background-size":"auto","background-attachment":"scroll","background-type":"","background-media":"","overlay-type":"","overlay-color":"","overlay-opacity":"","overlay-gradient":""}},"ast-content-background-meta":{"desktop":{"background-color":"var(--ast-global-color-5)","background-image":"","background-repeat":"repeat","background-position":"center center","background-size":"auto","background-attachment":"scroll","background-type":"","background-media":"","overlay-type":"","overlay-color":"","overlay-opacity":"","overlay-gradient":""},"tablet":{"background-color":"var(--ast-global-color-5)","background-image":"","background-repeat":"repeat","background-position":"center center","background-size":"auto","background-attachment":"scroll","background-type":"","background-media":"","overlay-type":"","overlay-color":"","overlay-opacity":"","overlay-gradient":""},"mobile":{"background-color":"var(--ast-global-color-5)","background-image":"","background-repeat":"repeat","background-position":"center center","background-size":"auto","background-attachment":"scroll","background-type":"","background-media":"","overlay-type":"","overlay-color":"","overlay-opacity":"","overlay-gradient":""}}},"product_brand":[],"product_cat":[403,433,414],"product_tag":[],"class_list":{"0":"post-2230","1":"product","2":"type-product","3":"status-publish","4":"has-post-thumbnail","6":"product_cat-polyester-fabrics","7":"product_cat-textile-for-industrial","8":"product_cat-waterproof-fabrics","9":"pa_available_colors-911052-spc","10":"pa_available_colors-000020-wht","11":"desktop-align-left","12":"tablet-align-left","13":"mobile-align-left","14":"ast-product-gallery-layout-vertical-slider","15":"ast-product-tabs-layout-horizontal","17":"first","18":"instock","19":"shipping-taxable","20":"product-type-simple"},"uagb_featured_image_src":{"full":["https:\/\/www.sikortex.com\/wp-content\/uploads\/2023\/06\/23597621616_496900300-1.jpg",1024,1024,false],"thumbnail":["https:\/\/www.sikortex.com\/wp-content\/uploads\/2023\/06\/23597621616_496900300-1-150x150.jpg",150,150,true],"medium":["https:\/\/www.sikortex.com\/wp-content\/uploads\/2023\/06\/23597621616_496900300-1-300x300.jpg",300,300,true],"medium_large":["https:\/\/www.sikortex.com\/wp-content\/uploads\/2023\/06\/23597621616_496900300-1-768x768.jpg",768,768,true],"large":["https:\/\/www.sikortex.com\/wp-content\/uploads\/2023\/06\/23597621616_496900300-1.jpg",1024,1024,false],"1536x1536":["https:\/\/www.sikortex.com\/wp-content\/uploads\/2023\/06\/23597621616_496900300-1.jpg",1024,1024,false],"2048x2048":["https:\/\/www.sikortex.com\/wp-content\/uploads\/2023\/06\/23597621616_496900300-1.jpg",1024,1024,false],"trp-custom-language-flag":["https:\/\/www.sikortex.com\/wp-content\/uploads\/2023\/06\/23597621616_496900300-1.jpg",12,12,false],"woocommerce_thumbnail":["https:\/\/www.sikortex.com\/wp-content\/uploads\/2023\/06\/23597621616_496900300-1-300x300.jpg",300,300,true],"woocommerce_single":["https:\/\/www.sikortex.com\/wp-content\/uploads\/2023\/06\/23597621616_496900300-1-600x600.jpg",600,600,true],"woocommerce_gallery_thumbnail":["https:\/\/www.sikortex.com\/wp-content\/uploads\/2023\/06\/23597621616_496900300-1-100x100.jpg",100,100,true]},"uagb_author_info":{"display_name":"Perry","author_link":"https:\/\/www.sikortex.com\/fr\/author\/"},"uagb_comment_info":0,"uagb_excerpt":"600 Meters(Min.Order)","_links":{"self":[{"href":"https:\/\/www.sikortex.com\/fr\/wp-json\/wp\/v2\/product\/2230","targetHints":{"allow":["GET"]}}],"collection":[{"href":"https:\/\/www.sikortex.com\/fr\/wp-json\/wp\/v2\/product"}],"about":[{"href":"https:\/\/www.sikortex.com\/fr\/wp-json\/wp\/v2\/types\/product"}],"replies":[{"embeddable":true,"href":"https:\/\/www.sikortex.com\/fr\/wp-json\/wp\/v2\/comments?post=2230"}],"wp:featuredmedia":[{"embeddable":true,"href":"https:\/\/www.sikortex.com\/fr\/wp-json\/wp\/v2\/media\/3837"}],"wp:attachment":[{"href":"https:\/\/www.sikortex.com\/fr\/wp-json\/wp\/v2\/media?parent=2230"}],"wp:term":[{"taxonomy":"product_brand","embeddable":true,"href":"https:\/\/www.sikortex.com\/fr\/wp-json\/wp\/v2\/product_brand?post=2230"},{"taxonomy":"product_cat","embeddable":true,"href":"https:\/\/www.sikortex.com\/fr\/wp-json\/wp\/v2\/product_cat?post=2230"},{"taxonomy":"product_tag","embeddable":true,"href":"https:\/\/www.sikortex.com\/fr\/wp-json\/wp\/v2\/product_tag?post=2230"}],"curies":[{"name":"wp","href":"https:\/\/api.w.org\/{rel}","templated":true}]}}