{"id":2211,"date":"2023-06-02T15:40:53","date_gmt":"2023-06-02T07:40:53","guid":{"rendered":"http:\/\/203.196.10.64:3021\/?post_type=product&#038;p=2211"},"modified":"2025-01-09T11:22:44","modified_gmt":"2025-01-09T03:22:44","slug":"sk8337-camouflage-700d-nylon-66-tissu","status":"publish","type":"product","link":"https:\/\/www.sikortex.com\/fr\/produit\/sk8337-camouflage-700d-nylon-66-tissu\/","title":{"rendered":"Tissu Cordura balistique en nylon 700D camouflage num\u00e9rique 66 du d\u00e9sert"},"content":{"rendered":"<h6><a href=\"https:\/\/www.sikortex.com\/fr\/profil-de-lentreprise\/\"><span style=\"color: #3366ff;\">SIKOR-TEX<\/span><\/a> fabricant de tissus haute performance en Chine<\/h6>\n<p>Nylon balistique 700D 66 <a href=\"https:\/\/www.sikortex.com\/fr\/tissus-cordura\/\"><span style=\"color: #3366ff;\">Tissu Cordura<\/span><\/a>, sp\u00e9cialement con\u00e7u pour <a href=\"https:\/\/www.sikortex.com\/fr\/tissu-militaire-tissu-ripstop\/\"><span style=\"color: #3366ff;\">militaire<\/span><\/a> et des applications de v\u00eatements de sport d&#039;ext\u00e9rieur, d\u00e9sormais avec une fonction anti-infrarouge en option pour une furtivit\u00e9 et une protection am\u00e9lior\u00e9es.<\/p>\n<p>Fabriqu\u00e9 \u00e0 partir d&#039;un mat\u00e9riau en nylon 66 de haute qualit\u00e9, ce gilet balistique <a href=\"https:\/\/www.sikortex.com\/fr\/tissus-cordura\/\"><span style=\"color: #3366ff;\">Tissu Cordura<\/span><\/a> offre une r\u00e9sistance, une durabilit\u00e9 et une r\u00e9sistance exceptionnelles aux abrasions. Il pr\u00e9sente un imprim\u00e9 camouflage qui non seulement aide \u00e0 se fondre dans l&#039;environnement, mais int\u00e8gre \u00e9galement <a href=\"https:\/\/www.sikortex.com\/fr\/2023\/11\/03\/materiel-de-camouflage-thermique-militaire\/\"><span style=\"color: #3366ff;\">anti-infrarouge<\/span><\/a> technologie offrant une protection contre la d\u00e9tection par imagerie thermique.<\/p>\n<p>L&#039;optionnel <a href=\"https:\/\/www.sikortex.com\/fr\/2023\/11\/03\/materiel-de-camouflage-thermique-militaire\/\"><span style=\"color: #3366ff;\">anti-infrarouge<\/span><\/a> La fonction garantit que le tissu minimise les signatures thermiques, ce qui le rend tr\u00e8s efficace dans les op\u00e9rations furtives et offre une s\u00e9curit\u00e9 suppl\u00e9mentaire \u00e0 <a href=\"https:\/\/www.sikortex.com\/fr\/tissu-militaire-tissu-ripstop\/\"><span style=\"color: #3366ff;\">militaire<\/span><\/a> personnel. Que vous naviguiez sur des terrains hostiles ou que vous participiez \u00e0 des missions tactiques, ce tissu vous aidera \u00e0 rester cach\u00e9 et ind\u00e9tectable.<\/p>\n<p>En plus de son <a href=\"https:\/\/www.sikortex.com\/fr\/2023\/11\/03\/materiel-de-camouflage-thermique-militaire\/\"><span style=\"color: #3366ff;\">anti-infrarouge<\/span><\/a> capacit\u00e9s, la balistique <span style=\"color: #3366ff;\"><a style=\"color: #3366ff;\" href=\"https:\/\/www.sikortex.com\/fr\/tissus-cordura\/\">Tissu Cordura<\/a><\/span> maintient son <a href=\"https:\/\/www.sikortex.com\/fr\/hydrofuge-resistant-impermeable\/\"><span style=\"color: #3366ff;\">r\u00e9sistant \u00e0 l&#039;eau<\/span><\/a> propri\u00e9t\u00e9s qui le rendent \u00e9galement adapt\u00e9 aux v\u00eatements de sport en ext\u00e9rieur. Il offre une protection contre la pluie l\u00e9g\u00e8re et l&#039;humidit\u00e9, vous assurant de rester au sec et \u00e0 l&#039;aise pendant les activit\u00e9s de plein air intenses.<\/p>","protected":false},"excerpt":{"rendered":"<p>600 m\u00e8tres (Min.Order)<\/p>","protected":false},"featured_media":3864,"comment_status":"closed","ping_status":"closed","template":"","meta":{"_uag_custom_page_level_css":"","site-sidebar-layout":"default","site-content-layout":"default","ast-site-content-layout":"","site-content-style":"default","site-sidebar-style":"default","ast-global-header-display":"","ast-banner-title-visibility":"","ast-main-header-display":"","ast-hfb-above-header-display":"","ast-hfb-below-header-display":"","ast-hfb-mobile-header-display":"","site-post-title":"","ast-breadcrumbs-content":"","ast-featured-img":"","footer-sml-layout":"","theme-transparent-header-meta":"default","adv-header-id-meta":"","stick-header-meta":"default","header-above-stick-meta":"","header-main-stick-meta":"","header-below-stick-meta":"","astra-migrate-meta-layouts":"default","ast-page-background-enabled":"default","ast-page-background-meta":{"desktop":{"background-color":"","background-image":"","background-repeat":"repeat","background-position":"center center","background-size":"auto","background-attachment":"scroll","background-type":"","background-media":"","overlay-type":"","overlay-color":"","overlay-opacity":"","overlay-gradient":""},"tablet":{"background-color":"","background-image":"","background-repeat":"repeat","background-position":"center center","background-size":"auto","background-attachment":"scroll","background-type":"","background-media":"","overlay-type":"","overlay-color":"","overlay-opacity":"","overlay-gradient":""},"mobile":{"background-color":"","background-image":"","background-repeat":"repeat","background-position":"center center","background-size":"auto","background-attachment":"scroll","background-type":"","background-media":"","overlay-type":"","overlay-color":"","overlay-opacity":"","overlay-gradient":""}},"ast-content-background-meta":{"desktop":{"background-color":"var(--ast-global-color-5)","background-image":"","background-repeat":"repeat","background-position":"center center","background-size":"auto","background-attachment":"scroll","background-type":"","background-media":"","overlay-type":"","overlay-color":"","overlay-opacity":"","overlay-gradient":""},"tablet":{"background-color":"var(--ast-global-color-5)","background-image":"","background-repeat":"repeat","background-position":"center center","background-size":"auto","background-attachment":"scroll","background-type":"","background-media":"","overlay-type":"","overlay-color":"","overlay-opacity":"","overlay-gradient":""},"mobile":{"background-color":"var(--ast-global-color-5)","background-image":"","background-repeat":"repeat","background-position":"center center","background-size":"auto","background-attachment":"scroll","background-type":"","background-media":"","overlay-type":"","overlay-color":"","overlay-opacity":"","overlay-gradient":""}}},"product_brand":[],"product_cat":[419,426,423,432,404,415,414],"product_tag":[],"class_list":{"0":"post-2211","1":"product","2":"type-product","3":"status-publish","4":"has-post-thumbnail","6":"product_cat-anti-infrared-fabrics","7":"product_cat-constructionmining","8":"product_cat-fabric-for-military-police","9":"product_cat-fabric-for-tent","10":"product_cat-nylon-fabrics","11":"product_cat-oil-repellent-fabric","12":"product_cat-waterproof-fabrics","13":"pa_available_colors-911052-spc","14":"desktop-align-left","15":"tablet-align-left","16":"mobile-align-left","17":"ast-product-gallery-layout-vertical-slider","18":"ast-product-tabs-layout-horizontal","20":"first","21":"instock","22":"shipping-taxable","23":"product-type-simple"},"uagb_featured_image_src":{"full":["https:\/\/www.sikortex.com\/wp-content\/uploads\/2023\/06\/O1CN01BscV2B1aEWyAiksKp_937533298-0-cib-1.jpg",1024,1024,false],"thumbnail":["https:\/\/www.sikortex.com\/wp-content\/uploads\/2023\/06\/O1CN01BscV2B1aEWyAiksKp_937533298-0-cib-1-150x150.jpg",150,150,true],"medium":["https:\/\/www.sikortex.com\/wp-content\/uploads\/2023\/06\/O1CN01BscV2B1aEWyAiksKp_937533298-0-cib-1-300x300.jpg",300,300,true],"medium_large":["https:\/\/www.sikortex.com\/wp-content\/uploads\/2023\/06\/O1CN01BscV2B1aEWyAiksKp_937533298-0-cib-1-768x768.jpg",768,768,true],"large":["https:\/\/www.sikortex.com\/wp-content\/uploads\/2023\/06\/O1CN01BscV2B1aEWyAiksKp_937533298-0-cib-1.jpg",1024,1024,false],"1536x1536":["https:\/\/www.sikortex.com\/wp-content\/uploads\/2023\/06\/O1CN01BscV2B1aEWyAiksKp_937533298-0-cib-1.jpg",1024,1024,false],"2048x2048":["https:\/\/www.sikortex.com\/wp-content\/uploads\/2023\/06\/O1CN01BscV2B1aEWyAiksKp_937533298-0-cib-1.jpg",1024,1024,false],"trp-custom-language-flag":["https:\/\/www.sikortex.com\/wp-content\/uploads\/2023\/06\/O1CN01BscV2B1aEWyAiksKp_937533298-0-cib-1.jpg",12,12,false],"woocommerce_thumbnail":["https:\/\/www.sikortex.com\/wp-content\/uploads\/2023\/06\/O1CN01BscV2B1aEWyAiksKp_937533298-0-cib-1-300x300.jpg",300,300,true],"woocommerce_single":["https:\/\/www.sikortex.com\/wp-content\/uploads\/2023\/06\/O1CN01BscV2B1aEWyAiksKp_937533298-0-cib-1-600x600.jpg",600,600,true],"woocommerce_gallery_thumbnail":["https:\/\/www.sikortex.com\/wp-content\/uploads\/2023\/06\/O1CN01BscV2B1aEWyAiksKp_937533298-0-cib-1-100x100.jpg",100,100,true]},"uagb_author_info":{"display_name":"Perry","author_link":"https:\/\/www.sikortex.com\/fr\/author\/"},"uagb_comment_info":0,"uagb_excerpt":"600 Meters(Min.Order)","_links":{"self":[{"href":"https:\/\/www.sikortex.com\/fr\/wp-json\/wp\/v2\/product\/2211","targetHints":{"allow":["GET"]}}],"collection":[{"href":"https:\/\/www.sikortex.com\/fr\/wp-json\/wp\/v2\/product"}],"about":[{"href":"https:\/\/www.sikortex.com\/fr\/wp-json\/wp\/v2\/types\/product"}],"replies":[{"embeddable":true,"href":"https:\/\/www.sikortex.com\/fr\/wp-json\/wp\/v2\/comments?post=2211"}],"wp:featuredmedia":[{"embeddable":true,"href":"https:\/\/www.sikortex.com\/fr\/wp-json\/wp\/v2\/media\/3864"}],"wp:attachment":[{"href":"https:\/\/www.sikortex.com\/fr\/wp-json\/wp\/v2\/media?parent=2211"}],"wp:term":[{"taxonomy":"product_brand","embeddable":true,"href":"https:\/\/www.sikortex.com\/fr\/wp-json\/wp\/v2\/product_brand?post=2211"},{"taxonomy":"product_cat","embeddable":true,"href":"https:\/\/www.sikortex.com\/fr\/wp-json\/wp\/v2\/product_cat?post=2211"},{"taxonomy":"product_tag","embeddable":true,"href":"https:\/\/www.sikortex.com\/fr\/wp-json\/wp\/v2\/product_tag?post=2211"}],"curies":[{"name":"wp","href":"https:\/\/api.w.org\/{rel}","templated":true}]}}