{"id":2190,"date":"2023-06-02T15:37:28","date_gmt":"2023-06-02T07:37:28","guid":{"rendered":"http:\/\/203.196.10.64:3021\/?post_type=product&#038;p=2190"},"modified":"2023-10-24T08:59:51","modified_gmt":"2023-10-24T00:59:51","slug":"sk8261-nylon-lycra-tissu-alpinisme","status":"publish","type":"product","link":"https:\/\/www.sikortex.com\/fr\/produit\/sk8261-nylon-lycra-tissu-alpinisme\/","title":{"rendered":"Tissu d&#039;alpinisme extensible en nylon et lycra"},"content":{"rendered":"<p>Tissu d&#039;alpinisme SIKOR-TEX Nylon Lycra Stretch, le compagnon ultime pour les amateurs de plein air et les aventuriers. Con\u00e7u avec pr\u00e9cision et innovation, ce tissu est con\u00e7u pour vous donner du pouvoir lors de vos voyages d&#039;alpinisme.<\/p>\n<p>Fabriqu\u00e9 \u00e0 partir d&#039;un m\u00e9lange haut de gamme de nylon et de lycra, notre tissu offre une extensibilit\u00e9 et une flexibilit\u00e9 exceptionnelles, garantissant un mouvement et une agilit\u00e9 sans restriction, m\u00eame sur les terrains les plus difficiles. Adoptez la libert\u00e9 de repousser vos limites tout en maintenant un confort optimal.<\/p>\n<p>Gr\u00e2ce \u00e0 ses propri\u00e9t\u00e9s avanc\u00e9es d&#039;\u00e9vacuation de l&#039;humidit\u00e9, notre tissu vous garde au sec et \u00e0 l&#039;aise, permettant \u00e0 votre corps de respirer pendant les activit\u00e9s physiques intenses. Dites adieu \u00e0 l&#039;inconfort caus\u00e9 par la transpiration et bonjour \u00e0 des performances am\u00e9lior\u00e9es.<\/p>\n<p>La construction durable de notre tissu garantit une r\u00e9sistance durable \u00e0 l&#039;usure, ce qui vous permet de conqu\u00e9rir des paysages accident\u00e9s en toute confiance. Il est con\u00e7u pour r\u00e9sister aux exigences de l&#039;alpinisme, offrant une durabilit\u00e9 sans compromettre le confort.<\/p>\n<p>Que vous ayez besoin de vestes, de pantalons ou d&#039;autres \u00e9quipements pour vos aventures d&#039;alpinisme, notre tissu d&#039;alpinisme extensible en nylon et lycra est le choix parfait. D\u00e9couvrez le m\u00e9lange parfait de fonctionnalit\u00e9, de flexibilit\u00e9 et de performance, et \u00e9levez vos activit\u00e9s de plein air vers de nouveaux sommets. Choisissez notre tissu et lib\u00e9rez votre v\u00e9ritable potentiel en plein air.<\/p>","protected":false},"excerpt":{"rendered":"<p>600 m\u00e8tres (Min.Order)<\/p>","protected":false},"featured_media":3827,"comment_status":"closed","ping_status":"closed","template":"","meta":{"_uag_custom_page_level_css":"","site-sidebar-layout":"default","site-content-layout":"default","ast-site-content-layout":"","site-content-style":"default","site-sidebar-style":"default","ast-global-header-display":"","ast-banner-title-visibility":"","ast-main-header-display":"","ast-hfb-above-header-display":"","ast-hfb-below-header-display":"","ast-hfb-mobile-header-display":"","site-post-title":"","ast-breadcrumbs-content":"","ast-featured-img":"","footer-sml-layout":"","theme-transparent-header-meta":"default","adv-header-id-meta":"","stick-header-meta":"default","header-above-stick-meta":"","header-main-stick-meta":"","header-below-stick-meta":"","astra-migrate-meta-layouts":"default","ast-page-background-enabled":"default","ast-page-background-meta":{"desktop":{"background-color":"","background-image":"","background-repeat":"repeat","background-position":"center center","background-size":"auto","background-attachment":"scroll","background-type":"","background-media":"","overlay-type":"","overlay-color":"","overlay-opacity":"","overlay-gradient":""},"tablet":{"background-color":"","background-image":"","background-repeat":"repeat","background-position":"center center","background-size":"auto","background-attachment":"scroll","background-type":"","background-media":"","overlay-type":"","overlay-color":"","overlay-opacity":"","overlay-gradient":""},"mobile":{"background-color":"","background-image":"","background-repeat":"repeat","background-position":"center center","background-size":"auto","background-attachment":"scroll","background-type":"","background-media":"","overlay-type":"","overlay-color":"","overlay-opacity":"","overlay-gradient":""}},"ast-content-background-meta":{"desktop":{"background-color":"var(--ast-global-color-5)","background-image":"","background-repeat":"repeat","background-position":"center center","background-size":"auto","background-attachment":"scroll","background-type":"","background-media":"","overlay-type":"","overlay-color":"","overlay-opacity":"","overlay-gradient":""},"tablet":{"background-color":"var(--ast-global-color-5)","background-image":"","background-repeat":"repeat","background-position":"center center","background-size":"auto","background-attachment":"scroll","background-type":"","background-media":"","overlay-type":"","overlay-color":"","overlay-opacity":"","overlay-gradient":""},"mobile":{"background-color":"var(--ast-global-color-5)","background-image":"","background-repeat":"repeat","background-position":"center center","background-size":"auto","background-attachment":"scroll","background-type":"","background-media":"","overlay-type":"","overlay-color":"","overlay-opacity":"","overlay-gradient":""}}},"product_brand":[],"product_cat":[426,431,430,428,429,404,425,420],"product_tag":[],"class_list":{"0":"post-2190","1":"product","2":"type-product","3":"status-publish","4":"has-post-thumbnail","6":"product_cat-constructionmining","7":"product_cat-fabric-for-commuting-clothing","8":"product_cat-fabric-for-motorwear","9":"product_cat-fabric-for-outdoor-sports","10":"product_cat-fabric-for-sportswear","11":"product_cat-nylon-fabrics","12":"product_cat-security-emergencies-road-services","13":"product_cat-stretch-fabrics","14":"pa_available_colors-911052-spc","15":"desktop-align-left","16":"tablet-align-left","17":"mobile-align-left","18":"ast-product-gallery-layout-vertical-slider","19":"ast-product-tabs-layout-horizontal","21":"first","22":"instock","23":"shipping-taxable","24":"product-type-simple"},"uagb_featured_image_src":{"full":["https:\/\/www.sikortex.com\/wp-content\/uploads\/2023\/06\/O1CN01NXwjK91G9E49z8yIh_2212913800579-0-cib-1.jpg",1024,1024,false],"thumbnail":["https:\/\/www.sikortex.com\/wp-content\/uploads\/2023\/06\/O1CN01NXwjK91G9E49z8yIh_2212913800579-0-cib-1-150x150.jpg",150,150,true],"medium":["https:\/\/www.sikortex.com\/wp-content\/uploads\/2023\/06\/O1CN01NXwjK91G9E49z8yIh_2212913800579-0-cib-1-300x300.jpg",300,300,true],"medium_large":["https:\/\/www.sikortex.com\/wp-content\/uploads\/2023\/06\/O1CN01NXwjK91G9E49z8yIh_2212913800579-0-cib-1-768x768.jpg",768,768,true],"large":["https:\/\/www.sikortex.com\/wp-content\/uploads\/2023\/06\/O1CN01NXwjK91G9E49z8yIh_2212913800579-0-cib-1.jpg",1024,1024,false],"1536x1536":["https:\/\/www.sikortex.com\/wp-content\/uploads\/2023\/06\/O1CN01NXwjK91G9E49z8yIh_2212913800579-0-cib-1.jpg",1024,1024,false],"2048x2048":["https:\/\/www.sikortex.com\/wp-content\/uploads\/2023\/06\/O1CN01NXwjK91G9E49z8yIh_2212913800579-0-cib-1.jpg",1024,1024,false],"trp-custom-language-flag":["https:\/\/www.sikortex.com\/wp-content\/uploads\/2023\/06\/O1CN01NXwjK91G9E49z8yIh_2212913800579-0-cib-1.jpg",12,12,false],"woocommerce_thumbnail":["https:\/\/www.sikortex.com\/wp-content\/uploads\/2023\/06\/O1CN01NXwjK91G9E49z8yIh_2212913800579-0-cib-1-300x300.jpg",300,300,true],"woocommerce_single":["https:\/\/www.sikortex.com\/wp-content\/uploads\/2023\/06\/O1CN01NXwjK91G9E49z8yIh_2212913800579-0-cib-1-600x600.jpg",600,600,true],"woocommerce_gallery_thumbnail":["https:\/\/www.sikortex.com\/wp-content\/uploads\/2023\/06\/O1CN01NXwjK91G9E49z8yIh_2212913800579-0-cib-1-100x100.jpg",100,100,true]},"uagb_author_info":{"display_name":"Perry","author_link":"https:\/\/www.sikortex.com\/fr\/author\/"},"uagb_comment_info":0,"uagb_excerpt":"600 Meters(Min.Order)","_links":{"self":[{"href":"https:\/\/www.sikortex.com\/fr\/wp-json\/wp\/v2\/product\/2190","targetHints":{"allow":["GET"]}}],"collection":[{"href":"https:\/\/www.sikortex.com\/fr\/wp-json\/wp\/v2\/product"}],"about":[{"href":"https:\/\/www.sikortex.com\/fr\/wp-json\/wp\/v2\/types\/product"}],"replies":[{"embeddable":true,"href":"https:\/\/www.sikortex.com\/fr\/wp-json\/wp\/v2\/comments?post=2190"}],"wp:featuredmedia":[{"embeddable":true,"href":"https:\/\/www.sikortex.com\/fr\/wp-json\/wp\/v2\/media\/3827"}],"wp:attachment":[{"href":"https:\/\/www.sikortex.com\/fr\/wp-json\/wp\/v2\/media?parent=2190"}],"wp:term":[{"taxonomy":"product_brand","embeddable":true,"href":"https:\/\/www.sikortex.com\/fr\/wp-json\/wp\/v2\/product_brand?post=2190"},{"taxonomy":"product_cat","embeddable":true,"href":"https:\/\/www.sikortex.com\/fr\/wp-json\/wp\/v2\/product_cat?post=2190"},{"taxonomy":"product_tag","embeddable":true,"href":"https:\/\/www.sikortex.com\/fr\/wp-json\/wp\/v2\/product_tag?post=2190"}],"curies":[{"name":"wp","href":"https:\/\/api.w.org\/{rel}","templated":true}]}}