{"id":2161,"date":"2023-06-02T15:31:22","date_gmt":"2023-06-02T07:31:22","guid":{"rendered":"http:\/\/203.196.10.64:3021\/?post_type=product&#038;p=2161"},"modified":"2023-11-05T15:16:53","modified_gmt":"2023-11-05T07:16:53","slug":"sk8259-camouflage-tissu-elastique","status":"publish","type":"product","link":"https:\/\/www.sikortex.com\/fr\/produit\/sk8259-camouflage-tissu-elastique\/","title":{"rendered":"Tissu s&#039;\u00e9levant 280GSM de tissu en nylon tiss\u00e9 par camouflage imprim\u00e9 de Spandex"},"content":{"rendered":"<p>&nbsp;<\/p>\n<p>Tissu d&#039;escalade en tissu spandex en nylon tiss\u00e9 camouflage imprim\u00e9 SIKOR-TEX, m\u00e9ticuleusement con\u00e7u pour des performances in\u00e9gal\u00e9es en plein air. Con\u00e7us avec du nylon ou du polyester et du spandex, ces tissus red\u00e9finissent le confort et la fonctionnalit\u00e9.<\/p>\n<p>Avec leur structure avanc\u00e9e \u00e0 double couche, nos tissus offrent une surface avant lisse pour une durabilit\u00e9 et une flexibilit\u00e9 accrues. L&#039;envers pr\u00e9sente des particules de boucle innovantes, optimisant la respirabilit\u00e9 et les propri\u00e9t\u00e9s d&#039;\u00e9vacuation de l&#039;humidit\u00e9, vous gardant au sec et \u00e0 l&#039;aise pendant vos aventures.<\/p>\n<p>Con\u00e7us sp\u00e9cifiquement pour l&#039;alpinisme, la randonn\u00e9e et l&#039;escalade, nos tissus offrent l&#039;\u00e9quilibre id\u00e9al entre \u00e9lasticit\u00e9 et r\u00e9silience, permettant des mouvements sans restriction sur des terrains difficiles. Ils sont con\u00e7us de mani\u00e8re experte pour r\u00e9sister aux conditions exigeantes de l&#039;exploration en plein air, garantissant long\u00e9vit\u00e9 et fiabilit\u00e9.<\/p>\n<p>Embrassez la libert\u00e9 de conqu\u00e9rir de nouveaux sommets en toute confiance. Nos tissus d&#039;alpinisme sont le choix ultime pour confectionner des vestes, des pantalons et des v\u00eatements de sport hautes performances qui r\u00e9pondent \u00e0 votre esprit d&#039;aventure. D\u00e9couvrez le summum du confort et de la fonctionnalit\u00e9, r\u00e9volutionnant votre voyage en plein air comme jamais auparavant. Rehaussez votre \u00e9quipement avec nos tissus d&#039;alpinisme exceptionnels aujourd&#039;hui.<\/p>","protected":false},"excerpt":{"rendered":"<p>600 m\u00e8tres (Min.Order)<\/p>","protected":false},"featured_media":3823,"comment_status":"closed","ping_status":"closed","template":"","meta":{"_uag_custom_page_level_css":"","site-sidebar-layout":"default","site-content-layout":"default","ast-site-content-layout":"","site-content-style":"default","site-sidebar-style":"default","ast-global-header-display":"","ast-banner-title-visibility":"","ast-main-header-display":"","ast-hfb-above-header-display":"","ast-hfb-below-header-display":"","ast-hfb-mobile-header-display":"","site-post-title":"","ast-breadcrumbs-content":"","ast-featured-img":"","footer-sml-layout":"","theme-transparent-header-meta":"default","adv-header-id-meta":"","stick-header-meta":"default","header-above-stick-meta":"","header-main-stick-meta":"","header-below-stick-meta":"","astra-migrate-meta-layouts":"default","ast-page-background-enabled":"default","ast-page-background-meta":{"desktop":{"background-color":"","background-image":"","background-repeat":"repeat","background-position":"center center","background-size":"auto","background-attachment":"scroll","background-type":"","background-media":"","overlay-type":"","overlay-color":"","overlay-opacity":"","overlay-gradient":""},"tablet":{"background-color":"","background-image":"","background-repeat":"repeat","background-position":"center center","background-size":"auto","background-attachment":"scroll","background-type":"","background-media":"","overlay-type":"","overlay-color":"","overlay-opacity":"","overlay-gradient":""},"mobile":{"background-color":"","background-image":"","background-repeat":"repeat","background-position":"center center","background-size":"auto","background-attachment":"scroll","background-type":"","background-media":"","overlay-type":"","overlay-color":"","overlay-opacity":"","overlay-gradient":""}},"ast-content-background-meta":{"desktop":{"background-color":"var(--ast-global-color-5)","background-image":"","background-repeat":"repeat","background-position":"center center","background-size":"auto","background-attachment":"scroll","background-type":"","background-media":"","overlay-type":"","overlay-color":"","overlay-opacity":"","overlay-gradient":""},"tablet":{"background-color":"var(--ast-global-color-5)","background-image":"","background-repeat":"repeat","background-position":"center center","background-size":"auto","background-attachment":"scroll","background-type":"","background-media":"","overlay-type":"","overlay-color":"","overlay-opacity":"","overlay-gradient":""},"mobile":{"background-color":"var(--ast-global-color-5)","background-image":"","background-repeat":"repeat","background-position":"center center","background-size":"auto","background-attachment":"scroll","background-type":"","background-media":"","overlay-type":"","overlay-color":"","overlay-opacity":"","overlay-gradient":""}}},"product_brand":[],"product_cat":[423,428,404,420],"product_tag":[],"class_list":{"0":"post-2161","1":"product","2":"type-product","3":"status-publish","4":"has-post-thumbnail","6":"product_cat-fabric-for-military-police","7":"product_cat-fabric-for-outdoor-sports","8":"product_cat-nylon-fabrics","9":"product_cat-stretch-fabrics","10":"pa_available_colors-yellow","11":"desktop-align-left","12":"tablet-align-left","13":"mobile-align-left","14":"ast-product-gallery-layout-vertical-slider","15":"ast-product-tabs-layout-horizontal","17":"first","18":"instock","19":"shipping-taxable","20":"product-type-simple"},"uagb_featured_image_src":{"full":["https:\/\/www.sikortex.com\/wp-content\/uploads\/2023\/06\/O1CN01Er1qbw1JA5jVxdS88_3828250987-0-cib-1.jpg",1024,1024,false],"thumbnail":["https:\/\/www.sikortex.com\/wp-content\/uploads\/2023\/06\/O1CN01Er1qbw1JA5jVxdS88_3828250987-0-cib-1-150x150.jpg",150,150,true],"medium":["https:\/\/www.sikortex.com\/wp-content\/uploads\/2023\/06\/O1CN01Er1qbw1JA5jVxdS88_3828250987-0-cib-1-300x300.jpg",300,300,true],"medium_large":["https:\/\/www.sikortex.com\/wp-content\/uploads\/2023\/06\/O1CN01Er1qbw1JA5jVxdS88_3828250987-0-cib-1-768x768.jpg",768,768,true],"large":["https:\/\/www.sikortex.com\/wp-content\/uploads\/2023\/06\/O1CN01Er1qbw1JA5jVxdS88_3828250987-0-cib-1.jpg",1024,1024,false],"1536x1536":["https:\/\/www.sikortex.com\/wp-content\/uploads\/2023\/06\/O1CN01Er1qbw1JA5jVxdS88_3828250987-0-cib-1.jpg",1024,1024,false],"2048x2048":["https:\/\/www.sikortex.com\/wp-content\/uploads\/2023\/06\/O1CN01Er1qbw1JA5jVxdS88_3828250987-0-cib-1.jpg",1024,1024,false],"trp-custom-language-flag":["https:\/\/www.sikortex.com\/wp-content\/uploads\/2023\/06\/O1CN01Er1qbw1JA5jVxdS88_3828250987-0-cib-1.jpg",12,12,false],"woocommerce_thumbnail":["https:\/\/www.sikortex.com\/wp-content\/uploads\/2023\/06\/O1CN01Er1qbw1JA5jVxdS88_3828250987-0-cib-1-300x300.jpg",300,300,true],"woocommerce_single":["https:\/\/www.sikortex.com\/wp-content\/uploads\/2023\/06\/O1CN01Er1qbw1JA5jVxdS88_3828250987-0-cib-1-600x600.jpg",600,600,true],"woocommerce_gallery_thumbnail":["https:\/\/www.sikortex.com\/wp-content\/uploads\/2023\/06\/O1CN01Er1qbw1JA5jVxdS88_3828250987-0-cib-1-100x100.jpg",100,100,true]},"uagb_author_info":{"display_name":"Perry","author_link":"https:\/\/www.sikortex.com\/fr\/author\/"},"uagb_comment_info":0,"uagb_excerpt":"600 Meters(Min.Order)","_links":{"self":[{"href":"https:\/\/www.sikortex.com\/fr\/wp-json\/wp\/v2\/product\/2161","targetHints":{"allow":["GET"]}}],"collection":[{"href":"https:\/\/www.sikortex.com\/fr\/wp-json\/wp\/v2\/product"}],"about":[{"href":"https:\/\/www.sikortex.com\/fr\/wp-json\/wp\/v2\/types\/product"}],"replies":[{"embeddable":true,"href":"https:\/\/www.sikortex.com\/fr\/wp-json\/wp\/v2\/comments?post=2161"}],"wp:featuredmedia":[{"embeddable":true,"href":"https:\/\/www.sikortex.com\/fr\/wp-json\/wp\/v2\/media\/3823"}],"wp:attachment":[{"href":"https:\/\/www.sikortex.com\/fr\/wp-json\/wp\/v2\/media?parent=2161"}],"wp:term":[{"taxonomy":"product_brand","embeddable":true,"href":"https:\/\/www.sikortex.com\/fr\/wp-json\/wp\/v2\/product_brand?post=2161"},{"taxonomy":"product_cat","embeddable":true,"href":"https:\/\/www.sikortex.com\/fr\/wp-json\/wp\/v2\/product_cat?post=2161"},{"taxonomy":"product_tag","embeddable":true,"href":"https:\/\/www.sikortex.com\/fr\/wp-json\/wp\/v2\/product_tag?post=2161"}],"curies":[{"name":"wp","href":"https:\/\/api.w.org\/{rel}","templated":true}]}}