{"id":2146,"date":"2023-06-02T15:28:57","date_gmt":"2023-06-02T07:28:57","guid":{"rendered":"http:\/\/203.196.10.64:3021\/?post_type=product&#038;p=2146"},"modified":"2023-11-06T14:30:44","modified_gmt":"2023-11-06T06:30:44","slug":"sk8258-tissu-impermeable-respirant","status":"publish","type":"product","link":"https:\/\/www.sikortex.com\/fr\/produit\/sk8258-tissu-impermeable-respirant\/","title":{"rendered":"Tissu respirant imperm\u00e9able en PTFE lamin\u00e9 extensible 75D T800"},"content":{"rendered":"<p>Nous vous pr\u00e9sentons notre tissu respirant imperm\u00e9able en PTFE lamin\u00e9 extensible 75D T800, un mat\u00e9riau haute performance qui combine des propri\u00e9t\u00e9s imperm\u00e9ables et respirantes pour un confort optimal dans les activit\u00e9s de plein air. Ce tissu \u00e0 3 couches est con\u00e7u pour r\u00e9sister aux conditions m\u00e9t\u00e9orologiques difficiles tout en vous gardant au sec et \u00e0 l&#039;aise.<\/p>\n<p>Le tissu comporte une couche ext\u00e9rieure extensible 75D T800, qui offre durabilit\u00e9 et flexibilit\u00e9 pour un mouvement sans restriction. La membrane PTFE (polyt\u00e9trafluoro\u00e9thyl\u00e8ne) lamin\u00e9e dans la couche interm\u00e9diaire agit comme une barri\u00e8re \u00e9tanche, avec un indice de r\u00e9sistance \u00e0 l&#039;eau \u00e9lev\u00e9 de 20 000 mm, assurant une excellente protection contre la pluie et l&#039;humidit\u00e9.<\/p>\n<p>Dans le m\u00eame temps, la membrane PTFE offre \u00e9galement une grande respirabilit\u00e9, permettant \u00e0 la vapeur d&#039;humidit\u00e9 de s&#039;\u00e9chapper et de maintenir un microclimat confortable \u00e0 l&#039;int\u00e9rieur du tissu. Avec un indice de respirabilit\u00e9 de 20 000 g\/m\u00b2\/24h, vous pouvez rester au sec et sans transpirer m\u00eame lors d&#039;activit\u00e9s physiques intenses.<\/p>\n<p>Avec ses propri\u00e9t\u00e9s imperm\u00e9ables et respirantes exceptionnelles, ce tissu est id\u00e9al pour une gamme d&#039;applications ext\u00e9rieures, y compris les vestes, pantalons et autres v\u00eatements d&#039;ext\u00e9rieur. Que vous fassiez de la randonn\u00e9e, du camping ou que vous pratiquiez diverses activit\u00e9s sportives, notre tissu PTFE lamin\u00e9 extensible fournira une protection fiable contre la pluie, la neige et le vent, tout en vous gardant confortable et au sec.<\/p>\n<p>En plus de ses caract\u00e9ristiques fonctionnelles, le tissu offre une sensation de confort contre la peau. La capacit\u00e9 d&#039;\u00e9tirement permet une facilit\u00e9 de mouvement, tandis que le toucher doux am\u00e9liore le confort g\u00e9n\u00e9ral pendant le port.<\/p>\n<p>Choisissez notre tissu PTFE lamin\u00e9 extensible pour ses propri\u00e9t\u00e9s exceptionnelles d&#039;imperm\u00e9abilit\u00e9 et de respirabilit\u00e9. Faites l&#039;exp\u00e9rience de la libert\u00e9 de mouvement et restez au sec et \u00e0 l&#039;aise dans tous vos ext\u00e9rieurs.<\/p>","protected":false},"excerpt":{"rendered":"<p>600 m\u00e8tres (Min.Order)<\/p>","protected":false},"featured_media":6005,"comment_status":"closed","ping_status":"closed","template":"","meta":{"_uag_custom_page_level_css":"","site-sidebar-layout":"default","site-content-layout":"default","ast-site-content-layout":"","site-content-style":"default","site-sidebar-style":"default","ast-global-header-display":"","ast-banner-title-visibility":"","ast-main-header-display":"","ast-hfb-above-header-display":"","ast-hfb-below-header-display":"","ast-hfb-mobile-header-display":"","site-post-title":"","ast-breadcrumbs-content":"","ast-featured-img":"","footer-sml-layout":"","theme-transparent-header-meta":"default","adv-header-id-meta":"","stick-header-meta":"default","header-above-stick-meta":"","header-main-stick-meta":"","header-below-stick-meta":"","astra-migrate-meta-layouts":"default","ast-page-background-enabled":"default","ast-page-background-meta":{"desktop":{"background-color":"","background-image":"","background-repeat":"repeat","background-position":"center center","background-size":"auto","background-attachment":"scroll","background-type":"","background-media":"","overlay-type":"","overlay-color":"","overlay-opacity":"","overlay-gradient":""},"tablet":{"background-color":"","background-image":"","background-repeat":"repeat","background-position":"center center","background-size":"auto","background-attachment":"scroll","background-type":"","background-media":"","overlay-type":"","overlay-color":"","overlay-opacity":"","overlay-gradient":""},"mobile":{"background-color":"","background-image":"","background-repeat":"repeat","background-position":"center center","background-size":"auto","background-attachment":"scroll","background-type":"","background-media":"","overlay-type":"","overlay-color":"","overlay-opacity":"","overlay-gradient":""}},"ast-content-background-meta":{"desktop":{"background-color":"var(--ast-global-color-5)","background-image":"","background-repeat":"repeat","background-position":"center center","background-size":"auto","background-attachment":"scroll","background-type":"","background-media":"","overlay-type":"","overlay-color":"","overlay-opacity":"","overlay-gradient":""},"tablet":{"background-color":"var(--ast-global-color-5)","background-image":"","background-repeat":"repeat","background-position":"center center","background-size":"auto","background-attachment":"scroll","background-type":"","background-media":"","overlay-type":"","overlay-color":"","overlay-opacity":"","overlay-gradient":""},"mobile":{"background-color":"var(--ast-global-color-5)","background-image":"","background-repeat":"repeat","background-position":"center center","background-size":"auto","background-attachment":"scroll","background-type":"","background-media":"","overlay-type":"","overlay-color":"","overlay-opacity":"","overlay-gradient":""}}},"product_brand":[],"product_cat":[431,430,428,421,415,403,414],"product_tag":[],"class_list":{"0":"post-2146","1":"product","2":"type-product","3":"status-publish","4":"has-post-thumbnail","6":"product_cat-fabric-for-commuting-clothing","7":"product_cat-fabric-for-motorwear","8":"product_cat-fabric-for-outdoor-sports","9":"product_cat-foul-weather-fabrics","10":"product_cat-oil-repellent-fabric","11":"product_cat-polyester-fabrics","12":"product_cat-waterproof-fabrics","13":"pa_available_colors-501001-spc","14":"pa_available_colors-h-black","15":"pa_available_colors-911052-spc","16":"pa_available_colors-000020-wht","17":"desktop-align-left","18":"tablet-align-left","19":"mobile-align-left","20":"ast-product-gallery-layout-vertical-slider","21":"ast-product-tabs-layout-horizontal","23":"first","24":"instock","25":"shipping-taxable","26":"product-type-simple"},"uagb_featured_image_src":{"full":["https:\/\/www.sikortex.com\/wp-content\/uploads\/2023\/06\/66-1.jpg",764,764,false],"thumbnail":["https:\/\/www.sikortex.com\/wp-content\/uploads\/2023\/06\/66-1-150x150.jpg",150,150,true],"medium":["https:\/\/www.sikortex.com\/wp-content\/uploads\/2023\/06\/66-1-300x300.jpg",300,300,true],"medium_large":["https:\/\/www.sikortex.com\/wp-content\/uploads\/2023\/06\/66-1.jpg",764,764,false],"large":["https:\/\/www.sikortex.com\/wp-content\/uploads\/2023\/06\/66-1.jpg",764,764,false],"1536x1536":["https:\/\/www.sikortex.com\/wp-content\/uploads\/2023\/06\/66-1.jpg",764,764,false],"2048x2048":["https:\/\/www.sikortex.com\/wp-content\/uploads\/2023\/06\/66-1.jpg",764,764,false],"trp-custom-language-flag":["https:\/\/www.sikortex.com\/wp-content\/uploads\/2023\/06\/66-1-12x12.jpg",12,12,true],"woocommerce_thumbnail":["https:\/\/www.sikortex.com\/wp-content\/uploads\/2023\/06\/66-1-300x300.jpg",300,300,true],"woocommerce_single":["https:\/\/www.sikortex.com\/wp-content\/uploads\/2023\/06\/66-1-600x600.jpg",600,600,true],"woocommerce_gallery_thumbnail":["https:\/\/www.sikortex.com\/wp-content\/uploads\/2023\/06\/66-1-100x100.jpg",100,100,true]},"uagb_author_info":{"display_name":"Perry","author_link":"https:\/\/www.sikortex.com\/fr\/author\/"},"uagb_comment_info":0,"uagb_excerpt":"600 Meters(Min.Order)","_links":{"self":[{"href":"https:\/\/www.sikortex.com\/fr\/wp-json\/wp\/v2\/product\/2146","targetHints":{"allow":["GET"]}}],"collection":[{"href":"https:\/\/www.sikortex.com\/fr\/wp-json\/wp\/v2\/product"}],"about":[{"href":"https:\/\/www.sikortex.com\/fr\/wp-json\/wp\/v2\/types\/product"}],"replies":[{"embeddable":true,"href":"https:\/\/www.sikortex.com\/fr\/wp-json\/wp\/v2\/comments?post=2146"}],"wp:featuredmedia":[{"embeddable":true,"href":"https:\/\/www.sikortex.com\/fr\/wp-json\/wp\/v2\/media\/6005"}],"wp:attachment":[{"href":"https:\/\/www.sikortex.com\/fr\/wp-json\/wp\/v2\/media?parent=2146"}],"wp:term":[{"taxonomy":"product_brand","embeddable":true,"href":"https:\/\/www.sikortex.com\/fr\/wp-json\/wp\/v2\/product_brand?post=2146"},{"taxonomy":"product_cat","embeddable":true,"href":"https:\/\/www.sikortex.com\/fr\/wp-json\/wp\/v2\/product_cat?post=2146"},{"taxonomy":"product_tag","embeddable":true,"href":"https:\/\/www.sikortex.com\/fr\/wp-json\/wp\/v2\/product_tag?post=2146"}],"curies":[{"name":"wp","href":"https:\/\/api.w.org\/{rel}","templated":true}]}}