{"id":1976,"date":"2023-06-02T14:41:31","date_gmt":"2023-06-02T06:41:31","guid":{"rendered":"http:\/\/203.196.10.64:3021\/?post_type=product&#038;p=1976"},"modified":"2023-11-05T15:52:25","modified_gmt":"2023-11-05T07:52:25","slug":"sk8250-500d-nylon-66","status":"publish","type":"product","link":"https:\/\/www.sikortex.com\/fr\/produit\/sk8250-500d-nylon-66\/","title":{"rendered":"Nylon 500D 66 Tessuto Cordura imprim\u00e9 camouflage"},"content":{"rendered":"<p>SIKOR-TEX 500D Nylon 66 Tessuto Cordura imprim\u00e9 camouflage, sp\u00e9cialement con\u00e7u pour les applications militaires et de v\u00eatements de sport de plein air, d\u00e9sormais avec une fonction anti-infrarouge en option pour une furtivit\u00e9 et une protection am\u00e9lior\u00e9es.<\/p>\n<p>Fabriqu\u00e9 \u00e0 partir d&#039;un mat\u00e9riau Nylon 66 500D de haute qualit\u00e9, ce tissu Cordura offre une solidit\u00e9, une durabilit\u00e9 et une r\u00e9sistance exceptionnelles \u00e0 l&#039;abrasion. Il pr\u00e9sente un imprim\u00e9 camouflage qui non seulement aide \u00e0 se fondre dans l&#039;environnement, mais int\u00e8gre \u00e9galement une technologie anti-infrarouge, offrant une protection contre la d\u00e9tection par imagerie thermique.<\/p>\n<p>La fonction anti-infrarouge en option garantit que le tissu minimise les signatures thermiques, ce qui le rend tr\u00e8s efficace dans les op\u00e9rations furtives et offre une s\u00e9curit\u00e9 accrue au personnel militaire. Que vous naviguiez sur des terrains hostiles ou que vous vous livriez \u00e0 des missions tactiques, ce tissu vous aidera \u00e0 rester cach\u00e9 et ind\u00e9tectable.<\/p>\n<p>En plus de ses capacit\u00e9s anti-infrarouges, le Tessuto Cordura conserve ses propri\u00e9t\u00e9s de r\u00e9sistance \u00e0 l&#039;eau, ce qui le rend \u00e9galement adapt\u00e9 aux v\u00eatements de sport de plein air. Il offre une protection contre la pluie l\u00e9g\u00e8re et l&#039;humidit\u00e9, vous assurant de rester au sec et \u00e0 l&#039;aise lors d&#039;activit\u00e9s de plein air intenses.<\/p>","protected":false},"excerpt":{"rendered":"<p>1000 m\u00e8tres (commande minimum)<\/p>","protected":false},"featured_media":3763,"comment_status":"closed","ping_status":"closed","template":"","meta":{"_uag_custom_page_level_css":"","site-sidebar-layout":"default","site-content-layout":"default","ast-site-content-layout":"","site-content-style":"default","site-sidebar-style":"default","ast-global-header-display":"","ast-banner-title-visibility":"","ast-main-header-display":"","ast-hfb-above-header-display":"","ast-hfb-below-header-display":"","ast-hfb-mobile-header-display":"","site-post-title":"","ast-breadcrumbs-content":"","ast-featured-img":"","footer-sml-layout":"","theme-transparent-header-meta":"default","adv-header-id-meta":"","stick-header-meta":"default","header-above-stick-meta":"","header-main-stick-meta":"","header-below-stick-meta":"","astra-migrate-meta-layouts":"default","ast-page-background-enabled":"default","ast-page-background-meta":{"desktop":{"background-color":"","background-image":"","background-repeat":"repeat","background-position":"center center","background-size":"auto","background-attachment":"scroll","background-type":"","background-media":"","overlay-type":"","overlay-color":"","overlay-opacity":"","overlay-gradient":""},"tablet":{"background-color":"","background-image":"","background-repeat":"repeat","background-position":"center center","background-size":"auto","background-attachment":"scroll","background-type":"","background-media":"","overlay-type":"","overlay-color":"","overlay-opacity":"","overlay-gradient":""},"mobile":{"background-color":"","background-image":"","background-repeat":"repeat","background-position":"center center","background-size":"auto","background-attachment":"scroll","background-type":"","background-media":"","overlay-type":"","overlay-color":"","overlay-opacity":"","overlay-gradient":""}},"ast-content-background-meta":{"desktop":{"background-color":"var(--ast-global-color-5)","background-image":"","background-repeat":"repeat","background-position":"center center","background-size":"auto","background-attachment":"scroll","background-type":"","background-media":"","overlay-type":"","overlay-color":"","overlay-opacity":"","overlay-gradient":""},"tablet":{"background-color":"var(--ast-global-color-5)","background-image":"","background-repeat":"repeat","background-position":"center center","background-size":"auto","background-attachment":"scroll","background-type":"","background-media":"","overlay-type":"","overlay-color":"","overlay-opacity":"","overlay-gradient":""},"mobile":{"background-color":"var(--ast-global-color-5)","background-image":"","background-repeat":"repeat","background-position":"center center","background-size":"auto","background-attachment":"scroll","background-type":"","background-media":"","overlay-type":"","overlay-color":"","overlay-opacity":"","overlay-gradient":""}}},"product_brand":[],"product_cat":[419,423,432,404],"product_tag":[],"class_list":{"0":"post-1976","1":"product","2":"type-product","3":"status-publish","4":"has-post-thumbnail","6":"product_cat-anti-infrared-fabrics","7":"product_cat-fabric-for-military-police","8":"product_cat-fabric-for-tent","9":"product_cat-nylon-fabrics","10":"pa_available_colors-911052-spc","11":"desktop-align-left","12":"tablet-align-left","13":"mobile-align-left","14":"ast-product-gallery-layout-vertical-slider","15":"ast-product-tabs-layout-horizontal","17":"first","18":"instock","19":"shipping-taxable","20":"product-type-simple"},"uagb_featured_image_src":{"full":["https:\/\/www.sikortex.com\/wp-content\/uploads\/2023\/06\/O1CN01zp13181JA5cWTL26n_3828250987-0-cib-1.jpg",1024,1024,false],"thumbnail":["https:\/\/www.sikortex.com\/wp-content\/uploads\/2023\/06\/O1CN01zp13181JA5cWTL26n_3828250987-0-cib-1-150x150.jpg",150,150,true],"medium":["https:\/\/www.sikortex.com\/wp-content\/uploads\/2023\/06\/O1CN01zp13181JA5cWTL26n_3828250987-0-cib-1-300x300.jpg",300,300,true],"medium_large":["https:\/\/www.sikortex.com\/wp-content\/uploads\/2023\/06\/O1CN01zp13181JA5cWTL26n_3828250987-0-cib-1-768x768.jpg",768,768,true],"large":["https:\/\/www.sikortex.com\/wp-content\/uploads\/2023\/06\/O1CN01zp13181JA5cWTL26n_3828250987-0-cib-1.jpg",1024,1024,false],"1536x1536":["https:\/\/www.sikortex.com\/wp-content\/uploads\/2023\/06\/O1CN01zp13181JA5cWTL26n_3828250987-0-cib-1.jpg",1024,1024,false],"2048x2048":["https:\/\/www.sikortex.com\/wp-content\/uploads\/2023\/06\/O1CN01zp13181JA5cWTL26n_3828250987-0-cib-1.jpg",1024,1024,false],"trp-custom-language-flag":["https:\/\/www.sikortex.com\/wp-content\/uploads\/2023\/06\/O1CN01zp13181JA5cWTL26n_3828250987-0-cib-1.jpg",12,12,false],"woocommerce_thumbnail":["https:\/\/www.sikortex.com\/wp-content\/uploads\/2023\/06\/O1CN01zp13181JA5cWTL26n_3828250987-0-cib-1-300x300.jpg",300,300,true],"woocommerce_single":["https:\/\/www.sikortex.com\/wp-content\/uploads\/2023\/06\/O1CN01zp13181JA5cWTL26n_3828250987-0-cib-1-600x600.jpg",600,600,true],"woocommerce_gallery_thumbnail":["https:\/\/www.sikortex.com\/wp-content\/uploads\/2023\/06\/O1CN01zp13181JA5cWTL26n_3828250987-0-cib-1-100x100.jpg",100,100,true]},"uagb_author_info":{"display_name":"Perry","author_link":"https:\/\/www.sikortex.com\/fr\/author\/"},"uagb_comment_info":0,"uagb_excerpt":"1000 Meters(Min.Order)","_links":{"self":[{"href":"https:\/\/www.sikortex.com\/fr\/wp-json\/wp\/v2\/product\/1976","targetHints":{"allow":["GET"]}}],"collection":[{"href":"https:\/\/www.sikortex.com\/fr\/wp-json\/wp\/v2\/product"}],"about":[{"href":"https:\/\/www.sikortex.com\/fr\/wp-json\/wp\/v2\/types\/product"}],"replies":[{"embeddable":true,"href":"https:\/\/www.sikortex.com\/fr\/wp-json\/wp\/v2\/comments?post=1976"}],"wp:featuredmedia":[{"embeddable":true,"href":"https:\/\/www.sikortex.com\/fr\/wp-json\/wp\/v2\/media\/3763"}],"wp:attachment":[{"href":"https:\/\/www.sikortex.com\/fr\/wp-json\/wp\/v2\/media?parent=1976"}],"wp:term":[{"taxonomy":"product_brand","embeddable":true,"href":"https:\/\/www.sikortex.com\/fr\/wp-json\/wp\/v2\/product_brand?post=1976"},{"taxonomy":"product_cat","embeddable":true,"href":"https:\/\/www.sikortex.com\/fr\/wp-json\/wp\/v2\/product_cat?post=1976"},{"taxonomy":"product_tag","embeddable":true,"href":"https:\/\/www.sikortex.com\/fr\/wp-json\/wp\/v2\/product_tag?post=1976"}],"curies":[{"name":"wp","href":"https:\/\/api.w.org\/{rel}","templated":true}]}}