{"id":1970,"date":"2023-06-02T14:40:01","date_gmt":"2023-06-02T06:40:01","guid":{"rendered":"http:\/\/203.196.10.64:3021\/?post_type=product&#038;p=1970"},"modified":"2023-11-05T15:53:10","modified_gmt":"2023-11-05T07:53:10","slug":"sk8364-revetement-ignifuge","status":"publish","type":"product","link":"https:\/\/www.sikortex.com\/fr\/produit\/sk8364-revetement-ignifuge\/","title":{"rendered":"Rev\u00eatement ignifuge de vinyle d&#039;unit\u00e9 centrale de tour du polyester Taslon 228T terne"},"content":{"rendered":"<p>Le rev\u00eatement ignifuge en taslon mat en polyester SIKOR-TEX, fabriqu\u00e9 \u00e0 partir de fil de polyester mat textur\u00e9 \u00e0 l&#039;air, a l&#039;apparence et la texture du coton et est un tissu de haute qualit\u00e9 \u00e0 la fois ignifuge et hydrofuge. Il est enduit de PU ignifuge, id\u00e9al pour une utilisation dans des produits n\u00e9cessitant un niveau de s\u00e9curit\u00e9 plus \u00e9lev\u00e9. Ce tissu est non seulement ignifuge mais \u00e9galement imperm\u00e9able pour \u00e9viter les d\u00e9g\u00e2ts d&#039;eau.<\/p>\n<p>Le rev\u00eatement ignifuge en vinyle PU Taslon Tower 228T est conforme \u00e0 la norme BS5852 pour garantir le respect des exigences de s\u00e9curit\u00e9 des produits pour enfants et des produits m\u00e9nagers. C&#039;est un tissu polyvalent qui peut \u00eatre utilis\u00e9 dans une vari\u00e9t\u00e9 d&#039;applications, notamment les \u00e9quipements ext\u00e9rieurs, les tentes, les produits pour enfants et la d\u00e9coration int\u00e9rieure. &quot;<\/p>","protected":false},"excerpt":{"rendered":"<p>1000 m\u00e8tres (commande minimum)<\/p>","protected":false},"featured_media":3760,"comment_status":"closed","ping_status":"closed","template":"","meta":{"_uag_custom_page_level_css":"","site-sidebar-layout":"default","site-content-layout":"default","ast-site-content-layout":"","site-content-style":"default","site-sidebar-style":"default","ast-global-header-display":"","ast-banner-title-visibility":"","ast-main-header-display":"","ast-hfb-above-header-display":"","ast-hfb-below-header-display":"","ast-hfb-mobile-header-display":"","site-post-title":"","ast-breadcrumbs-content":"","ast-featured-img":"","footer-sml-layout":"","theme-transparent-header-meta":"default","adv-header-id-meta":"","stick-header-meta":"default","header-above-stick-meta":"","header-main-stick-meta":"","header-below-stick-meta":"","astra-migrate-meta-layouts":"default","ast-page-background-enabled":"default","ast-page-background-meta":{"desktop":{"background-color":"","background-image":"","background-repeat":"repeat","background-position":"center center","background-size":"auto","background-attachment":"scroll","background-type":"","background-media":"","overlay-type":"","overlay-color":"","overlay-opacity":"","overlay-gradient":""},"tablet":{"background-color":"","background-image":"","background-repeat":"repeat","background-position":"center center","background-size":"auto","background-attachment":"scroll","background-type":"","background-media":"","overlay-type":"","overlay-color":"","overlay-opacity":"","overlay-gradient":""},"mobile":{"background-color":"","background-image":"","background-repeat":"repeat","background-position":"center center","background-size":"auto","background-attachment":"scroll","background-type":"","background-media":"","overlay-type":"","overlay-color":"","overlay-opacity":"","overlay-gradient":""}},"ast-content-background-meta":{"desktop":{"background-color":"var(--ast-global-color-5)","background-image":"","background-repeat":"repeat","background-position":"center center","background-size":"auto","background-attachment":"scroll","background-type":"","background-media":"","overlay-type":"","overlay-color":"","overlay-opacity":"","overlay-gradient":""},"tablet":{"background-color":"var(--ast-global-color-5)","background-image":"","background-repeat":"repeat","background-position":"center center","background-size":"auto","background-attachment":"scroll","background-type":"","background-media":"","overlay-type":"","overlay-color":"","overlay-opacity":"","overlay-gradient":""},"mobile":{"background-color":"var(--ast-global-color-5)","background-image":"","background-repeat":"repeat","background-position":"center center","background-size":"auto","background-attachment":"scroll","background-type":"","background-media":"","overlay-type":"","overlay-color":"","overlay-opacity":"","overlay-gradient":""}}},"product_brand":[],"product_cat":[426,416,427,403,414],"product_tag":[],"class_list":{"0":"post-1970","1":"product","2":"type-product","3":"status-publish","4":"has-post-thumbnail","6":"product_cat-constructionmining","7":"product_cat-fire-retardant-fabrics","8":"product_cat-petroleum-and-petrochemical","9":"product_cat-polyester-fabrics","10":"product_cat-waterproof-fabrics","11":"pa_available_colors-911052-spc","12":"desktop-align-left","13":"tablet-align-left","14":"mobile-align-left","15":"ast-product-gallery-layout-vertical-slider","16":"ast-product-tabs-layout-horizontal","18":"first","19":"instock","20":"shipping-taxable","21":"product-type-simple"},"uagb_featured_image_src":{"full":["https:\/\/www.sikortex.com\/wp-content\/uploads\/2023\/06\/O1CN01qf5Mbq1QaNjTHp1bq_941031992-0-cib-1.jpg",1024,1024,false],"thumbnail":["https:\/\/www.sikortex.com\/wp-content\/uploads\/2023\/06\/O1CN01qf5Mbq1QaNjTHp1bq_941031992-0-cib-1-150x150.jpg",150,150,true],"medium":["https:\/\/www.sikortex.com\/wp-content\/uploads\/2023\/06\/O1CN01qf5Mbq1QaNjTHp1bq_941031992-0-cib-1-300x300.jpg",300,300,true],"medium_large":["https:\/\/www.sikortex.com\/wp-content\/uploads\/2023\/06\/O1CN01qf5Mbq1QaNjTHp1bq_941031992-0-cib-1-768x768.jpg",768,768,true],"large":["https:\/\/www.sikortex.com\/wp-content\/uploads\/2023\/06\/O1CN01qf5Mbq1QaNjTHp1bq_941031992-0-cib-1.jpg",1024,1024,false],"1536x1536":["https:\/\/www.sikortex.com\/wp-content\/uploads\/2023\/06\/O1CN01qf5Mbq1QaNjTHp1bq_941031992-0-cib-1.jpg",1024,1024,false],"2048x2048":["https:\/\/www.sikortex.com\/wp-content\/uploads\/2023\/06\/O1CN01qf5Mbq1QaNjTHp1bq_941031992-0-cib-1.jpg",1024,1024,false],"trp-custom-language-flag":["https:\/\/www.sikortex.com\/wp-content\/uploads\/2023\/06\/O1CN01qf5Mbq1QaNjTHp1bq_941031992-0-cib-1.jpg",12,12,false],"woocommerce_thumbnail":["https:\/\/www.sikortex.com\/wp-content\/uploads\/2023\/06\/O1CN01qf5Mbq1QaNjTHp1bq_941031992-0-cib-1-300x300.jpg",300,300,true],"woocommerce_single":["https:\/\/www.sikortex.com\/wp-content\/uploads\/2023\/06\/O1CN01qf5Mbq1QaNjTHp1bq_941031992-0-cib-1-600x600.jpg",600,600,true],"woocommerce_gallery_thumbnail":["https:\/\/www.sikortex.com\/wp-content\/uploads\/2023\/06\/O1CN01qf5Mbq1QaNjTHp1bq_941031992-0-cib-1-100x100.jpg",100,100,true]},"uagb_author_info":{"display_name":"Perry","author_link":"https:\/\/www.sikortex.com\/fr\/author\/"},"uagb_comment_info":0,"uagb_excerpt":"1000 Meters(Min.Order)","_links":{"self":[{"href":"https:\/\/www.sikortex.com\/fr\/wp-json\/wp\/v2\/product\/1970","targetHints":{"allow":["GET"]}}],"collection":[{"href":"https:\/\/www.sikortex.com\/fr\/wp-json\/wp\/v2\/product"}],"about":[{"href":"https:\/\/www.sikortex.com\/fr\/wp-json\/wp\/v2\/types\/product"}],"replies":[{"embeddable":true,"href":"https:\/\/www.sikortex.com\/fr\/wp-json\/wp\/v2\/comments?post=1970"}],"wp:featuredmedia":[{"embeddable":true,"href":"https:\/\/www.sikortex.com\/fr\/wp-json\/wp\/v2\/media\/3760"}],"wp:attachment":[{"href":"https:\/\/www.sikortex.com\/fr\/wp-json\/wp\/v2\/media?parent=1970"}],"wp:term":[{"taxonomy":"product_brand","embeddable":true,"href":"https:\/\/www.sikortex.com\/fr\/wp-json\/wp\/v2\/product_brand?post=1970"},{"taxonomy":"product_cat","embeddable":true,"href":"https:\/\/www.sikortex.com\/fr\/wp-json\/wp\/v2\/product_cat?post=1970"},{"taxonomy":"product_tag","embeddable":true,"href":"https:\/\/www.sikortex.com\/fr\/wp-json\/wp\/v2\/product_tag?post=1970"}],"curies":[{"name":"wp","href":"https:\/\/api.w.org\/{rel}","templated":true}]}}