{"id":1963,"date":"2023-06-02T14:38:54","date_gmt":"2023-06-02T06:38:54","guid":{"rendered":"http:\/\/203.196.10.64:3021\/?post_type=product&#038;p=1963"},"modified":"2025-01-08T12:55:48","modified_gmt":"2025-01-08T04:55:48","slug":"ripstop-jaune-haute-visibilite","status":"publish","type":"product","link":"https:\/\/www.sikortex.com\/fr\/produit\/ripstop-jaune-haute-visibilite\/","title":{"rendered":"Tissu haute visibilit\u00e9 Ripstop jaune en nylon 500D HI VIS"},"content":{"rendered":"<h5>Fabricant de tissus haute visibilit\u00e9 SIKOR-TEX, tissus de protection individuelle r\u00e9sistants aux d\u00e9chirures<\/h5>\n<p>Fabriqu\u00e9 en nylon 500D de haute qualit\u00e9 <a href=\"https:\/\/www.sikortex.com\/fr\/tissus-haute-visibilite\/\"><span style=\"color: #3366ff;\">HAUTE VISIBILIT\u00c9<\/span><\/a> Jaune <a href=\"https:\/\/www.sikortex.com\/fr\/2024\/09\/05\/fournisseur-de-tissu-ripstop-materiau-ripstop\/\"><span style=\"color: #3366ff;\">Ripstop<\/span><\/a> <a href=\"https:\/\/www.sikortex.com\/fr\/tissus-haute-visibilite\/\"><span style=\"color: #3366ff;\">Haute visibilit\u00e9<\/span><\/a> Le tissu offre une excellente durabilit\u00e9 et r\u00e9sistance, ce qui le rend adapt\u00e9 aux environnements ext\u00e9rieurs exigeants. La couleur fluorescente vibrante am\u00e9liore la visibilit\u00e9, garantissant que les travailleurs peuvent \u00eatre facilement vus dans des conditions de faible luminosit\u00e9 ou des environnements dangereux.<\/p>\n<p>La composition en nylon 500D du tissu offre une r\u00e9sistance exceptionnelle aux abrasions, aux d\u00e9chirures et \u00e0 l&#039;usure g\u00e9n\u00e9rale, ce qui le rend id\u00e9al pour les applications n\u00e9cessitant des performances robustes. Il est \u00e9galement r\u00e9sistant \u00e0 l&#039;eau, offrant une protection contre la pluie l\u00e9g\u00e8re ou l&#039;humidit\u00e9.<\/p>\n<p>Ripstop <a href=\"https:\/\/www.sikortex.com\/fr\/tissus-haute-visibilite\/\"><span style=\"color: #3366ff;\">Haute visibilit\u00e9<\/span><\/a> Le tissu est parfait pour la fabrication de v\u00eatements de travail d&#039;ext\u00e9rieur, notamment de vestes, de gilets et de pantalons, ainsi que de sacs durables tels que des sacs \u00e0 dos et des sacs \u00e0 outils. Ses propri\u00e9t\u00e9s de haute r\u00e9sistance lui permettent de r\u00e9sister aux exigences d&#039;une utilisation intensive, offrant des performances et une fiabilit\u00e9 durables.<\/p>\n<p>Avec sa couleur fluorescente et sa construction robuste, notre tissu en nylon de couleur fluorescente est un excellent choix pour les v\u00eatements et les sacs des travailleurs en ext\u00e9rieur. Il offre \u00e0 la fois visibilit\u00e9 et durabilit\u00e9, garantissant la s\u00e9curit\u00e9 et le confort des travailleurs de divers secteurs, notamment la construction, les travaux routiers, la logistique, etc.<\/p>","protected":false},"excerpt":{"rendered":"<p>1000 m\u00e8tres (commande minimum)<\/p>","protected":false},"featured_media":3758,"comment_status":"closed","ping_status":"closed","template":"","meta":{"_uag_custom_page_level_css":"","site-sidebar-layout":"default","site-content-layout":"default","ast-site-content-layout":"","site-content-style":"default","site-sidebar-style":"default","ast-global-header-display":"","ast-banner-title-visibility":"","ast-main-header-display":"","ast-hfb-above-header-display":"","ast-hfb-below-header-display":"","ast-hfb-mobile-header-display":"","site-post-title":"","ast-breadcrumbs-content":"","ast-featured-img":"","footer-sml-layout":"","theme-transparent-header-meta":"default","adv-header-id-meta":"","stick-header-meta":"default","header-above-stick-meta":"","header-main-stick-meta":"","header-below-stick-meta":"","astra-migrate-meta-layouts":"default","ast-page-background-enabled":"default","ast-page-background-meta":{"desktop":{"background-color":"","background-image":"","background-repeat":"repeat","background-position":"center center","background-size":"auto","background-attachment":"scroll","background-type":"","background-media":"","overlay-type":"","overlay-color":"","overlay-opacity":"","overlay-gradient":""},"tablet":{"background-color":"","background-image":"","background-repeat":"repeat","background-position":"center center","background-size":"auto","background-attachment":"scroll","background-type":"","background-media":"","overlay-type":"","overlay-color":"","overlay-opacity":"","overlay-gradient":""},"mobile":{"background-color":"","background-image":"","background-repeat":"repeat","background-position":"center center","background-size":"auto","background-attachment":"scroll","background-type":"","background-media":"","overlay-type":"","overlay-color":"","overlay-opacity":"","overlay-gradient":""}},"ast-content-background-meta":{"desktop":{"background-color":"var(--ast-global-color-5)","background-image":"","background-repeat":"repeat","background-position":"center center","background-size":"auto","background-attachment":"scroll","background-type":"","background-media":"","overlay-type":"","overlay-color":"","overlay-opacity":"","overlay-gradient":""},"tablet":{"background-color":"var(--ast-global-color-5)","background-image":"","background-repeat":"repeat","background-position":"center center","background-size":"auto","background-attachment":"scroll","background-type":"","background-media":"","overlay-type":"","overlay-color":"","overlay-opacity":"","overlay-gradient":""},"mobile":{"background-color":"var(--ast-global-color-5)","background-image":"","background-repeat":"repeat","background-position":"center center","background-size":"auto","background-attachment":"scroll","background-type":"","background-media":"","overlay-type":"","overlay-color":"","overlay-opacity":"","overlay-gradient":""}}},"product_brand":[],"product_cat":[423,404,425],"product_tag":[],"class_list":{"0":"post-1963","1":"product","2":"type-product","3":"status-publish","4":"has-post-thumbnail","6":"product_cat-fabric-for-military-police","7":"product_cat-nylon-fabrics","8":"product_cat-security-emergencies-road-services","9":"pa_available_colors-fluorescent-orange","10":"pa_available_colors-fluorescent-yellow","11":"desktop-align-left","12":"tablet-align-left","13":"mobile-align-left","14":"ast-product-gallery-layout-vertical-slider","15":"ast-product-tabs-layout-horizontal","17":"first","18":"instock","19":"shipping-taxable","20":"product-type-simple"},"uagb_featured_image_src":{"full":["https:\/\/www.sikortex.com\/wp-content\/uploads\/2023\/06\/11050437838_1388178709-1.jpg",1024,1024,false],"thumbnail":["https:\/\/www.sikortex.com\/wp-content\/uploads\/2023\/06\/11050437838_1388178709-1-150x150.jpg",150,150,true],"medium":["https:\/\/www.sikortex.com\/wp-content\/uploads\/2023\/06\/11050437838_1388178709-1-300x300.jpg",300,300,true],"medium_large":["https:\/\/www.sikortex.com\/wp-content\/uploads\/2023\/06\/11050437838_1388178709-1-768x768.jpg",768,768,true],"large":["https:\/\/www.sikortex.com\/wp-content\/uploads\/2023\/06\/11050437838_1388178709-1.jpg",1024,1024,false],"1536x1536":["https:\/\/www.sikortex.com\/wp-content\/uploads\/2023\/06\/11050437838_1388178709-1.jpg",1024,1024,false],"2048x2048":["https:\/\/www.sikortex.com\/wp-content\/uploads\/2023\/06\/11050437838_1388178709-1.jpg",1024,1024,false],"trp-custom-language-flag":["https:\/\/www.sikortex.com\/wp-content\/uploads\/2023\/06\/11050437838_1388178709-1.jpg",12,12,false],"woocommerce_thumbnail":["https:\/\/www.sikortex.com\/wp-content\/uploads\/2023\/06\/11050437838_1388178709-1-300x300.jpg",300,300,true],"woocommerce_single":["https:\/\/www.sikortex.com\/wp-content\/uploads\/2023\/06\/11050437838_1388178709-1-600x600.jpg",600,600,true],"woocommerce_gallery_thumbnail":["https:\/\/www.sikortex.com\/wp-content\/uploads\/2023\/06\/11050437838_1388178709-1-100x100.jpg",100,100,true]},"uagb_author_info":{"display_name":"Perry","author_link":"https:\/\/www.sikortex.com\/fr\/author\/"},"uagb_comment_info":0,"uagb_excerpt":"1000 Meters(Min.Order)","_links":{"self":[{"href":"https:\/\/www.sikortex.com\/fr\/wp-json\/wp\/v2\/product\/1963","targetHints":{"allow":["GET"]}}],"collection":[{"href":"https:\/\/www.sikortex.com\/fr\/wp-json\/wp\/v2\/product"}],"about":[{"href":"https:\/\/www.sikortex.com\/fr\/wp-json\/wp\/v2\/types\/product"}],"replies":[{"embeddable":true,"href":"https:\/\/www.sikortex.com\/fr\/wp-json\/wp\/v2\/comments?post=1963"}],"wp:featuredmedia":[{"embeddable":true,"href":"https:\/\/www.sikortex.com\/fr\/wp-json\/wp\/v2\/media\/3758"}],"wp:attachment":[{"href":"https:\/\/www.sikortex.com\/fr\/wp-json\/wp\/v2\/media?parent=1963"}],"wp:term":[{"taxonomy":"product_brand","embeddable":true,"href":"https:\/\/www.sikortex.com\/fr\/wp-json\/wp\/v2\/product_brand?post=1963"},{"taxonomy":"product_cat","embeddable":true,"href":"https:\/\/www.sikortex.com\/fr\/wp-json\/wp\/v2\/product_cat?post=1963"},{"taxonomy":"product_tag","embeddable":true,"href":"https:\/\/www.sikortex.com\/fr\/wp-json\/wp\/v2\/product_tag?post=1963"}],"curies":[{"name":"wp","href":"https:\/\/api.w.org\/{rel}","templated":true}]}}