{"id":1955,"date":"2023-06-02T14:37:34","date_gmt":"2023-06-02T06:37:34","guid":{"rendered":"http:\/\/203.196.10.64:3021\/?post_type=product&#038;p=1955"},"modified":"2023-10-10T16:47:03","modified_gmt":"2023-10-10T08:47:03","slug":"sk8365-nylon-rpet","status":"publish","type":"product","link":"https:\/\/www.sikortex.com\/fr\/produit\/sk8365-nylon-rpet\/","title":{"rendered":"Taffetas de nylon recycl\u00e9 serg\u00e9 272T pour protection de l&#039;environnement Rpet"},"content":{"rendered":"<p>Fabricant de tissus performants SIKOR-TEX<\/p>\n<p>Taffetas de nylon recycl\u00e9 serg\u00e9 SIKOR-TEX Rpet Environmental Protection 272T, un mat\u00e9riau de haute qualit\u00e9 qui est non seulement durable et imperm\u00e9able, mais \u00e9galement respectueux de l&#039;environnement. Fabriqu\u00e9 \u00e0 partir de nylon recycl\u00e9, ce tissu est un choix id\u00e9al pour ceux qui souhaitent r\u00e9duire leur impact environnemental sans sacrifier la qualit\u00e9.<\/p>\n<p>Le taffetas serg\u00e9 de protection de l&#039;environnement en nylon Rpet convient \u00e0 un large \u00e9ventail d&#039;applications, notamment les sacs \u00e0 dos, les doublures de bagages et les sacs \u00e9tanches. Ses propri\u00e9t\u00e9s imperm\u00e9ables le rendent id\u00e9al pour prot\u00e9ger vos affaires des \u00e9l\u00e9ments, tandis que sa construction durable garantit qu&#039;il peut r\u00e9sister aux rigueurs d&#039;une utilisation r\u00e9guli\u00e8re.<\/p>\n<p>En choisissant un tissu en nylon recycl\u00e9, vous faites un choix durable qui contribue \u00e0 r\u00e9duire les d\u00e9chets et \u00e0 prot\u00e9ger l&#039;environnement. Alors pourquoi ne pas choisir ce mat\u00e9riau de haute qualit\u00e9 et respectueux de l&#039;environnement pour votre prochain projet ?<\/p>","protected":false},"excerpt":{"rendered":"<p>1200 m\u00e8tres (commande minimum)<\/p>","protected":false},"featured_media":3755,"comment_status":"closed","ping_status":"closed","template":"","meta":{"_uag_custom_page_level_css":"","site-sidebar-layout":"default","site-content-layout":"default","ast-site-content-layout":"","site-content-style":"default","site-sidebar-style":"default","ast-global-header-display":"","ast-banner-title-visibility":"","ast-main-header-display":"","ast-hfb-above-header-display":"","ast-hfb-below-header-display":"","ast-hfb-mobile-header-display":"","site-post-title":"","ast-breadcrumbs-content":"","ast-featured-img":"","footer-sml-layout":"","theme-transparent-header-meta":"default","adv-header-id-meta":"","stick-header-meta":"default","header-above-stick-meta":"","header-main-stick-meta":"","header-below-stick-meta":"","astra-migrate-meta-layouts":"default","ast-page-background-enabled":"default","ast-page-background-meta":{"desktop":{"background-color":"","background-image":"","background-repeat":"repeat","background-position":"center center","background-size":"auto","background-attachment":"scroll","background-type":"","background-media":"","overlay-type":"","overlay-color":"","overlay-opacity":"","overlay-gradient":""},"tablet":{"background-color":"","background-image":"","background-repeat":"repeat","background-position":"center center","background-size":"auto","background-attachment":"scroll","background-type":"","background-media":"","overlay-type":"","overlay-color":"","overlay-opacity":"","overlay-gradient":""},"mobile":{"background-color":"","background-image":"","background-repeat":"repeat","background-position":"center center","background-size":"auto","background-attachment":"scroll","background-type":"","background-media":"","overlay-type":"","overlay-color":"","overlay-opacity":"","overlay-gradient":""}},"ast-content-background-meta":{"desktop":{"background-color":"var(--ast-global-color-5)","background-image":"","background-repeat":"repeat","background-position":"center center","background-size":"auto","background-attachment":"scroll","background-type":"","background-media":"","overlay-type":"","overlay-color":"","overlay-opacity":"","overlay-gradient":""},"tablet":{"background-color":"var(--ast-global-color-5)","background-image":"","background-repeat":"repeat","background-position":"center center","background-size":"auto","background-attachment":"scroll","background-type":"","background-media":"","overlay-type":"","overlay-color":"","overlay-opacity":"","overlay-gradient":""},"mobile":{"background-color":"var(--ast-global-color-5)","background-image":"","background-repeat":"repeat","background-position":"center center","background-size":"auto","background-attachment":"scroll","background-type":"","background-media":"","overlay-type":"","overlay-color":"","overlay-opacity":"","overlay-gradient":""}}},"product_brand":[],"product_cat":[431,428,404,407],"product_tag":[],"class_list":{"0":"post-1955","1":"product","2":"type-product","3":"status-publish","4":"has-post-thumbnail","6":"product_cat-fabric-for-commuting-clothing","7":"product_cat-fabric-for-outdoor-sports","8":"product_cat-nylon-fabrics","9":"product_cat-recycled-fabric","10":"pa_available_colors-911052-spc","11":"desktop-align-left","12":"tablet-align-left","13":"mobile-align-left","14":"ast-product-gallery-layout-vertical-slider","15":"ast-product-tabs-layout-horizontal","17":"first","18":"instock","19":"shipping-taxable","20":"product-type-simple"},"uagb_featured_image_src":{"full":["https:\/\/www.sikortex.com\/wp-content\/uploads\/2023\/06\/19987768726_1886869996-1.jpg",1024,1024,false],"thumbnail":["https:\/\/www.sikortex.com\/wp-content\/uploads\/2023\/06\/19987768726_1886869996-1-150x150.jpg",150,150,true],"medium":["https:\/\/www.sikortex.com\/wp-content\/uploads\/2023\/06\/19987768726_1886869996-1-300x300.jpg",300,300,true],"medium_large":["https:\/\/www.sikortex.com\/wp-content\/uploads\/2023\/06\/19987768726_1886869996-1-768x768.jpg",768,768,true],"large":["https:\/\/www.sikortex.com\/wp-content\/uploads\/2023\/06\/19987768726_1886869996-1.jpg",1024,1024,false],"1536x1536":["https:\/\/www.sikortex.com\/wp-content\/uploads\/2023\/06\/19987768726_1886869996-1.jpg",1024,1024,false],"2048x2048":["https:\/\/www.sikortex.com\/wp-content\/uploads\/2023\/06\/19987768726_1886869996-1.jpg",1024,1024,false],"trp-custom-language-flag":["https:\/\/www.sikortex.com\/wp-content\/uploads\/2023\/06\/19987768726_1886869996-1.jpg",12,12,false],"woocommerce_thumbnail":["https:\/\/www.sikortex.com\/wp-content\/uploads\/2023\/06\/19987768726_1886869996-1-300x300.jpg",300,300,true],"woocommerce_single":["https:\/\/www.sikortex.com\/wp-content\/uploads\/2023\/06\/19987768726_1886869996-1-600x600.jpg",600,600,true],"woocommerce_gallery_thumbnail":["https:\/\/www.sikortex.com\/wp-content\/uploads\/2023\/06\/19987768726_1886869996-1-100x100.jpg",100,100,true]},"uagb_author_info":{"display_name":"Perry","author_link":"https:\/\/www.sikortex.com\/fr\/author\/"},"uagb_comment_info":0,"uagb_excerpt":"1200 Meters(Min.Order)","_links":{"self":[{"href":"https:\/\/www.sikortex.com\/fr\/wp-json\/wp\/v2\/product\/1955","targetHints":{"allow":["GET"]}}],"collection":[{"href":"https:\/\/www.sikortex.com\/fr\/wp-json\/wp\/v2\/product"}],"about":[{"href":"https:\/\/www.sikortex.com\/fr\/wp-json\/wp\/v2\/types\/product"}],"replies":[{"embeddable":true,"href":"https:\/\/www.sikortex.com\/fr\/wp-json\/wp\/v2\/comments?post=1955"}],"wp:featuredmedia":[{"embeddable":true,"href":"https:\/\/www.sikortex.com\/fr\/wp-json\/wp\/v2\/media\/3755"}],"wp:attachment":[{"href":"https:\/\/www.sikortex.com\/fr\/wp-json\/wp\/v2\/media?parent=1955"}],"wp:term":[{"taxonomy":"product_brand","embeddable":true,"href":"https:\/\/www.sikortex.com\/fr\/wp-json\/wp\/v2\/product_brand?post=1955"},{"taxonomy":"product_cat","embeddable":true,"href":"https:\/\/www.sikortex.com\/fr\/wp-json\/wp\/v2\/product_cat?post=1955"},{"taxonomy":"product_tag","embeddable":true,"href":"https:\/\/www.sikortex.com\/fr\/wp-json\/wp\/v2\/product_tag?post=1955"}],"curies":[{"name":"wp","href":"https:\/\/api.w.org\/{rel}","templated":true}]}}