{"id":1950,"date":"2023-06-02T14:30:32","date_gmt":"2023-06-02T06:30:32","guid":{"rendered":"http:\/\/203.196.10.64:3021\/?post_type=product&#038;p=1950"},"modified":"2023-10-20T13:30:27","modified_gmt":"2023-10-20T05:30:27","slug":"sk8367-nylon-66-tissu","status":"publish","type":"product","link":"https:\/\/www.sikortex.com\/fr\/produit\/sk8367-nylon-66-tissu\/","title":{"rendered":"Tissu extensible en trame en nylon 66 haute t\u00e9nacit\u00e9 40D"},"content":{"rendered":"<p>Fabricant de tissus performants SIKOR-TEX<\/p>\n<p>Tissu extensible en trame de nylon 66 haute t\u00e9nacit\u00e9 40D \u2013 un mat\u00e9riau haute t\u00e9nacit\u00e9 et durable id\u00e9al pour les vestes, pantalons, rembourrages et doudounes. Diff\u00e9rent de la fibre de nylon 40D ordinaire, la fibre de nylon 66 du fil de trame dans ce tissu est une sorte de fibre hautement \u00e9lastique, ce tissu est donc une sorte de tissu \u00e9lastique de trame, l&#039;\u00e9lasticit\u00e9 est proche de celle du tissu spandex et l&#039;\u00e9lasticit\u00e9 est tr\u00e8s durable; il pr\u00e9sente \u00e9galement une excellente durabilit\u00e9, r\u00e9sistance \u00e0 l\u2019abrasion et \u00e0 la d\u00e9chirure. Cela le rend id\u00e9al pour les activit\u00e9s de plein air, les v\u00eatements de ski et les v\u00eatements d\u00e9contract\u00e9s.<\/p>\n<p>La haute r\u00e9sistance et la durabilit\u00e9 du tissu garantissent qu&#039;il peut r\u00e9sister aux rigueurs d&#039;une utilisation en ext\u00e9rieur, ce qui en fait le choix parfait pour ceux qui aiment passer du temps dans la nature. Avec sa polyvalence et ses propri\u00e9t\u00e9s de haute performance, la gamme de tissus extensibles l\u00e9gers en nylon 6.6 de SIKOR-TEX est un incontournable pour tous ceux qui recherchent un tissu durable et fiable pour leur prochain projet.<\/p>","protected":false},"excerpt":{"rendered":"<p>1200 m\u00e8tres (commande minimum)<\/p>","protected":false},"featured_media":3748,"comment_status":"closed","ping_status":"closed","template":"","meta":{"_uag_custom_page_level_css":"","site-sidebar-layout":"default","site-content-layout":"default","ast-site-content-layout":"","site-content-style":"default","site-sidebar-style":"default","ast-global-header-display":"","ast-banner-title-visibility":"","ast-main-header-display":"","ast-hfb-above-header-display":"","ast-hfb-below-header-display":"","ast-hfb-mobile-header-display":"","site-post-title":"","ast-breadcrumbs-content":"","ast-featured-img":"","footer-sml-layout":"","theme-transparent-header-meta":"default","adv-header-id-meta":"","stick-header-meta":"default","header-above-stick-meta":"","header-main-stick-meta":"","header-below-stick-meta":"","astra-migrate-meta-layouts":"default","ast-page-background-enabled":"default","ast-page-background-meta":{"desktop":{"background-color":"","background-image":"","background-repeat":"repeat","background-position":"center center","background-size":"auto","background-attachment":"scroll","background-type":"","background-media":"","overlay-type":"","overlay-color":"","overlay-opacity":"","overlay-gradient":""},"tablet":{"background-color":"","background-image":"","background-repeat":"repeat","background-position":"center center","background-size":"auto","background-attachment":"scroll","background-type":"","background-media":"","overlay-type":"","overlay-color":"","overlay-opacity":"","overlay-gradient":""},"mobile":{"background-color":"","background-image":"","background-repeat":"repeat","background-position":"center center","background-size":"auto","background-attachment":"scroll","background-type":"","background-media":"","overlay-type":"","overlay-color":"","overlay-opacity":"","overlay-gradient":""}},"ast-content-background-meta":{"desktop":{"background-color":"var(--ast-global-color-5)","background-image":"","background-repeat":"repeat","background-position":"center center","background-size":"auto","background-attachment":"scroll","background-type":"","background-media":"","overlay-type":"","overlay-color":"","overlay-opacity":"","overlay-gradient":""},"tablet":{"background-color":"var(--ast-global-color-5)","background-image":"","background-repeat":"repeat","background-position":"center center","background-size":"auto","background-attachment":"scroll","background-type":"","background-media":"","overlay-type":"","overlay-color":"","overlay-opacity":"","overlay-gradient":""},"mobile":{"background-color":"var(--ast-global-color-5)","background-image":"","background-repeat":"repeat","background-position":"center center","background-size":"auto","background-attachment":"scroll","background-type":"","background-media":"","overlay-type":"","overlay-color":"","overlay-opacity":"","overlay-gradient":""}}},"product_brand":[],"product_cat":[431,430,428,1145,404,420],"product_tag":[],"class_list":{"0":"post-1950","1":"product","2":"type-product","3":"status-publish","4":"has-post-thumbnail","6":"product_cat-fabric-for-commuting-clothing","7":"product_cat-fabric-for-motorwear","8":"product_cat-fabric-for-outdoor-sports","9":"product_cat-lightweight-fabric","10":"product_cat-nylon-fabrics","11":"product_cat-stretch-fabrics","12":"pa_available_colors-h-black","13":"desktop-align-left","14":"tablet-align-left","15":"mobile-align-left","16":"ast-product-gallery-layout-vertical-slider","17":"ast-product-tabs-layout-horizontal","19":"first","20":"instock","21":"shipping-taxable","22":"product-type-simple"},"uagb_featured_image_src":{"full":["https:\/\/www.sikortex.com\/wp-content\/uploads\/2023\/06\/O1CN01EXgtiy1ncsyNxH3Ii_2201413325111-0-cib-1.jpg",1024,1024,false],"thumbnail":["https:\/\/www.sikortex.com\/wp-content\/uploads\/2023\/06\/O1CN01EXgtiy1ncsyNxH3Ii_2201413325111-0-cib-1-150x150.jpg",150,150,true],"medium":["https:\/\/www.sikortex.com\/wp-content\/uploads\/2023\/06\/O1CN01EXgtiy1ncsyNxH3Ii_2201413325111-0-cib-1-300x300.jpg",300,300,true],"medium_large":["https:\/\/www.sikortex.com\/wp-content\/uploads\/2023\/06\/O1CN01EXgtiy1ncsyNxH3Ii_2201413325111-0-cib-1-768x768.jpg",768,768,true],"large":["https:\/\/www.sikortex.com\/wp-content\/uploads\/2023\/06\/O1CN01EXgtiy1ncsyNxH3Ii_2201413325111-0-cib-1.jpg",1024,1024,false],"1536x1536":["https:\/\/www.sikortex.com\/wp-content\/uploads\/2023\/06\/O1CN01EXgtiy1ncsyNxH3Ii_2201413325111-0-cib-1.jpg",1024,1024,false],"2048x2048":["https:\/\/www.sikortex.com\/wp-content\/uploads\/2023\/06\/O1CN01EXgtiy1ncsyNxH3Ii_2201413325111-0-cib-1.jpg",1024,1024,false],"trp-custom-language-flag":["https:\/\/www.sikortex.com\/wp-content\/uploads\/2023\/06\/O1CN01EXgtiy1ncsyNxH3Ii_2201413325111-0-cib-1.jpg",12,12,false],"woocommerce_thumbnail":["https:\/\/www.sikortex.com\/wp-content\/uploads\/2023\/06\/O1CN01EXgtiy1ncsyNxH3Ii_2201413325111-0-cib-1-300x300.jpg",300,300,true],"woocommerce_single":["https:\/\/www.sikortex.com\/wp-content\/uploads\/2023\/06\/O1CN01EXgtiy1ncsyNxH3Ii_2201413325111-0-cib-1-600x600.jpg",600,600,true],"woocommerce_gallery_thumbnail":["https:\/\/www.sikortex.com\/wp-content\/uploads\/2023\/06\/O1CN01EXgtiy1ncsyNxH3Ii_2201413325111-0-cib-1-100x100.jpg",100,100,true]},"uagb_author_info":{"display_name":"Perry","author_link":"https:\/\/www.sikortex.com\/fr\/author\/"},"uagb_comment_info":0,"uagb_excerpt":"1200 Meters(Min.Order)","_links":{"self":[{"href":"https:\/\/www.sikortex.com\/fr\/wp-json\/wp\/v2\/product\/1950","targetHints":{"allow":["GET"]}}],"collection":[{"href":"https:\/\/www.sikortex.com\/fr\/wp-json\/wp\/v2\/product"}],"about":[{"href":"https:\/\/www.sikortex.com\/fr\/wp-json\/wp\/v2\/types\/product"}],"replies":[{"embeddable":true,"href":"https:\/\/www.sikortex.com\/fr\/wp-json\/wp\/v2\/comments?post=1950"}],"wp:featuredmedia":[{"embeddable":true,"href":"https:\/\/www.sikortex.com\/fr\/wp-json\/wp\/v2\/media\/3748"}],"wp:attachment":[{"href":"https:\/\/www.sikortex.com\/fr\/wp-json\/wp\/v2\/media?parent=1950"}],"wp:term":[{"taxonomy":"product_brand","embeddable":true,"href":"https:\/\/www.sikortex.com\/fr\/wp-json\/wp\/v2\/product_brand?post=1950"},{"taxonomy":"product_cat","embeddable":true,"href":"https:\/\/www.sikortex.com\/fr\/wp-json\/wp\/v2\/product_cat?post=1950"},{"taxonomy":"product_tag","embeddable":true,"href":"https:\/\/www.sikortex.com\/fr\/wp-json\/wp\/v2\/product_tag?post=1950"}],"curies":[{"name":"wp","href":"https:\/\/api.w.org\/{rel}","templated":true}]}}