{"id":1949,"date":"2023-06-02T14:32:16","date_gmt":"2023-06-02T06:32:16","guid":{"rendered":"http:\/\/203.196.10.64:3021\/?post_type=product&#038;p=1949"},"modified":"2023-10-19T10:22:59","modified_gmt":"2023-10-19T02:22:59","slug":"sk8247-650d-nylon-ripstop-tissu","status":"publish","type":"product","link":"https:\/\/www.sikortex.com\/fr\/produit\/sk8247-650d-nylon-ripstop-tissu\/","title":{"rendered":"Tissu quadrill\u00e9 imperm\u00e9able en nylon Ripstop 650D de 0,7 cm"},"content":{"rendered":"<p>Fabricant de tissus performants SIKOR-TEX<\/p>\n<p>Tissu quadrill\u00e9 imperm\u00e9able en nylon Ripstop 650D de 0,7 cm, un textile polyvalent et fiable con\u00e7u pour diverses applications, y compris les uniformes militaires, les gilets tactiques, les v\u00eatements de sport de plein air et l&#039;utilisation industrielle.<\/p>\n<p>Fabriqu\u00e9 \u00e0 partir de nylon Ripstop 650D de haute qualit\u00e9, ce tissu offre une excellente durabilit\u00e9 et r\u00e9sistance. Le motif ripstop en grille de 0,7 cm am\u00e9liore la r\u00e9sistance \u00e0 la d\u00e9chirure, ce qui le rend adapt\u00e9 aux environnements exigeants. De plus, le tissu est imperm\u00e9able, offrant une protection contre l&#039;humidit\u00e9 et assurant un confort dans des conditions humides.<\/p>\n<p>Il convient \u00e9galement \u00e0 la fabrication de gilets pare-balles et de gilets tactiques, offrant une protection fiable dans les situations \u00e0 haut risque. De plus, ses propri\u00e9t\u00e9s imperm\u00e9ables le rendent adapt\u00e9 aux v\u00eatements de sport de plein air, assurant confort et performance dans diverses conditions m\u00e9t\u00e9orologiques.<\/p>\n<p>Au-del\u00e0 des applications militaires et de v\u00eatements de sport, ce tissu trouve une utilit\u00e9 dans les environnements industriels o\u00f9 la r\u00e9sistance, la r\u00e9sistance \u00e0 la d\u00e9chirure et l&#039;\u00e9tanch\u00e9it\u00e9 sont essentielles. Il peut r\u00e9sister \u00e0 une utilisation rigoureuse, ce qui le rend adapt\u00e9 \u00e0 diverses applications industrielles.<\/p>","protected":false},"excerpt":{"rendered":"<p>600 m\u00e8tres (Min.Order)<\/p>","protected":false},"featured_media":3750,"comment_status":"closed","ping_status":"closed","template":"","meta":{"_uag_custom_page_level_css":"","site-sidebar-layout":"default","site-content-layout":"default","ast-site-content-layout":"","site-content-style":"default","site-sidebar-style":"default","ast-global-header-display":"","ast-banner-title-visibility":"","ast-main-header-display":"","ast-hfb-above-header-display":"","ast-hfb-below-header-display":"","ast-hfb-mobile-header-display":"","site-post-title":"","ast-breadcrumbs-content":"","ast-featured-img":"","footer-sml-layout":"","theme-transparent-header-meta":"default","adv-header-id-meta":"","stick-header-meta":"default","header-above-stick-meta":"","header-main-stick-meta":"","header-below-stick-meta":"","astra-migrate-meta-layouts":"default","ast-page-background-enabled":"default","ast-page-background-meta":{"desktop":{"background-color":"","background-image":"","background-repeat":"repeat","background-position":"center center","background-size":"auto","background-attachment":"scroll","background-type":"","background-media":"","overlay-type":"","overlay-color":"","overlay-opacity":"","overlay-gradient":""},"tablet":{"background-color":"","background-image":"","background-repeat":"repeat","background-position":"center center","background-size":"auto","background-attachment":"scroll","background-type":"","background-media":"","overlay-type":"","overlay-color":"","overlay-opacity":"","overlay-gradient":""},"mobile":{"background-color":"","background-image":"","background-repeat":"repeat","background-position":"center center","background-size":"auto","background-attachment":"scroll","background-type":"","background-media":"","overlay-type":"","overlay-color":"","overlay-opacity":"","overlay-gradient":""}},"ast-content-background-meta":{"desktop":{"background-color":"var(--ast-global-color-5)","background-image":"","background-repeat":"repeat","background-position":"center center","background-size":"auto","background-attachment":"scroll","background-type":"","background-media":"","overlay-type":"","overlay-color":"","overlay-opacity":"","overlay-gradient":""},"tablet":{"background-color":"var(--ast-global-color-5)","background-image":"","background-repeat":"repeat","background-position":"center center","background-size":"auto","background-attachment":"scroll","background-type":"","background-media":"","overlay-type":"","overlay-color":"","overlay-opacity":"","overlay-gradient":""},"mobile":{"background-color":"var(--ast-global-color-5)","background-image":"","background-repeat":"repeat","background-position":"center center","background-size":"auto","background-attachment":"scroll","background-type":"","background-media":"","overlay-type":"","overlay-color":"","overlay-opacity":"","overlay-gradient":""}}},"product_brand":[],"product_cat":[426,423,430,404,414],"product_tag":[],"class_list":{"0":"post-1949","1":"product","2":"type-product","3":"status-publish","4":"has-post-thumbnail","6":"product_cat-constructionmining","7":"product_cat-fabric-for-military-police","8":"product_cat-fabric-for-motorwear","9":"product_cat-nylon-fabrics","10":"product_cat-waterproof-fabrics","11":"pa_available_colors-royal-blue","12":"pa_available_colors-911052-spc","13":"desktop-align-left","14":"tablet-align-left","15":"mobile-align-left","16":"ast-product-gallery-layout-vertical-slider","17":"ast-product-tabs-layout-horizontal","19":"first","20":"instock","21":"shipping-taxable","22":"product-type-simple"},"uagb_featured_image_src":{"full":["https:\/\/www.sikortex.com\/wp-content\/uploads\/2023\/06\/O1CN01VSAOa91b4k7uiPkz0_2213181973412-0-cib-1.jpg",1024,1024,false],"thumbnail":["https:\/\/www.sikortex.com\/wp-content\/uploads\/2023\/06\/O1CN01VSAOa91b4k7uiPkz0_2213181973412-0-cib-1-150x150.jpg",150,150,true],"medium":["https:\/\/www.sikortex.com\/wp-content\/uploads\/2023\/06\/O1CN01VSAOa91b4k7uiPkz0_2213181973412-0-cib-1-300x300.jpg",300,300,true],"medium_large":["https:\/\/www.sikortex.com\/wp-content\/uploads\/2023\/06\/O1CN01VSAOa91b4k7uiPkz0_2213181973412-0-cib-1-768x768.jpg",768,768,true],"large":["https:\/\/www.sikortex.com\/wp-content\/uploads\/2023\/06\/O1CN01VSAOa91b4k7uiPkz0_2213181973412-0-cib-1.jpg",1024,1024,false],"1536x1536":["https:\/\/www.sikortex.com\/wp-content\/uploads\/2023\/06\/O1CN01VSAOa91b4k7uiPkz0_2213181973412-0-cib-1.jpg",1024,1024,false],"2048x2048":["https:\/\/www.sikortex.com\/wp-content\/uploads\/2023\/06\/O1CN01VSAOa91b4k7uiPkz0_2213181973412-0-cib-1.jpg",1024,1024,false],"trp-custom-language-flag":["https:\/\/www.sikortex.com\/wp-content\/uploads\/2023\/06\/O1CN01VSAOa91b4k7uiPkz0_2213181973412-0-cib-1.jpg",12,12,false],"woocommerce_thumbnail":["https:\/\/www.sikortex.com\/wp-content\/uploads\/2023\/06\/O1CN01VSAOa91b4k7uiPkz0_2213181973412-0-cib-1-300x300.jpg",300,300,true],"woocommerce_single":["https:\/\/www.sikortex.com\/wp-content\/uploads\/2023\/06\/O1CN01VSAOa91b4k7uiPkz0_2213181973412-0-cib-1-600x600.jpg",600,600,true],"woocommerce_gallery_thumbnail":["https:\/\/www.sikortex.com\/wp-content\/uploads\/2023\/06\/O1CN01VSAOa91b4k7uiPkz0_2213181973412-0-cib-1-100x100.jpg",100,100,true]},"uagb_author_info":{"display_name":"Perry","author_link":"https:\/\/www.sikortex.com\/fr\/author\/"},"uagb_comment_info":0,"uagb_excerpt":"600 Meters(Min.Order)","_links":{"self":[{"href":"https:\/\/www.sikortex.com\/fr\/wp-json\/wp\/v2\/product\/1949","targetHints":{"allow":["GET"]}}],"collection":[{"href":"https:\/\/www.sikortex.com\/fr\/wp-json\/wp\/v2\/product"}],"about":[{"href":"https:\/\/www.sikortex.com\/fr\/wp-json\/wp\/v2\/types\/product"}],"replies":[{"embeddable":true,"href":"https:\/\/www.sikortex.com\/fr\/wp-json\/wp\/v2\/comments?post=1949"}],"wp:featuredmedia":[{"embeddable":true,"href":"https:\/\/www.sikortex.com\/fr\/wp-json\/wp\/v2\/media\/3750"}],"wp:attachment":[{"href":"https:\/\/www.sikortex.com\/fr\/wp-json\/wp\/v2\/media?parent=1949"}],"wp:term":[{"taxonomy":"product_brand","embeddable":true,"href":"https:\/\/www.sikortex.com\/fr\/wp-json\/wp\/v2\/product_brand?post=1949"},{"taxonomy":"product_cat","embeddable":true,"href":"https:\/\/www.sikortex.com\/fr\/wp-json\/wp\/v2\/product_cat?post=1949"},{"taxonomy":"product_tag","embeddable":true,"href":"https:\/\/www.sikortex.com\/fr\/wp-json\/wp\/v2\/product_tag?post=1949"}],"curies":[{"name":"wp","href":"https:\/\/api.w.org\/{rel}","templated":true}]}}