{"id":1940,"date":"2023-06-02T14:28:47","date_gmt":"2023-06-02T06:28:47","guid":{"rendered":"http:\/\/203.196.10.64:3021\/?post_type=product&#038;p=1940"},"modified":"2025-01-09T10:53:45","modified_gmt":"2025-01-09T02:53:45","slug":"sk8246-nylon-66","status":"publish","type":"product","link":"https:\/\/www.sikortex.com\/fr\/produit\/sk8246-nylon-66\/","title":{"rendered":"Tissu ignifuge enduit de nylon 650D 66 PU EN ISO 11612"},"content":{"rendered":"<p><a href=\"https:\/\/www.sikortex.com\/fr\/profil-de-lentreprise\/\"><span style=\"color: #3366ff;\">SIKOR-TEX<\/span><\/a> fabricant de tissus performants<\/p>\n<p>650D <a href=\"https:\/\/www.sikortex.com\/fr\/fabricant-de-tissu-en-nylon\/\"><span style=\"color: #3366ff;\">Nylon<\/span><\/a> 66 <a href=\"https:\/\/www.sikortex.com\/fr\/flame-retardant-fabrics\/\"><span style=\"color: #3366ff;\">Ignifuge<\/span><\/a> Tissu enduit, un textile fiable et durable con\u00e7u pour <a href=\"https:\/\/www.sikortex.com\/fr\/tissu-militaire-tissu-ripstop\/\"><span style=\"color: #3366ff;\">militaire<\/span><\/a> applications. Ce tissu est sp\u00e9cialement con\u00e7u pour r\u00e9pondre aux exigences strictes de <a href=\"https:\/\/www.sikortex.com\/fr\/tissu-militaire-tissu-ripstop\/\"><span style=\"color: #3366ff;\">militaire<\/span><\/a> uniformes, <a href=\"https:\/\/www.sikortex.com\/fr\/tissu-militaire-tissu-ripstop\/\"><span style=\"color: #3366ff;\">militaire<\/span><\/a> \u00e9quipement et v\u00eatements de protection.<\/p>\n<p>Fabriqu\u00e9 en 650D de haute qualit\u00e9 <a href=\"https:\/\/www.sikortex.com\/fr\/fabricant-de-tissu-en-nylon\/\"><span style=\"color: #3366ff;\">Nylon<\/span><\/a> 66 mat\u00e9riau, ce tissu offre une r\u00e9sistance et une durabilit\u00e9 exceptionnelles. <a href=\"https:\/\/www.sikortex.com\/fr\/fabricant-de-tissus-ignifuges\/\"><span style=\"color: #3366ff;\">retardateur de flamme<\/span><\/a> Le rev\u00eatement offre une couche de protection suppl\u00e9mentaire, garantissant une s\u00e9curit\u00e9 accrue dans les environnements dangereux. La construction et le rev\u00eatement du tissu le rendent r\u00e9sistant aux flammes et aident \u00e0 pr\u00e9venir la propagation du feu.<\/p>\n<p>Le 650D <a href=\"https:\/\/www.sikortex.com\/fr\/fabricant-de-tissu-en-nylon\/\"><span style=\"color: #3366ff;\">Nylon<\/span><\/a> 66 <a href=\"https:\/\/www.sikortex.com\/fr\/flame-retardant-fabrics\/\"><span style=\"color: #3366ff;\">Ignifuge<\/span><\/a> Le tissu enduit est bien adapt\u00e9 pour <a href=\"https:\/\/www.sikortex.com\/fr\/tissu-militaire-tissu-ripstop\/\"><span style=\"color: #3366ff;\">militaire<\/span><\/a> uniformes, offrant la durabilit\u00e9 et la protection n\u00e9cessaires au personnel sur le terrain. Il est \u00e9galement id\u00e9al pour la fabrication <a href=\"https:\/\/www.sikortex.com\/fr\/tissu-militaire-tissu-ripstop\/\"><span style=\"color: #3366ff;\">militaire<\/span><\/a> \u00e9quipements et v\u00eatements de protection, o\u00f9 la r\u00e9sistance au feu et \u00e0 l&#039;usure sont essentielles.<\/p>\n<p>Parcourir davantage <span style=\"color: #3366ff;\"><a style=\"color: #3366ff;\" href=\"https:\/\/www.sikortex.com\/fr\/tissus-cordura\/\">Tissus Cordura<\/a><\/span><\/p>","protected":false},"excerpt":{"rendered":"<p>600 m\u00e8tres (Min.Order)<\/p>","protected":false},"featured_media":3729,"comment_status":"closed","ping_status":"closed","template":"","meta":{"_uag_custom_page_level_css":"","site-sidebar-layout":"default","site-content-layout":"default","ast-site-content-layout":"","site-content-style":"default","site-sidebar-style":"default","ast-global-header-display":"","ast-banner-title-visibility":"","ast-main-header-display":"","ast-hfb-above-header-display":"","ast-hfb-below-header-display":"","ast-hfb-mobile-header-display":"","site-post-title":"","ast-breadcrumbs-content":"","ast-featured-img":"","footer-sml-layout":"","theme-transparent-header-meta":"default","adv-header-id-meta":"","stick-header-meta":"default","header-above-stick-meta":"","header-main-stick-meta":"","header-below-stick-meta":"","astra-migrate-meta-layouts":"default","ast-page-background-enabled":"default","ast-page-background-meta":{"desktop":{"background-color":"","background-image":"","background-repeat":"repeat","background-position":"center center","background-size":"auto","background-attachment":"scroll","background-type":"","background-media":"","overlay-type":"","overlay-color":"","overlay-opacity":"","overlay-gradient":""},"tablet":{"background-color":"","background-image":"","background-repeat":"repeat","background-position":"center center","background-size":"auto","background-attachment":"scroll","background-type":"","background-media":"","overlay-type":"","overlay-color":"","overlay-opacity":"","overlay-gradient":""},"mobile":{"background-color":"","background-image":"","background-repeat":"repeat","background-position":"center center","background-size":"auto","background-attachment":"scroll","background-type":"","background-media":"","overlay-type":"","overlay-color":"","overlay-opacity":"","overlay-gradient":""}},"ast-content-background-meta":{"desktop":{"background-color":"var(--ast-global-color-5)","background-image":"","background-repeat":"repeat","background-position":"center center","background-size":"auto","background-attachment":"scroll","background-type":"","background-media":"","overlay-type":"","overlay-color":"","overlay-opacity":"","overlay-gradient":""},"tablet":{"background-color":"var(--ast-global-color-5)","background-image":"","background-repeat":"repeat","background-position":"center center","background-size":"auto","background-attachment":"scroll","background-type":"","background-media":"","overlay-type":"","overlay-color":"","overlay-opacity":"","overlay-gradient":""},"mobile":{"background-color":"var(--ast-global-color-5)","background-image":"","background-repeat":"repeat","background-position":"center center","background-size":"auto","background-attachment":"scroll","background-type":"","background-media":"","overlay-type":"","overlay-color":"","overlay-opacity":"","overlay-gradient":""}}},"product_brand":[],"product_cat":[423,416,404,427],"product_tag":[],"class_list":{"0":"post-1940","1":"product","2":"type-product","3":"status-publish","4":"has-post-thumbnail","6":"product_cat-fabric-for-military-police","7":"product_cat-fire-retardant-fabrics","8":"product_cat-nylon-fabrics","9":"product_cat-petroleum-and-petrochemical","10":"pa_available_colors-911052-spc","11":"desktop-align-left","12":"tablet-align-left","13":"mobile-align-left","14":"ast-product-gallery-layout-vertical-slider","15":"ast-product-tabs-layout-horizontal","17":"first","18":"instock","19":"shipping-taxable","20":"product-type-simple"},"uagb_featured_image_src":{"full":["https:\/\/www.sikortex.com\/wp-content\/uploads\/2023\/06\/O1CN01NGxpd31RbaLiC6Ahx_2206372042130-0-cib-1.jpg",1024,1024,false],"thumbnail":["https:\/\/www.sikortex.com\/wp-content\/uploads\/2023\/06\/O1CN01NGxpd31RbaLiC6Ahx_2206372042130-0-cib-1-150x150.jpg",150,150,true],"medium":["https:\/\/www.sikortex.com\/wp-content\/uploads\/2023\/06\/O1CN01NGxpd31RbaLiC6Ahx_2206372042130-0-cib-1-300x300.jpg",300,300,true],"medium_large":["https:\/\/www.sikortex.com\/wp-content\/uploads\/2023\/06\/O1CN01NGxpd31RbaLiC6Ahx_2206372042130-0-cib-1-768x768.jpg",768,768,true],"large":["https:\/\/www.sikortex.com\/wp-content\/uploads\/2023\/06\/O1CN01NGxpd31RbaLiC6Ahx_2206372042130-0-cib-1.jpg",1024,1024,false],"1536x1536":["https:\/\/www.sikortex.com\/wp-content\/uploads\/2023\/06\/O1CN01NGxpd31RbaLiC6Ahx_2206372042130-0-cib-1.jpg",1024,1024,false],"2048x2048":["https:\/\/www.sikortex.com\/wp-content\/uploads\/2023\/06\/O1CN01NGxpd31RbaLiC6Ahx_2206372042130-0-cib-1.jpg",1024,1024,false],"trp-custom-language-flag":["https:\/\/www.sikortex.com\/wp-content\/uploads\/2023\/06\/O1CN01NGxpd31RbaLiC6Ahx_2206372042130-0-cib-1.jpg",12,12,false],"woocommerce_thumbnail":["https:\/\/www.sikortex.com\/wp-content\/uploads\/2023\/06\/O1CN01NGxpd31RbaLiC6Ahx_2206372042130-0-cib-1-300x300.jpg",300,300,true],"woocommerce_single":["https:\/\/www.sikortex.com\/wp-content\/uploads\/2023\/06\/O1CN01NGxpd31RbaLiC6Ahx_2206372042130-0-cib-1-600x600.jpg",600,600,true],"woocommerce_gallery_thumbnail":["https:\/\/www.sikortex.com\/wp-content\/uploads\/2023\/06\/O1CN01NGxpd31RbaLiC6Ahx_2206372042130-0-cib-1-100x100.jpg",100,100,true]},"uagb_author_info":{"display_name":"Perry","author_link":"https:\/\/www.sikortex.com\/fr\/author\/"},"uagb_comment_info":0,"uagb_excerpt":"600 Meters(Min.Order)","_links":{"self":[{"href":"https:\/\/www.sikortex.com\/fr\/wp-json\/wp\/v2\/product\/1940","targetHints":{"allow":["GET"]}}],"collection":[{"href":"https:\/\/www.sikortex.com\/fr\/wp-json\/wp\/v2\/product"}],"about":[{"href":"https:\/\/www.sikortex.com\/fr\/wp-json\/wp\/v2\/types\/product"}],"replies":[{"embeddable":true,"href":"https:\/\/www.sikortex.com\/fr\/wp-json\/wp\/v2\/comments?post=1940"}],"wp:featuredmedia":[{"embeddable":true,"href":"https:\/\/www.sikortex.com\/fr\/wp-json\/wp\/v2\/media\/3729"}],"wp:attachment":[{"href":"https:\/\/www.sikortex.com\/fr\/wp-json\/wp\/v2\/media?parent=1940"}],"wp:term":[{"taxonomy":"product_brand","embeddable":true,"href":"https:\/\/www.sikortex.com\/fr\/wp-json\/wp\/v2\/product_brand?post=1940"},{"taxonomy":"product_cat","embeddable":true,"href":"https:\/\/www.sikortex.com\/fr\/wp-json\/wp\/v2\/product_cat?post=1940"},{"taxonomy":"product_tag","embeddable":true,"href":"https:\/\/www.sikortex.com\/fr\/wp-json\/wp\/v2\/product_tag?post=1940"}],"curies":[{"name":"wp","href":"https:\/\/api.w.org\/{rel}","templated":true}]}}